{"id":9464,"date":"2020-07-07T07:32:25","date_gmt":"2020-07-07T07:32:25","guid":{"rendered":"https:\/\/carolyoungcorp.com\/products\/red-oak-veneer-flexible-panel-board"},"modified":"2025-09-08T08:29:02","modified_gmt":"2025-09-08T08:29:02","slug":"red-oak-veneer-flexible-panel-board","status":"publish","type":"product","link":"https:\/\/carolyoungcorp.com\/fr\/products\/red-oak-veneer-flexible-panel-board","title":{"rendered":"Panneau de lattes de bois flexibles avec plateau en placage de ch\u00eane rouge pour la d\u00e9coration des poteaux et des murs"},"content":{"rendered":"<h2>Panneau de lattes de bois flexibles avec plateau en placage de ch\u00eane rouge pour la d\u00e9coration des poteaux et des murs<\/h2>\n<h2>Panneau de lattes en bois de ch\u00eane rouge flexible pour couvrir les murs d&rsquo;art, les murs courbes ou les poteaux ronds par DIY<\/h2>\n<p>&nbsp;<\/p>\n<p>Vous cherchez une solution transformatrice pour donner vie \u00e0 vos murs d&rsquo;art, murs courbes ou poteaux ronds\u00a0? Ne cherchez plus\u00a0! Nos panneaux flexibles en lattes de ch\u00eane rouge offrent une approche innovante pour sublimer l&rsquo;esth\u00e9tique de votre espace et cr\u00e9er un chef-d&rsquo;\u0153uvre artistique.<\/p>\n<p>Imaginez les possibilit\u00e9s offertes par la libert\u00e9 de modeler et de mouler le bois pour qu&rsquo;il \u00e9pouse parfaitement les courbes et les contours. Gr\u00e2ce \u00e0 nos panneaux flexibles en lattes de ch\u00eane rouge, cr\u00e9ez facilement de magnifiques murs d&rsquo;art, habillez des murs courbes ou habillez des poteaux. La flexibilit\u00e9 de nos panneaux en lattes de ch\u00eane rouge permet une application sans couture, pour une pr\u00e9sentation visuellement saisissante et captivante.<\/p>\n<p>Que vous soyez un artiste souhaitant exposer ses \u0153uvres ou simplement un amateur d&rsquo;art, nos panneaux constituent la toile id\u00e9ale pour exprimer votre cr\u00e9ativit\u00e9. Leur support textile renforc\u00e9 et robuste assure une adh\u00e9rence optimale et une bonne tenue des panneaux.<\/p>\n<p>Les panneaux de lattes en bois de ch\u00eane rouge flexibles et polyvalents pour les panneaux de bois int\u00e9rieurs, les murs en panneaux de bois, les enveloppes en bois et les panneaux en bois conviennent tous.<\/p>\n<table width=\"0\">\n<tbody>\n<tr>\n<td>sp\u00e9cifications du produit<\/td>\n<td>Description du produit<\/td>\n<\/tr>\n<tr>\n<td>Num\u00e9ro de code<\/td>\n<td>CY287-01<\/td>\n<\/tr>\n<tr>\n<td>Taille<\/td>\n<td>4 pi x 8 pi<\/td>\n<\/tr>\n<tr>\n<td>\u00c9paisseur<\/td>\n<td>3 mm<\/td>\n<\/tr>\n<tr>\n<td>Rainur\u00e9 en V<\/td>\n<td>13 mm<\/td>\n<\/tr>\n<tr>\n<td>Structure<\/td>\n<td>Couche sup\u00e9rieure : placage de ch\u00eane rouge \/ Couche interm\u00e9diaire : panneau MDF \/ Couche inf\u00e9rieure : papier kraft<\/td>\n<\/tr>\n<tr>\n<td>Usage<\/td>\n<td>Rev\u00eatement de mur, de plafond, de poteau ou de colonne<\/td>\n<\/tr>\n<tr>\n<td>Origine<\/td>\n<td>Ta\u00efwan<\/td>\n<\/tr>\n<\/tbody>\n<\/table>\n<p>Personnages:<\/p>\n<table>\n<tbody>\n<tr>\n<td width=\"566\">1- Installation facile avec de la colle ordinaire par DIY.<\/td>\n<\/tr>\n<tr>\n<td width=\"566\">2- La largeur et la hauteur peuvent \u00eatre ajust\u00e9es pour s&rsquo;adapter \u00e0 la dimension exacte.<br \/>\nIl peut \u00eatre coup\u00e9 avec une scie \u00e0 dents fines ou coup\u00e9 dans le sens de la longueur avec un couteau utilitaire.<\/td>\n<\/tr>\n<tr>\n<td width=\"566\">3- Si le plateau est en placage, il peut \u00eatre teint\u00e9 ou peint pour s&rsquo;harmoniser avec la d\u00e9coration int\u00e9rieure.<\/td>\n<\/tr>\n<tr>\n<td width=\"566\">4- Il peut s&rsquo;adapter parfaitement \u00e0 la forme d\u00e9corative gr\u00e2ce \u00e0 sa rainure en V.<\/td>\n<\/tr>\n<tr>\n<td width=\"566\">5- Flexibilit\u00e9 pour le pliage et le fa\u00e7onnage pendant la construction.<\/td>\n<\/tr>\n<\/tbody>\n<\/table>\n<p>&nbsp;<\/p>\n<p>(Clients aux \u00c9tats-Unis, veuillez contacter directement notre agent &#8211; POLE-WRAP, INC. )<\/p>\n<p>***\u00c0 la recherche d&rsquo;agents et de distributeurs (hors \u00c9tats-Unis)***<\/p>\n","protected":false},"excerpt":{"rendered":"<p>Panneaux de lattes de bois flexibles polyvalents, lambris int\u00e9rieurs, murs en panneaux de bois, rev\u00eatement en bois, panneau en bois<\/p>\n<p>\u2022 Les panneaux de lattes de bois flexibles peuvent \u00eatre utilis\u00e9s pour la d\u00e9coration des int\u00e9rieurs, des armoires, des poteaux et des colonnes.<\/p>\n<p>\u2022 Le panneau de lattes de bois flexible combin\u00e9 \u00e0 une moulure en bois massif peut \u00eatre utilis\u00e9 pour la d\u00e9coration de poteaux\/poteaux\/piliers\/colonnes.<\/p>\n<p>\u2022 Les panneaux de lattes de bois flexibles peuvent \u00eatre librement coup\u00e9s et combin\u00e9s selon le motif pr\u00e9f\u00e9r\u00e9.<\/p>\n","protected":false},"featured_media":5455,"template":"","meta":[],"product_brand":[],"product_cat":[261,333],"product_tag":[348,478,579,758,999,1019],"class_list":{"0":"post-9464","1":"product","2":"type-product","3":"status-publish","4":"has-post-thumbnail","6":"product_cat-flexible-wood-slats-panel-with-wood-veneer-top","7":"product_cat-flexible-wood-slats-panel-for-furniture-decoration-wall-cover-and-pole-column-wrap-by-diy","8":"product_tag-materiau-en-bois","9":"product_tag-panneau-de-commande","10":"product_tag-decoration-interieure","11":"product_tag-decoration-de-poteau-colonne","12":"product_tag-planche-de-bois","13":"product_tag-finition-de-forme","15":"first","16":"instock","17":"shipping-taxable","18":"product-type-simple"},"jetpack_sharing_enabled":true,"_links":{"self":[{"href":"https:\/\/carolyoungcorp.com\/fr\/wp-json\/wp\/v2\/product\/9464","targetHints":{"allow":["GET"]}}],"collection":[{"href":"https:\/\/carolyoungcorp.com\/fr\/wp-json\/wp\/v2\/product"}],"about":[{"href":"https:\/\/carolyoungcorp.com\/fr\/wp-json\/wp\/v2\/types\/product"}],"wp:featuredmedia":[{"embeddable":true,"href":"https:\/\/carolyoungcorp.com\/fr\/wp-json\/wp\/v2\/media\/5455"}],"wp:attachment":[{"href":"https:\/\/carolyoungcorp.com\/fr\/wp-json\/wp\/v2\/media?parent=9464"}],"wp:term":[{"taxonomy":"product_brand","embeddable":true,"href":"https:\/\/carolyoungcorp.com\/fr\/wp-json\/wp\/v2\/product_brand?post=9464"},{"taxonomy":"product_cat","embeddable":true,"href":"https:\/\/carolyoungcorp.com\/fr\/wp-json\/wp\/v2\/product_cat?post=9464"},{"taxonomy":"product_tag","embeddable":true,"href":"https:\/\/carolyoungcorp.com\/fr\/wp-json\/wp\/v2\/product_tag?post=9464"}],"curies":[{"name":"wp","href":"https:\/\/api.w.org\/{rel}","templated":true}]}}