{"id":9313,"date":"2020-07-16T09:40:46","date_gmt":"2020-07-16T09:40:46","guid":{"rendered":"https:\/\/carolyoungcorp.com\/products\/solid-mdf-molding-column-decoration"},"modified":"2025-11-25T08:58:18","modified_gmt":"2025-11-25T08:58:18","slug":"solid-mdf-molding-column-decoration","status":"publish","type":"product","link":"https:\/\/carolyoungcorp.com\/fr\/products\/solid-mdf-molding-column-decoration","title":{"rendered":"Moulure en MDF sur poteau\/colonne pour d\u00e9coration de colonne romaine en bois"},"content":{"rendered":"<h2>Moulure en bois MDF \u00e9cologique pour la d\u00e9coration de poteaux\/colonnes, id\u00e9ale pour la conception de colonnes romaines \u00e0 faire soi-m\u00eame.<\/h2>\n<p>&nbsp;<\/p>\n<p>Sublimez vos colonnes et poteaux romains gr\u00e2ce \u00e0 nos moulures en MDF \u00e9cologique en deux parties, sp\u00e9cialement con\u00e7ues pour une installation facile. Ces moulures en MDF de haute qualit\u00e9 sont id\u00e9ales pour la d\u00e9coration de colonnes et poteaux romains, le recouvrement de poteaux\/poteaux\/colonnes de sous-sol, l&rsquo;habillage int\u00e9rieur de colonnes et les parements de colonnes en bois.<\/p>\n<p>Fabriqu\u00e9e en MDF \u00e9cologique, cette moulure offre une durabilit\u00e9 et une esth\u00e9tique exceptionnelles. Sa structure unique, compos\u00e9e de deux moiti\u00e9s, permet un assemblage facile lors de vos projets de bricolage. Gr\u00e2ce \u00e0 la flexibilit\u00e9 de nos panneaux en MDF, elle assure un rendu uniforme et harmonieux pour le rev\u00eatement de poteaux, colonnes ou piliers.<\/p>\n<p>D\u00e9couvrez la beaut\u00e9 et la praticit\u00e9 de nos moulures en MDF, fi\u00e8rement fabriqu\u00e9es \u00e0 Ta\u00efwan.<\/p>\n<p>Utilisation\u00a0: Habillage de colonnes et poteaux romains, rev\u00eatement en bois, habillage int\u00e9rieur de colonnes, habillage de poteaux\/poteaux\/colonnes de sous-sol.<\/p>\n<table width=\"0\">\n<tbody>\n<tr>\n<td>sp\u00e9cifications du produit<\/td>\n<td>Description du produit<\/td>\n<\/tr>\n<tr>\n<td>Code n\u00b0<\/td>\n<td>294-05<\/td>\n<\/tr>\n<tr>\n<td>Mat\u00e9rielle<\/td>\n<td>panneau MDF<\/td>\n<\/tr>\n<tr>\n<td>Structure<\/td>\n<td>Ensemble de casquettes et ensemble de base<\/td>\n<\/tr>\n<tr>\n<td>Forme<\/td>\n<td>Octogone en deux moiti\u00e9s (peut \u00e9galement \u00eatre carr\u00e9)<\/td>\n<\/tr>\n<tr>\n<td>Hauteur<\/td>\n<td>3\/4 pouce<\/td>\n<\/tr>\n<tr>\n<td>Taille<\/td>\n<td>Ensemble de bouchons\u2026 diam\u00e8tre 6 pouces et 7 pouces, avec trou de 3-1\/2 pouces, 4 pouces ou 4-1\/2 pouces et rayon int\u00e9rieur de 1\/2 pouce<br \/>\nEnsemble de base\u2026 diam\u00e8tre 7 pouces et 8 pouces, avec trou de 3-1\/2 pouces, 4 pouces ou 4-1\/2 pouces et rayon ext\u00e9rieur de 1\/2 pouce<\/td>\n<\/tr>\n<\/tbody>\n<\/table>\n<p>Personnage:<\/p>\n<table>\n<tbody>\n<tr>\n<td width=\"566\">1- Installation facile \u00e0 faire soi-m\u00eame\u00a0: les moulures ECO MDF s\u2019installent facilement avec de la colle ordinaire, ce qui en fait un choix convivial pour les amateurs de bricolage.<\/td>\n<\/tr>\n<tr>\n<td width=\"566\">2- Adaptation parfaite aux colonnes et poteaux romains\u00a0: Con\u00e7u pour s\u2019adapter parfaitement aux colonnes et poteaux romains, il garantit un r\u00e9sultat harmonieux et esth\u00e9tique.<\/td>\n<\/tr>\n<tr>\n<td width=\"566\">3- Finitions personnalisables\u00a0: Les moulures en MDF peuvent \u00eatre teint\u00e9es ou peintes pour s\u2019harmoniser avec le style de votre d\u00e9coration int\u00e9rieure, offrant ainsi une grande polyvalence en mati\u00e8re de design.<\/td>\n<\/tr>\n<\/tbody>\n<\/table>\n<div class=\"mceTemp\"><\/div>\n<p>(Clients aux \u00c9tats-Unis, veuillez contacter directement notre agent\u00a0: POLE-WRAP, INC. )<\/p>\n<p>***Recherche d&rsquo;agents et de distributeurs (hors \u00c9tats-Unis et Japon))***<\/p>\n","protected":false},"excerpt":{"rendered":"<p>Utilisation\u00a0: Habillage et d\u00e9coration de colonnes et poteaux romains, rev\u00eatement en bois, habillage int\u00e9rieur de colonnes, cache-poteaux\/poteaux\/colonnes de sous-sol.<\/p>\n<p>Installation facile avec de la colle ordinaire (\u00e0 faire soi-m\u00eame).<\/p>\n<p>Peut \u00eatre teint\u00e9 ou peint pour s&rsquo;harmoniser avec la d\u00e9coration int\u00e9rieure.<\/p>\n<h2><\/h2>\n","protected":false},"featured_media":5225,"template":"","meta":[],"product_brand":[],"product_cat":[413,261,262,539],"product_tag":[348,579,691,1495,3920,4002],"class_list":{"0":"post-9313","1":"product","2":"type-product","3":"status-publish","4":"has-post-thumbnail","6":"product_cat-solid-wood-molding-for-pole-or-column-covering-and-decoration","7":"product_cat-flexible-wood-slats-panel-with-wood-veneer-top","8":"product_cat-pole-column-wall-and-furniture-surface-covers-by-diy","9":"product_cat-diy-square-octagon-solid-wood-molding-for-interior-decoration","10":"product_tag-materiau-en-bois","11":"product_tag-decoration-interieure","12":"product_tag-decoration-en-bois","13":"product_tag-moulures-en-bois","14":"product_tag-materiaux-de-construction","15":"product_tag-decoration-de-poteaux-colonnes","17":"first","18":"instock","19":"shipping-taxable","20":"product-type-simple"},"jetpack_sharing_enabled":true,"_links":{"self":[{"href":"https:\/\/carolyoungcorp.com\/fr\/wp-json\/wp\/v2\/product\/9313","targetHints":{"allow":["GET"]}}],"collection":[{"href":"https:\/\/carolyoungcorp.com\/fr\/wp-json\/wp\/v2\/product"}],"about":[{"href":"https:\/\/carolyoungcorp.com\/fr\/wp-json\/wp\/v2\/types\/product"}],"wp:featuredmedia":[{"embeddable":true,"href":"https:\/\/carolyoungcorp.com\/fr\/wp-json\/wp\/v2\/media\/5225"}],"wp:attachment":[{"href":"https:\/\/carolyoungcorp.com\/fr\/wp-json\/wp\/v2\/media?parent=9313"}],"wp:term":[{"taxonomy":"product_brand","embeddable":true,"href":"https:\/\/carolyoungcorp.com\/fr\/wp-json\/wp\/v2\/product_brand?post=9313"},{"taxonomy":"product_cat","embeddable":true,"href":"https:\/\/carolyoungcorp.com\/fr\/wp-json\/wp\/v2\/product_cat?post=9313"},{"taxonomy":"product_tag","embeddable":true,"href":"https:\/\/carolyoungcorp.com\/fr\/wp-json\/wp\/v2\/product_tag?post=9313"}],"curies":[{"name":"wp","href":"https:\/\/api.w.org\/{rel}","templated":true}]}}