{"id":9300,"date":"2020-06-24T09:50:38","date_gmt":"2020-06-24T09:50:38","guid":{"rendered":"https:\/\/carolyoungcorp.com\/products\/maple-veneer-flexible-panel-board-pole-column-covering"},"modified":"2025-11-12T09:23:49","modified_gmt":"2025-11-12T09:23:49","slug":"maple-veneer-flexible-panel-board-pole-column-covering","status":"publish","type":"product","link":"https:\/\/carolyoungcorp.com\/fr\/products\/maple-veneer-flexible-panel-board-pole-column-covering","title":{"rendered":"Panneau de lattes de bois flexibles en placage d&rsquo;\u00e9rable pour rev\u00eatement mural\/plafond\/poteau\/colonne par DIY"},"content":{"rendered":"<h2>Panneau de lattes de bois flexible avec dessus en placage d&rsquo;\u00e9rable pour rev\u00eatement de mur\/plafond\/poteau\/colonne, panneau de bois, panneau de bois, enveloppe de bois, lambris int\u00e9rieur en bois, couvertures de poteau\/poteau\/colonne de sous-sol et enveloppes de colonne int\u00e9rieure.<\/h2>\n<p>Utilisation : Rev\u00eatement mural\/plafond, rev\u00eatement de poteau ou de colonne, enveloppes de poteau\/colonne, couvertures de poteau de sous-sol, enveloppes de colonnes en bois<\/p>\n<table width=\"0\">\n<tbody>\n<tr>\n<td>sp\u00e9cifications du produit<\/td>\n<td>Description du produit<\/td>\n<\/tr>\n<tr>\n<td>Num\u00e9ro de code<\/td>\n<td>CY287-99<\/td>\n<\/tr>\n<tr>\n<td>Taille<\/td>\n<td>4 pi x 8 pi<\/td>\n<\/tr>\n<tr>\n<td>\u00c9paisseur<\/td>\n<td>3 mm<\/td>\n<\/tr>\n<tr>\n<td>Rainur\u00e9 en V<\/td>\n<td>13 mm<\/td>\n<\/tr>\n<tr>\n<td>Structure<\/td>\n<td>Couche sup\u00e9rieure : placage d&rsquo;\u00e9rable \/ Couche interm\u00e9diaire : panneau MDF \/ Couche inf\u00e9rieure : papier kraft<\/td>\n<\/tr>\n<tr>\n<td>Origine<\/td>\n<td>Ta\u00efwan<\/td>\n<\/tr>\n<\/tbody>\n<\/table>\n<p>Personnage:<strong><br \/>\n<\/strong><\/p>\n<table>\n<tbody>\n<tr>\n<td width=\"566\">\n<ul>\n<li>Installation facile avec de la colle g\u00e9n\u00e9rale par DIY.<\/li>\n<\/ul>\n<\/td>\n<\/tr>\n<tr>\n<td width=\"566\">\n<ul>\n<li>La largeur et la hauteur peuvent \u00eatre ajust\u00e9es pour correspondre aux dimensions exactes. Elles peuvent \u00eatre d\u00e9coup\u00e9es avec une scie \u00e0 dents fines ou coup\u00e9es dans le sens de la longueur avec un cutter.<\/li>\n<\/ul>\n<\/td>\n<\/tr>\n<tr>\n<td width=\"566\">\n<ul>\n<li>Il est pr\u00eat \u00e0 \u00eatre teint\u00e9, peint ou verni pour s&rsquo;harmoniser avec la d\u00e9coration int\u00e9rieure.<\/li>\n<\/ul>\n<\/td>\n<\/tr>\n<tr>\n<td width=\"566\">\n<ul>\n<li>Il peut s&rsquo;adapter parfaitement \u00e0 la forme d\u00e9corative gr\u00e2ce \u00e0 sa rainure en V.<\/li>\n<\/ul>\n<\/td>\n<\/tr>\n<tr>\n<td width=\"566\">\n<ul>\n<li>Flexibilit\u00e9 pour le pliage et le fa\u00e7onnage pendant la construction.<\/li>\n<\/ul>\n<\/td>\n<\/tr>\n<\/tbody>\n<\/table>\n<p>Clients aux \u00c9tats-Unis, veuillez contacter directement notre agent &#8211; POLE-WRAP, INC.)<\/p>\n<p>***\u00c0 la recherche d&rsquo;agents et de distributeurs (hors \u00c9tats-Unis et Japon)***<\/p>\n<p>Mots cl\u00e9s : enveloppes de poteaux, cache-poteaux de sous-sol, enveloppes de colonnes en bois, panneau MDF, panneau de panneaux flexibles, rev\u00eatement de murs\/plafonds\/poteaux\/colonnes, panneau de bois, panneau de bois, enveloppe de bois, lambris int\u00e9rieur en bois, cache-poteaux de sous-sol, enveloppes de colonnes int\u00e9rieures<\/p>\n","protected":false},"excerpt":{"rendered":"<p>Panneau flexible en placage d&rsquo;\u00e9rable pour rev\u00eatement de mur\/plafond\/poteau\/colonne, panneau de bois, panneau de bois, rev\u00eatement de bois, lambris int\u00e9rieur en bois, rev\u00eatements de poteau\/poteau\/colonne de sous-sol, rev\u00eatements de colonne int\u00e9rieure<\/p>\n<p>Le panneau sup\u00e9rieur en placage d&rsquo;\u00e9rable avec rainures en V peut \u00eatre utilis\u00e9 pour la conception de d\u00e9coration int\u00e9rieure de bricolage, comme la d\u00e9coration d&rsquo;armoires, la d\u00e9coration de la maison, le rev\u00eatement de mod\u00e9lisation, la finition de meubles, la colonne de renfort et la d\u00e9coration de colonnes de support.<\/p>\n<p>Installation facile avec de la colle normale par DIY.<\/p>\n<p>Le produit est fabriqu\u00e9 \u00e0 Taiwan.<\/p>\n","protected":false},"featured_media":5165,"template":"","meta":[],"product_brand":[],"product_cat":[261,262],"product_tag":[349,505,3876,3877,3878,3879,3880,3881,3882,3883],"class_list":{"0":"post-9300","1":"product","2":"type-product","3":"status-publish","4":"has-post-thumbnail","6":"product_cat-flexible-wood-slats-panel-with-wood-veneer-top","7":"product_cat-pole-column-wall-and-furniture-surface-covers-by-diy","8":"product_tag-panneau-de-bois","9":"product_tag-enveloppe-de-bois","10":"product_tag-enveloppes-de-poteaux","11":"product_tag-cache-poteaux-de-sous-sol","12":"product_tag-enveloppes-de-colonnes-en-bois","13":"product_tag-panneau-mdf","14":"product_tag-panneau-de-panneaux-flexibles","15":"product_tag-revetement-de-murs-plafonds-poteaux-colonnes","16":"product_tag-lambris-interieur-en-bois","17":"product_tag-enveloppes-de-colonnes-interieures","19":"first","20":"instock","21":"shipping-taxable","22":"product-type-simple"},"jetpack_sharing_enabled":true,"_links":{"self":[{"href":"https:\/\/carolyoungcorp.com\/fr\/wp-json\/wp\/v2\/product\/9300","targetHints":{"allow":["GET"]}}],"collection":[{"href":"https:\/\/carolyoungcorp.com\/fr\/wp-json\/wp\/v2\/product"}],"about":[{"href":"https:\/\/carolyoungcorp.com\/fr\/wp-json\/wp\/v2\/types\/product"}],"wp:featuredmedia":[{"embeddable":true,"href":"https:\/\/carolyoungcorp.com\/fr\/wp-json\/wp\/v2\/media\/5165"}],"wp:attachment":[{"href":"https:\/\/carolyoungcorp.com\/fr\/wp-json\/wp\/v2\/media?parent=9300"}],"wp:term":[{"taxonomy":"product_brand","embeddable":true,"href":"https:\/\/carolyoungcorp.com\/fr\/wp-json\/wp\/v2\/product_brand?post=9300"},{"taxonomy":"product_cat","embeddable":true,"href":"https:\/\/carolyoungcorp.com\/fr\/wp-json\/wp\/v2\/product_cat?post=9300"},{"taxonomy":"product_tag","embeddable":true,"href":"https:\/\/carolyoungcorp.com\/fr\/wp-json\/wp\/v2\/product_tag?post=9300"}],"curies":[{"name":"wp","href":"https:\/\/api.w.org\/{rel}","templated":true}]}}