{"id":9113,"date":"2020-08-13T09:38:10","date_gmt":"2020-08-13T09:38:10","guid":{"rendered":"https:\/\/carolyoungcorp.com\/products\/solid-red-oak-wood-shelf-for-pole-column-decoration"},"modified":"2025-11-24T09:19:43","modified_gmt":"2025-11-24T09:19:43","slug":"solid-red-oak-wood-shelf-for-pole-column-decoration","status":"publish","type":"product","link":"https:\/\/carolyoungcorp.com\/fr\/products\/solid-red-oak-wood-shelf-for-pole-column-decoration","title":{"rendered":"Ensemble d&rsquo;\u00e9tag\u00e8res en ch\u00eane rouge massif pour d\u00e9coration de poteaux\/colonnes"},"content":{"rendered":"<h2>Cet ensemble d&rsquo;\u00e9tag\u00e8res en ch\u00eane rouge massif, combin\u00e9 \u00e0 un panneau \u00e0 lattes de bois flexibles rainur\u00e9 en V, s&rsquo;installe sur un poteau ou une colonne, ou permet d&rsquo;ajouter des \u00e9tag\u00e8res suppl\u00e9mentaires sur un poteau ou une colonne existant. Il est polyvalent et id\u00e9al pour la d\u00e9coration int\u00e9rieure de poteaux et de colonnes, \u00e0 r\u00e9aliser soi-m\u00eame.<\/h2>\n<h2>Ensemble d&rsquo;\u00e9tag\u00e8res en ch\u00eane rouge massif pour d\u00e9coration de poteaux\/colonnes<\/h2>\n<p>Cet ensemble d&rsquo;\u00e9tag\u00e8res en bois pour poteaux et colonnes peut \u00eatre install\u00e9 \u00e0 diverses fins\u00a0: y poser des boissons, des tasses, de la vaisselle, des plantes en pot, des objets de d\u00e9coration ou divers articles m\u00e9nagers, par exemple.<\/p>\n<p>Utilisations\u00a0: Habillage de poteaux\/colonnes pour sous-sol (bricolage), rev\u00eatement de poteaux, habillage int\u00e9rieur de colonnes, rev\u00eatement en bois.<\/p>\n<table width=\"0\">\n<tbody>\n<tr>\n<td>sp\u00e9cifications du produit<\/td>\n<td>Description du produit<\/td>\n<\/tr>\n<tr>\n<td>Code n\u00b0<\/td>\n<td>294-13 + 294-14<\/td>\n<\/tr>\n<tr>\n<td>Mat\u00e9rielle<\/td>\n<td>ch\u00eane rouge massif (ou autres mat\u00e9riaux en bois, tels que l&rsquo;\u00e9rable, le cerisier, le MDF, etc.)<\/td>\n<\/tr>\n<tr>\n<td>Structure<\/td>\n<td>Plaque (cercle divis\u00e9 en deux, ou carr\u00e9 divis\u00e9 en deux) + 4 supports<\/td>\n<\/tr>\n<tr>\n<td>Taille<\/td>\n<td>Plaque\u00a0\u2014 2\u00a0moiti\u00e9s, diam\u00e8tre 17-1\/2\u00a0pouces, rayon int\u00e9rieur de 1\/2\u00a0pouce, trous de 3-1\/2\u00a0pouces, 4\u00a0pouces et 4-1\/2\u00a0pouces.<\/p>\n<p>Support\u00a0\u2014 largeur 4\u00a0pouces, longueur 8\u00a0pouces, \u00e9paisseur 20\u00a0mm, rayon ext\u00e9rieur de 3\/8\u00a0pouce, trou de 10\u00a0mm.<\/td>\n<\/tr>\n<\/tbody>\n<\/table>\n<p>Personnage:<\/p>\n<table>\n<tbody>\n<tr>\n<td width=\"566\">1- Il peut \u00eatre parfaitement adapt\u00e9 aux poteaux\/piliers\/colonnes.<\/td>\n<\/tr>\n<tr>\n<td width=\"566\">2- Il peut \u00eatre teint ou peint pour s&rsquo;harmoniser avec la d\u00e9coration int\u00e9rieure.<\/td>\n<\/tr>\n<tr>\n<td width=\"566\">3- Il s&rsquo;agit d&rsquo;une d\u00e9coration int\u00e9rieure \u00e0 la fois pratique et esth\u00e9tique.<\/td>\n<\/tr>\n<tr>\n<td width=\"566\">4- Il peut \u00eatre facilement install\u00e9 soi-m\u00eame avec de la colle ordinaire.<\/td>\n<\/tr>\n<\/tbody>\n<\/table>\n<p>Ce produit est fabriqu\u00e9 \u00e0 Ta\u00efwan.<\/p>\n<p>(Clients aux \u00c9tats-Unis, veuillez contacter directement notre agent\u00a0: POLE-WRAP, INC. )<\/p>\n<p>***Recherche d&rsquo;agents et de distributeurs (hors \u00c9tats-Unis et Japon)***<\/p>\n","protected":false},"excerpt":{"rendered":"<h2>Cet ensemble d&rsquo;\u00e9tag\u00e8res en ch\u00eane rouge massif, combin\u00e9 \u00e0 un panneau \u00e0 lattes de bois flexibles rainur\u00e9 en V, s&rsquo;installe sur un poteau ou une colonne, ou permet d&rsquo;ajouter des \u00e9tag\u00e8res suppl\u00e9mentaires sur un poteau ou une colonne existant. Il est polyvalent et id\u00e9al pour la d\u00e9coration int\u00e9rieure de poteaux et de colonnes, \u00e0 r\u00e9aliser soi-m\u00eame.<\/h2>\n<p>Cet ensemble d&rsquo;\u00e9tag\u00e8res en bois pour poteaux peut \u00eatre install\u00e9 sur des poteaux et des colonnes \u00e0 de multiples fins, par exemple pour y d\u00e9poser des boissons, des tasses, de la vaisselle, des plantes en pot et divers objets de d\u00e9coration ou articles m\u00e9nagers.<\/p>\n<p>Il s&rsquo;installe facilement avec de la colle ordinaire.<\/p>\n<p>Produits fabriqu\u00e9s \u00e0 Ta\u00efwan.<\/p>\n","protected":false},"featured_media":5180,"template":"","meta":[],"product_brand":[],"product_cat":[261,545],"product_tag":[579,691,858,3978,4002,4100],"class_list":{"0":"post-9113","1":"product","2":"type-product","3":"status-publish","4":"has-post-thumbnail","6":"product_cat-flexible-wood-slats-panel-with-wood-veneer-top","7":"product_cat-solid-wood-shelf-for-pole-roman-column-decoration","8":"product_tag-decoration-interieure","9":"product_tag-decoration-en-bois","10":"product_tag-revetement-interieur","11":"product_tag-enveloppe-en-bois","12":"product_tag-decoration-de-poteaux-colonnes","13":"product_tag-etagere-en-bois-a-faire-soi-meme","15":"first","16":"instock","17":"shipping-taxable","18":"product-type-simple"},"jetpack_sharing_enabled":true,"_links":{"self":[{"href":"https:\/\/carolyoungcorp.com\/fr\/wp-json\/wp\/v2\/product\/9113","targetHints":{"allow":["GET"]}}],"collection":[{"href":"https:\/\/carolyoungcorp.com\/fr\/wp-json\/wp\/v2\/product"}],"about":[{"href":"https:\/\/carolyoungcorp.com\/fr\/wp-json\/wp\/v2\/types\/product"}],"wp:featuredmedia":[{"embeddable":true,"href":"https:\/\/carolyoungcorp.com\/fr\/wp-json\/wp\/v2\/media\/5180"}],"wp:attachment":[{"href":"https:\/\/carolyoungcorp.com\/fr\/wp-json\/wp\/v2\/media?parent=9113"}],"wp:term":[{"taxonomy":"product_brand","embeddable":true,"href":"https:\/\/carolyoungcorp.com\/fr\/wp-json\/wp\/v2\/product_brand?post=9113"},{"taxonomy":"product_cat","embeddable":true,"href":"https:\/\/carolyoungcorp.com\/fr\/wp-json\/wp\/v2\/product_cat?post=9113"},{"taxonomy":"product_tag","embeddable":true,"href":"https:\/\/carolyoungcorp.com\/fr\/wp-json\/wp\/v2\/product_tag?post=9113"}],"curies":[{"name":"wp","href":"https:\/\/api.w.org\/{rel}","templated":true}]}}