{"id":9098,"date":"2021-03-31T09:30:39","date_gmt":"2021-03-31T09:30:39","guid":{"rendered":"https:\/\/carolyoungcorp.com\/products\/1202"},"modified":"2025-11-28T09:08:39","modified_gmt":"2025-11-28T09:08:39","slug":"flexible-wood-slats-panel-boards-in-three-layers-with-v-grooved-slats-design-for-wall-paneling-pole-or-column-wraps-interior-decoration-and-furniture-surface-covers","status":"publish","type":"product","link":"https:\/\/carolyoungcorp.com\/fr\/products\/flexible-wood-slats-panel-boards-in-three-layers-with-v-grooved-slats-design-for-wall-paneling-pole-or-column-wraps-interior-decoration-and-furniture-surface-covers","title":{"rendered":"Panneaux de lattes de bois flexibles en trois couches avec conception de lattes rainur\u00e9es en V pour les panneaux muraux, les enveloppes de poteaux ou de colonnes, la d\u00e9coration int\u00e9rieure et les rev\u00eatements de surface de meubles"},"content":{"rendered":"<h2 class=\"entry-title\">Panneaux de lattes de bois flexibles en trois couches avec conception de lattes rainur\u00e9es en V pour les panneaux muraux, les enveloppes de poteaux ou de colonnes, la d\u00e9coration int\u00e9rieure et les rev\u00eatements de surface de meubles<\/h2>\n<p>Les panneaux de lattes de bois flexibles et les moulures en bois sont destin\u00e9s au rev\u00eatement et \u00e0 la d\u00e9coration des poteaux et des colonnes.<br \/>\nLes panneaux de lattes de bois flexibles et les \u00e9tag\u00e8res \u00e0 boissons en bois sont destin\u00e9s au rev\u00eatement et \u00e0 la d\u00e9coration des poteaux et des colonnes.<br \/>\nNous proposons \u00e9galement du sel d&rsquo;ammonium quaternaire organique de silicone antibact\u00e9rien, d\u00e9sinfectant et st\u00e9rilisant pour les produits en bois et les textiles. Les panneaux et moulures en lattes de bois flexibles sont principalement con\u00e7us pour la d\u00e9coration int\u00e9rieure, en particulier pour le rev\u00eatement de poteaux\/colonnes en 4 types de bois (ch\u00eane rouge, \u00e9rable, cerisier et MDF). Le panneau de lattes de bois flexible combin\u00e9 \u00e0 une moulure en bois pourrait cr\u00e9er une belle conception de colonne romaine par simple bricolage.<\/p>\n<p>Utilisations : lambris int\u00e9rieurs en bois, panneau mural en MDF, rev\u00eatement en bois, rev\u00eatements de poteaux\/poteaux\/colonnes de sous-sol<\/p>\n<p>Personnage:<\/p>\n<table>\n<tbody>\n<tr>\n<td width=\"566\">1) Installation facile avec de la colle normale par DIY.<\/td>\n<\/tr>\n<tr>\n<td width=\"566\">2) La largeur et la hauteur peuvent \u00eatre ajust\u00e9es pour s&rsquo;adapter aux dimensions exactes.<\/td>\n<\/tr>\n<tr>\n<td width=\"566\">3) Il peut \u00eatre teint\u00e9 ou peint pour s&rsquo;harmoniser avec la d\u00e9coration int\u00e9rieure.<\/td>\n<\/tr>\n<tr>\n<td width=\"566\">4) Il peut s&rsquo;adapter parfaitement \u00e0 la forme d\u00e9corative gr\u00e2ce \u00e0 sa rainure en V.<\/td>\n<\/tr>\n<\/tbody>\n<\/table>\n<p>Ce produit est fabriqu\u00e9 \u00e0 Taiwan.<\/p>\n<p>(Clients aux \u00c9tats-Unis, veuillez contacter directement notre agent &#8211; POLE-WRAP, INC.)<\/p>\n<p>***\u00c0 la recherche d&rsquo;agents et de distributeurs (hors \u00c9tats-Unis)***<\/p>\n","protected":false},"excerpt":{"rendered":"<h2 class=\"entry-title\">Panneaux de lattes de bois flexibles en trois couches avec conception de lattes rainur\u00e9es en V pour les panneaux muraux, les enveloppes de poteaux ou de colonnes, la d\u00e9coration int\u00e9rieure et les rev\u00eatements de surface de meubles<\/h2>\n<p>Utilisations : lambris int\u00e9rieurs en bois, panneau mural en MDF, rev\u00eatement en bois, rev\u00eatements de poteaux\/poteaux\/colonnes de sous-sol<\/p>\n<p>Les panneaux de lattes de bois flexibles et les moulures en bois sont destin\u00e9s au rev\u00eatement et \u00e0 la d\u00e9coration des poteaux et des colonnes.<\/p>\n<p>Les panneaux de lattes de bois flexibles et les \u00e9tag\u00e8res \u00e0 boissons en bois sont destin\u00e9s au rev\u00eatement et \u00e0 la d\u00e9coration des poteaux et des colonnes.<\/p>\n<p>&nbsp;<\/p>\n","protected":false},"featured_media":5230,"template":"","meta":[],"product_brand":[],"product_cat":[546,262],"product_tag":[478,579,691,758,956,976],"class_list":{"0":"post-9098","1":"product","2":"type-product","3":"status-publish","4":"has-post-thumbnail","6":"product_cat-flexible-mdf-wood-slats-panels-for-diy-interior-pole-decoration","7":"product_cat-pole-column-wall-and-furniture-surface-covers-by-diy","8":"product_tag-panneau-de-commande","9":"product_tag-decoration-interieure","10":"product_tag-decoration-en-bois","11":"product_tag-decoration-de-poteau-colonne","12":"product_tag-couverture-interieure","13":"product_tag-revetement-de-poteau-colonne","15":"first","16":"instock","17":"shipping-taxable","18":"product-type-simple"},"jetpack_sharing_enabled":true,"_links":{"self":[{"href":"https:\/\/carolyoungcorp.com\/fr\/wp-json\/wp\/v2\/product\/9098","targetHints":{"allow":["GET"]}}],"collection":[{"href":"https:\/\/carolyoungcorp.com\/fr\/wp-json\/wp\/v2\/product"}],"about":[{"href":"https:\/\/carolyoungcorp.com\/fr\/wp-json\/wp\/v2\/types\/product"}],"wp:featuredmedia":[{"embeddable":true,"href":"https:\/\/carolyoungcorp.com\/fr\/wp-json\/wp\/v2\/media\/5230"}],"wp:attachment":[{"href":"https:\/\/carolyoungcorp.com\/fr\/wp-json\/wp\/v2\/media?parent=9098"}],"wp:term":[{"taxonomy":"product_brand","embeddable":true,"href":"https:\/\/carolyoungcorp.com\/fr\/wp-json\/wp\/v2\/product_brand?post=9098"},{"taxonomy":"product_cat","embeddable":true,"href":"https:\/\/carolyoungcorp.com\/fr\/wp-json\/wp\/v2\/product_cat?post=9098"},{"taxonomy":"product_tag","embeddable":true,"href":"https:\/\/carolyoungcorp.com\/fr\/wp-json\/wp\/v2\/product_tag?post=9098"}],"curies":[{"name":"wp","href":"https:\/\/api.w.org\/{rel}","templated":true}]}}