{"id":8885,"date":"2021-03-31T09:48:16","date_gmt":"2021-03-31T09:48:16","guid":{"rendered":"https:\/\/carolyoungcorp.com\/products\/flexible-wood-board-for-furniture-finishing-covering"},"modified":"2025-11-28T08:40:41","modified_gmt":"2025-11-28T08:40:41","slug":"flexible-wood-board-for-furniture-finishing-covering","status":"publish","type":"product","link":"https:\/\/carolyoungcorp.com\/fr\/products\/flexible-wood-board-for-furniture-finishing-covering","title":{"rendered":"Panneau de lattes de bois flexible pour la finition des meubles"},"content":{"rendered":"<h2>Panneau de lattes de bois flexible pour rev\u00eatement de meubles<\/h2>\n<p>Les meilleurs panneaux Tambour, panneaux de lattes de bois flexibles \u00e0 rainures en V, sont compos\u00e9s de trois couches, avec une surface en placage de bois s\u00e9lectionn\u00e9, une partie centrale en MDF et un dos avec support textile. Les deux couches sup\u00e9rieures sont rainur\u00e9es en V ou cannel\u00e9es pour une flexibilit\u00e9 et un enroulabilit\u00e9 optimaux, et leur design \u00e0 lattes en fait le choix id\u00e9al pour la finition de meubles.<\/p>\n<p>Utilisation : rev\u00eatement de finition pour meubles tels que placards, armoires, penderies et biblioth\u00e8ques.<\/p>\n<table width=\"0\">\n<tbody>\n<tr>\n<td>sp\u00e9cifications du produit<\/td>\n<td>Description du produit<\/td>\n<\/tr>\n<tr>\n<td>Num\u00e9ro de code<\/td>\n<td>CY287-01<\/td>\n<\/tr>\n<tr>\n<td>Taille<\/td>\n<td>4 pieds X 8 pieds<\/td>\n<\/tr>\n<tr>\n<td>Rainur\u00e9 en V<\/td>\n<td>13 mm<\/td>\n<\/tr>\n<tr>\n<td>Structure<\/td>\n<td>dessus en placage de ch\u00eane rouge, milieu en panneau MDF, dessous en papier kraft<\/td>\n<\/tr>\n<\/tbody>\n<\/table>\n<p>Personnage:<\/p>\n<table>\n<tbody>\n<tr>\n<td width=\"566\">1- Installation facile avec de la colle normale par DIY.<\/td>\n<\/tr>\n<tr>\n<td width=\"566\">2- La largeur et la hauteur peuvent \u00eatre ajust\u00e9es pour s&rsquo;adapter aux dimensions exactes.<\/td>\n<\/tr>\n<tr>\n<td width=\"566\">3- Si le plateau est en placage, il peut \u00eatre teint\u00e9 ou peint pour s&rsquo;harmoniser avec la d\u00e9coration int\u00e9rieure.<\/td>\n<\/tr>\n<tr>\n<td width=\"566\">4- Il peut s&rsquo;adapter parfaitement \u00e0 la forme d\u00e9corative gr\u00e2ce \u00e0 sa rainure en V.<\/td>\n<\/tr>\n<tr>\n<td width=\"566\">5- Il peut \u00eatre librement coup\u00e9 et combin\u00e9 selon les mod\u00e8les pr\u00e9f\u00e9r\u00e9s.<\/td>\n<\/tr>\n<\/tbody>\n<\/table>\n<p>Le produit est fabriqu\u00e9 \u00e0 Taiwan<\/p>\n<p>(Clients aux \u00c9tats-Unis, veuillez contacter directement notre agent &#8211; POLE-WRAP, INC.)<\/p>\n<p>***\u00c0 la recherche d&rsquo;agents et de distributeurs (hors \u00c9tats-Unis)***<\/p>\n","protected":false},"excerpt":{"rendered":"<p>Panneau de lattes de bois flexible pour la finition et le rev\u00eatement de meubles<br \/>\nPanneau de lattes de bois flexible pour la finition des meubles tels que placards, armoires, penderies et biblioth\u00e8ques.<\/p>\n<p>Les vieux meubles, qu&rsquo;ils soient en bois ou non, peuvent \u00eatre r\u00e9nov\u00e9s avec ce panneau de lattes de bois rainur\u00e9es en V ou cr\u00e9\u00e9s soi-m\u00eame avec des outils simples. Flexible, ce panneau se d\u00e9coupe facilement au couteau pour s&rsquo;adapter aux angles vifs ou incurv\u00e9s du meuble. Dot\u00e9 d&rsquo;un dos en papier renforc\u00e9, il est facile \u00e0 coller et \u00e0 laminer sur la surface du meuble.<\/p>\n<p>Installation facile avec de la colle standard.<\/p>\n<p>S&rsquo;adapte parfaitement \u00e0 la forme d\u00e9corative gr\u00e2ce \u00e0 sa forme flexible rainur\u00e9e en V.<\/p>\n<p>Le panneau peut \u00eatre d\u00e9coup\u00e9 et assembl\u00e9 librement selon vos envies.<\/p>\n<p>&nbsp;<\/p>\n","protected":false},"featured_media":5205,"template":"","meta":[],"product_brand":[],"product_cat":[261,262,332,333],"product_tag":[477,480,579,691,955,956,957],"class_list":{"0":"post-8885","1":"product","2":"type-product","3":"status-publish","4":"has-post-thumbnail","6":"product_cat-flexible-wood-slats-panel-with-wood-veneer-top","7":"product_cat-pole-column-wall-and-furniture-surface-covers-by-diy","8":"product_cat-flexible-wood-slats-panel-for-furniture-finishing","9":"product_cat-flexible-wood-slats-panel-for-furniture-decoration-wall-cover-and-pole-column-wrap-by-diy","10":"product_tag-finition-de-meubles","11":"product_tag-couverture-en-bois","12":"product_tag-decoration-interieure","13":"product_tag-decoration-en-bois","14":"product_tag-conseil","15":"product_tag-couverture-interieure","16":"product_tag-panneau","18":"first","19":"instock","20":"shipping-taxable","21":"product-type-simple"},"jetpack_sharing_enabled":true,"_links":{"self":[{"href":"https:\/\/carolyoungcorp.com\/fr\/wp-json\/wp\/v2\/product\/8885","targetHints":{"allow":["GET"]}}],"collection":[{"href":"https:\/\/carolyoungcorp.com\/fr\/wp-json\/wp\/v2\/product"}],"about":[{"href":"https:\/\/carolyoungcorp.com\/fr\/wp-json\/wp\/v2\/types\/product"}],"wp:featuredmedia":[{"embeddable":true,"href":"https:\/\/carolyoungcorp.com\/fr\/wp-json\/wp\/v2\/media\/5205"}],"wp:attachment":[{"href":"https:\/\/carolyoungcorp.com\/fr\/wp-json\/wp\/v2\/media?parent=8885"}],"wp:term":[{"taxonomy":"product_brand","embeddable":true,"href":"https:\/\/carolyoungcorp.com\/fr\/wp-json\/wp\/v2\/product_brand?post=8885"},{"taxonomy":"product_cat","embeddable":true,"href":"https:\/\/carolyoungcorp.com\/fr\/wp-json\/wp\/v2\/product_cat?post=8885"},{"taxonomy":"product_tag","embeddable":true,"href":"https:\/\/carolyoungcorp.com\/fr\/wp-json\/wp\/v2\/product_tag?post=8885"}],"curies":[{"name":"wp","href":"https:\/\/api.w.org\/{rel}","templated":true}]}}