{"id":8877,"date":"2021-04-13T06:39:34","date_gmt":"2021-04-13T06:39:34","guid":{"rendered":"https:\/\/carolyoungcorp.com\/products\/antibacterial-and-anti-mold-drink-shelf-for-interior-cover-and-decoration"},"modified":"2025-11-27T09:35:17","modified_gmt":"2025-11-27T09:35:17","slug":"antibacterial-and-anti-mold-drink-shelf-for-interior-cover-and-decoration","status":"publish","type":"product","link":"https:\/\/carolyoungcorp.com\/fr\/products\/antibacterial-and-anti-mold-drink-shelf-for-interior-cover-and-decoration","title":{"rendered":"\u00c9tag\u00e8re \u00e0 boissons en bois massif antibact\u00e9rienne et anti-moisissure pour rev\u00eatement et d\u00e9coration de poteau\/colonne int\u00e9rieur"},"content":{"rendered":"<p><strong><span style=\"font-size: 24px;\">\u00c9tag\u00e8re \u00e0 boissons en bois massif antibact\u00e9rienne et anti-moisissure pour rev\u00eatement et d\u00e9coration de poteau\/colonne int\u00e9rieur<\/span><\/strong><\/p>\n<p>Face \u00e0 l&rsquo;\u00e9pid\u00e9mie de COVID-19 (anciennement appel\u00e9e pneumonie de Wuhan), qui continue de provoquer de graves catastrophes dans le monde entier, la population a fortement besoin de produits de protection antibact\u00e9riens, d\u00e9sinfectants et st\u00e9rilisants. L&rsquo;hygi\u00e8ne domestique, la pr\u00e9vention des \u00e9pid\u00e9mies et les soins de sant\u00e9 sont des sujets importants \u00e0 l&rsquo;heure actuelle.<\/p>\n<p>RX-SiN4 (groupe trim\u00e9thoxysilyle et son hydrolysat de sel d&rsquo;ammonium quaternaire trihydroxy) est un agent antibact\u00e9rien et anti-moisissure haute performance.<\/p>\n<p>Les meubles d&rsquo;int\u00e9rieur en bois et les mat\u00e9riaux de d\u00e9coration en bois peuvent \u00eatre pulv\u00e9ris\u00e9s avec du RX-SiN4, un agent antibact\u00e9rien, anti-moisissure et d\u00e9odorant longue dur\u00e9e. Apr\u00e8s s\u00e9chage, le RX-SiN4 s&rsquo;hydrolyse et r\u00e9agit pour former un nanofilm fix\u00e9 \u00e0 la surface et offrir une protection durable. Cette membrane \u00e9limine les bact\u00e9ries durablement et inhibe leur croissance. C&rsquo;est un agent anti-moisissure, antibact\u00e9rien, st\u00e9rilisant et d\u00e9odorant longue dur\u00e9e pour les meubles et les mat\u00e9riaux de d\u00e9coration en bois. Son effet est durable et stable. Le RX-SiN4 est efficace sur le long terme et est conforme \u00e0 la loi am\u00e9ricaine sur les aliments, les m\u00e9dicaments et les cosm\u00e9tiques (FFDCA). Il peut \u00eatre utilis\u00e9 avec des substances chimiques, est non toxique et non irritant pour la peau. M\u00eame un contact prolong\u00e9 avec le corps n&rsquo;a aucun effet nocif.<\/p>\n<p>Apr\u00e8s pulv\u00e9risation avec RX-SiN4, il transforme les meubles en bois ordinaires ou les mat\u00e9riaux de d\u00e9coration en bois en meubles dot\u00e9s d&rsquo;une r\u00e9sistance antibact\u00e9rienne et anti-moisissure durable.<\/p>\n<p>Une exp\u00e9rience SGS a confirm\u00e9 que \u00ab\u00a0Escherichia coli\u00a0\u00bb, \u00ab\u00a0Pseudomonas aeruginosa\u00a0\u00bb, \u00ab\u00a0Candida albicans\u00a0\u00bb et \u00ab\u00a0Staphylococcus aureus subsp. aureus\u00a0\u00bb pr\u00e9sentent un taux antibact\u00e9rien sup\u00e9rieur \u00e0 99,9\u00a0%. (Veuillez vous r\u00e9f\u00e9rer au rapport d&rsquo;essai SGS ci-joint.)<\/p>\n<p><strong><span style=\"font-size: 18px;\">\u00c9tag\u00e8re \u00e0 boissons en bois massif<\/span><\/strong><\/p>\n<p>UTILISATION : Couverture et d\u00e9coration de colonnes\/poteaux romains, couvertures de poteaux de sous-sol, couvertures de poteaux de sous-sol, enveloppes de colonnes int\u00e9rieures, couvertures de poteaux, enveloppe de bois<\/p>\n<table width=\"0\">\n<tbody>\n<tr>\n<td>sp\u00e9cifications du produit<\/td>\n<td>Description du produit<\/td>\n<\/tr>\n<tr>\n<td>Num\u00e9ro de code<\/td>\n<td>294-13 + 294-14<\/td>\n<\/tr>\n<tr>\n<td>MAT\u00c9RIEL<\/td>\n<td>Ch\u00eane rouge massif<\/td>\n<\/tr>\n<tr>\n<td>STRUCTURE<\/td>\n<td>haut\u2014plaque, bas\u2014support<\/td>\n<\/tr>\n<tr>\n<td>TAILLE<\/td>\n<td>Plaque \u2014 deux moiti\u00e9s, diam\u00e8tre 44,5 cm, rayon int\u00e9rieur 12,7 mm, per\u00e7age 8,9 cm, 10,2 cm, 11,4 cm<\/p>\n<p>Support \u2014 largeur 10,2 cm, longueur 20,3 cm, \u00e9paisseur 20 mm, rayon ext\u00e9rieur 9,5 mm, per\u00e7age 10 mm<\/td>\n<\/tr>\n<\/tbody>\n<\/table>\n<p>PERSONNAGE:<\/p>\n<table>\n<tbody>\n<tr>\n<td width=\"566\">1- L&rsquo;\u00e9tag\u00e8re \u00e0 boissons en bois massif peut \u00eatre install\u00e9e sur le poteau et la colonne pour une utilisation polyvalente, par exemple pour mettre la boisson, la tasse, le plat et les plantes en pot\u2026 etc.<\/td>\n<\/tr>\n<tr>\n<td width=\"566\">2- L&rsquo;\u00e9tag\u00e8re \u00e0 boissons en bois massif s&rsquo;adapte \u00e0 100 % lors de la d\u00e9coration de la colonne et du poteau.<\/td>\n<\/tr>\n<tr>\n<td width=\"566\">3- L&rsquo;\u00e9tag\u00e8re \u00e0 boissons en bois massif peut \u00eatre teint\u00e9e ou peinte pour s&rsquo;adapter \u00e0 la d\u00e9coration int\u00e9rieure.<\/td>\n<\/tr>\n<tr>\n<td width=\"566\">4- L&rsquo;\u00e9tag\u00e8re \u00e0 boissons en bois massif peut utiliser d&rsquo;autres types de bois massif.<\/td>\n<\/tr>\n<tr>\n<td width=\"566\">5- L&rsquo;\u00e9tag\u00e8re \u00e0 boissons en bois massif sera pratique et belle pour le rembourrage int\u00e9rieur.<\/td>\n<\/tr>\n<tr>\n<td width=\"566\">6- L&rsquo;\u00e9tag\u00e8re \u00e0 boissons en bois massif est facile \u00e0 installer avec de la colle normale par bricolage.<\/td>\n<\/tr>\n<\/tbody>\n<\/table>\n<p>Tous nos produits sont fabriqu\u00e9s \u00e0 TAIWAN et non en CHINE.<\/p>\n","protected":false},"excerpt":{"rendered":"<p>\u00c9tag\u00e8re \u00e0 boissons en bois massif antibact\u00e9rienne et anti-moisissure pour rev\u00eatement et d\u00e9coration de poteau\/colonne int\u00e9rieur<\/p>\n<p>\u00c9pid\u00e9mie de COVID-19 (anciennement connue sous le nom de pneumonie de Wuhan) qui provoque de graves catastrophes dans le monde entier.<\/p>\n<p>L\u2019hygi\u00e8ne domestique, la pr\u00e9vention des \u00e9pid\u00e9mies et les soins de sant\u00e9 sont des sujets importants.<\/p>\n<p>L&rsquo;effet est durable et stable. Conforme \u00e0 la loi am\u00e9ricaine sur les aliments, les m\u00e9dicaments et les cosm\u00e9tiques (FFDCA), il autorise l&rsquo;utilisation de substances chimiques.<\/p>\n<p>L&rsquo;\u00e9tag\u00e8re \u00e0 boissons en bois massif est facile \u00e0 installer avec de la colle normale par bricolage.<\/p>\n","protected":false},"featured_media":5180,"template":"","meta":[],"product_brand":[],"product_cat":[538,545],"product_tag":[343,614,616,757,758,873,883,884,935],"class_list":{"0":"post-8877","1":"product","2":"type-product","3":"status-publish","4":"has-post-thumbnail","6":"product_cat-multipurpose-solid-wood-shelf-on-pole-installed-by-diy","7":"product_cat-solid-wood-shelf-for-pole-roman-column-decoration","8":"product_tag-couverture-de-poteau-colonne","9":"product_tag-diy-material-fr","10":"product_tag-materiel-de-bricolage","11":"product_tag-decoration-interieure-en-bois","12":"product_tag-decoration-de-poteau-colonne","13":"product_tag-covid-19-fr","14":"product_tag-anti-moisissure","15":"product_tag-antibacterien","16":"product_tag-ensemble-detageres","18":"first","19":"instock","20":"shipping-taxable","21":"product-type-simple"},"jetpack_sharing_enabled":true,"_links":{"self":[{"href":"https:\/\/carolyoungcorp.com\/fr\/wp-json\/wp\/v2\/product\/8877","targetHints":{"allow":["GET"]}}],"collection":[{"href":"https:\/\/carolyoungcorp.com\/fr\/wp-json\/wp\/v2\/product"}],"about":[{"href":"https:\/\/carolyoungcorp.com\/fr\/wp-json\/wp\/v2\/types\/product"}],"wp:featuredmedia":[{"embeddable":true,"href":"https:\/\/carolyoungcorp.com\/fr\/wp-json\/wp\/v2\/media\/5180"}],"wp:attachment":[{"href":"https:\/\/carolyoungcorp.com\/fr\/wp-json\/wp\/v2\/media?parent=8877"}],"wp:term":[{"taxonomy":"product_brand","embeddable":true,"href":"https:\/\/carolyoungcorp.com\/fr\/wp-json\/wp\/v2\/product_brand?post=8877"},{"taxonomy":"product_cat","embeddable":true,"href":"https:\/\/carolyoungcorp.com\/fr\/wp-json\/wp\/v2\/product_cat?post=8877"},{"taxonomy":"product_tag","embeddable":true,"href":"https:\/\/carolyoungcorp.com\/fr\/wp-json\/wp\/v2\/product_tag?post=8877"}],"curies":[{"name":"wp","href":"https:\/\/api.w.org\/{rel}","templated":true}]}}