{"id":8851,"date":"2021-07-06T09:38:37","date_gmt":"2021-07-06T09:38:37","guid":{"rendered":"https:\/\/carolyoungcorp.com\/products\/half-round-solid-wood-panel-for-covering-and-decoration"},"modified":"2025-11-27T09:12:50","modified_gmt":"2025-11-27T09:12:50","slug":"half-round-solid-wood-panel-for-covering-and-decoration","status":"publish","type":"product","link":"https:\/\/carolyoungcorp.com\/fr\/products\/half-round-solid-wood-panel-for-covering-and-decoration","title":{"rendered":"Panneau de bois massif demi-rond \u00e0 lattes flexibles pour murs int\u00e9rieurs, poteaux\/colonnes ronds et objets ronds Rev\u00eatement et d\u00e9coration"},"content":{"rendered":"<h2>Panneau de bois massif demi-rond \u00e0 lattes flexibles pour murs int\u00e9rieurs, poteaux\/colonnes ronds et objets ronds Rev\u00eatement et d\u00e9coration<\/h2>\n<p>Utilisation : couvre-poteaux de sous-sol, couvre-poteaux de sous-sol, enveloppes de colonnes int\u00e9rieures, enveloppe de bois, rev\u00eatement et d\u00e9coration de murs\/plafonds, rev\u00eatement et d\u00e9coration de poteaux\/colonnes romaines<\/p>\n<table width=\"0\">\n<tbody>\n<tr>\n<td>sp\u00e9cifications du produit<\/td>\n<td>Description du produit<\/td>\n<\/tr>\n<tr>\n<td>Num\u00e9ro de code<\/td>\n<td>WOOD 34-58<\/td>\n<\/tr>\n<tr>\n<td>Mat\u00e9riel<\/td>\n<td>Bois de ch\u00eane rouge massif<\/td>\n<\/tr>\n<tr>\n<td>Taille<\/td>\n<td>9 mm X 4 pieds X 8 pieds<\/td>\n<\/tr>\n<tr>\n<td>Bande<\/td>\n<td>19 mm largeur<\/td>\n<\/tr>\n<tr>\n<td>Support<\/td>\n<td>papier kraft<\/td>\n<\/tr>\n<\/tbody>\n<\/table>\n<p>Personnage:<\/p>\n<table>\n<tbody>\n<tr>\n<td width=\"566\">1- Installation facile avec de la colle normale pour tapisserie par DIY.<\/td>\n<\/tr>\n<tr>\n<td width=\"566\">2- La largeur et la hauteur peuvent \u00eatre ajust\u00e9es pour s&rsquo;adapter \u00e0 la dimension exacte.<\/td>\n<\/tr>\n<tr>\n<td width=\"566\">3- Il est flexible et peut donc s&rsquo;adapter \u00e0 la forme d\u00e9corative.<\/td>\n<\/tr>\n<tr>\n<td width=\"566\">4- Le panneau peut \u00eatre en bois massif ou en MDF. Si vous utilisez du MDF, vous pouvez le teinter ou le peindre pour l&rsquo;harmoniser avec la d\u00e9coration int\u00e9rieure.<\/td>\n<\/tr>\n<\/tbody>\n<\/table>\n<p>&nbsp;<\/p>\n","protected":false},"excerpt":{"rendered":"<h2>Panneau de bois massif demi-rond \u00e0 lattes flexibles pour murs int\u00e9rieurs, poteaux\/colonnes ronds et objets ronds Rev\u00eatement et d\u00e9coration<\/h2>\n<p>Utilisation : couvre-poteaux de sous-sol, couvre-poteaux de sous-sol, enveloppes de colonnes int\u00e9rieures, enveloppe de bois, rev\u00eatement et d\u00e9coration de murs\/plafonds, rev\u00eatement et d\u00e9coration de poteaux\/colonnes romaines<\/p>\n<p>Panneau en bois massif demi-rond \u00e0 lattes flexibles pour rev\u00eatement et d\u00e9coration int\u00e9rieure<\/p>\n<p>Panneau en bois massif demi-rond \u00e0 lattes flexibles pour rev\u00eatement et d\u00e9coration de murs et de plafonds<\/p>\n<p>Installation facile avec de la colle normale pour tapisserie par DIY.<\/p>\n<p>&nbsp;<\/p>\n<p>&nbsp;<\/p>\n","protected":false},"featured_media":5415,"template":"","meta":[],"product_brand":[],"product_cat":[262,334],"product_tag":[348,475,478,579,616,691,713,825,858,859],"class_list":{"0":"post-8851","1":"product","2":"type-product","3":"status-publish","4":"has-post-thumbnail","6":"product_cat-pole-column-wall-and-furniture-surface-covers-by-diy","7":"product_cat-flexible-wood-slats-panel-for-interior-wall-ceiling-and-pole-column-covering-and-decoration","8":"product_tag-materiau-en-bois","9":"product_tag-materiau-de-construction","10":"product_tag-panneau-de-commande","11":"product_tag-decoration-interieure","12":"product_tag-materiel-de-bricolage","13":"product_tag-decoration-en-bois","14":"product_tag-revetement-de-mur-plafond-poteau-colonne","15":"product_tag-materiau-de-rembourrage","16":"product_tag-revetement-interieur","17":"product_tag-decoration-murale-plafond-poteau-colonne","19":"first","20":"instock","21":"shipping-taxable","22":"product-type-simple"},"jetpack_sharing_enabled":true,"_links":{"self":[{"href":"https:\/\/carolyoungcorp.com\/fr\/wp-json\/wp\/v2\/product\/8851","targetHints":{"allow":["GET"]}}],"collection":[{"href":"https:\/\/carolyoungcorp.com\/fr\/wp-json\/wp\/v2\/product"}],"about":[{"href":"https:\/\/carolyoungcorp.com\/fr\/wp-json\/wp\/v2\/types\/product"}],"wp:featuredmedia":[{"embeddable":true,"href":"https:\/\/carolyoungcorp.com\/fr\/wp-json\/wp\/v2\/media\/5415"}],"wp:attachment":[{"href":"https:\/\/carolyoungcorp.com\/fr\/wp-json\/wp\/v2\/media?parent=8851"}],"wp:term":[{"taxonomy":"product_brand","embeddable":true,"href":"https:\/\/carolyoungcorp.com\/fr\/wp-json\/wp\/v2\/product_brand?post=8851"},{"taxonomy":"product_cat","embeddable":true,"href":"https:\/\/carolyoungcorp.com\/fr\/wp-json\/wp\/v2\/product_cat?post=8851"},{"taxonomy":"product_tag","embeddable":true,"href":"https:\/\/carolyoungcorp.com\/fr\/wp-json\/wp\/v2\/product_tag?post=8851"}],"curies":[{"name":"wp","href":"https:\/\/api.w.org\/{rel}","templated":true}]}}