{"id":8833,"date":"2021-07-07T07:47:38","date_gmt":"2021-07-07T07:47:38","guid":{"rendered":"https:\/\/carolyoungcorp.com\/products\/flexible-half-round-solid-wood-panel-for-covering-and-decoration"},"modified":"2025-11-27T09:06:47","modified_gmt":"2025-11-27T09:06:47","slug":"flexible-half-round-solid-wood-panel-for-covering-and-decoration","status":"publish","type":"product","link":"https:\/\/carolyoungcorp.com\/fr\/products\/flexible-half-round-solid-wood-panel-for-covering-and-decoration","title":{"rendered":"Panneau flexible en lattes de bois massif demi-rondes pour rev\u00eatement mural\/poteau et d\u00e9coration"},"content":{"rendered":"<h2 class=\"entry-title\">Panneaux de lattes de bois flexibles pour comptoir d&rsquo;accueil incurv\u00e9 ou fa\u00e7ade de bar et d\u00e9coration murale et poteau incurv\u00e9s<\/h2>\n<p>Utilisation : rev\u00eatement et d\u00e9coration de murs\/plafonds, rev\u00eatement de bois, rev\u00eatement de poteaux\/poteaux, rev\u00eatement de poteaux de sous-sol \u00e0 faire soi-m\u00eame, rev\u00eatement et d\u00e9coration de poteaux\/colonnes romaines<\/p>\n<p>Utilisez des panneaux de lattes de bois flexibles pour un comptoir d&rsquo;accueil incurv\u00e9 ou une fa\u00e7ade de bar. La d\u00e9coration murale et les poteaux incurv\u00e9s seront plus rapides et plus faciles \u00e0 r\u00e9aliser soi-m\u00eame. Vous pouvez \u00e9galement cr\u00e9er vos propres mod\u00e8les gratuits. Pour information, voici les informations sur la construction d&rsquo;une fa\u00e7ade de bar.<\/p>\n<p>D&rsquo;abord- vous devez mesurer la taille de la barre avant \u00e0 couvrir.<br \/>\nSecond- selon la taille mesur\u00e9e, vous pouvez couper avec une scie \u00e0 dents fines ou couper dans le sens de la longueur avec un couteau utilitaire.<br \/>\nTroisi\u00e8me- vous pouvez coller au dos de la planche et coller le panneau de lattes de bois demi-rondes sur la fa\u00e7ade de la barre.<\/p>\n<p>Dans le pass\u00e9, ce produit \u00e9tait constitu\u00e9 de bandes de bois massif demi-rondes, fabriqu\u00e9es une par une \u00e0 la main, assembl\u00e9es. Cela prend non seulement du temps, mais aussi des co\u00fbts. Les bandes longues et fines ont tendance \u00e0 se tordre, \u00e0 se d\u00e9placer et \u00e0 glisser pendant\/apr\u00e8s la coupe ou le fraisage. Cela peut entra\u00eener un probl\u00e8me d&rsquo;incoh\u00e9rence dans l&rsquo;espacement d&rsquo;alignement et le parall\u00e9lisme des bandes.<\/p>\n<p>D\u00e9sormais, notre panneau de lattes de bois flexibles demi-rondes est en feuille enti\u00e8re de 4&prime; (largeur) x 8&prime; (hauteur). Le point cl\u00e9 est que notre panneau de lattes de bois flexibles demi-rondes en feuille enti\u00e8re est moins cher que l&rsquo;ancien produit avec des bandes une par une. Il peut non seulement \u00eatre utilis\u00e9 sur les fa\u00e7ades de bar, mais \u00e9galement sur les murs, les cloisons, les lambris, les habillages de poteaux\/colonnes, les fa\u00e7ades de tiroirs et les portes tambour.<br \/>\nVeuillez vous r\u00e9f\u00e9rer \u00e0 notre panneau de lattes de bois demi-rondes Code n\u00b0 CY300-01N et CY300-02N.<\/p>\n<p>Personnage:<\/p>\n<table>\n<tbody>\n<tr>\n<td width=\"566\">1- Installation facile avec de la colle normale pour tapisserie par DIY.<\/td>\n<\/tr>\n<tr>\n<td width=\"566\">2- La largeur et la hauteur peuvent \u00eatre ajust\u00e9es pour s&rsquo;adapter \u00e0 la dimension exacte.<\/td>\n<\/tr>\n<tr>\n<td width=\"566\">3- Il est flexible et peut donc s&rsquo;adapter \u00e9troitement \u00e0 la forme d\u00e9corative.<\/td>\n<\/tr>\n<tr>\n<td width=\"566\">4- Le panneau peut \u00eatre en bois massif ou en MDF. Si vous utilisez du MDF, vous pouvez le teinter ou le peindre pour l&rsquo;harmoniser avec la d\u00e9coration int\u00e9rieure.<\/td>\n<\/tr>\n<\/tbody>\n<\/table>\n<p>&nbsp;<\/p>\n","protected":false},"excerpt":{"rendered":"<p>Utilisation : rev\u00eatement et d\u00e9coration de murs\/plafonds, rev\u00eatement de bois, rev\u00eatement de poteaux\/poteaux, rev\u00eatement de poteaux de sous-sol \u00e0 faire soi-m\u00eame, rev\u00eatement et d\u00e9coration de poteaux\/colonnes romaines<\/p>\n<p>Il est flexible et peut donc s&rsquo;adapter \u00e9troitement \u00e0 la forme d\u00e9corative.<\/p>\n<p>Installation facile avec de la colle normale pour tapisserie par DIY.<\/p>\n","protected":false},"featured_media":5655,"template":"","meta":[],"product_brand":[],"product_cat":[262,334],"product_tag":[342,344,616,691,712,811,825,836],"class_list":{"0":"post-8833","1":"product","2":"type-product","3":"status-publish","4":"has-post-thumbnail","6":"product_cat-pole-column-wall-and-furniture-surface-covers-by-diy","7":"product_cat-flexible-wood-slats-panel-for-interior-wall-ceiling-and-pole-column-covering-and-decoration","8":"product_tag-couverture-interieure-et-decoration","9":"product_tag-revetement-mural-et-decoration","10":"product_tag-materiel-de-bricolage","11":"product_tag-decoration-en-bois","12":"product_tag-couverture-et-decoration-de-poteau-colonne","13":"product_tag-materiau-de-construction-decoratif","14":"product_tag-materiau-de-rembourrage","15":"product_tag-revetement-mural-plafond","17":"first","18":"instock","19":"shipping-taxable","20":"product-type-simple"},"jetpack_sharing_enabled":true,"_links":{"self":[{"href":"https:\/\/carolyoungcorp.com\/fr\/wp-json\/wp\/v2\/product\/8833","targetHints":{"allow":["GET"]}}],"collection":[{"href":"https:\/\/carolyoungcorp.com\/fr\/wp-json\/wp\/v2\/product"}],"about":[{"href":"https:\/\/carolyoungcorp.com\/fr\/wp-json\/wp\/v2\/types\/product"}],"wp:featuredmedia":[{"embeddable":true,"href":"https:\/\/carolyoungcorp.com\/fr\/wp-json\/wp\/v2\/media\/5655"}],"wp:attachment":[{"href":"https:\/\/carolyoungcorp.com\/fr\/wp-json\/wp\/v2\/media?parent=8833"}],"wp:term":[{"taxonomy":"product_brand","embeddable":true,"href":"https:\/\/carolyoungcorp.com\/fr\/wp-json\/wp\/v2\/product_brand?post=8833"},{"taxonomy":"product_cat","embeddable":true,"href":"https:\/\/carolyoungcorp.com\/fr\/wp-json\/wp\/v2\/product_cat?post=8833"},{"taxonomy":"product_tag","embeddable":true,"href":"https:\/\/carolyoungcorp.com\/fr\/wp-json\/wp\/v2\/product_tag?post=8833"}],"curies":[{"name":"wp","href":"https:\/\/api.w.org\/{rel}","templated":true}]}}