{"id":8822,"date":"2021-07-07T08:06:03","date_gmt":"2021-07-07T08:06:03","guid":{"rendered":"https:\/\/carolyoungcorp.com\/products\/half-round-solid-wood-panel-with-solid-wood-molding-for-pole-column-covering-and-decoration"},"modified":"2025-11-07T08:17:38","modified_gmt":"2025-11-07T08:17:38","slug":"half-round-solid-wood-panel-with-solid-wood-molding-for-pole-column-covering-and-decoration","status":"publish","type":"product","link":"https:\/\/carolyoungcorp.com\/fr\/products\/half-round-solid-wood-panel-with-solid-wood-molding-for-pole-column-covering-and-decoration","title":{"rendered":"Panneau de lattes en bois massif demi-rond avec moulure en bois massif pour rev\u00eatement et d\u00e9coration de poteaux\/colonnes"},"content":{"rendered":"<h2>Panneaux et moulures en bois massif demi-rond flexibles pour la couverture et la d\u00e9coration int\u00e9rieure des poteaux\/colonnes<\/h2>\n<p>&nbsp;<\/p>\n<h3>Panneau flexible en lattes de bois demi-rondes pour envelopper un poteau ou un objet rond et couvrir un mur<\/h3>\n<p>Utilisation : habillage de poteau demi-rond, b\u00e2ton demi-rond pour habillage de poteau, rev\u00eatement mural, d\u00e9coration int\u00e9rieure, habillage de poteau\/poteau de sous-sol \u00e0 faire soi-m\u00eame, habillage de colonne int\u00e9rieure, habillage de bois, rev\u00eatement et d\u00e9coration de mur\/plafond incurv\u00e9, rev\u00eatement et d\u00e9coration de poteau\/colonne romaine<\/p>\n<table width=\"0\">\n<tbody>\n<tr>\n<td>sp\u00e9cifications du produit<\/td>\n<td>Description du produit<\/td>\n<\/tr>\n<tr>\n<td>Num\u00e9ro de code<\/td>\n<td>WOOD 34-58<\/td>\n<\/tr>\n<tr>\n<td>Mat\u00e9riel<\/td>\n<td>Bois de ch\u00eane rouge massif<\/td>\n<\/tr>\n<tr>\n<td>Taille<\/td>\n<td>9 mm X 4 pieds X 8 pieds<\/td>\n<\/tr>\n<tr>\n<td>Bande<\/td>\n<td>largeur 19 mm<\/td>\n<\/tr>\n<tr>\n<td>Support<\/td>\n<td>papier kraft<\/td>\n<\/tr>\n<\/tbody>\n<\/table>\n<p>Personnage:<\/p>\n<table>\n<tbody>\n<tr>\n<td width=\"566\">1- Installation facile avec de la colle normale pour tapisserie par DIY.<\/td>\n<\/tr>\n<tr>\n<td width=\"566\">2- La largeur et la hauteur peuvent \u00eatre ajust\u00e9es pour s&rsquo;adapter \u00e0 la dimension exacte.<\/td>\n<\/tr>\n<tr>\n<td width=\"566\">3- Il est flexible et peut donc s&rsquo;adapter \u00e0 la forme d\u00e9corative.<\/td>\n<\/tr>\n<tr>\n<td width=\"566\">4- Le panneau peut \u00eatre en bois massif ou en MDF. Si vous utilisez du MDF, vous pouvez le teinter ou le peindre pour l&rsquo;harmoniser avec la d\u00e9coration int\u00e9rieure.<\/td>\n<\/tr>\n<\/tbody>\n<\/table>\n<p>&nbsp;<\/p>\n<p>Moulure en bois massif pour d\u00e9coration de colonnes et poteaux romains<\/p>\n<p>Utilisation : D\u00e9coration de colonnes et de poteaux romains<\/p>\n<table width=\"0\">\n<tbody>\n<tr>\n<td>sp\u00e9cifications du produit<\/td>\n<td>Description du produit<\/td>\n<\/tr>\n<tr>\n<td>Num\u00e9ro de code<\/td>\n<td>294-00<\/td>\n<\/tr>\n<tr>\n<td>Mat\u00e9riel<\/td>\n<td>Ch\u00eane rouge massif<\/td>\n<\/tr>\n<tr>\n<td>Structure<\/td>\n<td>Ensemble de capuchons et de bases<\/td>\n<\/tr>\n<tr>\n<td>Shape<\/td>\n<td>Octogone en deux moiti\u00e9s (peut \u00e9galement \u00eatre r\u00e9alis\u00e9 en carr\u00e9)<\/td>\n<\/tr>\n<tr>\n<td>Height<\/td>\n<td>3\/4 pouce<\/td>\n<\/tr>\n<tr>\n<td>Taille<\/td>\n<td>Ensemble de capuchons\u2026 diam\u00e8tre 6 pouces et 7 pouces, avec trou de 3-1\/2 pouces ou 4 pouces ou 4-1\/2 pouces et rayon int\u00e9rieur de coupe de 1\/2 pouce<br \/>\nEnsemble de base\u2026 diam\u00e8tre 7 pouces et 8 pouces, avec trou de 3-1\/2 pouces ou 4 pouces ou 4-1\/2 pouces et rayon ext\u00e9rieur de coupe de 1\/2 pouce<\/td>\n<\/tr>\n<\/tbody>\n<\/table>\n<p>Personnage:<\/p>\n<table>\n<tbody>\n<tr>\n<td width=\"566\">1- Il est facile \u00e0 installer avec de la colle normale par bricolage.<\/td>\n<\/tr>\n<tr>\n<td width=\"566\">2- Il s&rsquo;adapte \u00e0 100 % lors de la d\u00e9coration de la colonne ou du poteau romain.<\/td>\n<\/tr>\n<tr>\n<td width=\"566\">3- Il peut \u00eatre teint\u00e9 ou peint pour s&rsquo;harmoniser avec la d\u00e9coration int\u00e9rieure.<\/td>\n<\/tr>\n<tr>\n<td width=\"566\">4- Il peut utiliser d&rsquo;autres types de bois massif.<\/td>\n<\/tr>\n<\/tbody>\n<\/table>\n<p>&nbsp;<\/p>\n<p>Mots cl\u00e9s : enroulement de poteau demi-rond, b\u00e2ton demi-rond pour enroulement de poteau, colonne romaine, d\u00e9coration de poteau, d\u00e9coration int\u00e9rieure<\/p>\n","protected":false},"excerpt":{"rendered":"<h2>Le panneau de lattes de bois flexibles demi-rondes peut \u00eatre facilement install\u00e9 avec de la colle normale pour le rembourrage par bricolage.<\/h2>\n<p>Les moulures en bois massif s&rsquo;adaptent \u00e0 100 % \u00e0 la d\u00e9coration de la colonne ou du poteau romain.<\/p>\n<p>Le panneau de lattes en bois massif demi-rond est flexible et peut donc s&rsquo;adapter parfaitement \u00e0 la forme d\u00e9corative telle qu&rsquo;un mur incurv\u00e9, un poteau rond, un meuble, un rembourrage et est facile \u00e0 bricoler.<\/p>\n","protected":false},"featured_media":5440,"template":"","meta":[],"product_brand":[],"product_cat":[539,262],"product_tag":[475,579,616,691,712,825,3711,3712,3713,3714],"class_list":{"0":"post-8822","1":"product","2":"type-product","3":"status-publish","4":"has-post-thumbnail","6":"product_cat-diy-square-octagon-solid-wood-molding-for-interior-decoration","7":"product_cat-pole-column-wall-and-furniture-surface-covers-by-diy","8":"product_tag-materiau-de-construction","9":"product_tag-decoration-interieure","10":"product_tag-materiel-de-bricolage","11":"product_tag-decoration-en-bois","12":"product_tag-couverture-et-decoration-de-poteau-colonne","13":"product_tag-materiau-de-rembourrage","14":"product_tag-enroulement-de-poteau-demi-rond","15":"product_tag-baton-demi-rond-pour-enroulement-de-poteau","16":"product_tag-colonne-romaine","17":"product_tag-decoration-de-poteau","19":"first","20":"instock","21":"shipping-taxable","22":"product-type-simple"},"jetpack_sharing_enabled":true,"_links":{"self":[{"href":"https:\/\/carolyoungcorp.com\/fr\/wp-json\/wp\/v2\/product\/8822","targetHints":{"allow":["GET"]}}],"collection":[{"href":"https:\/\/carolyoungcorp.com\/fr\/wp-json\/wp\/v2\/product"}],"about":[{"href":"https:\/\/carolyoungcorp.com\/fr\/wp-json\/wp\/v2\/types\/product"}],"wp:featuredmedia":[{"embeddable":true,"href":"https:\/\/carolyoungcorp.com\/fr\/wp-json\/wp\/v2\/media\/5440"}],"wp:attachment":[{"href":"https:\/\/carolyoungcorp.com\/fr\/wp-json\/wp\/v2\/media?parent=8822"}],"wp:term":[{"taxonomy":"product_brand","embeddable":true,"href":"https:\/\/carolyoungcorp.com\/fr\/wp-json\/wp\/v2\/product_brand?post=8822"},{"taxonomy":"product_cat","embeddable":true,"href":"https:\/\/carolyoungcorp.com\/fr\/wp-json\/wp\/v2\/product_cat?post=8822"},{"taxonomy":"product_tag","embeddable":true,"href":"https:\/\/carolyoungcorp.com\/fr\/wp-json\/wp\/v2\/product_tag?post=8822"}],"curies":[{"name":"wp","href":"https:\/\/api.w.org\/{rel}","templated":true}]}}