{"id":8778,"date":"2022-04-01T06:57:04","date_gmt":"2022-04-01T06:57:04","guid":{"rendered":"https:\/\/carolyoungcorp.com\/?post_type=product&#038;p=8778"},"modified":"2025-11-10T06:27:57","modified_gmt":"2025-11-10T06:27:57","slug":"red-oak-panel-with-v-grooved-and-paper-backing-for-basement-poles-and-lally-columns-decoration-by-diy","status":"publish","type":"product","link":"https:\/\/carolyoungcorp.com\/fr\/products\/red-oak-panel-with-v-grooved-and-paper-backing-for-basement-poles-and-lally-columns-decoration-by-diy","title":{"rendered":"Panneau de lattes en bois de placage de ch\u00eane rouge flexible avec rainures en V et support en papier pour la d\u00e9coration des poteaux de sous-sol et des colonnes Lally par DIY pour obtenir une d\u00e9coration de colonne romaine"},"content":{"rendered":"<p><span style=\"font-size: 24px;\"><strong>Panneau de lattes en bois de placage de ch\u00eane rouge flexible avec rainures en V et support en papier pour la d\u00e9coration des poteaux de sous-sol et des colonnes Lally par DIY pour obtenir une d\u00e9coration de colonne romaine<\/strong><\/span><\/p>\n<p><span style=\"font-size: 16px;\">Le panneau de lattes en bois de ch\u00eane rouge, flexible et rainur\u00e9 en V, est compos\u00e9 de trois couches\u00a0: une couche sup\u00e9rieure en placage de ch\u00eane rouge s\u00e9lectionn\u00e9, une couche interm\u00e9diaire en MDF et une couche arri\u00e8re en papier. Les rainures en V ou cannelures des deux couches sup\u00e9rieures offrent une flexibilit\u00e9, une maniabilit\u00e9 et une durabilit\u00e9 accrues. Gr\u00e2ce \u00e0 leur conception en lattes, il sera le premier choix pour les cache-poteaux de sous-sol, les habillages de poteaux et la d\u00e9coration de colonnes romaines par vous-m\u00eame.<\/span><\/p>\n<p>&nbsp;<\/p>\n<table width=\"0\">\n<tbody>\n<tr>\n<td>sp\u00e9cifications du produit<\/td>\n<td>Description du produit<\/td>\n<\/tr>\n<tr>\n<td>Types de placage de bois<\/td>\n<td>Placage en ch\u00eane rouge<br \/>\n(On peut \u00e9galement utiliser du placage en \u00e9rable, en merisier ou d&rsquo;autres essences de bois, ou encore un panneau MDF sans placage.)<\/td>\n<\/tr>\n<tr>\n<td>Taille<\/td>\n<td>4 pieds X 8 pieds (1200 mm x 2400 mm)<\/td>\n<\/tr>\n<tr>\n<td>\u00c9paisseur<\/td>\n<td>3 mm<\/td>\n<\/tr>\n<tr>\n<td>Rainur\u00e9 en V<\/td>\n<td>Largeur 13 mm (43 mm, 67 mm et autres largeurs disponibles mais n\u00e9cessitent des commandes sp\u00e9ciales)<\/td>\n<\/tr>\n<tr>\n<td>Structure<\/td>\n<td>couche sup\u00e9rieure &#8211; placage de bois couche interm\u00e9diaire &#8211; panneau MDF couche inf\u00e9rieure &#8211; papier kraft (ou support en tissu non tiss\u00e9 renforc\u00e9 de r\u00e9sine ECO)<\/td>\n<\/tr>\n<tr>\n<td>Usage<\/td>\n<td>Habillage int\u00e9rieur de poteaux et de colonnes, lambris, plafonds, rev\u00eatements de meubles, sols, boiseries, d\u00e9coration de colonnes romaines, habillage de poteaux de sous-sol \u00e0 faire soi-m\u00eame, habillages de poteaux ou de colonnes Lally pour sous-sol, habillages de poteaux de sous-sol, habillages de poteaux de sous-sol, habillages de poteaux de sous-sol, habillages de colonnes Lally pour sous-sol, habillages de colonnes Lally pour sous-sol<\/td>\n<\/tr>\n<tr>\n<td>Origine<\/td>\n<td>Fabriqu\u00e9 \u00e0 Ta\u00efwan<\/td>\n<\/tr>\n<\/tbody>\n<\/table>\n<p><span style=\"font-size: 24px;\"><span style=\"font-size: 16px;\">Avantage:<br \/>\n<\/span><\/span><\/p>\n<table>\n<tbody>\n<tr>\n<td width=\"566\">1- Il est facile \u00e0 installer avec de la colle normale pour tapisserie par bricolage.<\/td>\n<\/tr>\n<tr>\n<td width=\"566\">2- La largeur et la hauteur peuvent \u00eatre ajust\u00e9es pour correspondre \u00e0 la dimension exacte.<br \/>\nIl peut \u00eatre coup\u00e9 avec une scie \u00e0 dents fines ou coup\u00e9 dans le sens de la longueur avec un couteau utilitaire.<\/td>\n<\/tr>\n<tr>\n<td width=\"566\">3- Il est flexible et peut donc s&rsquo;adapter parfaitement \u00e0 la forme d\u00e9corative.<\/td>\n<\/tr>\n<tr>\n<td width=\"566\">4- Il est pr\u00eat \u00e0 \u00eatre teint\u00e9, peint ou verni pour s&rsquo;harmoniser avec la d\u00e9coration int\u00e9rieure.<\/td>\n<\/tr>\n<\/tbody>\n<\/table>\n<p><span style=\"font-size: 24px;\"><span style=\"font-size: 16px;\">Le panneau est disponible en longueurs de 2,4 m (8 pieds) pour s&rsquo;adapter \u00e0 la plupart des poteaux de soutien de sous-sol ou colonnes Lally standard. Il est tr\u00e8s facile \u00e0 installer soi-m\u00eame avec de la colle ordinaire. C&rsquo;est le mat\u00e9riau id\u00e9al pour une finition en bois naturel sur les poteaux de soutien de sous-sol, les colonnes Lally et les d\u00e9corations en forme.<\/span><\/span><\/p>\n<p>Comment recouvrir un poteau ou une colonne de sous-sol renforc\u00e9 avec un panneau de lattes de bois, notamment par vous-m\u00eame\u00a0? Pour les couvertures et les enveloppes de poteaux ronds, il faut utiliser un panneau de lattes de bois flexible ou des lattes de bois lamin\u00e9es pi\u00e8ce par pi\u00e8ce pour recouvrir ou envelopper le poteau ou la colonne rond. Pouvons-nous r\u00e9aliser les enveloppes ou les couvertures de poteaux ou de colonnes de sous-sol rapidement et simplement par vous-m\u00eame\u00a0? Oui, nous avons trouv\u00e9 que le panneau de lattes de bois \u00e0 rainures en V fourni par Carol Young Corporation pouvait le faire. Ces panneaux de lattes de bois \u00e0 rainures en V sont flexibles et enroulables, ce qui les rend faciles \u00e0 recouvrir et \u00e0 envelopper sur le poteau ou la colonne de sous-sol rond. Gr\u00e2ce \u00e0 ces panneaux de lattes de bois \u00e0 rainures en V et \u00e0 leur conception en lattes, ils deviennent flexibles. Ces panneaux de lattes de bois flexibles, \u00e9galement appel\u00e9s panneaux de tambour \u00e0 lattes de bois, sont largement utilis\u00e9s pour le rev\u00eatement mural int\u00e9rieur ou la d\u00e9coration des enveloppes de poteaux. Les types de placage de bois peuvent \u00eatre du ch\u00eane rouge, de l&rsquo;\u00e9rable, du cerisier ou d&rsquo;autres essences de bois, mais le placage de ch\u00eane rouge est le type le plus populaire.<\/p>\n<p>L&rsquo;installation est facile :<br \/>\nCommencez par couper la longueur avec une scie \u00e0 dents fines ou une bo\u00eete \u00e0 onglets, et la largeur avec un cutter. Collez ensuite le panneau rainur\u00e9 en V sur le poteau avec de la colle de construction. Vous pouvez ensuite coller ou utiliser des clous de finition pour installer l&rsquo;ensemble de finition en bois massif (optionnel) pour une belle finition. Enfin, scellez, teignez ou peignez pour l&rsquo;harmoniser avec la d\u00e9coration int\u00e9rieure.<\/p>\n<p>Nous fournissons \u00e9galement des moulures en bois massif assorties \u00e0 la colonne, de diam\u00e8tre 15,2 cm, 18,2 cm et 20,3 cm, avec des trous de 8,9 cm, 10,2 cm et 11,4 cm.<\/p>\n<p>(Clients r\u00e9sidant aux \u00c9tats-Unis, veuillez contacter directement notre agent\u00a0: POLE-WRAP, INC.)<\/p>\n<p>***Recherche d&rsquo;agents et de distributeurs (hors \u00c9tats-Unis)***<\/p>\n<p>Mots cl\u00e9s : Cache-poteaux de sous-sol \u00e0 faire soi-m\u00eame, rev\u00eatement de poteaux de sous-sol, habillage de poteau, panneau de bois flexible pour cache-poteaux, panneau de bois flexible, cache-poteaux, d\u00e9coration de poteaux, rev\u00eatement de poteaux de sous-sol, d\u00e9coration de colonne romaine, rev\u00eatement de poteaux de sous-sol, bricolage<\/p>\n<p>&nbsp;<\/p>\n","protected":false},"excerpt":{"rendered":"<p><strong><span style=\"font-size: 24px;\">Panneau en bois de ch\u00eane rouge avec rainures en V et support en papier pour poteaux de sous-sol ronds et d\u00e9coration de colonnes Lally par DIY<\/span><\/strong><\/p>\n<p><span style=\"font-size: 16px;\">Couvre-poteaux, panneau en bois, panneau en bois int\u00e9rieur, mat\u00e9riau de construction, d\u00e9coration de poteau, mat\u00e9riau de construction en bois, d\u00e9coration de colonne romaine, couvre-poteau\/poteau de sous-sol, d\u00e9coration int\u00e9rieure, d\u00e9coration int\u00e9rieure en bois, rev\u00eatement mural<\/span><\/p>\n<p><span style=\"font-size: 16px;\">Il est tr\u00e8s facile \u00e0 installer soi-m\u00eame avec de la colle ordinaire.<\/span><\/p>\n<p><span style=\"font-size: 16px;\">C&rsquo;est le mat\u00e9riau id\u00e9al pour une finition en bois naturel sur des poteaux de support de sous-sol, des colonnes et des d\u00e9corations en forme.<\/span><\/p>\n","protected":false},"featured_media":5450,"template":"","meta":[],"product_brand":[],"product_cat":[262,334,539],"product_tag":[3769,3770,3771,3772,3773,3774,3775,3776,3777],"class_list":{"0":"post-8778","1":"product","2":"type-product","3":"status-publish","4":"has-post-thumbnail","6":"product_cat-pole-column-wall-and-furniture-surface-covers-by-diy","7":"product_cat-flexible-wood-slats-panel-for-interior-wall-ceiling-and-pole-column-covering-and-decoration","8":"product_cat-diy-square-octagon-solid-wood-molding-for-interior-decoration","9":"product_tag-cache-poteaux-de-sous-sol-a-faire-soi-meme","10":"product_tag-revetement-de-poteaux-de-sous-sol","11":"product_tag-habillage-de-poteau","12":"product_tag-panneau-de-bois-flexible-pour-cache-poteaux","13":"product_tag-panneau-de-bois-flexible","14":"product_tag-cache-poteaux","15":"product_tag-decoration-de-poteaux","16":"product_tag-decoration-de-colonne-romaine","17":"product_tag-bricolage","19":"first","20":"instock","21":"shipping-taxable","22":"product-type-simple"},"jetpack_sharing_enabled":true,"_links":{"self":[{"href":"https:\/\/carolyoungcorp.com\/fr\/wp-json\/wp\/v2\/product\/8778","targetHints":{"allow":["GET"]}}],"collection":[{"href":"https:\/\/carolyoungcorp.com\/fr\/wp-json\/wp\/v2\/product"}],"about":[{"href":"https:\/\/carolyoungcorp.com\/fr\/wp-json\/wp\/v2\/types\/product"}],"wp:featuredmedia":[{"embeddable":true,"href":"https:\/\/carolyoungcorp.com\/fr\/wp-json\/wp\/v2\/media\/5450"}],"wp:attachment":[{"href":"https:\/\/carolyoungcorp.com\/fr\/wp-json\/wp\/v2\/media?parent=8778"}],"wp:term":[{"taxonomy":"product_brand","embeddable":true,"href":"https:\/\/carolyoungcorp.com\/fr\/wp-json\/wp\/v2\/product_brand?post=8778"},{"taxonomy":"product_cat","embeddable":true,"href":"https:\/\/carolyoungcorp.com\/fr\/wp-json\/wp\/v2\/product_cat?post=8778"},{"taxonomy":"product_tag","embeddable":true,"href":"https:\/\/carolyoungcorp.com\/fr\/wp-json\/wp\/v2\/product_tag?post=8778"}],"curies":[{"name":"wp","href":"https:\/\/api.w.org\/{rel}","templated":true}]}}