{"id":8756,"date":"2022-04-01T07:20:28","date_gmt":"2022-04-01T07:20:28","guid":{"rendered":"https:\/\/carolyoungcorp.com\/products\/shelving-stand-can-be-installed-on-poles-and-columns-for-multi-purpose-usages"},"modified":"2025-11-12T03:45:43","modified_gmt":"2025-11-12T03:45:43","slug":"shelving-stand-can-be-installed-on-poles-and-columns-for-multi-purpose-usages","status":"publish","type":"product","link":"https:\/\/carolyoungcorp.com\/fr\/products\/shelving-stand-can-be-installed-on-poles-and-columns-for-multi-purpose-usages","title":{"rendered":"Le support d&rsquo;\u00e9tag\u00e8re peut \u00eatre install\u00e9 sur des poteaux et des colonnes pour des utilisations polyvalentes"},"content":{"rendered":"<figure id=\"attachment_890\" aria-describedby=\"caption-attachment-890\" style=\"width: 238px\" class=\"wp-caption alignnone\"><img data-recalc-dims=\"1\" fetchpriority=\"high\" decoding=\"async\" class=\"size-medium wp-image-890\" src=\"https:\/\/i0.wp.com\/carolyoungcorp.com\/wp-content\/uploads\/2020\/05\/news-e1591847943432-238x300.jpg?resize=238%2C300&#038;quality=100&#038;ssl=1\" alt=\"interior column wraps, pole coverings, wood column wraps, wood wrap, interior wood paneling, timber panel, wall panel, wood panel, panel wood, wood panel wall for wall and pole decoration, Column covering, Pole Covering. wood shelf on pole\" width=\"238\" height=\"300\" \/><figcaption id=\"caption-attachment-890\" class=\"wp-caption-text\">Panneau flexible combin\u00e9 \u00e0 une \u00e9tag\u00e8re en bois pour une utilisation polyvalente<\/figcaption><\/figure>\n<h2>Support d&rsquo;\u00e9tag\u00e8re pouvant \u00eatre install\u00e9 sur des poteaux et des colonnes \u00e0 usages multiples, support d&rsquo;\u00e9tag\u00e8re sur poteau en bois pour renforcer l&rsquo;\u00e9tag\u00e8re sur poteau, con\u00e7u pour tirer le meilleur parti des poteaux et des colonnes d\u00e9j\u00e0 pr\u00e9sents dans votre maison.<\/h2>\n<p>Avec cette \u00e9tag\u00e8re polyvalente, vous pouvez cr\u00e9er sans effort un espace de rangement ou d&rsquo;exposition suppl\u00e9mentaire \u00e0 diverses fins, notamment pour placer des boissons, des tasses, des plats ou m\u00eame des plantes en pot.utilisations, par exemple pour placer des boissons, des tasses, des plats, des plantes en pot et une vari\u00e9t\u00e9 de d\u00e9corations ou d&rsquo;articles m\u00e9nagers.<\/p>\n<p>O\u00f9 se trouve l&rsquo;\u00e9tag\u00e8re\u00a0? Cache-poteaux\/poteaux\/colonnes de sous-sol, enveloppes de poteaux en bois.<br \/>\nMat\u00e9riau de l&rsquo;\u00e9tag\u00e8re\u00a0: Fabriqu\u00e9e en bois massif.<br \/>\nInstallation\u00a0: Installation facile \u00e0 faire soi-m\u00eame, notamment pour les poteaux et colonnes d\u00e9j\u00e0 pr\u00e9sents dans votre maison.<\/p>\n<p>UTILISATION : D\u00e9coration de colonnes et de poteaux romains et cr\u00e9ation d&rsquo;un espace de stockage ou d&rsquo;exposition suppl\u00e9mentaire \u00e0 diverses fins, notamment pour placer des boissons, des tasses, des plats ou m\u00eame des plantes en pot.<\/p>\n<table width=\"0\">\n<tbody>\n<tr>\n<td>sp\u00e9cifications du produit<\/td>\n<td>Description du produit<\/td>\n<\/tr>\n<tr>\n<td>Num\u00e9ro de code<\/td>\n<td>294-13 + 294-14<\/td>\n<\/tr>\n<tr>\n<td>MAT\u00c9RIEL<\/td>\n<td>Ch\u00eane rouge massif<\/td>\n<\/tr>\n<tr>\n<td>STRUCTURE<\/td>\n<td>haut\u2014plaque, bas\u2014support<\/td>\n<\/tr>\n<tr>\n<td>TAILLE<\/td>\n<td>Plaque\u00a0: deux moiti\u00e9s, diam\u00e8tre 44,5\u00a0cm, rayon int\u00e9rieur de 12,7\u00a0mm, per\u00e7age 8,9\u00a0cm, 10,2\u00a0cm, 11,4\u00a0cm<\/p>\n<p>Support\u00a0: largeur 10,2\u00a0cm, longueur 20,3\u00a0cm, \u00e9paisseur 20\u00a0mm, rayon ext\u00e9rieur de 9,5\u00a0mm, per\u00e7age 10\u00a0mm<\/td>\n<\/tr>\n<\/tbody>\n<\/table>\n<p>PERSONNAGES:<\/p>\n<table>\n<tbody>\n<tr>\n<td width=\"566\">1) IL PEUT \u00caTRE INSTALL\u00c9 SUR LE POTEAU ET LA COLONNE POUR UNE UTILISATION MULTI-USAGES, PAR EXEMPLE POUR METTRE LA BOISSON, LA TASSE, LE PLAT ET LES PLANTES EN POT, etc.<\/td>\n<\/tr>\n<tr>\n<td width=\"566\">2) IL S&rsquo;ADAPTE \u00c0 100 % LORS DE LA D\u00c9CORATION DE LA COLONNE ET DU P\u00d4LE ROMAINS.<\/td>\n<\/tr>\n<tr>\n<td width=\"566\">3) IL PEUT \u00caTRE TEINT OU PEINT POUR S&rsquo;ADAPTER \u00c0 LA D\u00c9CORATION INT\u00c9RIEURE.<\/td>\n<\/tr>\n<tr>\n<td width=\"566\">4) IL PEUT UTILISER D&rsquo;AUTRES TYPES DE BOIS MASSIF.<\/td>\n<\/tr>\n<tr>\n<td width=\"566\">5) CE SERA PRATIQUE ET BEAU POUR LE REMBOURRAGE INT\u00c9RIEUR.<\/td>\n<\/tr>\n<tr>\n<td width=\"566\">6) IL EST FACILE \u00c0 INSTALLER AVEC DE LA COLLE NORMALE PAR BRICOLAGE.<\/td>\n<\/tr>\n<\/tbody>\n<\/table>\n<p>&nbsp;<\/p>\n<p>(Clients aux \u00c9tats-Unis, veuillez contacter directement notre agent &#8211; POLE-WRAP, INC.)<\/p>\n<p>***Recherche d&rsquo;agents et de distributeurs (hors \u00c9tats-Unis)***<\/p>\n<p>Mots cl\u00e9s : cache-colonnes de sous-sol, colonne de sous-sol, cache-poteaux, \u00e9tag\u00e8re en bois sur poteau, bricolage<\/p>\n","protected":false},"excerpt":{"rendered":"<p>INSTALLATION FACILE AVEC DE LA COLLE NORMALE PAR BRICOLAGE.<\/p>\n<p>\u00c9tag\u00e8re pouvant \u00eatre install\u00e9e sur des poteaux et des colonnes pour des usages polyvalents, par exemple pour placer des boissons, des tasses, des plats, des plantes en pot et une vari\u00e9t\u00e9 de d\u00e9corations ou d&rsquo;articles m\u00e9nagers.<\/p>\n<p>Il est destin\u00e9 aux couvertures de colonnes\/poteaux\/poteaux de sous-sol et aux enveloppes de colonnes en bois.<\/p>\n<p>IL PEUT \u00caTRE TEINT\u00c9 OU PEINT POUR S&rsquo;ADAPTER \u00c0 LA D\u00c9CORATION INT\u00c9RIEURE.<\/p>\n<p>CE SERA PRATIQUE ET BEAU POUR LE REMBOURRAGE INT\u00c9RIEUR.<\/p>\n","protected":false},"featured_media":5290,"template":"","meta":[],"product_brand":[],"product_cat":[538,545],"product_tag":[581,691,757,758,759,760,761],"class_list":{"0":"post-8756","1":"product","2":"type-product","3":"status-publish","4":"has-post-thumbnail","6":"product_cat-multipurpose-solid-wood-shelf-on-pole-installed-by-diy","7":"product_cat-solid-wood-shelf-for-pole-roman-column-decoration","8":"product_tag-enveloppe-de-poteau-poteau-colonne","9":"product_tag-decoration-en-bois","10":"product_tag-decoration-interieure-en-bois","11":"product_tag-decoration-de-poteau-colonne","12":"product_tag-couverture-de-poteau-poteau-colonne","13":"product_tag-produit-en-bois","14":"product_tag-etagere-en-bois-a-monter-soi-meme","16":"first","17":"instock","18":"shipping-taxable","19":"product-type-simple"},"jetpack_sharing_enabled":true,"_links":{"self":[{"href":"https:\/\/carolyoungcorp.com\/fr\/wp-json\/wp\/v2\/product\/8756","targetHints":{"allow":["GET"]}}],"collection":[{"href":"https:\/\/carolyoungcorp.com\/fr\/wp-json\/wp\/v2\/product"}],"about":[{"href":"https:\/\/carolyoungcorp.com\/fr\/wp-json\/wp\/v2\/types\/product"}],"wp:featuredmedia":[{"embeddable":true,"href":"https:\/\/carolyoungcorp.com\/fr\/wp-json\/wp\/v2\/media\/5290"}],"wp:attachment":[{"href":"https:\/\/carolyoungcorp.com\/fr\/wp-json\/wp\/v2\/media?parent=8756"}],"wp:term":[{"taxonomy":"product_brand","embeddable":true,"href":"https:\/\/carolyoungcorp.com\/fr\/wp-json\/wp\/v2\/product_brand?post=8756"},{"taxonomy":"product_cat","embeddable":true,"href":"https:\/\/carolyoungcorp.com\/fr\/wp-json\/wp\/v2\/product_cat?post=8756"},{"taxonomy":"product_tag","embeddable":true,"href":"https:\/\/carolyoungcorp.com\/fr\/wp-json\/wp\/v2\/product_tag?post=8756"}],"curies":[{"name":"wp","href":"https:\/\/api.w.org\/{rel}","templated":true}]}}