{"id":8729,"date":"2022-09-12T08:34:18","date_gmt":"2022-09-12T08:34:18","guid":{"rendered":"https:\/\/carolyoungcorp.com\/products\/flexible-half-round-mdf-panel-board-for-interior-cover-and-decoration"},"modified":"2025-11-07T07:37:32","modified_gmt":"2025-11-07T07:37:32","slug":"flexible-half-round-mdf-panel-board-for-interior-cover-and-decoration","status":"publish","type":"product","link":"https:\/\/carolyoungcorp.com\/fr\/products\/flexible-half-round-mdf-panel-board-for-interior-cover-and-decoration","title":{"rendered":"Panneau de lattes en bois MDF demi-rond respectueux de l&rsquo;environnement pour rev\u00eatement mural, enveloppes de poteaux ou de colonnes et d\u00e9coration int\u00e9rieure"},"content":{"rendered":"<h2>Panneau de lattes en bois MDF demi-rond respectueux de l&rsquo;environnement pour rev\u00eatement mural, enveloppes de poteaux ou de colonnes et d\u00e9coration int\u00e9rieure<\/h2>\n<p>Nos panneaux flexibles \u00e0 lattes de bois MDF demi-ronds existants sont dot\u00e9s d&rsquo;un support en papier kraft renforc\u00e9 (r\u00e9f\u00e9rence CY300-01). Nous proposons d\u00e9sormais un nouveau type de panneau flexible \u00e0 lattes de bois MDF demi-ronds avec support en tissu non tiss\u00e9 renforc\u00e9 de r\u00e9sine ECO (r\u00e9f\u00e9rence CY300-01N). Ce tissu non tiss\u00e9 est plus \u00e9lastique, plus r\u00e9sistant et moins rigide que le papier. Les panneaux flexibles \u00e0 lattes de bois avec support en tissu non tiss\u00e9 se plient plus facilement lors de la construction et s&rsquo;adaptent parfaitement \u00e0 des objets d\u00e9coratifs de toutes formes.<\/p>\n<p>De plus, les panneaux de lattes de bois flexibles avec support non tiss\u00e9 ne se fissurent pas aussi facilement qu&rsquo;avec un support en papier.<\/p>\n<p>Il sera donc plus pratique de choisir des panneaux de lattes de bois flexibles avec un support non tiss\u00e9 lors de la construction.<\/p>\n<p>De plus, le tissu non tiss\u00e9 que nous avons utilis\u00e9 (non tiss\u00e9 en polyester\/nylon avec r\u00e9sine de latex synth\u00e9tique) est homologu\u00e9 selon la norme STANDARD\u00a0100 by OEKO-TEX\u00ae.<\/p>\n<p>Les r\u00e9sultats de l&rsquo;inspection effectu\u00e9e conform\u00e9ment \u00e0 la norme STANDARD 100 by OEK-OTEX\u00ae, annexe 4, classe de produits I, ont montr\u00e9 que les produits mentionn\u00e9s ci-dessus r\u00e9pondent aux exigences humano-\u00e9cologiques de la norme STANDARD 100 by OEKO-TEX\u00ae actuellement \u00e9tablies dans l&rsquo;annexe 4 pour les articles pour b\u00e9b\u00e9s.<\/p>\n<p>Il s&rsquo;agit donc d&rsquo;un panneau de lattes de bois qui peut \u00eatre utilis\u00e9 en toute s\u00e9curit\u00e9 pour la d\u00e9coration int\u00e9rieure de la maison.<\/p>\n<p>Utilisation : rev\u00eatement et d\u00e9coration de murs\/plafonds, rev\u00eatement et d\u00e9coration de poteaux\/poteaux\/colonnes, habillage de poteaux\/poteaux\/colonnes, habillage de bois, panneau de bois, r\u00e9novation de surface de meubles, panneau mural, panneau de bois int\u00e9rieur et rev\u00eatement et d\u00e9coration de finition de meubles tels que placard, armoire, biblioth\u00e8que, placard et penderie.<\/p>\n<table width=\"0\">\n<tbody>\n<tr>\n<td>sp\u00e9cifications du produit<\/td>\n<td>Description du produit<\/td>\n<\/tr>\n<tr>\n<td>Num\u00e9ro de code<\/td>\n<td>CY300-01N<\/td>\n<\/tr>\n<tr>\n<td>Taille<\/td>\n<td>6 mm x 1\u00a0200 mm x 2\u00a0400 mm (4\u00a0pieds x 8\u00a0pieds)<\/td>\n<\/tr>\n<tr>\n<td>Bande de bois<\/td>\n<td>largeur 18 mm<\/td>\n<\/tr>\n<tr>\n<td>Mat\u00e9riel<\/td>\n<td>panneau MDF<\/td>\n<\/tr>\n<tr>\n<td>Support<\/td>\n<td>Support en tissu non tiss\u00e9 renforc\u00e9 de r\u00e9sine ECO<\/td>\n<\/tr>\n<\/tbody>\n<\/table>\n<p>Personnage:<\/p>\n<table>\n<tbody>\n<tr>\n<td width=\"566\">1- Il est facile \u00e0 installer avec de la colle normale pour tapisserie par bricolage.<\/td>\n<\/tr>\n<tr>\n<td width=\"566\">2- La largeur et la hauteur peuvent \u00eatre ajust\u00e9es pour s&rsquo;adapter \u00e0 la dimension exacte.<\/p>\n<p>Il peut \u00eatre coup\u00e9 avec une scie \u00e0 dents fines ou coup\u00e9 dans le sens de la longueur avec un couteau utilitaire.<\/td>\n<\/tr>\n<tr>\n<td width=\"566\">3- Il est flexible et peut donc s&rsquo;adapter parfaitement \u00e0 la forme d\u00e9corative.<\/td>\n<\/tr>\n<tr>\n<td width=\"566\">4- Il est pr\u00eat \u00e0 \u00eatre teint\u00e9, peint ou verni pour s&rsquo;harmoniser avec la d\u00e9coration int\u00e9rieure.<\/td>\n<\/tr>\n<\/tbody>\n<\/table>\n<p>&nbsp;<\/p>\n<p>***Recherche d&rsquo;agents et de distributeurs (hors \u00c9tats-Unis)***<\/p>\n<div class=\"mceTemp\"><\/div>\n","protected":false},"excerpt":{"rendered":"<h2>Le panneau de lattes en bois MDF demi-rond flexible est destin\u00e9 \u00e0 la couverture int\u00e9rieure et \u00e0 la d\u00e9coration.<\/h2>\n<p>Il peut \u00eatre utilis\u00e9 pour le rev\u00eatement et la d\u00e9coration des murs et plafonds. Il peut \u00eatre utilis\u00e9 pour les panneaux de bois, les rev\u00eatements de bois, les panneaux muraux en MDF et les panneaux muraux int\u00e9rieurs. Il peut \u00e9galement servir \u00e0 habiller, recouvrir et d\u00e9corer des poteaux, des poteaux ou des colonnes. Il peut \u00e9galement \u00eatre utilis\u00e9 pour la finition de meubles tels que des placards, des armoires, des biblioth\u00e8ques, des placards et des penderies.<\/p>\n<p>Le panneau de lattes de bois MDF demi-rond flexible est le produit appropri\u00e9 pour les panneaux de bois int\u00e9rieurs, les panneaux muraux, les enveloppes de bois et les couvertures et enveloppes de poteaux\/poteaux\/colonnes de sous-sol par bricolage.<\/p>\n<p>&nbsp;<\/p>\n","protected":false},"featured_media":5480,"template":"","meta":[],"product_brand":[],"product_cat":[546,334,333,332,262],"product_tag":[505,713,712,711,616,581,580,579,349,345],"class_list":{"0":"post-8729","1":"product","2":"type-product","3":"status-publish","4":"has-post-thumbnail","6":"product_cat-flexible-mdf-wood-slats-panels-for-diy-interior-pole-decoration","7":"product_cat-flexible-wood-slats-panel-for-interior-wall-ceiling-and-pole-column-covering-and-decoration","8":"product_cat-flexible-wood-slats-panel-for-furniture-decoration-wall-cover-and-pole-column-wrap-by-diy","9":"product_cat-flexible-wood-slats-panel-for-furniture-finishing","10":"product_cat-pole-column-wall-and-furniture-surface-covers-by-diy","11":"product_tag-enveloppe-de-bois","12":"product_tag-revetement-de-mur-plafond-poteau-colonne","13":"product_tag-couverture-et-decoration-de-poteau-colonne","14":"product_tag-couverture-de-poteau-poteau-colonne-de-sous-sol","15":"product_tag-materiel-de-bricolage","16":"product_tag-enveloppe-de-poteau-poteau-colonne","17":"product_tag-panneau-mural-interieur","18":"product_tag-decoration-interieure","19":"product_tag-panneau-de-bois","20":"product_tag-panneau-mural","22":"first","23":"instock","24":"shipping-taxable","25":"product-type-simple"},"jetpack_sharing_enabled":true,"_links":{"self":[{"href":"https:\/\/carolyoungcorp.com\/fr\/wp-json\/wp\/v2\/product\/8729","targetHints":{"allow":["GET"]}}],"collection":[{"href":"https:\/\/carolyoungcorp.com\/fr\/wp-json\/wp\/v2\/product"}],"about":[{"href":"https:\/\/carolyoungcorp.com\/fr\/wp-json\/wp\/v2\/types\/product"}],"wp:featuredmedia":[{"embeddable":true,"href":"https:\/\/carolyoungcorp.com\/fr\/wp-json\/wp\/v2\/media\/5480"}],"wp:attachment":[{"href":"https:\/\/carolyoungcorp.com\/fr\/wp-json\/wp\/v2\/media?parent=8729"}],"wp:term":[{"taxonomy":"product_brand","embeddable":true,"href":"https:\/\/carolyoungcorp.com\/fr\/wp-json\/wp\/v2\/product_brand?post=8729"},{"taxonomy":"product_cat","embeddable":true,"href":"https:\/\/carolyoungcorp.com\/fr\/wp-json\/wp\/v2\/product_cat?post=8729"},{"taxonomy":"product_tag","embeddable":true,"href":"https:\/\/carolyoungcorp.com\/fr\/wp-json\/wp\/v2\/product_tag?post=8729"}],"curies":[{"name":"wp","href":"https:\/\/api.w.org\/{rel}","templated":true}]}}