{"id":8715,"date":"2022-11-08T03:52:41","date_gmt":"2022-11-08T03:52:41","guid":{"rendered":"https:\/\/carolyoungcorp.com\/products\/flexible-half-round-solid-red-oak-panel-board-for-wall-covering-and-partition"},"modified":"2025-11-10T07:45:04","modified_gmt":"2025-11-10T07:45:04","slug":"flexible-half-round-solid-red-oak-panel-board-for-wall-covering-and-partition","status":"publish","type":"product","link":"https:\/\/carolyoungcorp.com\/fr\/products\/flexible-half-round-solid-red-oak-panel-board-for-wall-covering-and-partition","title":{"rendered":"Panneau flexible en lattes de ch\u00eane rouge massif demi-rondes pour rev\u00eatement mural et cloison"},"content":{"rendered":"<h2>Panneau flexible en lattes de ch\u00eane rouge massif demi-rondes pour rev\u00eatement mural et cloison<\/h2>\n<p>Utilisation : rev\u00eatement et d\u00e9coration de murs\/plafonds, cloison, rev\u00eatement et d\u00e9coration de poteaux\/poteaux\/colonnes, habillage de poteaux\/poteaux\/colonnes, habillage de bois, panneau mural, panneau int\u00e9rieur en bois, finition de meubles<\/p>\n<table width=\"0\">\n<tbody>\n<tr>\n<td>sp\u00e9cifications du produit<\/td>\n<td>Description du produit<\/td>\n<\/tr>\n<tr>\n<td>Num\u00e9ro de code<\/td>\n<td>CY300-02<\/td>\n<\/tr>\n<tr>\n<td>Taille<\/td>\n<td>4 pieds X 8 pieds (120 cm x 240 cm)<\/td>\n<\/tr>\n<tr>\n<td>Hauteur<\/td>\n<td>6 mm<\/td>\n<\/tr>\n<tr>\n<td>Bande<\/td>\n<td>largeur 18 mm<\/td>\n<\/tr>\n<tr>\n<td>Mat\u00e9riel<\/td>\n<td>Ch\u00eane rouge massif<\/td>\n<\/tr>\n<tr>\n<td>Support<\/td>\n<td>papier kraft renforc\u00e9<\/td>\n<\/tr>\n<\/tbody>\n<\/table>\n<p>Personnage:<\/p>\n<table>\n<tbody>\n<tr>\n<td width=\"566\">1- Il est facile \u00e0 installer avec de la colle normale pour tapisserie par bricolage.<\/td>\n<\/tr>\n<tr>\n<td width=\"566\">2- La largeur et la hauteur peuvent \u00eatre ajust\u00e9es pour s&rsquo;adapter \u00e0 la dimension exacte.<\/p>\n<p>Il peut \u00eatre coup\u00e9 avec une scie \u00e0 dents fines ou coup\u00e9 dans le sens de la longueur avec un couteau utilitaire.<\/td>\n<\/tr>\n<tr>\n<td width=\"566\">3- Il est flexible et peut donc s&rsquo;adapter parfaitement \u00e0 la forme d\u00e9corative.<\/td>\n<\/tr>\n<tr>\n<td width=\"566\">4- Il est pr\u00eat \u00e0 \u00eatre teint\u00e9, peint ou verni pour s&rsquo;harmoniser avec la d\u00e9coration int\u00e9rieure.<\/td>\n<\/tr>\n<\/tbody>\n<\/table>\n<p>&nbsp;<\/p>\n<p>Il peut \u00eatre utilis\u00e9 pour le rev\u00eatement et la d\u00e9coration des murs et plafonds. Il peut \u00eatre utilis\u00e9 comme panneau de bois, rev\u00eatement mural ou panneau mural int\u00e9rieur. Il peut \u00e9galement servir \u00e0 habiller, recouvrir et d\u00e9corer des poteaux, poteaux et colonnes. Il peut \u00e9galement \u00eatre utilis\u00e9 pour la finition de meubles tels que des placards, des armoires, des biblioth\u00e8ques, des placards et des penderies.<\/p>\n<p>Il peut \u00eatre utilis\u00e9 sur les cloisons, les murs, les plafonds, les lambris, les habillages de poteaux, les fa\u00e7ades de bars, les fa\u00e7ades de tiroirs et les portes tambour.<\/p>\n<p>Facile \u00e0 installer soi-m\u00eame avec de la colle standard pour rev\u00eatement int\u00e9rieur, il est flexible et \u00e9pouse parfaitement les formes d\u00e9coratives. Il peut \u00eatre teint\u00e9 ou peint pour s&rsquo;harmoniser avec la d\u00e9coration int\u00e9rieure.<\/p>\n<p>La d\u00e9coration int\u00e9rieure utilis\u00e9e avec le panneau flexible demi-rond en ch\u00eane rouge cr\u00e9era un effet 3D tridimensionnel.<\/p>\n","protected":false},"excerpt":{"rendered":"[caption id=\"attachment_1390\" align=\"alignnone\" width=\"225\"]<img fetchpriority=\"high\" decoding=\"async\" class=\"size-medium wp-image-1390\" src=\"https:\/\/carolyoungcorp.com\/wp-content\/uploads\/2022\/11\/CY300_02_06-1000x1333-1-e1667875879627-225x300.jpg\" alt=\"for wall\/ceiling\/partition covering and decoration\" width=\"225\" height=\"300\" \/> panneau flexible en bois de ch\u00eane rouge demi-rond[\/caption]\n<p>Il s&rsquo;agit d&rsquo;une installation facile avec de la colle normale pour rembourrage par bricolage.<\/p>\n<p>Il est flexible et peut donc s&rsquo;adapter parfaitement \u00e0 la forme d\u00e9corative.<\/p>\n<p>Il peut \u00eatre utilis\u00e9 pour les cloisons, les rev\u00eatements muraux et de plafond, ainsi que pour la d\u00e9coration. Il peut \u00eatre utilis\u00e9 comme panneau de bois, rev\u00eatement mural et panneau mural int\u00e9rieur. Il peut \u00e9galement servir \u00e0 habiller, recouvrir et d\u00e9corer des poteaux, des poteaux ou des colonnes. Il peut \u00e9galement \u00eatre utilis\u00e9 pour la finition de meubles tels que des placards, des armoires, des biblioth\u00e8ques, des placards et des penderies.<\/p>\n<p>Il peut \u00eatre utilis\u00e9 sur les murs, les plafonds, les lambris, les habillages de poteaux, les fa\u00e7ades de bars, les fa\u00e7ades de tiroirs et les portes tambour.<\/p>\n","protected":false},"featured_media":5525,"template":"","meta":[],"product_brand":[],"product_cat":[262,332,333,334],"product_tag":[342,345,349,475,480,505,581,616,689,690,691],"class_list":{"0":"post-8715","1":"product","2":"type-product","3":"status-publish","4":"has-post-thumbnail","6":"product_cat-pole-column-wall-and-furniture-surface-covers-by-diy","7":"product_cat-flexible-wood-slats-panel-for-furniture-finishing","8":"product_cat-flexible-wood-slats-panel-for-furniture-decoration-wall-cover-and-pole-column-wrap-by-diy","9":"product_cat-flexible-wood-slats-panel-for-interior-wall-ceiling-and-pole-column-covering-and-decoration","10":"product_tag-couverture-interieure-et-decoration","11":"product_tag-panneau-mural","12":"product_tag-panneau-de-bois","13":"product_tag-materiau-de-construction","14":"product_tag-couverture-en-bois","15":"product_tag-enveloppe-de-bois","16":"product_tag-enveloppe-de-poteau-poteau-colonne","17":"product_tag-materiel-de-bricolage","18":"product_tag-plafond","19":"product_tag-revetement-en-bois","20":"product_tag-decoration-en-bois","22":"first","23":"instock","24":"shipping-taxable","25":"product-type-simple"},"jetpack_sharing_enabled":true,"_links":{"self":[{"href":"https:\/\/carolyoungcorp.com\/fr\/wp-json\/wp\/v2\/product\/8715","targetHints":{"allow":["GET"]}}],"collection":[{"href":"https:\/\/carolyoungcorp.com\/fr\/wp-json\/wp\/v2\/product"}],"about":[{"href":"https:\/\/carolyoungcorp.com\/fr\/wp-json\/wp\/v2\/types\/product"}],"wp:featuredmedia":[{"embeddable":true,"href":"https:\/\/carolyoungcorp.com\/fr\/wp-json\/wp\/v2\/media\/5525"}],"wp:attachment":[{"href":"https:\/\/carolyoungcorp.com\/fr\/wp-json\/wp\/v2\/media?parent=8715"}],"wp:term":[{"taxonomy":"product_brand","embeddable":true,"href":"https:\/\/carolyoungcorp.com\/fr\/wp-json\/wp\/v2\/product_brand?post=8715"},{"taxonomy":"product_cat","embeddable":true,"href":"https:\/\/carolyoungcorp.com\/fr\/wp-json\/wp\/v2\/product_cat?post=8715"},{"taxonomy":"product_tag","embeddable":true,"href":"https:\/\/carolyoungcorp.com\/fr\/wp-json\/wp\/v2\/product_tag?post=8715"}],"curies":[{"name":"wp","href":"https:\/\/api.w.org\/{rel}","templated":true}]}}