{"id":8695,"date":"2023-06-19T10:38:05","date_gmt":"2023-06-19T10:38:05","guid":{"rendered":"https:\/\/carolyoungcorp.com\/products\/the-usages-and-advantages-of-the-flexible-wood-panel-board-with-v-grooved-as-compared-to-normal-rigid-wood-boards-and-wood-slats"},"modified":"2025-11-07T09:30:08","modified_gmt":"2025-11-07T09:30:08","slug":"the-usages-and-advantages-of-the-flexible-wood-panel-board-with-v-grooved-as-compared-to-normal-rigid-wood-boards-and-wood-slats","status":"publish","type":"product","link":"https:\/\/carolyoungcorp.com\/fr\/products\/the-usages-and-advantages-of-the-flexible-wood-panel-board-with-v-grooved-as-compared-to-normal-rigid-wood-boards-and-wood-slats","title":{"rendered":"Utilisations et avantages du panneau de lattes de bois flexible avec rainures en V, par rapport aux panneaux de bois rigides normaux et aux lattes de bois individuelles"},"content":{"rendered":"<figure id=\"attachment_1225\" aria-describedby=\"caption-attachment-1225\" style=\"width: 225px\" class=\"wp-caption alignnone\"><img data-recalc-dims=\"1\" fetchpriority=\"high\" decoding=\"async\" class=\"size-medium wp-image-1225\" src=\"https:\/\/i0.wp.com\/carolyoungcorp.com\/wp-content\/uploads\/2021\/04\/RedOakSquareShelf-294_20294_14-225x300.jpg?resize=225%2C300&#038;quality=100\" alt=\"square wood shelf on pole, interior column wraps, pole coverings, wood column wraps, wood wrap, interior wood paneling, timber panel, wood panel, panel wood, wood panel, wood shelf on pole\/column\" width=\"225\" height=\"300\" \/><figcaption id=\"caption-attachment-1225\" class=\"wp-caption-text\">\u00c9tag\u00e8re \u00e0 boissons en bois de ch\u00eane rouge massif, ensemble carr\u00e9 pour d\u00e9coration de poteau\/colonne \u00e0 usages multiples<\/figcaption><\/figure>\n<figure id=\"attachment_1037\" aria-describedby=\"caption-attachment-1037\" style=\"width: 300px\" class=\"wp-caption alignnone\"><img data-recalc-dims=\"1\" decoding=\"async\" class=\"size-medium wp-image-1037\" src=\"https:\/\/i0.wp.com\/carolyoungcorp.com\/wp-content\/uploads\/2020\/06\/RedOakPanelCY287_01_RedOakMolding_294_08-1-300x225.jpg?resize=300%2C225&#038;quality=100\" alt=\"interior column wraps, pole coverings, wood column wraps, wood wrap, interior wood paneling, timber panel, wood panel, panel wood, wood panel, pole\/column\/post cover and decoration\" width=\"300\" height=\"225\" \/><figcaption id=\"caption-attachment-1037\" class=\"wp-caption-text\">Panneau flexible avec moulure en bois<\/figcaption><\/figure>\n<figure id=\"attachment_1392\" aria-describedby=\"caption-attachment-1392\" style=\"width: 186px\" class=\"wp-caption alignnone\"><img data-recalc-dims=\"1\" decoding=\"async\" class=\"size-medium wp-image-1392\" src=\"https:\/\/i0.wp.com\/carolyoungcorp.com\/wp-content\/uploads\/2022\/11\/CY300_02_07-1000x1609-1-186x300.jpg?resize=186%2C300&#038;quality=100\" alt=\"for wall cover and partition\" width=\"186\" height=\"300\" \/><figcaption id=\"caption-attachment-1392\" class=\"wp-caption-text\">panneau flexible en bois de ch\u00eane rouge demi-rond<\/figcaption><\/figure>\n<h2>Les utilisations et avantages du panneau de lattes de bois flexible avec rainures en V, par rapport aux panneaux de bois rigides normaux et aux lattes de bois individuelles :<\/h2>\n<p>Les meilleurs panneaux Tambour, panneaux de lattes de bois flexibles \u00e0 rainures en V, sont compos\u00e9s de trois couches : dessus en placage de bois s\u00e9lectionn\u00e9, milieu en MDF et dos avec support textile. Les rainures en V ou cannelures sur les deux couches sup\u00e9rieures, pour une flexibilit\u00e9 et un enroulabilit\u00e9 optimaux, et le design \u00e0 lattes en font le choix id\u00e9al pour la d\u00e9coration int\u00e9rieure.<\/p>\n<p>Les panneaux de lattes de bois flexibles en trois couches, avec la couche sup\u00e9rieure en placage de bois s\u00e9lectionn\u00e9, la couche interm\u00e9diaire en panneau MDF et le dos soutenu par du textile, qui sont con\u00e7us pour une flexibilit\u00e9, une roulabilit\u00e9 et une durabilit\u00e9 am\u00e9lior\u00e9es sont toujours le premier choix.<\/p>\n<p>Utilisations :<\/p>\n<table>\n<tbody>\n<tr>\n<td width=\"566\">\n<ul>\n<li>Rev\u00eatement mural, rev\u00eatement de colonnes romaines et d\u00e9coration de formes.<\/li>\n<\/ul>\n<\/td>\n<\/tr>\n<tr>\n<td width=\"566\">\n<ul>\n<li>Finition pour placards, armoires et biblioth\u00e8ques.<\/li>\n<\/ul>\n<\/td>\n<\/tr>\n<tr>\n<td width=\"566\">\n<ul>\n<li>Convient pour les cloisons, les lambris, les fa\u00e7ades de bar, les fa\u00e7ades de tiroirs.<\/li>\n<\/ul>\n<\/td>\n<\/tr>\n<tr>\n<td width=\"566\">\n<ul>\n<li>Peut \u00eatre utilis\u00e9 pour les enveloppes, les couvertures et les d\u00e9corations de poteaux\/poteaux\/colonnes.<\/li>\n<\/ul>\n<\/td>\n<\/tr>\n<tr>\n<td width=\"566\">\n<ul>\n<li>Id\u00e9al pour la finition de meubles tels que placards, armoires, biblioth\u00e8ques, placards et penderies.<\/li>\n<\/ul>\n<\/td>\n<\/tr>\n<\/tbody>\n<\/table>\n<p>Avantages par rapport aux planches de bois rigides normales :<\/p>\n<table>\n<tbody>\n<tr>\n<td width=\"566\">\n<ul>\n<li>Installation facile avec de la colle normale, permettant des projets de bricolage.<\/li>\n<\/ul>\n<\/td>\n<\/tr>\n<tr>\n<td width=\"566\">\n<ul>\n<li>Flexibilit\u00e9 pour le pliage et le fa\u00e7onnage pendant la construction.<\/li>\n<\/ul>\n<\/td>\n<\/tr>\n<tr>\n<td width=\"566\">\n<ul>\n<li>Peut \u00eatre coup\u00e9 pour s&rsquo;adapter aux dimensions exactes \u00e0 l&rsquo;aide d&rsquo;une scie \u00e0 dents fines ou d&rsquo;un couteau utilitaire.<\/li>\n<\/ul>\n<\/td>\n<\/tr>\n<tr>\n<td width=\"566\">\n<ul>\n<li>Le support en tissu non tiss\u00e9 offre \u00e9lasticit\u00e9, r\u00e9sistance et r\u00e9sistance \u00e0 la rigidit\u00e9.<\/li>\n<\/ul>\n<\/td>\n<\/tr>\n<tr>\n<td width=\"566\">\n<ul>\n<li>Une teinture ou une peinture est possible pour correspondre \u00e0 la d\u00e9coration int\u00e9rieure souhait\u00e9e..<\/li>\n<\/ul>\n<\/td>\n<\/tr>\n<tr>\n<td width=\"566\">\n<ul>\n<li>Alternative \u00e9conomique aux planches de bois rigides avec une flexibilit\u00e9 am\u00e9lior\u00e9e.<\/li>\n<\/ul>\n<\/td>\n<\/tr>\n<\/tbody>\n<\/table>\n<p>Avantages par rapport aux lattes de bois individuelles :<\/p>\n<table>\n<tbody>\n<tr>\n<td width=\"566\">\n<ul>\n<li>Installation et manipulation plus faciles par rapport au placement et \u00e0 l&rsquo;alignement individuels des lattes de bois.<\/li>\n<\/ul>\n<\/td>\n<\/tr>\n<tr>\n<td width=\"566\">\n<ul>\n<li>La conception rainur\u00e9e en V ajoute une touche d\u00e9corative et am\u00e9liore l&rsquo;attrait visuel.<\/li>\n<\/ul>\n<\/td>\n<\/tr>\n<tr>\n<td width=\"566\">\n<ul>\n<li>Le support en tissu non tiss\u00e9 offre une flexibilit\u00e9 sup\u00e9rieure et une flexion plus facile.<\/li>\n<\/ul>\n<\/td>\n<\/tr>\n<tr>\n<td width=\"566\">\n<ul>\n<li>Risque r\u00e9duit de d\u00e9formation, de torsion ou de d\u00e9placement souvent associ\u00e9 aux lattes de bois individuelles.<\/li>\n<\/ul>\n<\/td>\n<\/tr>\n<tr>\n<td width=\"566\">\n<ul>\n<li>Solution plus \u00e9conomique par rapport aux constructions artisanales en lattes de bois.<\/li>\n<\/ul>\n<\/td>\n<\/tr>\n<tr>\n<td width=\"566\">\n<ul>\n<li>Convient \u00e0 diverses applications, notamment les rev\u00eatements muraux\/plafonds et les objets d\u00e9coratifs de toute forme.<\/li>\n<\/ul>\n<\/td>\n<\/tr>\n<\/tbody>\n<\/table>\n<p>&nbsp;<\/p>\n","protected":false},"excerpt":{"rendered":"[caption id=\"attachment_1415\" align=\"alignnone\" width=\"300\"]<img loading=\"lazy\" decoding=\"async\" class=\"size-medium wp-image-1415\" src=\"http:\/\/carolyoungcorp.com\/wp-content\/uploads\/2023\/06\/CY287-01N-3-300x211.jpg\" alt=\"for interior decoration, wall\/partition cover, pole\/column cover, wood material\" width=\"300\" height=\"211\" \/> Panneau de bois flexible \u00e0 rainures en V avec tissu non tiss\u00e9 renforc\u00e9 de r\u00e9sine ECO[\/caption]\n[caption id=\"attachment_1413\" align=\"alignnone\" width=\"253\"]<img loading=\"lazy\" decoding=\"async\" class=\"size-medium wp-image-1413\" src=\"http:\/\/carolyoungcorp.com\/wp-content\/uploads\/2023\/06\/CY287-01N-1-253x300.jpg\" alt=\"for wall cover and partition, interior decoration, bar front,drawer front, tambour door\" width=\"253\" height=\"300\" \/> Panneau flexible rainur\u00e9 en V avec support en tissu non tiss\u00e9 renforc\u00e9 de r\u00e9sine ECO[\/caption]\n","protected":false},"featured_media":5770,"template":"","meta":[],"product_brand":[],"product_cat":[261],"product_tag":[342,345,346,348,349,580,582,643,644],"class_list":{"0":"post-8695","1":"product","2":"type-product","3":"status-publish","4":"has-post-thumbnail","6":"product_cat-flexible-wood-slats-panel-with-wood-veneer-top","7":"product_tag-couverture-interieure-et-decoration","8":"product_tag-panneau-mural","9":"product_tag-revetement-mural","10":"product_tag-materiau-en-bois","11":"product_tag-panneau-de-bois","12":"product_tag-panneau-mural-interieur","13":"product_tag-decoration-murale","14":"product_tag-panneau-de-tambour","15":"product_tag-panneau-de-lattes-de-bois","17":"first","18":"instock","19":"shipping-taxable","20":"product-type-simple"},"jetpack_sharing_enabled":true,"_links":{"self":[{"href":"https:\/\/carolyoungcorp.com\/fr\/wp-json\/wp\/v2\/product\/8695","targetHints":{"allow":["GET"]}}],"collection":[{"href":"https:\/\/carolyoungcorp.com\/fr\/wp-json\/wp\/v2\/product"}],"about":[{"href":"https:\/\/carolyoungcorp.com\/fr\/wp-json\/wp\/v2\/types\/product"}],"wp:featuredmedia":[{"embeddable":true,"href":"https:\/\/carolyoungcorp.com\/fr\/wp-json\/wp\/v2\/media\/5770"}],"wp:attachment":[{"href":"https:\/\/carolyoungcorp.com\/fr\/wp-json\/wp\/v2\/media?parent=8695"}],"wp:term":[{"taxonomy":"product_brand","embeddable":true,"href":"https:\/\/carolyoungcorp.com\/fr\/wp-json\/wp\/v2\/product_brand?post=8695"},{"taxonomy":"product_cat","embeddable":true,"href":"https:\/\/carolyoungcorp.com\/fr\/wp-json\/wp\/v2\/product_cat?post=8695"},{"taxonomy":"product_tag","embeddable":true,"href":"https:\/\/carolyoungcorp.com\/fr\/wp-json\/wp\/v2\/product_tag?post=8695"}],"curies":[{"name":"wp","href":"https:\/\/api.w.org\/{rel}","templated":true}]}}