{"id":8673,"date":"2023-06-15T07:36:13","date_gmt":"2023-06-15T07:36:13","guid":{"rendered":"https:\/\/carolyoungcorp.com\/products\/flexible-half-round-mdf-panel-board-for-wall-cover-pole-column-wrap-wood-interior-decoration-furniture-finishing"},"modified":"2025-11-07T08:47:32","modified_gmt":"2025-11-07T08:47:32","slug":"flexible-half-round-mdf-panel-board-for-wall-cover-pole-column-wrap-wood-interior-decoration-furniture-finishing","status":"publish","type":"product","link":"https:\/\/carolyoungcorp.com\/fr\/products\/flexible-half-round-mdf-panel-board-for-wall-cover-pole-column-wrap-wood-interior-decoration-furniture-finishing","title":{"rendered":"Panneau flexible en lattes de bois MDF demi-rondes pour rev\u00eatement mural, habillage de poteaux\/colonnes, d\u00e9coration int\u00e9rieure en bois, finition de meubles"},"content":{"rendered":"<h2>Panneau flexible en lattes de bois MDF demi-rondes<\/h2>\n<p>Utilisation : habillage de poteau, habillage de poteau en MDF, rev\u00eatement et d\u00e9coration de mur\/plafond, rev\u00eatement et d\u00e9coration de poteau\/poteau\/colonne, mur courb\u00e9, cache-poteaux ronds et de poteaux de sous-sol, habillage de bois, cache-poteaux de sous-sol, habillage de poteau\/poteau\/colonne, habillage de bois, panneau mural, panneau de bois int\u00e9rieur, finition de meubles, cache-poteaux de sous-sol<\/p>\n<p>&nbsp;<\/p>\n<table width=\"0\">\n<tbody>\n<tr>\n<td>sp\u00e9cifications du produit<\/td>\n<td>Description du produit<\/td>\n<\/tr>\n<tr>\n<td>Num\u00e9ro de code<\/td>\n<td>CY300-01N<\/td>\n<\/tr>\n<tr>\n<td>Taille<\/td>\n<td>4 pieds X 8 pieds (1200 mm x 2400 mm)<\/td>\n<\/tr>\n<tr>\n<td>Hauteur<\/td>\n<td>6 mm<\/td>\n<\/tr>\n<tr>\n<td>Lattes<\/td>\n<td>largeur 18 mm<\/td>\n<\/tr>\n<tr>\n<td>Mat\u00e9riel<\/td>\n<td>panneau MDF<\/td>\n<\/tr>\n<tr>\n<td>Support<\/td>\n<td>Support en tissu non tiss\u00e9 renforc\u00e9 de r\u00e9sine ECO<\/td>\n<\/tr>\n<\/tbody>\n<\/table>\n<p><strong>\u00a0<\/strong><\/p>\n<p>Personnage:<\/p>\n<table>\n<tbody>\n<tr>\n<td width=\"566\">1- Il est facile \u00e0 installer avec de la colle normale pour tapisserie par bricolage.<\/td>\n<\/tr>\n<tr>\n<td width=\"566\">2- La largeur et la longueur peuvent \u00eatre coup\u00e9es pour s&rsquo;adapter \u00e0 la dimension exacte.<br \/>\nIl peut \u00eatre coup\u00e9 avec une scie \u00e0 dents fines ou coup\u00e9 dans le sens de la longueur avec un couteau utilitaire.<\/td>\n<\/tr>\n<tr>\n<td width=\"566\">3- Le tissu non tiss\u00e9 est plus \u00e9lastique, plus r\u00e9sistant et moins rigide que le papier.<\/td>\n<\/tr>\n<tr>\n<td width=\"566\">4- Les panneaux flexibles avec support en tissu non tiss\u00e9 se plient plus facilement pendant la construction et s&rsquo;adaptent plus facilement aux objets d\u00e9coratifs de toute forme.<\/td>\n<\/tr>\n<tr>\n<td width=\"566\">5- Il est pr\u00eat \u00e0 \u00eatre teint\u00e9, peint ou verni pour s&rsquo;harmoniser avec la d\u00e9coration int\u00e9rieure.<\/td>\n<\/tr>\n<\/tbody>\n<\/table>\n<p>Le tissu non tiss\u00e9 que nous avons utilis\u00e9 (non tiss\u00e9 en polyester\/nylon avec r\u00e9sine de latex synth\u00e9tique) est homologu\u00e9 selon la norme STANDARD\u00a0100 by OEKO-TEX\u00ae.<\/p>\n<p>Les r\u00e9sultats de l&rsquo;inspection effectu\u00e9e conform\u00e9ment \u00e0 la norme STANDARD 100 by OEK-OTEX\u00ae, annexe 4, classe de produits I, ont montr\u00e9 que les produits mentionn\u00e9s ci-dessus r\u00e9pondent aux exigences humano-\u00e9cologiques de la norme STANDARD 100 by OEKO-TEX\u00ae actuellement \u00e9tablies dans l&rsquo;annexe 4 pour les articles pour b\u00e9b\u00e9s.<\/p>\n<p>Il s&rsquo;agit d&rsquo;un panneau qui peut \u00eatre utilis\u00e9 en toute s\u00e9curit\u00e9 pour la d\u00e9coration int\u00e9rieure de la maison.<\/p>\n<p>Les panneaux de lattes de bois flexibles demi-ronds peuvent \u00eatre utilis\u00e9s pour le rev\u00eatement des murs et plafonds, le recouvrement des poteaux de sous-sol et la d\u00e9coration int\u00e9rieure. Ces panneaux peuvent \u00eatre utilis\u00e9s comme panneaux de bois, panneaux muraux en MDF et panneaux muraux int\u00e9rieurs. Ils peuvent \u00e9galement servir \u00e0 recouvrir des poteaux, des poteaux et des colonnes, \u00e0 recouvrir des murs et \u00e0 d\u00e9corer des poteaux de sous-sol. Ils peuvent \u00e9galement servir \u00e0 la finition des sols et des meubles tels que les placards, les armoires, les biblioth\u00e8ques, les placards et les penderies.<\/p>\n<p>Les panneaux de lattes de bois flexibles peuvent \u00eatre utilis\u00e9s pour les murs, les plafonds, les lambris, les habillages de poteaux, les cache-poteaux de sous-sol, les fa\u00e7ades de bar, les fa\u00e7ades de tiroirs et les portes-rideaux. Gr\u00e2ce \u00e0 leur support en tissu r\u00e9sistant et \u00e9lastique, ils sont flexibles et peuvent \u00eatre enroul\u00e9s et transport\u00e9s. Ils peuvent \u00e9galement servir de plancher mobile en camping (coup\u00e9s en deux morceaux de 1,20 m x 1,20 m pour le transport en voiture).<\/p>\n<p>La d\u00e9coration int\u00e9rieure utilis\u00e9e avec le panneau de lattes en bois MDF demi-rond flexible cr\u00e9era un effet tridimensionnel.<\/p>\n<p>Le panneau de lattes de bois MDF demi-rond flexible est utilis\u00e9 pour les panneaux de bois int\u00e9rieurs, les panneaux muraux, les enveloppes de bois et les couvertures et enveloppes de poteaux\/poteaux\/colonnes de sous-sol par bricolage.<\/p>\n<p>Mots cl\u00e9s : poteau d&#8217;emballage, habillage de poteau en MDF, couvre-poteaux de sous-sol, habillage de bois, couvre-poteaux de sous-sol<\/p>\n","protected":false},"excerpt":{"rendered":"<p>Les panneaux de lattes de bois flexibles avec support en tissu non tiss\u00e9 se plient plus facilement pendant la construction et s&rsquo;adaptent plus facilement aux objets d\u00e9coratifs de toute forme.<\/p>\n<p>Le tissu non tiss\u00e9 que nous avons utilis\u00e9 (non tiss\u00e9 en polyester\/nylon avec r\u00e9sine de latex synth\u00e9tique) est autoris\u00e9 selon la norme STANDARD 100 by OEKO-TEX\u00ae.<\/p>\n<p>Il s&rsquo;agit d&rsquo;un panneau qui peut \u00eatre utilis\u00e9 en toute s\u00e9curit\u00e9 pour la d\u00e9coration int\u00e9rieure de la maison.<\/p>\n<p>Le panneau de lattes de bois MDF demi-rond flexible est utilis\u00e9 pour les panneaux de bois int\u00e9rieurs, les panneaux muraux, les rev\u00eatements de bois et les rev\u00eatements de poteaux\/poteaux\/colonnes de sous-sol, les rev\u00eatements de poteaux, les fa\u00e7ades de bars, les fa\u00e7ades de tiroirs et les portes tambour par bricolage.<\/p>\n","protected":false},"featured_media":5570,"template":"","meta":[],"product_brand":[],"product_cat":[546,334,332,262],"product_tag":[478,3739,3738,3737,3736,617,616,479,477,349,348,346,343,342],"class_list":{"0":"post-8673","1":"product","2":"type-product","3":"status-publish","4":"has-post-thumbnail","6":"product_cat-flexible-mdf-wood-slats-panels-for-diy-interior-pole-decoration","7":"product_cat-flexible-wood-slats-panel-for-interior-wall-ceiling-and-pole-column-covering-and-decoration","8":"product_cat-flexible-wood-slats-panel-for-furniture-finishing","9":"product_cat-pole-column-wall-and-furniture-surface-covers-by-diy","10":"product_tag-panneau-de-commande","11":"product_tag-habillage-de-bois","12":"product_tag-couvre-poteaux-de-sous-sol","13":"product_tag-habillage-de-poteau-en-mdf","14":"product_tag-poteau-demballage","15":"product_tag-panneau-de-bois-interieur","16":"product_tag-materiel-de-bricolage","17":"product_tag-couvercle-de-cloison","18":"product_tag-finition-de-meubles","19":"product_tag-panneau-de-bois","20":"product_tag-materiau-en-bois","21":"product_tag-revetement-mural","22":"product_tag-couverture-de-poteau-colonne","23":"product_tag-couverture-interieure-et-decoration","25":"first","26":"instock","27":"shipping-taxable","28":"product-type-simple"},"jetpack_sharing_enabled":true,"_links":{"self":[{"href":"https:\/\/carolyoungcorp.com\/fr\/wp-json\/wp\/v2\/product\/8673","targetHints":{"allow":["GET"]}}],"collection":[{"href":"https:\/\/carolyoungcorp.com\/fr\/wp-json\/wp\/v2\/product"}],"about":[{"href":"https:\/\/carolyoungcorp.com\/fr\/wp-json\/wp\/v2\/types\/product"}],"wp:featuredmedia":[{"embeddable":true,"href":"https:\/\/carolyoungcorp.com\/fr\/wp-json\/wp\/v2\/media\/5570"}],"wp:attachment":[{"href":"https:\/\/carolyoungcorp.com\/fr\/wp-json\/wp\/v2\/media?parent=8673"}],"wp:term":[{"taxonomy":"product_brand","embeddable":true,"href":"https:\/\/carolyoungcorp.com\/fr\/wp-json\/wp\/v2\/product_brand?post=8673"},{"taxonomy":"product_cat","embeddable":true,"href":"https:\/\/carolyoungcorp.com\/fr\/wp-json\/wp\/v2\/product_cat?post=8673"},{"taxonomy":"product_tag","embeddable":true,"href":"https:\/\/carolyoungcorp.com\/fr\/wp-json\/wp\/v2\/product_tag?post=8673"}],"curies":[{"name":"wp","href":"https:\/\/api.w.org\/{rel}","templated":true}]}}