{"id":8663,"date":"2023-12-29T03:45:32","date_gmt":"2023-12-29T03:45:32","guid":{"rendered":"https:\/\/carolyoungcorp.com\/products\/flexible-half-round-solid-red-oak-wall-panel-board-for-covering-and-decoration"},"modified":"2025-11-26T09:08:21","modified_gmt":"2025-11-26T09:08:21","slug":"flexible-half-round-solid-red-oak-wall-panel-board-for-covering-and-decoration","status":"publish","type":"product","link":"https:\/\/carolyoungcorp.com\/fr\/products\/flexible-half-round-solid-red-oak-wall-panel-board-for-covering-and-decoration","title":{"rendered":"Panneau mural flexible demi-rond en ch\u00eane rouge massif pour le rev\u00eatement et la d\u00e9coration"},"content":{"rendered":"<h2>Panneau mural flexible en lattes de ch\u00eane rouge massif demi-rondes pour rev\u00eatement et d\u00e9coration int\u00e9rieure<\/h2>\n<p>Utilisation : lambris, rev\u00eatement de plafond et d\u00e9coration int\u00e9rieure, rev\u00eatement et d\u00e9coration de poteaux\/poteaux\/colonnes, cloison, habillage de poteaux\/poteaux\/colonnes, habillage de bois, panneau mural, panneau de bois int\u00e9rieur, finition de meubles<\/p>\n<table width=\"0\">\n<tbody>\n<tr>\n<td>sp\u00e9cifications du produit<\/td>\n<td>Description du produit<\/td>\n<\/tr>\n<tr>\n<td>Num\u00e9ro de code<\/td>\n<td>CY300-02N<\/td>\n<\/tr>\n<tr>\n<td>Taille<\/td>\n<td>4 pieds X 8 pieds (120 cm x 240 cm)<\/td>\n<\/tr>\n<tr>\n<td>Hauteur<\/td>\n<td>6 mm<\/td>\n<\/tr>\n<tr>\n<td>Bande<\/td>\n<td>largeur 18 mm<\/td>\n<\/tr>\n<tr>\n<td>Mat\u00e9riel<\/td>\n<td>Ch\u00eane rouge massif<\/td>\n<\/tr>\n<tr>\n<td>Support<\/td>\n<td>Support en tissu non tiss\u00e9 renforc\u00e9 de r\u00e9sine ECO<\/td>\n<\/tr>\n<\/tbody>\n<\/table>\n<p>Personnage:<\/p>\n<table>\n<tbody>\n<tr>\n<td width=\"566\">1- Il est facile \u00e0 installer avec de la colle normale pour tapisserie par bricolage.<\/td>\n<\/tr>\n<tr>\n<td width=\"566\">2- La largeur et la longueur peuvent \u00eatre coup\u00e9es pour s&rsquo;adapter \u00e0 la dimension exacte.<br \/>\nIIl peut \u00eatre coup\u00e9 avec une scie \u00e0 dents fines ou coup\u00e9 dans le sens de la longueur avec un couteau utilitaire.<\/td>\n<\/tr>\n<tr>\n<td width=\"566\">3- Le tissu non tiss\u00e9 est plus \u00e9lastique, plus r\u00e9sistant et moins rigide que le papier.<\/td>\n<\/tr>\n<tr>\n<td width=\"566\">4- Les panneaux flexibles avec support en tissu non tiss\u00e9 se plient plus facilement pendant la construction et s&rsquo;adaptent plus facilement aux objets d\u00e9coratifs de toute forme.<\/td>\n<\/tr>\n<tr>\n<td width=\"566\">5- Il est pr\u00eat \u00e0 \u00eatre teint\u00e9, peint ou verni pour s&rsquo;harmoniser avec la d\u00e9coration int\u00e9rieure.<\/td>\n<\/tr>\n<\/tbody>\n<\/table>\n<p>Le tissu non tiss\u00e9 que nous avons utilis\u00e9 (non tiss\u00e9 en polyester\/nylon avec r\u00e9sine de latex synth\u00e9tique) est homologu\u00e9 selon la norme STANDARD\u00a0100 by OEKO-TEX\u00ae.<\/p>\n<p>Les r\u00e9sultats de l&rsquo;inspection effectu\u00e9e conform\u00e9ment \u00e0 la norme STANDARD 100 by OEK-OTEX\u00ae, annexe 4, classe de produits I, ont montr\u00e9 que les produits mentionn\u00e9s ci-dessus r\u00e9pondent aux exigences humano-\u00e9cologiques de la norme STANDARD 100 by OEKO-EX\u00ae actuellement \u00e9tablies \u00e0 l&rsquo;annexe 4 pour les articles pour b\u00e9b\u00e9s.<\/p>\n<p>Il s&rsquo;agit d&rsquo;un panneau de bois qui peut \u00eatre utilis\u00e9 en toute s\u00e9curit\u00e9 pour la d\u00e9coration int\u00e9rieure de la maison.<\/p>\n<p>Il peut \u00eatre utilis\u00e9 pour le rev\u00eatement et la d\u00e9coration des murs et plafonds. Il peut \u00eatre utilis\u00e9 comme panneau de bois, rev\u00eatement mural ou panneau mural int\u00e9rieur. Il peut \u00e9galement servir \u00e0 habiller, recouvrir et d\u00e9corer des poteaux, poteaux et colonnes. Il peut \u00e9galement \u00eatre utilis\u00e9 pour la finition de meubles tels que des placards, des armoires, des biblioth\u00e8ques, des placards et des penderies.<\/p>\n<p>Il peut \u00eatre utilis\u00e9 sur les murs, les plafonds, les cloisons, les lambris, les habillages de poteaux, les fa\u00e7ades de bars, les fa\u00e7ades de tiroirs et les portes \u00e0 tambour.<\/p>\n<p>La d\u00e9coration int\u00e9rieure utilis\u00e9e est le panneau mural flexible en lattes de bois de ch\u00eane rouge massif demi-rond\/panneau de lattes de bois\/enveloppe de bois\/panneau mural int\u00e9rieur en lattes de bois qui cr\u00e9era un effet tridimensionnel.<\/p>\n","protected":false},"excerpt":{"rendered":"<p><strong>Panneau mural flexible demi-rond en ch\u00eane rouge massif pour le rev\u00eatement et la d\u00e9coration<\/strong><\/p>\n<p>Il peut \u00eatre utilis\u00e9 pour recouvrir et d\u00e9corer les murs\/plafonds. Il s&rsquo;agit d&rsquo;un panneau en bois, d&rsquo;un rev\u00eatement en bois, d&rsquo;un panneau mural et d&rsquo;un panneau mural int\u00e9rieur. Il peut \u00e9galement \u00eatre utilis\u00e9 pour recouvrir, couvrir et d\u00e9corer les poteaux\/colonnes. Il peut \u00eatre utilis\u00e9 pour la finition des meubles tels que les placards, les armoires, les biblioth\u00e8ques, les placards et les garde-robes.<\/p>\n<p>IIl peut \u00eatre utilis\u00e9 sur les murs, les plafonds, les cloisons, les lambris, les habillages de poteaux, les fa\u00e7ades de bars, les fa\u00e7ades de tiroirs et les portes \u00e0 tambour.<\/p>\n<p>La d\u00e9coration int\u00e9rieure utilis\u00e9e est le panneau mural flexible en lattes de bois de ch\u00eane rouge massif demi-rond\/panneau de lattes de bois\/enveloppe de bois\/panneau mural int\u00e9rieur en lattes de bois qui cr\u00e9era un effet tridimensionnel.<\/p>\n","protected":false},"featured_media":5530,"template":"","meta":[],"product_brand":[],"product_cat":[262,332,333,334],"product_tag":[346,348,349,579,580,582,3698],"class_list":{"0":"post-8663","1":"product","2":"type-product","3":"status-publish","4":"has-post-thumbnail","6":"product_cat-pole-column-wall-and-furniture-surface-covers-by-diy","7":"product_cat-flexible-wood-slats-panel-for-furniture-finishing","8":"product_cat-flexible-wood-slats-panel-for-furniture-decoration-wall-cover-and-pole-column-wrap-by-diy","9":"product_cat-flexible-wood-slats-panel-for-interior-wall-ceiling-and-pole-column-covering-and-decoration","10":"product_tag-revetement-mural","11":"product_tag-materiau-en-bois","12":"product_tag-panneau-de-bois","13":"product_tag-decoration-interieure","14":"product_tag-panneau-mural-interieur","15":"product_tag-decoration-murale","16":"product_tag-habillage-de-poteau-poteau-colonne","18":"first","19":"instock","20":"shipping-taxable","21":"product-type-simple"},"jetpack_sharing_enabled":true,"_links":{"self":[{"href":"https:\/\/carolyoungcorp.com\/fr\/wp-json\/wp\/v2\/product\/8663","targetHints":{"allow":["GET"]}}],"collection":[{"href":"https:\/\/carolyoungcorp.com\/fr\/wp-json\/wp\/v2\/product"}],"about":[{"href":"https:\/\/carolyoungcorp.com\/fr\/wp-json\/wp\/v2\/types\/product"}],"wp:featuredmedia":[{"embeddable":true,"href":"https:\/\/carolyoungcorp.com\/fr\/wp-json\/wp\/v2\/media\/5530"}],"wp:attachment":[{"href":"https:\/\/carolyoungcorp.com\/fr\/wp-json\/wp\/v2\/media?parent=8663"}],"wp:term":[{"taxonomy":"product_brand","embeddable":true,"href":"https:\/\/carolyoungcorp.com\/fr\/wp-json\/wp\/v2\/product_brand?post=8663"},{"taxonomy":"product_cat","embeddable":true,"href":"https:\/\/carolyoungcorp.com\/fr\/wp-json\/wp\/v2\/product_cat?post=8663"},{"taxonomy":"product_tag","embeddable":true,"href":"https:\/\/carolyoungcorp.com\/fr\/wp-json\/wp\/v2\/product_tag?post=8663"}],"curies":[{"name":"wp","href":"https:\/\/api.w.org\/{rel}","templated":true}]}}