{"id":8646,"date":"2024-06-11T08:42:13","date_gmt":"2024-06-11T08:42:13","guid":{"rendered":"https:\/\/carolyoungcorp.com\/products\/flexible-wood-panel-board-with-v-grooved-for-wainscoting-wood-flooring-wall-cover-partition-interior-cover-and-decoration"},"modified":"2026-02-11T07:56:43","modified_gmt":"2026-02-11T07:56:43","slug":"flexible-wood-panel-board-with-v-grooved-for-wainscoting-wood-flooring-wall-cover-partition-interior-cover-and-decoration","status":"publish","type":"product","link":"https:\/\/carolyoungcorp.com\/fr\/products\/flexible-wood-panel-board-with-v-grooved-for-wainscoting-wood-flooring-wall-cover-partition-interior-cover-and-decoration","title":{"rendered":"Panneau de lattes de bois flexible avec rainures en V pour lambris, parquet, rev\u00eatement mural, cloison, rev\u00eatement int\u00e9rieur et d\u00e9coration"},"content":{"rendered":"<h2>Panneau de bois flexible avec lattes en bois \u00e0 rainures en V pour rev\u00eatements de sol, panneaux muraux, lambris et plafonds<\/h2>\n<p>&nbsp;<\/p>\n<h3>Fiche technique du panneau de bois flexible avec lattes de bois \u00e0 rainures en V :<\/h3>\n<table width=\"0\">\n<tbody>\n<tr>\n<td>sp\u00e9cifications du produit<\/td>\n<td>Description du produit<\/td>\n<\/tr>\n<tr>\n<td>Num\u00e9ro de code<\/td>\n<td>CY287-01N-67<\/td>\n<\/tr>\n<tr>\n<td>Taille<\/td>\n<td>3 MM X 4\u2019 X 8\u2019 (3 mm x 1200 mm x 2400 mm)<\/td>\n<\/tr>\n<tr>\n<td>Lattes de bois plates \u00e0 rainures en V<\/td>\n<td>67 mm de largeur<\/td>\n<\/tr>\n<tr>\n<td>Structure<\/td>\n<td>dessus en placage de ch\u00eane rouge, milieu en panneau MDF<\/td>\n<\/tr>\n<tr>\n<td>Support<\/td>\n<td>Support en tissu non tiss\u00e9 renforc\u00e9 de r\u00e9sine ECO<\/td>\n<\/tr>\n<\/tbody>\n<\/table>\n<p>&nbsp;<\/p>\n<p>Utilisation : parquet, rev\u00eatement de sol portable, plinthe, lambris, rev\u00eatement et d\u00e9coration de mur\/plafond, t\u00eate de lit, cloison, portes tambour, fa\u00e7ades d&rsquo;armoires et de tiroirs, panneau mural, panneau de bois int\u00e9rieur, finition de meubles tels que placard, armoire, biblioth\u00e8que, placard et penderie, lambris mural en bois, panneau de plancher d&rsquo;ing\u00e9nierie, panneau de plafond en bois, d\u00e9coration int\u00e9rieure.<\/p>\n<h3>Caract\u00e8re du panneau de bois flexible avec conception de lattes de bois \u00e0 rainures en V :<\/h3>\n<table>\n<tbody>\n<tr>\n<td width=\"566\">1- Il est facile \u00e0 installer avec de la colle normale pour tapisserie par bricolage.<\/td>\n<\/tr>\n<tr>\n<td width=\"566\">2- La largeur et la longueur peuvent \u00eatre coup\u00e9es pour s&rsquo;adapter \u00e0 la dimension exacte. Le panneau de bois flexible avec la conception de lattes de bois \u00e0 rainures en V peut \u00eatre coup\u00e9 avec une scie \u00e0 dents fines ou coup\u00e9 dans le sens de la longueur avec un couteau utilitaire.<\/td>\n<\/tr>\n<tr>\n<td width=\"566\">3- Le tissu non tiss\u00e9 est plus \u00e9lastique, plus r\u00e9sistant et moins rigide que le papier.<\/td>\n<\/tr>\n<tr>\n<td width=\"566\">4- Les panneaux de bois flexibles avec support en tissu non tiss\u00e9 se plient plus facilement pendant la construction et s&rsquo;adaptent plus facilement aux objets d\u00e9coratifs de toute forme.<\/td>\n<\/tr>\n<tr>\n<td width=\"566\">5- Le panneau de bois flexible avec la conception de lattes de bois \u00e0 rainures en V est pr\u00eat \u00e0 \u00eatre teint\u00e9, peint ou recouvert d&rsquo;une couche transparente pour correspondre \u00e0 la d\u00e9coration int\u00e9rieure.<\/td>\n<\/tr>\n<tr>\n<td width=\"566\">6- Le panneau de bois flexible avec la conception de lattes de bois \u00e0 rainures en V peut \u00eatre install\u00e9 dans diff\u00e9rents styles pour am\u00e9liorer l&rsquo;attrait architectural.<\/td>\n<\/tr>\n<\/tbody>\n<\/table>\n<p>&nbsp;<\/p>\n<p>Le tissu non tiss\u00e9 que nous avons utilis\u00e9 (non tiss\u00e9 en polyester\/nylon avec r\u00e9sine de latex synth\u00e9tique) est homologu\u00e9 selon la norme STANDARD\u00a0100 by OEKO-TEX\u00ae.<\/p>\n<p>Les r\u00e9sultats de l&rsquo;inspection effectu\u00e9e conform\u00e9ment \u00e0 la norme STANDARD 100 by OEK-OTEX\u00ae, annexe 4, classe de produits I, ont montr\u00e9 que les produits mentionn\u00e9s ci-dessus r\u00e9pondent aux exigences humano-\u00e9cologiques de la norme STANDARD 100 by OEK-OTEX\u00ae actuellement \u00e9tablies \u00e0 l&rsquo;annexe 4 pour les articles pour b\u00e9b\u00e9s.<\/p>\n<p>Le panneau de bois flexible avec la conception de lattes de bois \u00e0 rainures en V est un panneau de bois qui peut \u00eatre utilis\u00e9 en toute s\u00e9curit\u00e9 pour la d\u00e9coration int\u00e9rieure de la maison.<\/p>\n<p>Les panneaux de bois flexibles \u00e0 rainures en V peuvent \u00eatre install\u00e9s selon diff\u00e9rents mod\u00e8les, tels que le clin, la rainure et la languette, ou le lambris, pour cr\u00e9er des murs, des plafonds et des sols uniques et esth\u00e9tiques. Les panneaux de bois, les planches de bois et les panneaux d&rsquo;int\u00e9rieur sont tr\u00e8s appr\u00e9ci\u00e9s pour les projets de bricolage, notamment la cr\u00e9ation de meubles sur mesure, de murs d&rsquo;accent, de plafonds, de sols et d&rsquo;objets de d\u00e9coration int\u00e9rieure.<\/p>\n<p>Mots cl\u00e9s : panneaux muraux en bois, panneaux de plancher d&rsquo;ing\u00e9nierie, panneaux de plafond en bois, d\u00e9coration int\u00e9rieure, bricolage, panneau de panneau en bois flexible avec conception de lattes en bois \u00e0 rainures en V, panneaux de panneaux en bois flexibles.<\/p>\n","protected":false},"excerpt":{"rendered":"<p>Utilisation : parquet, rev\u00eatement de sol portable, plinthe, lambris, rev\u00eatement et d\u00e9coration de murs\/plafonds, t\u00eate de lit, cloison, portes tambour, fa\u00e7ades d&rsquo;armoires et de tiroirs, panneau mural, panneau int\u00e9rieur en bois, finition de meubles tels que placard, armoire, biblioth\u00e8que, placard et penderie.<\/p>\n<p>Il est pr\u00eat \u00e0 \u00eatre teint\u00e9, peint ou verni pour s&rsquo;harmoniser avec la d\u00e9coration int\u00e9rieure ou pour une utilisation en rev\u00eatement de sol.<\/p>\n<p>Les panneaux de bois\/panneaux de bois\/panneaux de bois\/panneaux de bois d&rsquo;int\u00e9rieur sont populaires dans les projets de bricolage (DIY) pour cr\u00e9er des meubles sur mesure, des murs d&rsquo;accent et divers articles de d\u00e9coration int\u00e9rieure.<\/p>\n","protected":false},"featured_media":5835,"template":"","meta":[],"product_brand":[],"product_cat":[261,262,332,333,334],"product_tag":[342,345,346,476,477,480,503,504,505],"class_list":{"0":"post-8646","1":"product","2":"type-product","3":"status-publish","4":"has-post-thumbnail","6":"product_cat-flexible-wood-slats-panel-with-wood-veneer-top","7":"product_cat-pole-column-wall-and-furniture-surface-covers-by-diy","8":"product_cat-flexible-wood-slats-panel-for-furniture-finishing","9":"product_cat-flexible-wood-slats-panel-for-furniture-decoration-wall-cover-and-pole-column-wrap-by-diy","10":"product_cat-flexible-wood-slats-panel-for-interior-wall-ceiling-and-pole-column-covering-and-decoration","11":"product_tag-couverture-interieure-et-decoration","12":"product_tag-panneau-mural","13":"product_tag-revetement-mural","14":"product_tag-revetement-de-plafond","15":"product_tag-finition-de-meubles","16":"product_tag-couverture-en-bois","17":"product_tag-lambris","18":"product_tag-parquet","19":"product_tag-enveloppe-de-bois","21":"first","22":"instock","23":"shipping-taxable","24":"product-type-simple"},"jetpack_sharing_enabled":true,"_links":{"self":[{"href":"https:\/\/carolyoungcorp.com\/fr\/wp-json\/wp\/v2\/product\/8646","targetHints":{"allow":["GET"]}}],"collection":[{"href":"https:\/\/carolyoungcorp.com\/fr\/wp-json\/wp\/v2\/product"}],"about":[{"href":"https:\/\/carolyoungcorp.com\/fr\/wp-json\/wp\/v2\/types\/product"}],"wp:featuredmedia":[{"embeddable":true,"href":"https:\/\/carolyoungcorp.com\/fr\/wp-json\/wp\/v2\/media\/5835"}],"wp:attachment":[{"href":"https:\/\/carolyoungcorp.com\/fr\/wp-json\/wp\/v2\/media?parent=8646"}],"wp:term":[{"taxonomy":"product_brand","embeddable":true,"href":"https:\/\/carolyoungcorp.com\/fr\/wp-json\/wp\/v2\/product_brand?post=8646"},{"taxonomy":"product_cat","embeddable":true,"href":"https:\/\/carolyoungcorp.com\/fr\/wp-json\/wp\/v2\/product_cat?post=8646"},{"taxonomy":"product_tag","embeddable":true,"href":"https:\/\/carolyoungcorp.com\/fr\/wp-json\/wp\/v2\/product_tag?post=8646"}],"curies":[{"name":"wp","href":"https:\/\/api.w.org\/{rel}","templated":true}]}}