{"id":8554,"date":"2023-06-15T07:51:52","date_gmt":"2023-06-15T07:51:52","guid":{"rendered":"https:\/\/carolyoungcorp.com\/products\/flexible-red-oak-veneer-top-panel-board-with-v-grooved-for-pole-column-cover-wall-partition-cover-wall-panel-interior-cover-and-decoration-wood-material"},"modified":"2026-02-11T08:12:44","modified_gmt":"2026-02-11T08:12:44","slug":"flexible-red-oak-veneer-top-panel-board-with-v-grooved-for-pole-column-cover-wall-partition-cover-wall-panel-interior-cover-and-decoration-wood-material","status":"publish","type":"product","link":"https:\/\/carolyoungcorp.com\/fr\/products\/flexible-red-oak-veneer-top-panel-board-with-v-grooved-for-pole-column-cover-wall-partition-cover-wall-panel-interior-cover-and-decoration-wood-material","title":{"rendered":"Panneau de panneaux de lattes en bois avec placage de ch\u00eane rouge \u00e0 rainures en V flexibles avec tissu non tiss\u00e9 renforc\u00e9 ECO pour rev\u00eatement mural, enveloppes de poteaux, rev\u00eatement de surface de meubles et utilisation facile de rev\u00eatements de sol portables \u00e0 faire soi-m\u00eame"},"content":{"rendered":"<h2>Panneau de panneaux de bois flexibles \u00e0 rainures en V avec tissu non tiss\u00e9 renforc\u00e9 ECO pour rev\u00eatement mural, enveloppes de poteaux, rev\u00eatement de surface de meubles et utilisation facile de rev\u00eatements de sol portables \u00e0 faire soi-m\u00eame<\/h2>\n<p>&nbsp;<\/p>\n<p>Les meilleurs panneaux Tambour, panneaux de lattes de bois flexibles rainur\u00e9s en V en trois couches, dessus en placage de bois s\u00e9lectionn\u00e9, panneau MDF central et dos avec support textile puis rainur\u00e9 en V ou cannel\u00e9 sur les deux couches sup\u00e9rieures pour le caract\u00e8re flexible et enroulable et avec un design \u00e0 lattes seront la meilleure s\u00e9lection pour le rev\u00eatement mural, les enveloppes de poteaux, le rev\u00eatement de surface des meubles et l&rsquo;utilisation de rev\u00eatements de sol portables par le bricolage.<\/p>\n<p>Les panneaux de lattes de bois flexibles en trois couches, avec la couche sup\u00e9rieure en placage de bois s\u00e9lectionn\u00e9, la couche interm\u00e9diaire en panneau MDF et le dos soutenu par du textile, sont con\u00e7us pour une flexibilit\u00e9, une roulabilit\u00e9 et une durabilit\u00e9 accrues, toujours le premier choix \u00e0 ces fins.<\/p>\n<p>Utilisation : rev\u00eatement mural, habillage de poteaux, rev\u00eatement de colonnes romaines et d\u00e9coration d&rsquo;objets de forme, finition de meubles \u00e0 r\u00e9nover tels que placards, armoires et biblioth\u00e8ques&#8230;.<\/p>\n<table>\n<tbody>\n<tr>\n<td>Num\u00e9ro de code<\/td>\n<td>Description du produit<\/td>\n<\/tr>\n<tr>\n<td>Num\u00e9ro de code<\/td>\n<td><span style=\"font-weight: 400;\">CY287-01N<\/span><\/td>\n<\/tr>\n<tr>\n<td>Taille<\/td>\n<td>3 mm x 1\u00a0220 mm x 2\u00a0440 mm (4 pieds x 8 pieds)<\/td>\n<\/tr>\n<tr>\n<td>Structure<\/td>\n<td>dessus en placage de ch\u00eane rouge, milieu en panneau MDF, dos en tissu non tiss\u00e9 renforc\u00e9 de r\u00e9sine ECO<\/td>\n<\/tr>\n<\/tbody>\n<\/table>\n<p><strong>Caract\u00e8re\u00a0:<\/strong><\/p>\n<table>\n<tbody>\n<tr>\n<td width=\"566\">1- Il est facile \u00e0 installer avec de la colle normale par bricolage.<\/td>\n<\/tr>\n<tr>\n<td width=\"566\">2- La largeur et la hauteur peuvent \u00eatre ajust\u00e9es pour s&rsquo;adapter \u00e0 la dimension exacte. Il peut \u00eatre coup\u00e9 avec une scie \u00e0 dents fines ou coup\u00e9 dans le sens de la longueur avec un couteau utilitaire.<\/td>\n<\/tr>\n<tr>\n<td width=\"566\">3- Il peut \u00eatre teint\u00e9 ou peint pour s&rsquo;harmoniser avec la d\u00e9coration int\u00e9rieure.<\/td>\n<\/tr>\n<tr>\n<td width=\"566\">4- Le tissu non tiss\u00e9 est plus \u00e9lastique, plus r\u00e9sistant et moins rigide que le papier.<\/td>\n<\/tr>\n<tr>\n<td width=\"566\">5- Les panneaux flexibles avec support en tissu non tiss\u00e9 se plient plus facilement pendant la construction et s&rsquo;adaptent \u00e9galement plus facilement \u00e0 des objets d\u00e9coratifs de toute forme.<\/td>\n<\/tr>\n<\/tbody>\n<\/table>\n<p>&nbsp;<\/p>\n<p>Il peut \u00eatre utilis\u00e9 pour le rev\u00eatement et la d\u00e9coration des murs et plafonds. Il peut \u00eatre utilis\u00e9 comme panneau de bois, rev\u00eatement mural ou panneau mural int\u00e9rieur. Il peut \u00e9galement servir \u00e0 habiller, recouvrir et d\u00e9corer des poteaux, poteaux et colonnes. Il peut \u00e9galement \u00eatre utilis\u00e9 pour la finition de meubles tels que des placards, des armoires, des biblioth\u00e8ques, des placards et des penderies.<\/p>\n<p>Il peut \u00eatre utilis\u00e9 pour les cloisons, les lambris, les fa\u00e7ades de bar, les fa\u00e7ades de tiroirs et les portes tambour.<\/p>\n<p>&nbsp;<\/p>\n<p>Le tissu non tiss\u00e9 que nous avons utilis\u00e9 (non tiss\u00e9 en polyester\/nylon avec r\u00e9sine de latex synth\u00e9tique) est homologu\u00e9 selon la norme STANDARD\u00a0100 by OEKO-TEX\u00ae.<\/p>\n<p>Les r\u00e9sultats de l&rsquo;inspection effectu\u00e9e conform\u00e9ment \u00e0 la norme 100 by OEK-OTEX\u00ae, annexe 4, classe de produits I, ont montr\u00e9 que les produits susmentionn\u00e9s r\u00e9pondent aux exigences humano-\u00e9cologiques de la norme 100 by OEK-OTEX\u00ae actuellement \u00e9tablies \u00e0 l&rsquo;annexe 4 pour les articles pour b\u00e9b\u00e9s.<\/p>\n<p>Il s&rsquo;agit d&rsquo;un panneau qui peut \u00eatre utilis\u00e9 en toute s\u00e9curit\u00e9 pour la d\u00e9coration int\u00e9rieure de la maison.<\/p>\n","protected":false},"excerpt":{"rendered":"<p>Il peut \u00eatre utilis\u00e9 pour le rev\u00eatement et la d\u00e9coration des murs et plafonds. Il peut \u00eatre utilis\u00e9 comme panneau de bois, rev\u00eatement mural ou panneau mural int\u00e9rieur. Il peut \u00e9galement servir \u00e0 habiller, recouvrir et d\u00e9corer des poteaux, poteaux et colonnes. Il peut \u00e9galement \u00eatre utilis\u00e9 pour la finition de meubles tels que des placards, des armoires, des biblioth\u00e8ques, des placards et des penderies.<\/p>\n<p>Il peut \u00eatre utilis\u00e9 sur les cloisons, les lambris, les fa\u00e7ades de bar, les fa\u00e7ades de tiroirs et les portes tambour.<\/p>\n<p>Les panneaux flexibles avec support en tissu non tiss\u00e9 se plient plus facilement pendant la construction et s&rsquo;adaptent plus facilement aux objets d\u00e9coratifs de toute forme.<\/p>\n<p>Le tissu non tiss\u00e9 que nous avons utilis\u00e9 (non tiss\u00e9 en polyester\/nylon avec r\u00e9sine de latex synth\u00e9tique) est homologu\u00e9 selon la norme STANDARD\u00a0100 by OEKO-TEX\u00ae.<\/p>\n<p>Installation facile avec de la colle normale par DIY.<\/p>\n","protected":false},"featured_media":5555,"template":"","meta":[],"product_brand":[],"product_cat":[261,334,333,332,262],"product_tag":[349,348,347,346,345,344,343,342],"class_list":{"0":"post-8554","1":"product","2":"type-product","3":"status-publish","4":"has-post-thumbnail","6":"product_cat-flexible-wood-slats-panel-with-wood-veneer-top","7":"product_cat-flexible-wood-slats-panel-for-interior-wall-ceiling-and-pole-column-covering-and-decoration","8":"product_cat-flexible-wood-slats-panel-for-furniture-decoration-wall-cover-and-pole-column-wrap-by-diy","9":"product_cat-flexible-wood-slats-panel-for-furniture-finishing","10":"product_cat-pole-column-wall-and-furniture-surface-covers-by-diy","11":"product_tag-panneau-de-bois","12":"product_tag-materiau-en-bois","13":"product_tag-materiau-de-construction-en-bois","14":"product_tag-revetement-mural","15":"product_tag-panneau-mural","16":"product_tag-revetement-mural-et-decoration","17":"product_tag-couverture-de-poteau-colonne","18":"product_tag-couverture-interieure-et-decoration","20":"first","21":"instock","22":"shipping-taxable","23":"product-type-simple"},"jetpack_sharing_enabled":true,"_links":{"self":[{"href":"https:\/\/carolyoungcorp.com\/fr\/wp-json\/wp\/v2\/product\/8554","targetHints":{"allow":["GET"]}}],"collection":[{"href":"https:\/\/carolyoungcorp.com\/fr\/wp-json\/wp\/v2\/product"}],"about":[{"href":"https:\/\/carolyoungcorp.com\/fr\/wp-json\/wp\/v2\/types\/product"}],"wp:featuredmedia":[{"embeddable":true,"href":"https:\/\/carolyoungcorp.com\/fr\/wp-json\/wp\/v2\/media\/5555"}],"wp:attachment":[{"href":"https:\/\/carolyoungcorp.com\/fr\/wp-json\/wp\/v2\/media?parent=8554"}],"wp:term":[{"taxonomy":"product_brand","embeddable":true,"href":"https:\/\/carolyoungcorp.com\/fr\/wp-json\/wp\/v2\/product_brand?post=8554"},{"taxonomy":"product_cat","embeddable":true,"href":"https:\/\/carolyoungcorp.com\/fr\/wp-json\/wp\/v2\/product_cat?post=8554"},{"taxonomy":"product_tag","embeddable":true,"href":"https:\/\/carolyoungcorp.com\/fr\/wp-json\/wp\/v2\/product_tag?post=8554"}],"curies":[{"name":"wp","href":"https:\/\/api.w.org\/{rel}","templated":true}]}}