{"id":8369,"date":"2020-06-22T08:23:37","date_gmt":"2020-06-22T08:23:37","guid":{"rendered":"https:\/\/carolyoungcorp.com\/products\/flexible-wood-board-for-wall-ceiling-interior-pole-basement-reinforced-pole-lally-column-covering-cherry-veneer-top-by-diy"},"modified":"2026-02-10T09:31:01","modified_gmt":"2026-02-10T09:31:01","slug":"flexible-wood-board-for-wall-ceiling-interior-pole-basement-reinforced-pole-lally-column-covering-cherry-veneer-top-by-diy","status":"publish","type":"product","link":"https:\/\/carolyoungcorp.com\/fr\/products\/flexible-wood-board-for-wall-ceiling-interior-pole-basement-reinforced-pole-lally-column-covering-cherry-veneer-top-by-diy","title":{"rendered":"Planche de bois flexible pour le rev\u00eatement de mur\/plafond\/poteau int\u00e9rieur\/poteau renforc\u00e9 de sous-sol\/poteau Lally (dessus en placage de cerisier) en bricolage."},"content":{"rendered":"<h2 class=\"product_title entry-title\">Planche de bois de cerisier flexible pour recouvrir et d\u00e9corer les murs, les plafonds, les meubles, les poteaux int\u00e9rieurs et les poteaux renforc\u00e9s du sous-sol, ainsi que pour couvrir les colonnes lally.<\/h2>\n<p>&nbsp;<\/p>\n<p>Planche souple avec dessus en placage de cerisier pour couvrir des poteaux ronds, des murs courbes et des surfaces de meubles.<\/p>\n<p>Couvertures de poteaux de sous-sol, enveloppe en bois, panneau de bois, rev\u00eatement int\u00e9rieur en bois, mur en panneaux de bois<\/p>\n<p><span style=\"color: #0000ff;\"><strong>Fiche technique<\/strong><\/span><\/p>\n<table>\n<tbody>\n<tr>\n<td>sp\u00e9cifications du produit<\/td>\n<td>Description du produit<\/td>\n<\/tr>\n<tr>\n<td>Code N\u00b0<\/td>\n<td><span style=\"font-weight: 400;\">CY287-98<\/span><\/td>\n<\/tr>\n<tr>\n<td>Taille<\/td>\n<td>4 pieds x 8 pieds<\/td>\n<\/tr>\n<tr>\n<td>\u00c9paisseur<\/td>\n<td>3 mm<\/td>\n<\/tr>\n<tr>\n<td>Rainure en V<\/td>\n<td>13 mm<\/td>\n<\/tr>\n<tr>\n<td>Structure<\/td>\n<td>Couche sup\u00e9rieure : placage de cerisier \/ Couche interm\u00e9diaire : panneau MDF \/ Couche inf\u00e9rieure : papier kraft<\/td>\n<\/tr>\n<tr>\n<td>Utilisation<\/td>\n<td>Rev\u00eatement de mur \/ plafond \/ poteau \/ colonne<\/td>\n<\/tr>\n<tr>\n<td>Fabriqu\u00e9 \u00e0<\/td>\n<td>Taiwan<\/td>\n<\/tr>\n<\/tbody>\n<\/table>\n<p>&nbsp;<\/p>\n<p>&nbsp;<\/p>\n<p><span style=\"color: #0000ff;\"><strong>Caract\u00e8re<br \/>\n<\/strong><\/span><\/p>\n<table>\n<tbody>\n<tr>\n<td width=\"566\">1- Installation facile avec de la colle (bricolage).<\/td>\n<\/tr>\n<tr>\n<td width=\"566\">2- La largeur et la hauteur peuvent n\u00e9cessiter d&rsquo;\u00eatre taill\u00e9es pour s&rsquo;adapter aux dimensions exactes.<\/td>\n<\/tr>\n<tr>\n<td width=\"566\">3- Il peut \u00eatre teint\u00e9 ou peint pour s&rsquo;accorder avec la d\u00e9coration int\u00e9rieure.<\/td>\n<\/tr>\n<tr>\n<td width=\"566\">4- Il peut parfaitement s&rsquo;adapter \u00e0 la forme d\u00e9corative gr\u00e2ce \u00e0 sa rainure en V.<\/td>\n<\/tr>\n<tr>\n<td width=\"566\">5- C&rsquo;est un produit respectueux de l&rsquo;environnement car le panneau MDF est fabriqu\u00e9 \u00e0 partir de mat\u00e9riaux recycl\u00e9s.<\/td>\n<\/tr>\n<\/tbody>\n<\/table>\n<p>&nbsp;<\/p>\n<p>(Les clients aux \u00c9tats-Unis sont pri\u00e9s de contacter directement notre agent &#8211; POLE-WRAP, INC.)<\/p>\n<p>Recherche d&rsquo;agents et de distributeurs (\u00e0 l&rsquo;exclusion des \u00c9tats-Unis et du Japon)<\/p>\n","protected":false},"excerpt":{"rendered":"<h2>Planche de bois de cerisier flexible pour recouvrir et d\u00e9corer les murs, les plafonds, les meubles, les poteaux int\u00e9rieurs et les poteaux renforc\u00e9s du sous-sol, ainsi que pour couvrir les colonnes lally.<\/h2>\n<p>&nbsp;<\/p>\n<p>Utilisations : rev\u00eatements de poteaux de sous-sol, enveloppe en bois, panneau de bois, rev\u00eatement int\u00e9rieur en bois, mur en panneaux de bois<\/p>\n<p>Installation facile avec de la colle classique en bricolage.<\/p>\n<ul>\n<li>La largeur et la hauteur peuvent \u00eatre ajust\u00e9es pour s&rsquo;adapter aux dimensions exactes.<\/li>\n<li>Il peut parfaitement s&rsquo;adapter \u00e0 la forme d\u00e9corative gr\u00e2ce \u00e0 sa rainure en V.<\/li>\n<li>C&rsquo;est un produit respectueux de l&rsquo;environnement car le panneau MDF est fabriqu\u00e9 \u00e0 partir de mat\u00e9riaux recycl\u00e9s.<\/li>\n<\/ul>\n","protected":false},"featured_media":5325,"template":"","meta":[],"product_brand":[],"product_cat":[261,262],"product_tag":[263,264,265,267,268,269,348,349,858,976,999,3920,3921],"class_list":{"0":"post-8369","1":"product","2":"type-product","3":"status-publish","4":"has-post-thumbnail","6":"product_cat-flexible-wood-slats-panel-with-wood-veneer-top","7":"product_cat-pole-column-wall-and-furniture-surface-covers-by-diy","8":"product_tag-building-material-fr","9":"product_tag-interior-covering-fr","10":"product_tag-pole-column-covering-fr","11":"product_tag-wood-board-fr","12":"product_tag-wood-material-fr","13":"product_tag-wood-panel-fr","14":"product_tag-materiau-en-bois","15":"product_tag-panneau-de-bois","16":"product_tag-revetement-interieur","17":"product_tag-revetement-de-poteau-colonne","18":"product_tag-planche-de-bois","19":"product_tag-materiaux-de-construction","20":"product_tag-revetement-mural-de-plafond","22":"first","23":"instock","24":"shipping-taxable","25":"product-type-simple"},"jetpack_sharing_enabled":true,"_links":{"self":[{"href":"https:\/\/carolyoungcorp.com\/fr\/wp-json\/wp\/v2\/product\/8369","targetHints":{"allow":["GET"]}}],"collection":[{"href":"https:\/\/carolyoungcorp.com\/fr\/wp-json\/wp\/v2\/product"}],"about":[{"href":"https:\/\/carolyoungcorp.com\/fr\/wp-json\/wp\/v2\/types\/product"}],"wp:featuredmedia":[{"embeddable":true,"href":"https:\/\/carolyoungcorp.com\/fr\/wp-json\/wp\/v2\/media\/5325"}],"wp:attachment":[{"href":"https:\/\/carolyoungcorp.com\/fr\/wp-json\/wp\/v2\/media?parent=8369"}],"wp:term":[{"taxonomy":"product_brand","embeddable":true,"href":"https:\/\/carolyoungcorp.com\/fr\/wp-json\/wp\/v2\/product_brand?post=8369"},{"taxonomy":"product_cat","embeddable":true,"href":"https:\/\/carolyoungcorp.com\/fr\/wp-json\/wp\/v2\/product_cat?post=8369"},{"taxonomy":"product_tag","embeddable":true,"href":"https:\/\/carolyoungcorp.com\/fr\/wp-json\/wp\/v2\/product_tag?post=8369"}],"curies":[{"name":"wp","href":"https:\/\/api.w.org\/{rel}","templated":true}]}}