{"id":12921,"date":"2026-03-20T08:53:01","date_gmt":"2026-03-20T08:53:01","guid":{"rendered":"https:\/\/carolyoungcorp.com\/products\/flexible-wood-panel-board-with-v-grooved-for-interior-cover-and-decoration"},"modified":"2026-04-15T08:17:53","modified_gmt":"2026-04-15T08:17:53","slug":"panneau-de-bois-flexible-a-rainure-en-v-pour-revetement-et-decoration-interieure","status":"publish","type":"product","link":"https:\/\/carolyoungcorp.com\/fr\/products\/panneau-de-bois-flexible-a-rainure-en-v-pour-revetement-et-decoration-interieure","title":{"rendered":"Panneau de bois flexible \u00e0 rainures en V pour rev\u00eatement et d\u00e9coration int\u00e9rieure"},"content":{"rendered":"<h2>Panneau de bois flexible \u00e0 rainures en V pour rev\u00eatement et d\u00e9coration int\u00e9rieure.<br \/>\nIl peut \u00eatre install\u00e9 de diff\u00e9rentes mani\u00e8res pour sublimer l&rsquo;architecture.<\/h2>\n<table width=\"0\">\n<tbody>\n<tr>\n<td width=\"151\"><strong>Sp\u00e9cifications du produit<\/strong><\/td>\n<td width=\"451\"><strong>Description du produit<\/strong><\/td>\n<\/tr>\n<tr>\n<td width=\"151\">Code n\u00b0<\/td>\n<td width=\"451\">CY307-01<\/td>\n<\/tr>\n<tr>\n<td width=\"151\">Taille<\/td>\n<td width=\"451\">3 mm x 1200 mm x 2400 mm<\/td>\n<\/tr>\n<tr>\n<td width=\"151\">rainur\u00e9 en V<\/td>\n<td width=\"451\">13 mm<\/td>\n<\/tr>\n<tr>\n<td width=\"151\">Structure<\/td>\n<td width=\"451\"><strong>Couche sup\u00e9rieure\u00a0:<\/strong> Impression sur quartier de ch\u00eane rouge, gaufrage fin et finition imperm\u00e9able et r\u00e9sistante \u00e0 l\u2019abrasion.<br \/>\n<strong>Couche interm\u00e9diaire\u00a0:<\/strong> Tissu non tiss\u00e9 renforc\u00e9 de r\u00e9sine \u00e9cologique.<br \/>\n<strong>Couche inf\u00e9rieure\u00a0:<\/strong> Panneau MDF rainur\u00e9 en V.<\/td>\n<\/tr>\n<tr>\n<td width=\"151\">Usage<\/td>\n<td width=\"451\">Rev\u00eatements muraux et de plafond, plinthes, lambris, parquets, cloisons, portes \u00e0 tambour, fa\u00e7ades de meubles et de tiroirs, panneaux muraux, boiseries int\u00e9rieures, finitions de meubles (placards, armoires, biblioth\u00e8ques, penderies, etc.).<\/td>\n<\/tr>\n<tr>\n<td width=\"151\">Origine<\/td>\n<td width=\"451\">Ta\u00efwan<\/td>\n<\/tr>\n<\/tbody>\n<\/table>\n<p><span style=\"font-size: 20px;\"><strong>Personnage:<\/strong><\/span><\/p>\n<table>\n<tbody>\n<tr>\n<td width=\"566\">1- Son installation est facile et se fait soi-m\u00eame avec une colle normale pour le rembourrage.<\/td>\n<\/tr>\n<tr>\n<td width=\"566\">2- La largeur et la hauteur peuvent \u00eatre ajust\u00e9es pour correspondre aux dimensions exactes.<\/p>\n<p>Il peut \u00eatre taill\u00e9 avec une scie \u00e0 dents fines ou coup\u00e9 dans le sens de la longueur avec un couteau utilitaire.<\/td>\n<\/tr>\n<tr>\n<td width=\"566\">3- Le tissu non tiss\u00e9 est plus \u00e9lastique, plus r\u00e9sistant et moins rigide que le papier.<\/td>\n<\/tr>\n<tr>\n<td width=\"566\">4- Les panneaux flexibles avec support en tissu non tiss\u00e9 sont plus faciles \u00e0 plier lors de l&rsquo;installation et s&rsquo;adaptent plus facilement aux objets d\u00e9coratifs de toutes formes.<\/td>\n<\/tr>\n<tr>\n<td width=\"566\">5- Gr\u00e2ce \u00e0 sa finition imperm\u00e9able et r\u00e9sistante \u00e0 l&rsquo;abrasion, il est difficile \u00e0 endommager et facile \u00e0 nettoyer lorsqu&rsquo;il est sale.<\/td>\n<\/tr>\n<\/tbody>\n<\/table>\n<p>Le tissu non tiss\u00e9 que nous avons utilis\u00e9 (non tiss\u00e9 en polyester\/nylon avec r\u00e9sine de latex synth\u00e9tique) est certifi\u00e9 STANDARD 100 by OEKO-TEX\u00ae.<br \/>\nLes r\u00e9sultats de l&rsquo;inspection effectu\u00e9e selon la norme STANDARD 100 by OEKO-TEX\u00ae, annexe 4, classe de produits I ont montr\u00e9 que les marchandises susmentionn\u00e9es r\u00e9pondent aux exigences humano-\u00e9cologiques de la norme STANDARD 100 by OEKO-TEX\u00ae actuellement \u00e9tablies dans l&rsquo;annexe 4 pour les articles pour b\u00e9b\u00e9s.<\/p>\n<p>Les panneaux de bois\/panneaux\/planches de bois\/panneaux de bois int\u00e9rieurs sont populaires dans les projets de bricolage pour cr\u00e9er des meubles personnalis\u00e9s, des rev\u00eatements muraux\/de plafond, des planchers en bois et divers articles de d\u00e9coration int\u00e9rieure.<\/p>\n","protected":false},"excerpt":{"rendered":"<h2>Panneau de bois flexible \u00e0 rainures en V pour rev\u00eatement et d\u00e9coration int\u00e9rieure.<\/h2>\n<p>Les panneaux de bois\/panneaux\/planches de bois\/panneaux de bois int\u00e9rieurs sont populaires dans les projets de bricolage pour la cr\u00e9ation de meubles sur mesure, de murs\/plafonds, de planchers en bois et de divers articles de d\u00e9coration int\u00e9rieure.<br \/>\nLes panneaux flexibles avec support en tissu non tiss\u00e9 sont plus faciles \u00e0 plier lors de l&rsquo;installation et s&rsquo;adaptent plus facilement aux objets d\u00e9coratifs de toutes formes.<br \/>\nGr\u00e2ce \u00e0 sa finition imperm\u00e9able et r\u00e9sistante \u00e0 l&rsquo;abrasion, ce rev\u00eatement est difficile \u00e0 endommager et facile \u00e0 nettoyer.<br \/>\nSon installation est simple et rapide, m\u00eame pour les bricoleurs, avec une colle standard pour tissus d&rsquo;ameublement.<\/p>\n","protected":false},"featured_media":12868,"template":"","meta":[],"product_brand":[],"product_cat":[261,262,332,333,334],"product_tag":[349,498,503,579,999,3698,3921,3929,4887,4888,4889,4890],"class_list":{"0":"post-12921","1":"product","2":"type-product","3":"status-publish","4":"has-post-thumbnail","6":"product_cat-flexible-wood-slats-panel-with-wood-veneer-top","7":"product_cat-pole-column-wall-and-furniture-surface-covers-by-diy","8":"product_cat-flexible-wood-slats-panel-for-furniture-finishing","9":"product_cat-flexible-wood-slats-panel-for-furniture-decoration-wall-cover-and-pole-column-wrap-by-diy","10":"product_cat-flexible-wood-slats-panel-for-interior-wall-ceiling-and-pole-column-covering-and-decoration","11":"product_tag-panneau-de-bois","12":"product_tag-partition-fr","13":"product_tag-lambris","14":"product_tag-decoration-interieure","15":"product_tag-planche-de-bois","16":"product_tag-habillage-de-poteau-poteau-colonne","17":"product_tag-revetement-mural-de-plafond","18":"product_tag-tableau-de-distribution","19":"product_tag-sol","20":"product_tag-surface-du-meuble","21":"product_tag-plinthe","22":"product_tag-plateau-a-tambour","24":"first","25":"instock","26":"shipping-taxable","27":"product-type-simple"},"jetpack_sharing_enabled":true,"_links":{"self":[{"href":"https:\/\/carolyoungcorp.com\/fr\/wp-json\/wp\/v2\/product\/12921","targetHints":{"allow":["GET"]}}],"collection":[{"href":"https:\/\/carolyoungcorp.com\/fr\/wp-json\/wp\/v2\/product"}],"about":[{"href":"https:\/\/carolyoungcorp.com\/fr\/wp-json\/wp\/v2\/types\/product"}],"wp:featuredmedia":[{"embeddable":true,"href":"https:\/\/carolyoungcorp.com\/fr\/wp-json\/wp\/v2\/media\/12868"}],"wp:attachment":[{"href":"https:\/\/carolyoungcorp.com\/fr\/wp-json\/wp\/v2\/media?parent=12921"}],"wp:term":[{"taxonomy":"product_brand","embeddable":true,"href":"https:\/\/carolyoungcorp.com\/fr\/wp-json\/wp\/v2\/product_brand?post=12921"},{"taxonomy":"product_cat","embeddable":true,"href":"https:\/\/carolyoungcorp.com\/fr\/wp-json\/wp\/v2\/product_cat?post=12921"},{"taxonomy":"product_tag","embeddable":true,"href":"https:\/\/carolyoungcorp.com\/fr\/wp-json\/wp\/v2\/product_tag?post=12921"}],"curies":[{"name":"wp","href":"https:\/\/api.w.org\/{rel}","templated":true}]}}