{"id":12314,"date":"2020-08-09T03:50:48","date_gmt":"2020-08-09T03:50:48","guid":{"rendered":"https:\/\/carolyoungcorp.com\/products\/wood-antibacterial"},"modified":"2026-01-14T09:16:37","modified_gmt":"2026-01-14T09:16:37","slug":"wood-antibacterial","status":"publish","type":"product","link":"https:\/\/carolyoungcorp.com\/fr\/products\/wood-antibacterial","title":{"rendered":"Antibact\u00e9rien, d\u00e9sinfectant et st\u00e9rilisant pour la protection du bois avec des effets longue dur\u00e9e &#8211; Carol Young"},"content":{"rendered":"<h2>Le sel d&rsquo;ammonium quaternaire de silicone, RX-SiN4, a un effet antibact\u00e9rien, d\u00e9sinfectant et st\u00e9rilisant durable sur le bois et les textiles.<\/h2>\n<p>&nbsp;<\/p>\n<p>Description<\/p>\n<p>Ce protecteur pour bois a \u00e9t\u00e9 m\u00e9ticuleusement cr\u00e9\u00e9 dans nos laboratoires pour aider \u00e0 lutter contre la pand\u00e9mie de coronavirus (Covid-19) qui touche le monde entier.<\/p>\n<p>Ce produit a la particularit\u00e9 de contenir un compos\u00e9 organique avec un sel d&rsquo;ammonium quaternaire de silicone, le RX-SiN4, qui a un effet antibact\u00e9rien, d\u00e9sinfectant et st\u00e9rilisant durable sur le bois et d&rsquo;autres surfaces (textiles, toiles, cordes, fibres de chemin\u00e9e et d\u00e9corations int\u00e9rieures), sans les endommager.<br \/>\nGr\u00e2ce \u00e0 ce nouveau silicone organique comme support, les sels d&rsquo;ammonium quaternaire peuvent \u00eatre adsorb\u00e9s \u00e0 la surface des bact\u00e9ries (Gram positif et Gram n\u00e9gatif), des levures, des champignons et des virus, modifiant ainsi la perm\u00e9abilit\u00e9 de leurs parois cellulaires et entra\u00eenant la mort de ces diff\u00e9rents micro-organismes. Ce produit s&rsquo;av\u00e8re donc id\u00e9al en cette p\u00e9riode de pand\u00e9mie.<\/p>\n<p>Sp\u00e9cifications\u00a0:<\/p>\n<p>Aspect\u00a0: Liquide jaune p\u00e2le<br \/>\nDensit\u00e9\u00a0: 1,0<\/p>\n<p>Composition\u00a0: Quat-silane multifonctionnel<\/p>\n<p>Effet\u00a0: Effet longue dur\u00e9e<\/p>\n<p>Solution RX-SiN4\u00a0: dilution 1\/100 \u00e0 1\/1000<\/p>\n<p>Conservation\u00a0: 1 an au frais (non ouvert)<\/p>\n<p>Compatible avec les produits chimiques suivants\u00a0: FFDCA (\u00c9tats-Unis).<\/p>\n","protected":false},"excerpt":{"rendered":"<p>The Wood protector has been meticulously created in our laboratories to help combat the Conoravirus (Covid-19) Pandemic, that has been affecting worldwide.<\/p>\n<p>This product has the particularity that it contains an organic compound with silicone quaternary ammonium salt, RX-SiN4, which has a long-lasting effect of antibacterial, disinfectant and sterilization on wood and other surfaces (textiles, canvas, ropes, firehouse fiber and interior decorations), without damaging them.<br \/>\nWith the new organic silicone as a medium, the quaternary ammonium salts can be adsorbed on the surface of bacteria\u2019s (Gram-Positive and Negative), yeast, fungi and virus, changing the permeability of their cell walls and there for the death of the different microorganisms. Making it the perfect product to be used during this pandemic.<\/p>\n","protected":false},"featured_media":5400,"template":"","meta":[],"product_brand":[],"product_cat":[788],"product_tag":[875,884,4788,4804,4805,4806,4807,4808],"class_list":{"0":"post-12314","1":"product","2":"type-product","3":"status-publish","4":"has-post-thumbnail","6":"product_cat-antibacterial-and-antifungal-quaternary-ammonium-salt","7":"product_tag-ffdca-fr","8":"product_tag-antibacterien","9":"product_tag-silicone","10":"product_tag-desinfection","11":"product_tag-chimie-organique","12":"product_tag-produits-chimiques-textiles","13":"product_tag-produits-chimiques-pour-le-bois","14":"product_tag-sterilisation","16":"first","17":"instock","18":"shipping-taxable","19":"product-type-simple"},"jetpack_sharing_enabled":true,"_links":{"self":[{"href":"https:\/\/carolyoungcorp.com\/fr\/wp-json\/wp\/v2\/product\/12314","targetHints":{"allow":["GET"]}}],"collection":[{"href":"https:\/\/carolyoungcorp.com\/fr\/wp-json\/wp\/v2\/product"}],"about":[{"href":"https:\/\/carolyoungcorp.com\/fr\/wp-json\/wp\/v2\/types\/product"}],"wp:featuredmedia":[{"embeddable":true,"href":"https:\/\/carolyoungcorp.com\/fr\/wp-json\/wp\/v2\/media\/5400"}],"wp:attachment":[{"href":"https:\/\/carolyoungcorp.com\/fr\/wp-json\/wp\/v2\/media?parent=12314"}],"wp:term":[{"taxonomy":"product_brand","embeddable":true,"href":"https:\/\/carolyoungcorp.com\/fr\/wp-json\/wp\/v2\/product_brand?post=12314"},{"taxonomy":"product_cat","embeddable":true,"href":"https:\/\/carolyoungcorp.com\/fr\/wp-json\/wp\/v2\/product_cat?post=12314"},{"taxonomy":"product_tag","embeddable":true,"href":"https:\/\/carolyoungcorp.com\/fr\/wp-json\/wp\/v2\/product_tag?post=12314"}],"curies":[{"name":"wp","href":"https:\/\/api.w.org\/{rel}","templated":true}]}}