{"id":11508,"date":"2020-06-18T08:51:50","date_gmt":"2020-06-18T08:51:50","guid":{"rendered":"https:\/\/carolyoungcorp.com\/products\/solid-red-oak-molding-for-pole-column-covering"},"modified":"2026-02-11T06:51:35","modified_gmt":"2026-02-11T06:51:35","slug":"solid-red-oak-molding-for-pole-column-covering","status":"publish","type":"product","link":"https:\/\/carolyoungcorp.com\/fr\/products\/solid-red-oak-molding-for-pole-column-covering","title":{"rendered":"Moulure en ch\u00eane rouge massif pour le rev\u00eatement de poteaux\/colonnes, permettant d&rsquo;obtenir un d\u00e9cor de colonne romaine."},"content":{"rendered":"<h2>Moulure en ch\u00eane rouge massif pour le rev\u00eatement de poteaux\/colonnes, permettant d&rsquo;obtenir un d\u00e9cor de colonne romaine.<\/h2>\n<p>&nbsp;<\/p>\n<p>Sublimez vos colonnes et poteaux romains gr\u00e2ce \u00e0 notre moulure en ch\u00eane rouge massif en deux parties, sp\u00e9cialement con\u00e7ue pour une installation facile. Cette moulure en ch\u00eane rouge de haute qualit\u00e9 est id\u00e9ale pour la d\u00e9coration de colonnes et poteaux romains, le rev\u00eatement de poteaux et de colonnes de sous-sol, ainsi que pour les habillages int\u00e9rieurs de colonnes et les parements de colonnes en bois.<\/p>\n<p>Fabriqu\u00e9e en ch\u00eane rouge massif, cette moulure en ch\u00eane rouge offre une durabilit\u00e9 et une esth\u00e9tique exceptionnelles. Sa structure unique, compos\u00e9e de deux moiti\u00e9s, permet un assemblage facile lors de vos projets de bricolage. Associ\u00e9e \u00e0 un panneau de bois flexible recouvert d&rsquo;un placage en ch\u00eane rouge, elle assure un rendu uniforme et harmonieux pour le rev\u00eatement de poteaux, colonnes ou piliers.<\/p>\n<p><strong>Utilisation<\/strong> : Habillage de colonnes et poteaux romains, habillage de poteaux\/poteaux\/colonnes de sous-sol, rev\u00eatements de colonnes int\u00e9rieures, habillage de bois, rev\u00eatements de colonnes en bois<\/p>\n<table width=\"0\">\n<tbody>\n<tr>\n<td width=\"151\">Sp\u00e9cifications du produit<\/td>\n<td width=\"451\">Description du produit<\/td>\n<\/tr>\n<tr>\n<td width=\"151\">code n\u00b0<\/td>\n<td width=\"451\">294-00<\/td>\n<\/tr>\n<tr>\n<td width=\"151\">taille<\/td>\n<td width=\"451\">Diam\u00e8tre du capuchon\u00a0: 6 et 7 pouces \/ Avec trou\u00a0: 3 \u00bd, 4 ou 4 \u00bd pouces \/ Rayon int\u00e9rieur\u00a0: \u00bd pouce<br \/>\nDiam\u00e8tre de la base : 7 et 8 pouces \/ Avec trou : 3 \u00bd, 4 ou 4 \u00bd pouces \/ Rayon ext\u00e9rieur : \u00bd pouce<\/td>\n<\/tr>\n<tr>\n<td width=\"151\">mat\u00e9riel<\/td>\n<td width=\"451\">Bois de ch\u00eane rouge massif<\/td>\n<\/tr>\n<tr>\n<td width=\"151\">Structure<\/td>\n<td width=\"451\">Ensemble de capuchons et ensemble de base<\/td>\n<\/tr>\n<tr>\n<td width=\"151\">Forme<\/td>\n<td width=\"451\">Octogone en deux moiti\u00e9s (peut \u00e9galement \u00eatre carr\u00e9)<\/td>\n<\/tr>\n<tr>\n<td width=\"151\">Hauteur<\/td>\n<td width=\"451\">\u00be pouce<\/td>\n<\/tr>\n<tr>\n<td width=\"151\">Origine<\/td>\n<td width=\"451\">Ta\u00efwan<\/td>\n<\/tr>\n<\/tbody>\n<\/table>\n<p><strong>Caract\u00e9ristiques principales :<\/strong><\/p>\n<p>Installation facile\u00a0: La moulure s\u2019installe ais\u00e9ment avec de la colle ordinaire, ce qui la rend id\u00e9ale pour les bricoleurs.<\/p>\n<p>Adaptation parfaite aux colonnes et poteaux romains\u00a0: Con\u00e7ue pour s\u2019adapter parfaitement aux colonnes et poteaux romains, elle garantit un r\u00e9sultat harmonieux et esth\u00e9tique.<\/p>\n<p>Finitions personnalisables\u00a0: La moulure en ch\u00eane rouge peut \u00eatre teint\u00e9e ou peinte pour s\u2019accorder \u00e0 votre d\u00e9coration int\u00e9rieure, offrant ainsi une grande libert\u00e9 de cr\u00e9ation.<\/p>\n<p>D\u00e9couvrez la beaut\u00e9 et la praticit\u00e9 de nos moulures en ch\u00eane rouge massif, fi\u00e8rement fabriqu\u00e9es \u00e0 Ta\u00efwan.<\/p>\n<p>Pour les clients aux \u00c9tats-Unis, veuillez contacter notre agent agr\u00e9\u00e9, POLE-WRAP, INC.<\/p>\n<p>Nous recherchons activement des agents et des distributeurs dans le monde entier (\u00e0 l&rsquo;exception des \u00c9tats-Unis).<\/p>\n","protected":false},"excerpt":{"rendered":"<h2 class=\"product_title entry-title\">Moulure en ch\u00eane rouge massif pour le rev\u00eatement de poteaux\/colonnes, permettant d&rsquo;obtenir un d\u00e9cor de colonne romaine.<\/h2>\n<p>Utilisation : Habillage de colonnes et poteaux romains, habillage de poteaux\/poteaux\/colonnes de sous-sol, rev\u00eatements de colonnes int\u00e9rieures, habillage de bois, rev\u00eatements de colonnes en bois<\/p>\n<p>Son installation est facile et se fait soi-m\u00eame avec de la colle ordinaire.<\/p>\n<p>Il s&rsquo;adapte parfaitement \u00e0 la d\u00e9coration des colonnes ou poteaux romains.<\/p>\n<p>Les moulures en bois de ch\u00eane rouge massif, associ\u00e9es \u00e0 des panneaux de bois flexibles recouverts d&rsquo;un placage en ch\u00eane rouge, peuvent servir au rev\u00eatement de poteaux, de colonnes ou de piliers.<\/p>\n","protected":false},"featured_media":5215,"template":"","meta":[],"product_brand":[],"product_cat":[261,539],"product_tag":[502,263,264,268,348,474,480,858,976,1595,1598,3920,3971,3977,3978],"class_list":{"0":"post-11508","1":"product","2":"type-product","3":"status-publish","4":"has-post-thumbnail","6":"product_cat-flexible-wood-slats-panel-with-wood-veneer-top","7":"product_cat-diy-square-octagon-solid-wood-molding-for-interior-decoration","8":"product_tag-wood-wrap-fr","9":"product_tag-building-material-fr","10":"product_tag-interior-covering-fr","11":"product_tag-wood-material-fr","12":"product_tag-materiau-en-bois","13":"product_tag-wood-cover-fr","14":"product_tag-couverture-en-bois","15":"product_tag-revetement-interieur","16":"product_tag-revetement-de-poteau-colonne","17":"product_tag-molding-fr","18":"product_tag-moulage","19":"product_tag-materiaux-de-construction","20":"product_tag-pole-column-wrap-fr","21":"product_tag-habillage-de-poteau-colonne","22":"product_tag-enveloppe-en-bois","24":"first","25":"instock","26":"shipping-taxable","27":"product-type-simple"},"jetpack_sharing_enabled":true,"_links":{"self":[{"href":"https:\/\/carolyoungcorp.com\/fr\/wp-json\/wp\/v2\/product\/11508","targetHints":{"allow":["GET"]}}],"collection":[{"href":"https:\/\/carolyoungcorp.com\/fr\/wp-json\/wp\/v2\/product"}],"about":[{"href":"https:\/\/carolyoungcorp.com\/fr\/wp-json\/wp\/v2\/types\/product"}],"wp:featuredmedia":[{"embeddable":true,"href":"https:\/\/carolyoungcorp.com\/fr\/wp-json\/wp\/v2\/media\/5215"}],"wp:attachment":[{"href":"https:\/\/carolyoungcorp.com\/fr\/wp-json\/wp\/v2\/media?parent=11508"}],"wp:term":[{"taxonomy":"product_brand","embeddable":true,"href":"https:\/\/carolyoungcorp.com\/fr\/wp-json\/wp\/v2\/product_brand?post=11508"},{"taxonomy":"product_cat","embeddable":true,"href":"https:\/\/carolyoungcorp.com\/fr\/wp-json\/wp\/v2\/product_cat?post=11508"},{"taxonomy":"product_tag","embeddable":true,"href":"https:\/\/carolyoungcorp.com\/fr\/wp-json\/wp\/v2\/product_tag?post=11508"}],"curies":[{"name":"wp","href":"https:\/\/api.w.org\/{rel}","templated":true}]}}