{"id":11503,"date":"2020-06-18T09:13:03","date_gmt":"2020-06-18T09:13:03","guid":{"rendered":"https:\/\/carolyoungcorp.com\/products\/solid-red-oak-wooden-pole-column-covering"},"modified":"2026-02-10T09:46:03","modified_gmt":"2026-02-10T09:46:03","slug":"solid-red-oak-wooden-pole-column-covering","status":"publish","type":"product","link":"https:\/\/carolyoungcorp.com\/fr\/products\/solid-red-oak-wooden-pole-column-covering","title":{"rendered":"\u00c9tag\u00e8re en bois \u00e0 faire soi-m\u00eame\u00a0: une solution polyvalente pour les poteaux et colonnes existants. Cette \u00e9tag\u00e8re en bois peut \u00eatre install\u00e9e sur les poteaux d\u00e9j\u00e0 pr\u00e9sents dans la pi\u00e8ce."},"content":{"rendered":"<h2 class=\"product_title entry-title\">\u00c9tag\u00e8re en bois \u00e0 faire soi-m\u00eame\u00a0: une solution polyvalente pour les poteaux et colonnes existants. Cette \u00e9tag\u00e8re en bois peut \u00eatre install\u00e9e sur les poteaux d\u00e9j\u00e0 pr\u00e9sents dans la pi\u00e8ce.<\/h2>\n<p>&nbsp;<\/p>\n<p>Nous sommes ravis de vous pr\u00e9senter notre \u00e9tag\u00e8re innovante pour poteaux en bois, une solution pratique et personnalisable con\u00e7ue pour tirer le meilleur parti des poteaux et colonnes d\u00e9j\u00e0 pr\u00e9sents dans votre maison. Gr\u00e2ce \u00e0 cette \u00e9tag\u00e8re polyvalente, vous pouvez facilement cr\u00e9er un espace de rangement ou d&rsquo;exposition suppl\u00e9mentaire pour diverses utilisations, comme y poser des boissons, des tasses, de la vaisselle ou m\u00eame des plantes en pot.<\/p>\n<table width=\"0\">\n<tbody>\n<tr>\n<td width=\"151\">sp\u00e9cifications du produit<\/td>\n<td width=\"451\">description du produit<\/td>\n<\/tr>\n<tr>\n<td width=\"151\">Code n\u00b0<\/td>\n<td width=\"451\">294-13 + 294-14<\/td>\n<\/tr>\n<tr>\n<td width=\"151\">Taille<\/td>\n<td width=\"451\">Plaque\u00a0\u2014 2 moiti\u00e9s, diam\u00e8tre 17-1\/2&Prime;, rayon int\u00e9rieur de 1\/2&Prime;, trous de 3-1\/2&Prime;, 4&Prime;, 4-1\/2&Prime;<br \/>\nSupport \u2014 largeur 4&Prime;, longueur 8&Prime;, \u00e9paisseur 20 mm, rayon ext\u00e9rieur de 3\/8&Prime;, trou de 10 mm<\/td>\n<\/tr>\n<tr>\n<td width=\"151\">Mat\u00e9rielle<\/td>\n<td width=\"451\">Bois de ch\u00eane rouge massif<\/td>\n<\/tr>\n<tr>\n<td width=\"151\">Structure<\/td>\n<td width=\"451\">plaque (2 moiti\u00e9s rondes) + 4 supports<\/td>\n<\/tr>\n<tr>\n<td width=\"151\">Usage<\/td>\n<td width=\"451\">Disposition de boissons, tasses, assiettes, plantes en pot et divers objets de d\u00e9coration ou articles m\u00e9nagers,<br \/>\nhabillage en bois, habillages de colonnes int\u00e9rieures \u00e0 faire soi-m\u00eame, cache-poteaux\/colonnes de sous-sol<\/td>\n<\/tr>\n<tr>\n<td width=\"151\">OrigineTa\u00efwan<\/td>\n<td width=\"451\"><\/td>\n<\/tr>\n<\/tbody>\n<\/table>\n<p>&nbsp;<\/p>\n<p><span style=\"color: #000000;\"><strong>Personnage:<\/strong><\/span><\/p>\n<table>\n<tbody>\n<tr>\n<td width=\"566\">1- Il peut \u00eatre install\u00e9 sur un poteau ou une colonne pour une utilisation polyvalente, par exemple pour y poser des boissons, des tasses, des assiettes, des plantes en pot et divers objets de d\u00e9coration ou articles m\u00e9nagers.<\/td>\n<\/tr>\n<tr>\n<td width=\"566\">2- Il s&rsquo;adapte parfaitement \u00e0 la colonne ou au poteau Roma.<\/td>\n<\/tr>\n<tr>\n<td width=\"566\">3- Il peut \u00eatre teint\u00e9 ou peint pour s&rsquo;harmoniser avec la d\u00e9coration int\u00e9rieure.<\/td>\n<\/tr>\n<tr>\n<td width=\"566\">4- Il est \u00e0 la fois pratique et esth\u00e9tique pour le rev\u00eatement int\u00e9rieur des meubles.<\/td>\n<\/tr>\n<tr>\n<td width=\"566\">5- L&rsquo;installation est facile avec de la colle ordinaire, m\u00eame en le faisant soi-m\u00eame.<\/td>\n<\/tr>\n<\/tbody>\n<\/table>\n<p><strong><span style=\"color: #3366ff;\">\u00a0<\/span><\/strong><\/p>\n<p>(Clients aux \u00c9tats-Unis, veuillez contacter directement notre agent\u00a0: POLE-WRAP, INC. )<\/p>\n<p>***Recherche d&rsquo;agents et de distributeurs (hors \u00c9tats-Unis et Japon)***<\/p>\n","protected":false},"excerpt":{"rendered":"<h2>Cet ensemble d&rsquo;\u00e9tag\u00e8res en ch\u00eane rouge massif, combin\u00e9 \u00e0 un panneau flexible \u00e0 rainure en V, est destin\u00e9 au rev\u00eatement int\u00e9rieur de poteaux\/colonnes et \u00e0 l&rsquo;ajout d&rsquo;une \u00e9tag\u00e8re suppl\u00e9mentaire sur le poteau par bricolage.<\/h2>\n<p>&nbsp;<\/p>\n<p>Habillage en bois, habillages de colonnes int\u00e9rieures \u00e0 faire soi-m\u00eame, rev\u00eatements de poteaux\/colonnes de sous-sol<\/p>\n<p>Pour la d\u00e9coration int\u00e9rieure, il est tr\u00e8s facile d&rsquo;ajouter une \u00e9tag\u00e8re au mur. En revanche, l&rsquo;installer sur un poteau ou une colonne est plus complexe. Heureusement, notre kit d&rsquo;\u00e9tag\u00e8res en bois massif vous permet d&rsquo;ajouter facilement des rangements sur un poteau ou une colonne, m\u00eame avec des outils simples. Sp\u00e9cialement con\u00e7u pour les poteaux et colonnes en plastique ou en m\u00e9tal, ou encore pour les poteaux renforc\u00e9s de sous-sol, son installation est encore plus simple qu&rsquo;une \u00e9tag\u00e8re murale.<\/p>\n<p>Utilisation : \u00c9tag\u00e8re en bois pouvant \u00eatre install\u00e9e sur des poteaux et des colonnes pour de multiples usages, comme le rangement de boissons, tasses, assiettes, plantes en pot et divers objets de d\u00e9coration ou articles m\u00e9nagers.<\/p>\n<p>Installation facile avec de la colle ordinaire (\u00e0 faire soi-m\u00eame).<\/p>\n<p>Produit fabriqu\u00e9 \u00e0 Ta\u00efwan.<\/p>\n<p>&nbsp;<\/p>\n","protected":false},"featured_media":5180,"template":"","meta":[],"product_brand":[],"product_cat":[538,261],"product_tag":[886,4002,3997,3996,3978,3698,976,885,874,858,752,502,348,268,264],"class_list":{"0":"post-11503","1":"product","2":"type-product","3":"status-publish","4":"has-post-thumbnail","6":"product_cat-multipurpose-solid-wood-shelf-on-pole-installed-by-diy","7":"product_cat-flexible-wood-slats-panel-with-wood-veneer-top","8":"product_tag-etagere","9":"product_tag-decoration-de-poteaux-colonnes","10":"product_tag-shelf-fr","11":"product_tag-post-pole-column-wrap-fr","12":"product_tag-enveloppe-en-bois","13":"product_tag-habillage-de-poteau-poteau-colonne","14":"product_tag-revetement-de-poteau-colonne","15":"product_tag-etagere-a-boissons","16":"product_tag-drink-shelf-fr","17":"product_tag-revetement-interieur","18":"product_tag-pole-column-decoration-fr","19":"product_tag-wood-wrap-fr","20":"product_tag-materiau-en-bois","21":"product_tag-wood-material-fr","22":"product_tag-interior-covering-fr","24":"first","25":"instock","26":"shipping-taxable","27":"product-type-simple"},"jetpack_sharing_enabled":true,"_links":{"self":[{"href":"https:\/\/carolyoungcorp.com\/fr\/wp-json\/wp\/v2\/product\/11503","targetHints":{"allow":["GET"]}}],"collection":[{"href":"https:\/\/carolyoungcorp.com\/fr\/wp-json\/wp\/v2\/product"}],"about":[{"href":"https:\/\/carolyoungcorp.com\/fr\/wp-json\/wp\/v2\/types\/product"}],"wp:featuredmedia":[{"embeddable":true,"href":"https:\/\/carolyoungcorp.com\/fr\/wp-json\/wp\/v2\/media\/5180"}],"wp:attachment":[{"href":"https:\/\/carolyoungcorp.com\/fr\/wp-json\/wp\/v2\/media?parent=11503"}],"wp:term":[{"taxonomy":"product_brand","embeddable":true,"href":"https:\/\/carolyoungcorp.com\/fr\/wp-json\/wp\/v2\/product_brand?post=11503"},{"taxonomy":"product_cat","embeddable":true,"href":"https:\/\/carolyoungcorp.com\/fr\/wp-json\/wp\/v2\/product_cat?post=11503"},{"taxonomy":"product_tag","embeddable":true,"href":"https:\/\/carolyoungcorp.com\/fr\/wp-json\/wp\/v2\/product_tag?post=11503"}],"curies":[{"name":"wp","href":"https:\/\/api.w.org\/{rel}","templated":true}]}}