{"id":11490,"date":"2020-06-29T08:52:20","date_gmt":"2020-06-29T08:52:20","guid":{"rendered":"https:\/\/carolyoungcorp.com\/products\/solid-red-oak-molding-pole-column-covering"},"modified":"2026-02-13T09:48:03","modified_gmt":"2026-02-13T09:48:03","slug":"solid-red-oak-molding-pole-column-covering","status":"publish","type":"product","link":"https:\/\/carolyoungcorp.com\/fr\/products\/solid-red-oak-molding-pole-column-covering","title":{"rendered":"Moulure carr\u00e9e en ch\u00eane rouge massif sur poteau\/colonne pour un mod\u00e8le de colonne romaine"},"content":{"rendered":"<h2>Des moulures en ch\u00eane rouge massif, associ\u00e9es \u00e0 des panneaux MDF flexibles, peuvent \u00eatre utilis\u00e9es pour le rev\u00eatement et la d\u00e9coration de poteaux, colonnes et piliers afin d&rsquo;obtenir un style de colonne romaine.<\/h2>\n<p>&nbsp;<\/p>\n<p><strong>Utilisation : Colonne romaine, habillage et rev\u00eatement de poteau demi-rond, cache-poteaux de sous-sol, cache-poteaux de sous-sol \u00e0 faire soi-m\u00eame, rev\u00eatement en bois, habillage de colonnes int\u00e9rieures<br \/>\n<\/strong><\/p>\n<table width=\"0\">\n<tbody>\n<tr>\n<td width=\"151\">sp\u00e9cifications du produit<\/td>\n<td width=\"451\">description du produit<\/td>\n<\/tr>\n<tr>\n<td width=\"151\">Code n\u00b0<\/td>\n<td width=\"451\">294-08<\/td>\n<\/tr>\n<tr>\n<td width=\"151\">Tailles<\/td>\n<td width=\"451\">Diam\u00e8tre du capuchon\u00a0: 6 et 7 pouces \/ avec trou\u00a0: 3 \u00bd, 4 ou 4 \u00bd pouces \/ rayon int\u00e9rieur\u00a0: \u00bd pouce<br \/>\nDiam\u00e8tre de la base : 7 et 8 pouces \/ avec trou : 3 \u00bd, 4 ou 4 \u00bd pouces \/ rayon ext\u00e9rieur : \u00bd pouce<\/td>\n<\/tr>\n<tr>\n<td width=\"151\">Mat\u00e9rielle<\/td>\n<td width=\"451\">Bois de ch\u00eane rouge massif<\/td>\n<\/tr>\n<tr>\n<td width=\"151\">Structure<\/td>\n<td width=\"451\">Ensemble de capuchons et ensemble de base<\/td>\n<\/tr>\n<tr>\n<td width=\"151\">Forme<\/td>\n<td width=\"451\">Carr\u00e9 divis\u00e9 en deux moiti\u00e9s (peut \u00e9galement \u00eatre octogonal)<\/td>\n<\/tr>\n<tr>\n<td width=\"151\">Hauteur<\/td>\n<td width=\"451\">\u00be pouce<\/td>\n<\/tr>\n<tr>\n<td width=\"151\">Origine<\/td>\n<td width=\"451\">Ta\u00efwan<\/td>\n<\/tr>\n<\/tbody>\n<\/table>\n<p><strong>\u00a0<\/strong><\/p>\n<p><strong><span style=\"color: #3366ff;\"><br \/>\n<span style=\"color: #000000;\">Personnages<\/span><br \/>\n<\/span><\/strong><\/p>\n<table>\n<tbody>\n<tr>\n<td width=\"566\">1- Facile \u00e0 installer avec de la colle (\u00e0 faire soi-m\u00eame).<\/td>\n<\/tr>\n<tr>\n<td width=\"566\">2- Il s&rsquo;adapte parfaitement aux colonnes ou poteaux romains et aux enrouleurs de poteaux semi-circulaires.<\/td>\n<\/tr>\n<tr>\n<td width=\"566\">3- Il peut \u00eatre teint\u00e9 ou peint pour s&rsquo;harmoniser avec le style de votre d\u00e9coration int\u00e9rieure.<\/td>\n<\/tr>\n<\/tbody>\n<\/table>\n<p>&nbsp;<\/p>\n<p>(Clients aux \u00c9tats-Unis, veuillez contacter directement notre agent\u00a0: POLE-WRAP, INC. )<\/p>\n<p>***Recherche d&rsquo;agents et de distributeurs (hors \u00c9tats-Unis et Japon)***<\/p>\n","protected":false},"excerpt":{"rendered":"<table style=\"height: 444px;\" width=\"967\">\n<tbody>\n<tr>\n<td width=\"365\">\n<h2>Moulure carr\u00e9e en ch\u00eane rouge massif sur poteau\/colonne pour un mod\u00e8le de colonne romaine<\/h2>\n<p>Utilisation\u00a0: Habillage de colonnes et de poteaux romains, habillage de poteaux de sous-sol, habillage de poteaux de sous-sol \u00e0 faire soi-m\u00eame, rev\u00eatement en bois, habillage de colonnes int\u00e9rieures<\/p>\n<p>Son installation est facile et se fait soi-m\u00eame avec de la colle ordinaire.<\/p>\n<p>Il s&rsquo;adapte parfaitement \u00e0 la d\u00e9coration des colonnes ou poteaux romains.<\/p>\n<p>Les moulures en bois de ch\u00eane rouge massif, associ\u00e9es \u00e0 des panneaux de bois flexibles recouverts d&rsquo;un placage en ch\u00eane rouge, peuvent servir au rev\u00eatement de poteaux, de colonnes ou de piliers.<\/td>\n<\/tr>\n<\/tbody>\n<\/table>\n","protected":false},"featured_media":5240,"template":"","meta":[],"product_brand":[],"product_cat":[261,539],"product_tag":[348,858,976,1598,3969,3975,3976,3977,3978],"class_list":{"0":"post-11490","1":"product","2":"type-product","3":"status-publish","4":"has-post-thumbnail","6":"product_cat-flexible-wood-slats-panel-with-wood-veneer-top","7":"product_cat-diy-square-octagon-solid-wood-molding-for-interior-decoration","8":"product_tag-materiau-en-bois","9":"product_tag-revetement-interieur","10":"product_tag-revetement-de-poteau-colonne","11":"product_tag-moulage","12":"product_tag-basement-post-cover-fr","13":"product_tag-couvercle-de-poteau-de-sous-sol","14":"product_tag-habillage-interieur-de-colonne","15":"product_tag-habillage-de-poteau-colonne","16":"product_tag-enveloppe-en-bois","18":"first","19":"instock","20":"shipping-taxable","21":"product-type-simple"},"jetpack_sharing_enabled":true,"_links":{"self":[{"href":"https:\/\/carolyoungcorp.com\/fr\/wp-json\/wp\/v2\/product\/11490","targetHints":{"allow":["GET"]}}],"collection":[{"href":"https:\/\/carolyoungcorp.com\/fr\/wp-json\/wp\/v2\/product"}],"about":[{"href":"https:\/\/carolyoungcorp.com\/fr\/wp-json\/wp\/v2\/types\/product"}],"wp:featuredmedia":[{"embeddable":true,"href":"https:\/\/carolyoungcorp.com\/fr\/wp-json\/wp\/v2\/media\/5240"}],"wp:attachment":[{"href":"https:\/\/carolyoungcorp.com\/fr\/wp-json\/wp\/v2\/media?parent=11490"}],"wp:term":[{"taxonomy":"product_brand","embeddable":true,"href":"https:\/\/carolyoungcorp.com\/fr\/wp-json\/wp\/v2\/product_brand?post=11490"},{"taxonomy":"product_cat","embeddable":true,"href":"https:\/\/carolyoungcorp.com\/fr\/wp-json\/wp\/v2\/product_cat?post=11490"},{"taxonomy":"product_tag","embeddable":true,"href":"https:\/\/carolyoungcorp.com\/fr\/wp-json\/wp\/v2\/product_tag?post=11490"}],"curies":[{"name":"wp","href":"https:\/\/api.w.org\/{rel}","templated":true}]}}