{"id":11468,"date":"2020-06-18T08:28:32","date_gmt":"2020-06-18T08:28:32","guid":{"rendered":"https:\/\/carolyoungcorp.com\/products\/flexible-panel-board-pole-column-covering"},"modified":"2026-02-11T07:15:57","modified_gmt":"2026-02-11T07:15:57","slug":"flexible-panel-board-pole-column-covering","status":"publish","type":"product","link":"https:\/\/carolyoungcorp.com\/fr\/products\/flexible-panel-board-pole-column-covering","title":{"rendered":"Panneau en bois flexible pour rev\u00eatement mural et de poteau"},"content":{"rendered":"<h2>Panneau en bois flexible avec dessus en placage de ch\u00eane rouge pour rev\u00eatement, panneau en bois, mur en panneaux de bois, rev\u00eatement int\u00e9rieur en bois, enveloppe en bois<\/h2>\n<p>&nbsp;<\/p>\n<h2 class=\"entry-title\">Panneaux en ch\u00eane rouge flexibles \u00e0 trois plis, \u00e0 rainures en V ou cannelures, pour le rev\u00eatement mural, les habillages de poteaux ou de colonnes, la d\u00e9coration int\u00e9rieure et le rev\u00eatement de meubles.<\/h2>\n<p>&nbsp;<\/p>\n<p><strong>Fiche technique des panneaux de bois de ch\u00eane rouge flexibles en trois plis avec rainure en V<br \/>\n<\/strong><\/p>\n<table width=\"0\">\n<tbody>\n<tr>\n<td width=\"151\">Sp\u00e9cifications du produit<\/td>\n<td width=\"451\">Description du produit<\/td>\n<\/tr>\n<tr>\n<td width=\"151\">Code N\u00b0<\/td>\n<td width=\"451\">CY287-01<\/td>\n<\/tr>\n<tr>\n<td width=\"151\">Taille<\/td>\n<td width=\"451\">3mm x 4 pieds x 8 pieds (3mm x 1220mm x 2440mm)<\/td>\n<\/tr>\n<tr>\n<td width=\"151\">Rainure en V<\/td>\n<td width=\"451\">\u00a013 mm<\/td>\n<\/tr>\n<tr>\n<td width=\"151\">Structures<\/td>\n<td width=\"451\">Dessus-placage en ch\u00eane rouge \/ milieu-panneau MDF \/ bas-papier kraft<\/td>\n<\/tr>\n<tr>\n<td width=\"151\">Applications<\/td>\n<td width=\"451\">Rev\u00eatements de mur, plafond, poteau ou colonne<\/td>\n<\/tr>\n<tr>\n<td width=\"151\">Origine<\/td>\n<td width=\"451\">Ta\u00efwan<\/td>\n<\/tr>\n<\/tbody>\n<\/table>\n<p>&nbsp;<\/p>\n<p><strong>Caract\u00e8re<br \/>\n<\/strong><\/p>\n<table>\n<tbody>\n<tr>\n<td width=\"566\">1- Installation facile avec de la colle classique en bricolage (DIY).<\/td>\n<\/tr>\n<tr>\n<td width=\"566\">2- La largeur et la hauteur peuvent n\u00e9cessiter d&rsquo;\u00eatre taill\u00e9es pour s&rsquo;adapter aux dimensions exactes.<\/td>\n<\/tr>\n<tr>\n<td width=\"566\">3- Si le dessus est en placage, il peut \u00eatre teint\u00e9 ou peint pour s&rsquo;accorder avec la d\u00e9coration int\u00e9rieure.<\/td>\n<\/tr>\n<tr>\n<td width=\"566\">4- Il peut s&rsquo;ajuster parfaitement \u00e0 la forme d\u00e9corative gr\u00e2ce \u00e0 sa rainure en V.<\/td>\n<\/tr>\n<tr>\n<td width=\"566\">5- C&rsquo;est un produit respectueux de l&rsquo;environnement car le panneau MDF est fabriqu\u00e9 \u00e0 partir de mat\u00e9riaux recycl\u00e9s.<\/td>\n<\/tr>\n<\/tbody>\n<\/table>\n<p><strong>\u00a0<\/strong><\/p>\n<p>&nbsp;<\/p>\n<p>(Les clients aux \u00c9tats-Unis sont pri\u00e9s de contacter directement notre agent &#8211; POLE-WRAP, INC. )<\/p>\n<p>***Recherche d&rsquo;agents et de distributeurs (\u00e0 l&rsquo;exclusion des \u00c9tats-Unis et du Japon)***<\/p>\n","protected":false},"excerpt":{"rendered":"<h2>Le panneau flexible \u00e0 rainure en V est utilis\u00e9 pour le rev\u00eatement de murs, de plafonds, de colonnes int\u00e9rieures, de colonnes de renforcement de sous-sol, de colonnes de soutien et pour la d\u00e9coration int\u00e9rieure. Il peut \u00e9galement servir de panneau de bois, de rev\u00eatement mural en panneaux de bois ou de lambris int\u00e9rieur.<\/h2>\n<p>\u2022 Le panneau flexible avec dessus en placage de ch\u00eane rouge peut \u00eatre utilis\u00e9 pour la d\u00e9coration int\u00e9rieure \u00e0 faire soi-m\u00eame, la d\u00e9coration d&rsquo;armoires, la d\u00e9coration d&rsquo;ameublement, le rev\u00eatement de fa\u00e7ade, les meubles, le renforcement de colonnes, le rev\u00eatement et la d\u00e9coration de colonnes de support.<\/p>\n<p>Utilisation\u00a0: rev\u00eatement mural, de plafond, de poteaux et de colonnes<\/p>\n<p>Code\u00a0: CY287-01<\/p>\n<p>Dimensions\u00a0: 3\u00a0mm x 1,22\u00a0m x 2,44\u00a0m<\/p>\n","protected":false},"featured_media":5750,"template":"","meta":[],"product_brand":[],"product_cat":[261,262],"product_tag":[3929,3928,976,858,472,348,346,268,265,264],"class_list":{"0":"post-11468","1":"product","2":"type-product","3":"status-publish","4":"has-post-thumbnail","6":"product_cat-flexible-wood-slats-panel-with-wood-veneer-top","7":"product_cat-pole-column-wall-and-furniture-surface-covers-by-diy","8":"product_tag-tableau-de-distribution","9":"product_tag-wall-covering-fr","10":"product_tag-revetement-de-poteau-colonne","11":"product_tag-revetement-interieur","12":"product_tag-panel-board-fr","13":"product_tag-materiau-en-bois","14":"product_tag-revetement-mural","15":"product_tag-wood-material-fr","16":"product_tag-pole-column-covering-fr","17":"product_tag-interior-covering-fr","19":"first","20":"instock","21":"shipping-taxable","22":"product-type-simple"},"jetpack_sharing_enabled":true,"_links":{"self":[{"href":"https:\/\/carolyoungcorp.com\/fr\/wp-json\/wp\/v2\/product\/11468","targetHints":{"allow":["GET"]}}],"collection":[{"href":"https:\/\/carolyoungcorp.com\/fr\/wp-json\/wp\/v2\/product"}],"about":[{"href":"https:\/\/carolyoungcorp.com\/fr\/wp-json\/wp\/v2\/types\/product"}],"wp:featuredmedia":[{"embeddable":true,"href":"https:\/\/carolyoungcorp.com\/fr\/wp-json\/wp\/v2\/media\/5750"}],"wp:attachment":[{"href":"https:\/\/carolyoungcorp.com\/fr\/wp-json\/wp\/v2\/media?parent=11468"}],"wp:term":[{"taxonomy":"product_brand","embeddable":true,"href":"https:\/\/carolyoungcorp.com\/fr\/wp-json\/wp\/v2\/product_brand?post=11468"},{"taxonomy":"product_cat","embeddable":true,"href":"https:\/\/carolyoungcorp.com\/fr\/wp-json\/wp\/v2\/product_cat?post=11468"},{"taxonomy":"product_tag","embeddable":true,"href":"https:\/\/carolyoungcorp.com\/fr\/wp-json\/wp\/v2\/product_tag?post=11468"}],"curies":[{"name":"wp","href":"https:\/\/api.w.org\/{rel}","templated":true}]}}