{"id":10609,"date":"2020-06-29T09:26:30","date_gmt":"2020-06-29T09:26:30","guid":{"rendered":"https:\/\/carolyoungcorp.com\/products\/furniture-finishing"},"modified":"2026-02-13T09:40:56","modified_gmt":"2026-02-13T09:40:56","slug":"furniture-finishing","status":"publish","type":"product","link":"https:\/\/carolyoungcorp.com\/fr\/products\/furniture-finishing","title":{"rendered":"Lattes de bois flexibles pour la finition et le rev\u00eatement des surfaces de meubles"},"content":{"rendered":"<div class=\"mceTemp\"><\/div>\n<h2>Lattes de bois flexibles pour la finition et le rev\u00eatement des surfaces de meubles<\/h2>\n<p>Les vieux meubles, qu&rsquo;ils soient en bois ou non, peuvent \u00eatre r\u00e9nov\u00e9s ou personnalis\u00e9s avec des outils simples gr\u00e2ce \u00e0 ce panneau de lattes de bois rainur\u00e9es en V. Flexible, il se d\u00e9coupe facilement au couteau pour corriger les angles vifs ou courb\u00e9s. Dot\u00e9 d&rsquo;un dos renforc\u00e9 en papier ou en tissu, il est facile \u00e0 coller et \u00e0 plastifier sur la surface du meuble.<\/p>\n<p>&nbsp;<\/p>\n<p>Utilisation\u00a0: panneau de bois, rev\u00eatement de bois, lambris int\u00e9rieurs en bois, cloisons, lambris, fa\u00e7ades de bar, fa\u00e7ades de tiroirs, rev\u00eatements de poteaux\/poteaux\/colonnes, panneau de bois pour la finition des meubles tels que les placards, les armoires et les biblioth\u00e8ques.<\/p>\n<table width=\"0\">\n<tbody>\n<tr>\n<td width=\"151\">sp\u00e9cifications du produit<\/td>\n<td width=\"451\">description du produit<\/td>\n<\/tr>\n<tr>\n<td width=\"151\">Num\u00e9ro de code<\/td>\n<td width=\"451\">CY287-01<\/td>\n<\/tr>\n<tr>\n<td width=\"151\">Taille<\/td>\n<td width=\"451\">3 mm x 4 pi x 8 pi (3mm x 1220mm x 2440mm)<\/td>\n<\/tr>\n<tr>\n<td width=\"151\">Rainur\u00e9 en V<\/td>\n<td width=\"451\">13 mm<\/td>\n<\/tr>\n<tr>\n<td width=\"151\">Structure<\/td>\n<td width=\"451\">couche sup\u00e9rieure : placage de ch\u00eane rouge \/ couche interm\u00e9diaire : panneau MDF \/ couche inf\u00e9rieure : papier kraft<\/td>\n<\/tr>\n<tr>\n<td width=\"151\">Origine<\/td>\n<td width=\"451\">Ta\u00efwan<\/td>\n<\/tr>\n<\/tbody>\n<\/table>\n<p>&nbsp;<\/p>\n<p>Personnage:<\/p>\n<table>\n<tbody>\n<tr>\n<td width=\"566\">1- Installation facile avec de la colle g\u00e9n\u00e9rale par DIY.<\/td>\n<\/tr>\n<tr>\n<td width=\"566\">2- La largeur et la hauteur peuvent \u00eatre ajust\u00e9es pour s&rsquo;adapter aux dimensions exactes.<br \/>\nIl peut \u00eatre coup\u00e9 avec une scie \u00e0 dents fines ou coup\u00e9 dans le sens de la longueur avec un couteau utilitaire.<\/td>\n<\/tr>\n<tr>\n<td width=\"566\">3- Il est pr\u00eat \u00e0 \u00eatre teint\u00e9, peint ou verni pour s&rsquo;harmoniser avec la d\u00e9coration int\u00e9rieure.<\/td>\n<\/tr>\n<tr>\n<td width=\"566\">4- Il peut s&rsquo;adapter parfaitement \u00e0 la forme d\u00e9corative gr\u00e2ce \u00e0 son caract\u00e8re flexible.<\/td>\n<\/tr>\n<\/tbody>\n<\/table>\n<p>&nbsp;<\/p>\n<p>(Clients aux \u00c9tats-Unis, veuillez contacter directement notre agent &#8211; POLE-WRAP, INC. )<\/p>\n<p>***\u00c0 la recherche d&rsquo;agents et de distributeurs (hors \u00c9tats-Unis et Japon)***<\/p>\n","protected":false},"excerpt":{"rendered":"<h2 class=\"product_title entry-title\">Lattes de bois flexibles pour la finition et le rev\u00eatement des surfaces de meubles<\/h2>\n<p>&nbsp;<\/p>\n<p>Utilisation\u00a0: panneau de bois, rev\u00eatement de bois, lambris int\u00e9rieurs en bois, cloisons, lambris, fa\u00e7ades de bar, fa\u00e7ades de tiroirs, rev\u00eatements de poteaux\/poteaux\/colonnes, panneau de bois pour la finition des meubles tels que les placards, les armoires et les biblioth\u00e8ques.<\/p>\n<p>Installation facile avec de la colle g\u00e9n\u00e9rale par DIY.<\/p>\n<p>Gr\u00e2ce \u00e0 sa flexibilit\u00e9, il s&rsquo;adapte parfaitement \u00e0 toutes les formes d\u00e9coratives.<\/p>\n<p>Le panneau peut \u00eatre d\u00e9coup\u00e9 et assembl\u00e9 librement selon vos envies.<\/p>\n","protected":false},"featured_media":5160,"template":"","meta":[],"product_brand":[],"product_cat":[261,332],"product_tag":[348,477,478,858,999],"class_list":{"0":"post-10609","1":"product","2":"type-product","3":"status-publish","4":"has-post-thumbnail","6":"product_cat-flexible-wood-slats-panel-with-wood-veneer-top","7":"product_cat-flexible-wood-slats-panel-for-furniture-finishing","8":"product_tag-materiau-en-bois","9":"product_tag-finition-de-meubles","10":"product_tag-panneau-de-commande","11":"product_tag-revetement-interieur","12":"product_tag-planche-de-bois","14":"first","15":"instock","16":"shipping-taxable","17":"product-type-simple"},"jetpack_sharing_enabled":true,"_links":{"self":[{"href":"https:\/\/carolyoungcorp.com\/fr\/wp-json\/wp\/v2\/product\/10609","targetHints":{"allow":["GET"]}}],"collection":[{"href":"https:\/\/carolyoungcorp.com\/fr\/wp-json\/wp\/v2\/product"}],"about":[{"href":"https:\/\/carolyoungcorp.com\/fr\/wp-json\/wp\/v2\/types\/product"}],"wp:featuredmedia":[{"embeddable":true,"href":"https:\/\/carolyoungcorp.com\/fr\/wp-json\/wp\/v2\/media\/5160"}],"wp:attachment":[{"href":"https:\/\/carolyoungcorp.com\/fr\/wp-json\/wp\/v2\/media?parent=10609"}],"wp:term":[{"taxonomy":"product_brand","embeddable":true,"href":"https:\/\/carolyoungcorp.com\/fr\/wp-json\/wp\/v2\/product_brand?post=10609"},{"taxonomy":"product_cat","embeddable":true,"href":"https:\/\/carolyoungcorp.com\/fr\/wp-json\/wp\/v2\/product_cat?post=10609"},{"taxonomy":"product_tag","embeddable":true,"href":"https:\/\/carolyoungcorp.com\/fr\/wp-json\/wp\/v2\/product_tag?post=10609"}],"curies":[{"name":"wp","href":"https:\/\/api.w.org\/{rel}","templated":true}]}}