{"id":10494,"date":"2020-06-30T09:56:31","date_gmt":"2020-06-30T09:56:31","guid":{"rendered":"https:\/\/carolyoungcorp.com\/products\/solid-maple-wood-molding-pole-covering"},"modified":"2026-02-13T09:35:57","modified_gmt":"2026-02-13T09:35:57","slug":"solid-maple-wood-molding-pole-covering","status":"publish","type":"product","link":"https:\/\/carolyoungcorp.com\/fr\/products\/solid-maple-wood-molding-pole-covering","title":{"rendered":"Moulure en bois d&rsquo;\u00e9rable massif pour rev\u00eatement de poteau\/colonne"},"content":{"rendered":"<h2 class=\"product_title entry-title\">Moulure en bois d&rsquo;\u00e9rable massif sur poteau\/colonne pour d\u00e9coration de colonne romaine en bois<\/h2>\n<h4>La moulure en bois d&rsquo;\u00e9rable massif combin\u00e9e \u00e0 un panneau de lattes de bois flexible peut \u00eatre utilis\u00e9e pour le rev\u00eatement et la d\u00e9coration de poteaux\/colonnes\/piliers pour obtenir un design de colonne romaine par bricolage<\/h4>\n<p>Utilisation : Rev\u00eatement de colonnes et poteaux romains, rev\u00eatement de bois, rev\u00eatements de poteaux\/poteaux\/colonnes de sous-sol, rev\u00eatements de colonnes int\u00e9rieures, rev\u00eatement de poteau de sous-sol DIY, d\u00e9coration int\u00e9rieure de poteaux\/colonnes<\/p>\n<table width=\"0\">\n<tbody>\n<tr>\n<td width=\"151\">sp\u00e9cifications du produit<\/td>\n<td width=\"451\">description du produit<\/td>\n<\/tr>\n<tr>\n<td width=\"151\">Num\u00e9ro de code<\/td>\n<td width=\"451\">294-07<\/td>\n<\/tr>\n<tr>\n<td width=\"151\">Taille<\/td>\n<td width=\"451\">Ensemble de capuchons &#8211; diam\u00e8tre : 6&Prime; et 7&Prime; avec trou : 3-\u00bd\u00a0\u00bb, 4&Prime; ou 4-\u00bd\u00a0\u00bb et int\u00e9rieur : coupe \u00e0 rayon de \u00bd\u00a0\u00bb<br \/>\nEnsemble de base &#8211; diam\u00e8tre : 7&Prime; et 8&Prime; avec trou : 3-\u00bd\u00a0\u00bb, 4&Prime; ou 4\u00bd\u00a0\u00bb et ext\u00e9rieur : coupe \u00e0 rayon de \u00bd\u00a0\u00bb<\/td>\n<\/tr>\n<tr>\n<td width=\"151\">Mat\u00e9riel<\/td>\n<td width=\"451\">Bois d&rsquo;\u00e9rable massif<\/td>\n<\/tr>\n<tr>\n<td width=\"151\">Structure<\/td>\n<td width=\"451\">Ensemble de capuchons et de bases<\/td>\n<\/tr>\n<tr>\n<td width=\"151\">Forme<\/td>\n<td width=\"451\">Octogone en deux moiti\u00e9s (peut \u00e9galement \u00eatre en carr\u00e9)<\/td>\n<\/tr>\n<tr>\n<td width=\"151\">Hauteur<\/td>\n<td width=\"451\">\u00be pouce<\/td>\n<\/tr>\n<tr>\n<td width=\"151\">Origine<\/td>\n<td width=\"451\">Ta\u00efwan<\/td>\n<\/tr>\n<\/tbody>\n<\/table>\n<p>Personnages:<\/p>\n<table>\n<tbody>\n<tr>\n<td width=\"566\">1- Facile \u00e0 installer avec de la colle (DIY).<\/td>\n<\/tr>\n<tr>\n<td width=\"566\">2- Il peut parfaitement s&rsquo;adapter \u00e0 une colonne ou un poteau romain.<\/td>\n<\/tr>\n<tr>\n<td width=\"566\">3- Il peut \u00eatre teint\u00e9 ou peint pour s&rsquo;adapter au style de votre d\u00e9coration int\u00e9rieure.<\/td>\n<\/tr>\n<\/tbody>\n<\/table>\n<p>&nbsp;<\/p>\n<p>(Clients aux \u00c9tats-Unis, veuillez contacter directement notre agent\u00a0: POLE-WRAP, INC.)<\/p>\n<p>***Recherche d&rsquo;agents et de distributeurs (hors \u00c9tats-Unis et Japon)***<\/p>\n","protected":false},"excerpt":{"rendered":"<p>Utilisation : Rev\u00eatement de colonnes et poteaux romains, rev\u00eatement de bois, rev\u00eatements de poteaux\/poteaux\/colonnes de sous-sol, rev\u00eatements de colonnes int\u00e9rieures, rev\u00eatement de poteau de sous-sol DIY, d\u00e9coration int\u00e9rieure de poteaux\/colonnes<\/p>\n<p>Installation facile \u00e0 r\u00e9aliser soi-m\u00eame avec de la colle ordinaire.<\/p>\n<p>Peut \u00eatre teint\u00e9 ou peint pour s&rsquo;harmoniser avec la d\u00e9coration int\u00e9rieure.<\/p>\n<p>Moulure en bois d&rsquo;\u00e9rable massif combin\u00e9e \u00e0 un panneau de lattes de bois flexible en placage de bois d&rsquo;\u00e9rable pouvant servir \u00e0 recouvrir des poteaux\/colonnes\/piliers.<\/p>\n","protected":false},"featured_media":5265,"template":"","meta":[],"product_brand":[],"product_cat":[261,539],"product_tag":[348,475,858,976,1598],"class_list":{"0":"post-10494","1":"product","2":"type-product","3":"status-publish","4":"has-post-thumbnail","6":"product_cat-flexible-wood-slats-panel-with-wood-veneer-top","7":"product_cat-diy-square-octagon-solid-wood-molding-for-interior-decoration","8":"product_tag-materiau-en-bois","9":"product_tag-materiau-de-construction","10":"product_tag-revetement-interieur","11":"product_tag-revetement-de-poteau-colonne","12":"product_tag-moulage","14":"first","15":"instock","16":"shipping-taxable","17":"product-type-simple"},"jetpack_sharing_enabled":true,"_links":{"self":[{"href":"https:\/\/carolyoungcorp.com\/fr\/wp-json\/wp\/v2\/product\/10494","targetHints":{"allow":["GET"]}}],"collection":[{"href":"https:\/\/carolyoungcorp.com\/fr\/wp-json\/wp\/v2\/product"}],"about":[{"href":"https:\/\/carolyoungcorp.com\/fr\/wp-json\/wp\/v2\/types\/product"}],"wp:featuredmedia":[{"embeddable":true,"href":"https:\/\/carolyoungcorp.com\/fr\/wp-json\/wp\/v2\/media\/5265"}],"wp:attachment":[{"href":"https:\/\/carolyoungcorp.com\/fr\/wp-json\/wp\/v2\/media?parent=10494"}],"wp:term":[{"taxonomy":"product_brand","embeddable":true,"href":"https:\/\/carolyoungcorp.com\/fr\/wp-json\/wp\/v2\/product_brand?post=10494"},{"taxonomy":"product_cat","embeddable":true,"href":"https:\/\/carolyoungcorp.com\/fr\/wp-json\/wp\/v2\/product_cat?post=10494"},{"taxonomy":"product_tag","embeddable":true,"href":"https:\/\/carolyoungcorp.com\/fr\/wp-json\/wp\/v2\/product_tag?post=10494"}],"curies":[{"name":"wp","href":"https:\/\/api.w.org\/{rel}","templated":true}]}}