{"id":10483,"date":"2020-07-06T09:05:13","date_gmt":"2020-07-06T09:05:13","guid":{"rendered":"https:\/\/carolyoungcorp.com\/products\/solid-cherry-wood-molding-pole-column-covering"},"modified":"2026-02-13T08:51:39","modified_gmt":"2026-02-13T08:51:39","slug":"solid-cherry-wood-molding-pole-column-covering","status":"publish","type":"product","link":"https:\/\/carolyoungcorp.com\/fr\/products\/solid-cherry-wood-molding-pole-column-covering","title":{"rendered":"Moulure en bois de cerisier massif pour rev\u00eatement de poteau\/colonne pour obtenir une d\u00e9coration de colonne romaine"},"content":{"rendered":"<div class=\"woocommerce-product-details__short-description\">\n<h2 class=\"product_title entry-title\">Moulure en bois de cerisier massif pour rev\u00eatement de poteau\/colonne pour obtenir une d\u00e9coration de colonne romaine<\/h2>\n<div class=\"woocommerce-product-details__short-description\">\n<p>Utilisation : Rev\u00eatement de colonnes et poteaux romains, rev\u00eatements de poteaux\/poteaux\/colonnes de sous-sol, enveloppes de colonnes int\u00e9rieures, enveloppes de bois, enveloppes de colonnes en bois<\/p>\n<table width=\"0\">\n<tbody>\n<tr>\n<td width=\"151\">sp\u00e9cifications du produit<\/td>\n<td width=\"451\">description du produit<\/td>\n<\/tr>\n<tr>\n<td width=\"151\">Num\u00e9ro de code<\/td>\n<td width=\"451\">294-06<\/td>\n<\/tr>\n<tr>\n<td width=\"151\">Taille<\/td>\n<td width=\"451\">Ensemble de capuchons &#8211; diam\u00e8tre : 6&Prime; et 7&Prime; avec trou : 3-\u00bd\u00a0\u00bb, 4&Prime; ou 4-\u00bd\u00a0\u00bb et int\u00e9rieur : coupe \u00e0 rayon de \u00bd\u00a0\u00bb<br \/>\nEnsemble de base &#8211; diam\u00e8tre : 7&Prime; et 8&Prime; avec trou : 3-\u00bd\u00a0\u00bb, 4&Prime; ou 4-\u00bd\u00a0\u00bb et ext\u00e9rieur : coupe \u00e0 rayon de \u00bd\u00a0\u00bb<\/td>\n<\/tr>\n<tr>\n<td width=\"151\">Mat\u00e9riel<\/td>\n<td width=\"451\">Bois de cerisier massif<\/td>\n<\/tr>\n<tr>\n<td width=\"151\">Structure<\/td>\n<td width=\"451\">Ensemble de capuchons et de bases<\/td>\n<\/tr>\n<tr>\n<td width=\"151\">Forme<\/td>\n<td width=\"451\">octogone en deux moiti\u00e9s (peut \u00e9galement \u00eatre en carr\u00e9)<\/td>\n<\/tr>\n<tr>\n<td width=\"151\">Hauteur<\/td>\n<td width=\"451\">3\/4 pouce<\/td>\n<\/tr>\n<tr>\n<td width=\"151\">Origine<\/td>\n<td width=\"451\">Ta\u00efwan<\/td>\n<\/tr>\n<\/tbody>\n<\/table>\n<p>Caract\u00e9ristiques principales:<\/p>\n<p>1- Installation simple \u00e0 faire soi-m\u00eame : la moulure peut \u00eatre facilement install\u00e9e \u00e0 l&rsquo;aide de colle normale, ce qui en fait un choix convivial pour les bricoleurs.<\/p>\n<p>2- Ajustement parfait pour les colonnes et les poteaux romains : con\u00e7u pour s&rsquo;adapter parfaitement aux colonnes et aux poteaux romains, il garantit un r\u00e9sultat homog\u00e8ne et visuellement attrayant.<\/p>\n<p>3- Finitions personnalisables : La moulure en bois de cerisier massif peut \u00eatre teint\u00e9e ou peinte pour s&rsquo;adapter au style de votre d\u00e9coration int\u00e9rieure, offrant une polyvalence de conception.<\/p>\n<p>Sublimez vos colonnes et poteaux romains avec notre moulure en cerisier massif en deux parties, sp\u00e9cialement con\u00e7ue pour une installation facile. Cette moulure en cerisier massif de haute qualit\u00e9 est id\u00e9ale pour la d\u00e9coration de colonnes et poteaux romains, les habillages de poteaux\/poteaux\/colonnes de sous-sol, les habillages int\u00e9rieurs de colonnes et les habillages de colonnes en bois.<\/p>\n<p>Fabriqu\u00e9e en cerisier massif, cette moulure en cerisier offre une durabilit\u00e9 et une esth\u00e9tique exceptionnelles. Sa structure unique en deux parties permet un assemblage facile lors de vos projets de bricolage. Associ\u00e9e \u00e0 notre panneau de lattes de bois flexible avec placage en cerisier, elle offre un aspect homog\u00e8ne et coh\u00e9rent pour le rev\u00eatement de poteaux, colonnes ou piliers.<\/p>\n<\/div>\n<\/div>\n<p>D\u00e9couvrez la beaut\u00e9 et la praticit\u00e9 de nos moulures en cerisier massif, fi\u00e8rement fabriqu\u00e9es \u00e0 Ta\u00efwan.<\/p>\n<p>Pour les clients r\u00e9sidant aux \u00c9tats-Unis, veuillez contacter notre agent agr\u00e9\u00e9, POLE-WRAP, INC.<\/p>\n<p>Nous recherchons activement des agents et des distributeurs dans le monde entier (hors \u00c9tats-Unis).<\/p>\n<p>Mots-cl\u00e9s\u00a0: habillage de colonnes int\u00e9rieures, colonne romaine, habillage de poteaux, habillage de poteaux de sous-sol<\/p>\n","protected":false},"excerpt":{"rendered":"<h2>Moulure en bois de cerisier massif pour rev\u00eatement de poteau\/colonne pour obtenir une d\u00e9coration de colonne romaine<\/h2>\n<p>Utilisation : Rev\u00eatement de colonnes et poteaux romains, rev\u00eatements de poteaux\/poteaux\/colonnes de sous-sol, enveloppes de colonnes int\u00e9rieures, enveloppes de bois, enveloppes de colonnes en bois<\/p>\n<p>Son installation est facile avec de la colle standard.<\/p>\n<p>Il peut \u00eatre teint\u00e9 ou peint pour s&rsquo;harmoniser avec la d\u00e9coration int\u00e9rieure.<\/p>\n<p>La moulure en bois de cerisier massif combin\u00e9e \u00e0 un panneau de lattes de bois flexible avec placage en bois de cerisier est une excellente combinaison pour le rev\u00eatement de poteaux\/colonnes\/piliers.<\/p>\n<p>&nbsp;<\/p>\n","protected":false},"featured_media":5250,"template":"","meta":[],"product_brand":[],"product_cat":[261,539],"product_tag":[348,760,858,976,1495],"class_list":{"0":"post-10483","1":"product","2":"type-product","3":"status-publish","4":"has-post-thumbnail","6":"product_cat-flexible-wood-slats-panel-with-wood-veneer-top","7":"product_cat-diy-square-octagon-solid-wood-molding-for-interior-decoration","8":"product_tag-materiau-en-bois","9":"product_tag-produit-en-bois","10":"product_tag-revetement-interieur","11":"product_tag-revetement-de-poteau-colonne","12":"product_tag-moulures-en-bois","14":"first","15":"instock","16":"shipping-taxable","17":"product-type-simple"},"jetpack_sharing_enabled":true,"_links":{"self":[{"href":"https:\/\/carolyoungcorp.com\/fr\/wp-json\/wp\/v2\/product\/10483","targetHints":{"allow":["GET"]}}],"collection":[{"href":"https:\/\/carolyoungcorp.com\/fr\/wp-json\/wp\/v2\/product"}],"about":[{"href":"https:\/\/carolyoungcorp.com\/fr\/wp-json\/wp\/v2\/types\/product"}],"wp:featuredmedia":[{"embeddable":true,"href":"https:\/\/carolyoungcorp.com\/fr\/wp-json\/wp\/v2\/media\/5250"}],"wp:attachment":[{"href":"https:\/\/carolyoungcorp.com\/fr\/wp-json\/wp\/v2\/media?parent=10483"}],"wp:term":[{"taxonomy":"product_brand","embeddable":true,"href":"https:\/\/carolyoungcorp.com\/fr\/wp-json\/wp\/v2\/product_brand?post=10483"},{"taxonomy":"product_cat","embeddable":true,"href":"https:\/\/carolyoungcorp.com\/fr\/wp-json\/wp\/v2\/product_cat?post=10483"},{"taxonomy":"product_tag","embeddable":true,"href":"https:\/\/carolyoungcorp.com\/fr\/wp-json\/wp\/v2\/product_tag?post=10483"}],"curies":[{"name":"wp","href":"https:\/\/api.w.org\/{rel}","templated":true}]}}