{"id":10248,"date":"2020-07-07T08:17:29","date_gmt":"2020-07-07T08:17:29","guid":{"rendered":"https:\/\/carolyoungcorp.com\/products\/solid-red-oak-wood-molding-column-decoration"},"modified":"2026-02-13T08:44:03","modified_gmt":"2026-02-13T08:44:03","slug":"solid-red-oak-wood-molding-column-decoration","status":"publish","type":"product","link":"https:\/\/carolyoungcorp.com\/fr\/products\/solid-red-oak-wood-molding-column-decoration","title":{"rendered":"Moulure en ch\u00eane rouge massif pour d\u00e9coration int\u00e9rieure de poteaux\/colonnes"},"content":{"rendered":"<h2>Moulure en bois de ch\u00eane rouge massif pour la d\u00e9coration int\u00e9rieure des poteaux\/colonnes, sp\u00e9cialement con\u00e7ue pour la conception de colonnes romaines<\/h2>\n<p>Sublimez vos colonnes et poteaux romains avec notre moulure en ch\u00eane rouge massif en deux parties, sp\u00e9cialement con\u00e7ue pour une installation facile. Cette moulure en ch\u00eane rouge de haute qualit\u00e9 est id\u00e9ale pour la d\u00e9coration de colonnes et poteaux romains, les habillages de poteaux\/poteaux\/colonnes de sous-sol, les habillages int\u00e9rieurs de colonnes et les habillages de colonnes en bois.<\/p>\n<p>Fabriqu\u00e9e en ch\u00eane rouge massif, cette moulure en ch\u00eane rouge offre une durabilit\u00e9 et une esth\u00e9tique exceptionnelles. Sa structure unique en deux parties permet un assemblage facile lors de vos projets de bricolage. Associ\u00e9e \u00e0 notre panneau de bois flexible plaqu\u00e9 ch\u00eane rouge, elle offre un aspect homog\u00e8ne et coh\u00e9rent pour le rev\u00eatement de poteaux, colonnes ou piliers.<\/p>\n<p><strong>Caract\u00e9ristiques principales :<\/strong><\/p>\n<p>1. Installation simple \u00e0 faire soi-m\u00eame : la moulure en ch\u00eane rouge massif peut \u00eatre facilement install\u00e9e \u00e0 l&rsquo;aide de colle normale, ce qui en fait un choix convivial pour les bricoleurs.<\/p>\n<p>2. Ajustement parfait pour les colonnes et poteaux romains : con\u00e7u pour s&rsquo;adapter parfaitement aux colonnes et poteaux romains, il garantit un r\u00e9sultat homog\u00e8ne et visuellement attrayant.<\/p>\n<p>3. Finitions personnalisables : La moulure en ch\u00eane rouge peut \u00eatre teint\u00e9e ou peinte pour s&rsquo;adapter au style de votre d\u00e9coration int\u00e9rieure, offrant une polyvalence de conception.<\/p>\n<p>D\u00e9couvrez la beaut\u00e9 et la commodit\u00e9 de nos moulures en ch\u00eane rouge massif, fi\u00e8rement fabriqu\u00e9es \u00e0 Taiwan.<\/p>\n<p><strong>Utilisation :<\/strong> d\u00e9coration int\u00e9rieure de colonnes et poteaux romains, rev\u00eatement de bois, rev\u00eatements de poteaux, rev\u00eatements de poteaux\/colonnes de sous-sol, rev\u00eatement de poteau de sous-sol DIY<\/p>\n<p><strong>Sp\u00e9cification:<br \/>\n<\/strong><\/p>\n<table width=\"0\">\n<tbody>\n<tr>\n<td width=\"151\">sp\u00e9cifications du produit<\/td>\n<td width=\"451\">description du produit<\/td>\n<\/tr>\n<tr>\n<td width=\"151\">Num\u00e9ro de code<\/td>\n<td width=\"451\">294-00<\/td>\n<\/tr>\n<tr>\n<td width=\"151\">Taille<\/td>\n<td width=\"451\">Ensemble de capuchons\u2026 diam\u00e8tre 6 pouces et 7 pouces, avec trou de 3-1\/2 pouces ou 4 pouces ou 4-1\/2 pouces et rayon int\u00e9rieur de coupe de 1\/2 pouce<\/p>\n<p>Ensemble de base\u2026 diam\u00e8tre 7 pouces et 8 pouces, avec trou de 3-1\/2 pouces ou 4 pouces ou 4-1\/2 pouces et rayon ext\u00e9rieur de coupe de 1\/2 pouce<\/td>\n<\/tr>\n<tr>\n<td width=\"151\">Mat\u00e9riel<\/td>\n<td width=\"451\">Ch\u00eane rouge massif<\/td>\n<\/tr>\n<tr>\n<td width=\"151\">Structure<\/td>\n<td width=\"451\">Ensemble de capuchons et de basesOctogone en deux moiti\u00e9s (peut \u00e9galement \u00eatre en carr\u00e9)<\/td>\n<\/tr>\n<tr>\n<td width=\"151\">Forme<\/td>\n<td width=\"451\">Octogone en deux moiti\u00e9s (peut \u00e9galement \u00eatre en carr\u00e9)<\/td>\n<\/tr>\n<tr>\n<td width=\"151\">Hauteur<\/td>\n<td width=\"451\">3\/4 pouce<\/td>\n<\/tr>\n<\/tbody>\n<\/table>\n<p><strong>\u00a0<\/strong><\/p>\n<p><strong>Personnage:<\/strong><\/p>\n<table>\n<tbody>\n<tr>\n<td width=\"566\">1- Il s&rsquo;agit d&rsquo;une installation facile avec de la colle ordinaire par bricolage.<\/td>\n<\/tr>\n<tr>\n<td width=\"566\">2- Il s&rsquo;adapte \u00e0 100 % lors de la d\u00e9coration de la colonne ou du poteau Roma.<\/td>\n<\/tr>\n<tr>\n<td width=\"566\">3- Il peut \u00eatre teint\u00e9 ou peint pour s&rsquo;harmoniser avec la d\u00e9coration int\u00e9rieure.<\/td>\n<\/tr>\n<tr>\n<td width=\"566\">4- Il peut utiliser d&rsquo;autres types de bois massif.<\/td>\n<\/tr>\n<\/tbody>\n<\/table>\n<p>(Clients aux \u00c9tats-Unis, veuillez contacter directement notre agent &#8211; POLE-WRAP, INC. )<\/p>\n<p>***\u00c0 la recherche d&rsquo;agents et de distributeurs (hors \u00c9tats-Unis)***<\/p>\n","protected":false},"excerpt":{"rendered":"<p>Utilisation : d\u00e9coration int\u00e9rieure de colonnes et poteaux romains, rev\u00eatement de bois, rev\u00eatements de poteaux, rev\u00eatements de poteaux\/colonnes de sous-sol, rev\u00eatement de poteau de sous-sol DIY<\/p>\n<p>Il s&rsquo;agit d&rsquo;une installation facile avec de la colle ordinaire par bricolage.<\/p>\n<p>Il s&rsquo;adapte \u00e0 100 % lors de la d\u00e9coration de la colonne ou du poteau Roma.<\/p>\n<p>Il peut \u00eatre teint\u00e9 ou peint pour s&rsquo;harmoniser avec la d\u00e9coration int\u00e9rieure.<\/p>\n<p>La moulure en bois massif associ\u00e9e \u00e0 un panneau flexible peut \u00eatre utilis\u00e9e pour la d\u00e9coration des poteaux, colonnes et piliers.<\/p>\n","protected":false},"featured_media":5215,"template":"","meta":[],"product_brand":[],"product_cat":[413,261],"product_tag":[348,579,691,758,1495],"class_list":{"0":"post-10248","1":"product","2":"type-product","3":"status-publish","4":"has-post-thumbnail","6":"product_cat-solid-wood-molding-for-pole-or-column-covering-and-decoration","7":"product_cat-flexible-wood-slats-panel-with-wood-veneer-top","8":"product_tag-materiau-en-bois","9":"product_tag-decoration-interieure","10":"product_tag-decoration-en-bois","11":"product_tag-decoration-de-poteau-colonne","12":"product_tag-moulures-en-bois","14":"first","15":"instock","16":"shipping-taxable","17":"product-type-simple"},"jetpack_sharing_enabled":true,"_links":{"self":[{"href":"https:\/\/carolyoungcorp.com\/fr\/wp-json\/wp\/v2\/product\/10248","targetHints":{"allow":["GET"]}}],"collection":[{"href":"https:\/\/carolyoungcorp.com\/fr\/wp-json\/wp\/v2\/product"}],"about":[{"href":"https:\/\/carolyoungcorp.com\/fr\/wp-json\/wp\/v2\/types\/product"}],"wp:featuredmedia":[{"embeddable":true,"href":"https:\/\/carolyoungcorp.com\/fr\/wp-json\/wp\/v2\/media\/5215"}],"wp:attachment":[{"href":"https:\/\/carolyoungcorp.com\/fr\/wp-json\/wp\/v2\/media?parent=10248"}],"wp:term":[{"taxonomy":"product_brand","embeddable":true,"href":"https:\/\/carolyoungcorp.com\/fr\/wp-json\/wp\/v2\/product_brand?post=10248"},{"taxonomy":"product_cat","embeddable":true,"href":"https:\/\/carolyoungcorp.com\/fr\/wp-json\/wp\/v2\/product_cat?post=10248"},{"taxonomy":"product_tag","embeddable":true,"href":"https:\/\/carolyoungcorp.com\/fr\/wp-json\/wp\/v2\/product_tag?post=10248"}],"curies":[{"name":"wp","href":"https:\/\/api.w.org\/{rel}","templated":true}]}}