{"id":9190,"date":"2019-01-23T06:31:31","date_gmt":"2019-01-23T06:31:31","guid":{"rendered":"https:\/\/carolyoungcorp.com\/about-us"},"modified":"2026-01-08T06:28:31","modified_gmt":"2026-01-08T06:28:31","slug":"about-us","status":"publish","type":"page","link":"https:\/\/carolyoungcorp.com\/fr\/about-us","title":{"rendered":"\u00c0 propos de Carol Young Corporation | Votre fabricant de bois ta\u00efwanais de confiance depuis 1984"},"content":{"rendered":"\t\t<div data-elementor-type=\"wp-post\" data-elementor-id=\"9190\" class=\"elementor elementor-9190 elementor-17\" data-elementor-post-type=\"page\">\n\t\t\t\t<div class=\"elementor-element elementor-element-56d55a0 e-flex e-con-boxed e-con e-parent\" data-id=\"56d55a0\" data-element_type=\"container\" data-e-type=\"container\" data-settings=\"{&quot;background_background&quot;:&quot;classic&quot;}\">\n\t\t\t\t\t<div class=\"e-con-inner\">\n\t\t\t\t<div class=\"elementor-element elementor-element-def1fb1 elementor-widget elementor-widget-theme-post-title elementor-page-title elementor-widget-heading\" data-id=\"def1fb1\" data-element_type=\"widget\" data-e-type=\"widget\" data-widget_type=\"theme-post-title.default\">\n\t\t\t\t<div class=\"elementor-widget-container\">\n\t\t\t\t\t<h1 class=\"elementor-heading-title elementor-size-default\">\u00c0 propos de Carol Young Corporation | Votre fabricant de bois ta\u00efwanais de confiance depuis 1984<\/h1>\t\t\t\t<\/div>\n\t\t\t\t<\/div>\n\t\t\t\t\t<\/div>\n\t\t\t\t<\/div>\n\t\t<div class=\"elementor-element elementor-element-3035ef7 e-flex e-con-boxed e-con e-parent\" data-id=\"3035ef7\" data-element_type=\"container\" data-e-type=\"container\" data-settings=\"{&quot;background_background&quot;:&quot;classic&quot;}\">\n\t\t\t\t\t<div class=\"e-con-inner\">\n\t\t<div class=\"elementor-element elementor-element-2a2a6ba e-con-full e-flex e-con e-child\" data-id=\"2a2a6ba\" data-element_type=\"container\" data-e-type=\"container\">\n\t\t\t\t<div class=\"elementor-element elementor-element-5cb9603 elementor-widget elementor-widget-heading\" data-id=\"5cb9603\" data-element_type=\"widget\" data-e-type=\"widget\" data-widget_type=\"heading.default\">\n\t\t\t\t<div class=\"elementor-widget-container\">\n\t\t\t\t\t<h2 class=\"elementor-heading-title elementor-size-default\">Notre entreprise<\/h2>\t\t\t\t<\/div>\n\t\t\t\t<\/div>\n\t\t<div class=\"elementor-element elementor-element-fc8bbd7 e-con-full e-flex e-con e-child\" data-id=\"fc8bbd7\" data-element_type=\"container\" data-e-type=\"container\">\n\t\t<div class=\"elementor-element elementor-element-f55cd0a e-con-full e-flex e-con e-child\" data-id=\"f55cd0a\" data-element_type=\"container\" data-e-type=\"container\" data-settings=\"{&quot;background_background&quot;:&quot;classic&quot;}\">\n\t\t\t\t<div class=\"elementor-element elementor-element-01ac901 elementor-widget elementor-widget-video\" data-id=\"01ac901\" data-element_type=\"widget\" data-e-type=\"widget\" data-settings=\"{&quot;youtube_url&quot;:&quot;https:\\\/\\\/youtu.be\\\/QRQi6xnmmfc?si=B_gbXdYaHvjfDOH9&quot;,&quot;video_type&quot;:&quot;youtube&quot;,&quot;controls&quot;:&quot;yes&quot;}\" data-widget_type=\"video.default\">\n\t\t\t\t<div class=\"elementor-widget-container\">\n\t\t\t\t\t\t\t<div class=\"elementor-wrapper elementor-open-inline\">\n\t\t\t<div class=\"elementor-video\"><\/div>\t\t<\/div>\n\t\t\t\t\t\t<\/div>\n\t\t\t\t<\/div>\n\t\t\t\t<\/div>\n\t\t\t\t<\/div>\n\t\t<div class=\"elementor-element elementor-element-b2b2bc8 e-con-full e-flex e-con e-child\" data-id=\"b2b2bc8\" data-element_type=\"container\" data-e-type=\"container\">\n\t\t<div class=\"elementor-element elementor-element-b6d0520 e-con-full e-flex e-con e-child\" data-id=\"b6d0520\" data-element_type=\"container\" data-e-type=\"container\">\n\t\t\t\t<div class=\"elementor-element elementor-element-af05a15 elementor-widget elementor-widget-text-editor\" data-id=\"af05a15\" data-element_type=\"widget\" data-e-type=\"widget\" data-widget_type=\"text-editor.default\">\n\t\t\t\t<div class=\"elementor-widget-container\">\n\t\t\t\t\t\t\t\t\t<p>Notre soci\u00e9t\u00e9 a \u00e9t\u00e9 cr\u00e9\u00e9e en 1984. Nous sommes une entreprise exp\u00e9riment\u00e9e qui offre une bonne qualit\u00e9 et le meilleur service. Notre projet principal est la production de divers produits en bois tels que les panneaux rainur\u00e9s en V, les panneaux stratifi\u00e9s, les moulures en bois, les \u00e9tag\u00e8res en bois &#8230;., etc. pour la d\u00e9coration int\u00e9rieure, les mat\u00e9riaux de construction et les produits m\u00e9nagers. Les utilisations comprennent la couverture\/d\u00e9coration des murs ou des plafonds, la couverture\/d\u00e9coration des poteaux ou des colonnes, la finition des meubles (tels que les armoires, les placards, les penderies, etc.).<br>Nos mati\u00e8res premi\u00e8res proviennent d&rsquo;Europe, d&rsquo;Am\u00e9rique du Nord et de la r\u00e9gion de Taiwan.<br>En outre, tous nos produits doivent \u00eatre fabriqu\u00e9s \u00e0 Taiwan. C&rsquo;est une garantie de qualit\u00e9.     <\/p>\t\t\t\t\t\t\t\t<\/div>\n\t\t\t\t<\/div>\n\t\t\t\t<\/div>\n\t\t<div class=\"elementor-element elementor-element-33b7c65 e-con-full e-flex e-con e-child\" data-id=\"33b7c65\" data-element_type=\"container\" data-e-type=\"container\">\n\t\t\t\t<div class=\"elementor-element elementor-element-aeaf306 elementor-widget elementor-widget-text-editor\" data-id=\"aeaf306\" data-element_type=\"widget\" data-e-type=\"widget\" data-widget_type=\"text-editor.default\">\n\t\t\t\t<div class=\"elementor-widget-container\">\n\t\t\t\t\t\t\t\t\t<p>Nous acceptons \u00e9galement les contrats OEM ou ODM. Nous disposons d&rsquo;une excellente \u00e9quipe qui d\u00e9veloppe de nouveaux produits et de nouvelles technologies. Notre personnel a \u00e9galement 10 \u00e0 20 ans d&rsquo;exp\u00e9rience dans la production.<br>Nous exportons, importons et fabriquons des produits. Nous avons une bonne exp\u00e9rience dans de nombreux domaines en raison de la diversit\u00e9 de nos produits. Nos produits sont vendus dans le monde entier.<br>La poursuite de l&rsquo;innovation et le maintien de la tradition sont nos objectifs, une attitude positive et un service d\u00e9vou\u00e9 sont nos buts, laissez-nous devenir votre meilleur partenaire.<br>Pour vos besoins, nous pouvons fournir les produits les plus appropri\u00e9s et le service le plus parfait \u00e0 tous les \u00e9gards.    <\/p>\t\t\t\t\t\t\t\t<\/div>\n\t\t\t\t<\/div>\n\t\t\t\t<\/div>\n\t\t\t\t<\/div>\n\t\t\t\t<\/div>\n\t\t\t\t\t<\/div>\n\t\t\t\t<\/div>\n\t\t<div class=\"elementor-element elementor-element-92cc578 e-flex e-con-boxed e-con e-parent\" data-id=\"92cc578\" data-element_type=\"container\" data-e-type=\"container\">\n\t\t\t\t\t<div class=\"e-con-inner\">\n\t\t\t\t<div class=\"elementor-element elementor-element-83ba497 elementor-widget elementor-widget-image\" data-id=\"83ba497\" data-element_type=\"widget\" data-e-type=\"widget\" data-widget_type=\"image.default\">\n\t\t\t\t<div class=\"elementor-widget-container\">\n\t\t\t\t\t\t\t\t\t\t\t\t\t\t\t<img fetchpriority=\"high\" decoding=\"async\" width=\"2560\" height=\"1801\" src=\"https:\/\/i0.wp.com\/carolyoungcorp.com\/wp-content\/uploads\/2025\/08\/DUNSbradstreet-DUNS-CERTIFICATE%E9%84%A7%E7%99%BD%E6%B0%8F%E7%AC%AC%E4%B8%89%E6%96%B9%E4%BC%81%E6%A5%AD%E8%AA%8D%E8%AD%89-scaled.jpg?fit=2560%2C1801&amp;quality=100&amp;ssl=1\" class=\"attachment-full size-full wp-image-8000\" alt=\"\u9127\u767d\u6c0f\u7b2c\u4e09\u65b9\u4f01\u696d\u8a8d\u8b49\" \/>\t\t\t\t\t\t\t\t\t\t\t\t\t\t\t<\/div>\n\t\t\t\t<\/div>\n\t\t\t\t<div class=\"elementor-element elementor-element-edda376 elementor-widget elementor-widget-spacer\" data-id=\"edda376\" data-element_type=\"widget\" data-e-type=\"widget\" data-widget_type=\"spacer.default\">\n\t\t\t\t<div class=\"elementor-widget-container\">\n\t\t\t\t\t\t\t<div class=\"elementor-spacer\">\n\t\t\t<div class=\"elementor-spacer-inner\"><\/div>\n\t\t<\/div>\n\t\t\t\t\t\t<\/div>\n\t\t\t\t<\/div>\n\t\t\t\t\t<\/div>\n\t\t\t\t<\/div>\n\t\t<div class=\"elementor-element elementor-element-4c57dba e-flex e-con-boxed e-con e-parent\" data-id=\"4c57dba\" data-element_type=\"container\" data-e-type=\"container\" data-settings=\"{&quot;background_background&quot;:&quot;classic&quot;}\">\n\t\t\t\t\t<div class=\"e-con-inner\">\n\t\t<div class=\"elementor-element elementor-element-308af1a e-con-full e-flex e-con e-child\" data-id=\"308af1a\" data-element_type=\"container\" data-e-type=\"container\">\n\t\t\t\t<div class=\"elementor-element elementor-element-d2ee1b5 elementor-widget elementor-widget-heading\" data-id=\"d2ee1b5\" data-element_type=\"widget\" data-e-type=\"widget\" data-widget_type=\"heading.default\">\n\t\t\t\t<div class=\"elementor-widget-container\">\n\t\t\t\t\t<h3 class=\"elementor-heading-title elementor-size-default\">Int\u00e9ress\u00e9 ? Demande de renseignements Il y a des produits <\/h3>\t\t\t\t<\/div>\n\t\t\t\t<\/div>\n\t\t\t\t<\/div>\n\t\t<div class=\"elementor-element elementor-element-7cd8833 e-con-full e-flex e-con e-child\" data-id=\"7cd8833\" data-element_type=\"container\" data-e-type=\"container\">\n\t\t\t\t<div class=\"elementor-element elementor-element-7b6d11a elementor-align-center elementor-mobile-align-center elementor-tablet-align-right elementor-widget elementor-widget-button\" data-id=\"7b6d11a\" data-element_type=\"widget\" data-e-type=\"widget\" data-widget_type=\"button.default\">\n\t\t\t\t<div class=\"elementor-widget-container\">\n\t\t\t\t\t\t\t\t\t<div class=\"elementor-button-wrapper\">\n\t\t\t\t\t<a class=\"elementor-button elementor-button-link elementor-size-md\" href=\"https:\/\/carolyoungcorp.com\/fr\/tous-les-produits\" id=\"btn-product-overview-about-footer-fr\">\n\t\t\t\t\t\t<span class=\"elementor-button-content-wrapper\">\n\t\t\t\t\t\t\t\t\t<span class=\"elementor-button-text\">Aper\u00e7u du produit<\/span>\n\t\t\t\t\t<\/span>\n\t\t\t\t\t<\/a>\n\t\t\t\t<\/div>\n\t\t\t\t\t\t\t\t<\/div>\n\t\t\t\t<\/div>\n\t\t\t\t<\/div>\n\t\t\t\t\t<\/div>\n\t\t\t\t<\/div>\n\t\t\t\t<\/div>\n\t\t","protected":false},"excerpt":{"rendered":"<p>Notre entreprise https:\/\/youtu.be\/QRQi6xnmmfc?si=B_gbXdYaHvjfDOH9 Notre soci\u00e9t\u00e9 a \u00e9t\u00e9 cr\u00e9\u00e9e en 1984. Nous sommes une entreprise exp\u00e9riment\u00e9e qui offre une bonne qualit\u00e9 et le meilleur service. Notre projet principal est la production de divers produits en bois tels que les panneaux rainur\u00e9s en V, les panneaux stratifi\u00e9s, les moulures en bois, les \u00e9tag\u00e8res en bois &#8230;., etc. [&hellip;]<\/p>\n","protected":false},"author":1,"featured_media":0,"parent":0,"menu_order":0,"comment_status":"closed","ping_status":"closed","template":"","meta":{"footnotes":""},"tags":[],"class_list":["post-9190","page","type-page","status-publish","hentry"],"jetpack_sharing_enabled":true,"_links":{"self":[{"href":"https:\/\/carolyoungcorp.com\/fr\/wp-json\/wp\/v2\/pages\/9190","targetHints":{"allow":["GET"]}}],"collection":[{"href":"https:\/\/carolyoungcorp.com\/fr\/wp-json\/wp\/v2\/pages"}],"about":[{"href":"https:\/\/carolyoungcorp.com\/fr\/wp-json\/wp\/v2\/types\/page"}],"author":[{"embeddable":true,"href":"https:\/\/carolyoungcorp.com\/fr\/wp-json\/wp\/v2\/users\/1"}],"replies":[{"embeddable":true,"href":"https:\/\/carolyoungcorp.com\/fr\/wp-json\/wp\/v2\/comments?post=9190"}],"version-history":[{"count":10,"href":"https:\/\/carolyoungcorp.com\/fr\/wp-json\/wp\/v2\/pages\/9190\/revisions"}],"predecessor-version":[{"id":12033,"href":"https:\/\/carolyoungcorp.com\/fr\/wp-json\/wp\/v2\/pages\/9190\/revisions\/12033"}],"wp:attachment":[{"href":"https:\/\/carolyoungcorp.com\/fr\/wp-json\/wp\/v2\/media?parent=9190"}],"wp:term":[{"taxonomy":"post_tag","embeddable":true,"href":"https:\/\/carolyoungcorp.com\/fr\/wp-json\/wp\/v2\/tags?post=9190"}],"curies":[{"name":"wp","href":"https:\/\/api.w.org\/{rel}","templated":true}]}}