{"id":12804,"date":"2026-02-27T13:36:26","date_gmt":"2026-02-27T13:36:26","guid":{"rendered":"https:\/\/carolyoungcorp.com\/imprint"},"modified":"2026-03-04T13:57:41","modified_gmt":"2026-03-04T13:57:41","slug":"imprint","status":"publish","type":"page","link":"https:\/\/carolyoungcorp.com\/fr\/imprint","title":{"rendered":"Mentions L\u00e9gales"},"content":{"rendered":"\n<figure class=\"wp-block-table\"><table class=\"has-fixed-layout\"><tbody><tr><td>Raison sociale<\/td><td>CAROL YOUNG CORPORATION<\/td><\/tr><tr><td>Repr\u00e9sentant<\/td><td>MEI-HSIN, TSAI<\/td><\/tr><tr><td>Adresse professionnelle<\/td><td>5F.-1, n\u00b0 60, Sec. 2, Bade Rd., Zhongshan Dist., Taipei City 104097, Taiwan (R.O.C.)<\/td><\/tr><tr><td>Registre du commerce \/ Num\u00e9ro d&rsquo;enregistrement<\/td><td>05256424<\/td><\/tr><tr><td>Montant du capital<\/td><td>EUR 270,468.80<\/td><\/tr><tr><td>Num\u00e9ro d&rsquo;enregistrement d&rsquo;entreprise \u00e0 but lucratif aupr\u00e8s du gouvernement de la ville de Taipei<\/td><td>Num\u00e9ro d&rsquo;enregistrement des entreprises de construction de la ville de Taipei (077) n\u00b0 201632<\/td><\/tr><tr><td>Contact<\/td><td><\/td><\/tr><tr><td>E-mail<\/td><td>service@carolyoungcorp.com<\/td><\/tr><tr><td>Phone<\/td><td>+886 2 2751 4190<\/td><\/tr><\/tbody><\/table><\/figure>\n","protected":false},"excerpt":{"rendered":"<p>Raison sociale CAROL YOUNG CORPORATION Repr\u00e9sentant MEI-HSIN, TSAI Adresse professionnelle 5F.-1, n\u00b0 60, Sec. 2, Bade Rd., Zhongshan Dist., Taipei City 104097, Taiwan (R.O.C.) Registre du commerce \/ Num\u00e9ro d&rsquo;enregistrement 05256424 Montant du capital EUR 270,468.80 Num\u00e9ro d&rsquo;enregistrement d&rsquo;entreprise \u00e0 but lucratif aupr\u00e8s du gouvernement de la ville de Taipei Num\u00e9ro d&rsquo;enregistrement des entreprises de [&hellip;]<\/p>\n","protected":false},"author":10,"featured_media":0,"parent":0,"menu_order":0,"comment_status":"closed","ping_status":"closed","template":"","meta":{"footnotes":""},"tags":[],"class_list":["post-12804","page","type-page","status-publish","hentry"],"jetpack_sharing_enabled":true,"_links":{"self":[{"href":"https:\/\/carolyoungcorp.com\/fr\/wp-json\/wp\/v2\/pages\/12804","targetHints":{"allow":["GET"]}}],"collection":[{"href":"https:\/\/carolyoungcorp.com\/fr\/wp-json\/wp\/v2\/pages"}],"about":[{"href":"https:\/\/carolyoungcorp.com\/fr\/wp-json\/wp\/v2\/types\/page"}],"author":[{"embeddable":true,"href":"https:\/\/carolyoungcorp.com\/fr\/wp-json\/wp\/v2\/users\/10"}],"replies":[{"embeddable":true,"href":"https:\/\/carolyoungcorp.com\/fr\/wp-json\/wp\/v2\/comments?post=12804"}],"version-history":[{"count":4,"href":"https:\/\/carolyoungcorp.com\/fr\/wp-json\/wp\/v2\/pages\/12804\/revisions"}],"predecessor-version":[{"id":12859,"href":"https:\/\/carolyoungcorp.com\/fr\/wp-json\/wp\/v2\/pages\/12804\/revisions\/12859"}],"wp:attachment":[{"href":"https:\/\/carolyoungcorp.com\/fr\/wp-json\/wp\/v2\/media?parent=12804"}],"wp:term":[{"taxonomy":"post_tag","embeddable":true,"href":"https:\/\/carolyoungcorp.com\/fr\/wp-json\/wp\/v2\/tags?post=12804"}],"curies":[{"name":"wp","href":"https:\/\/api.w.org\/{rel}","templated":true}]}}