{"id":9465,"date":"2020-07-07T07:32:25","date_gmt":"2020-07-07T07:32:25","guid":{"rendered":"https:\/\/carolyoungcorp.com\/products\/red-oak-veneer-flexible-panel-board"},"modified":"2025-11-11T03:17:37","modified_gmt":"2025-11-11T03:17:37","slug":"red-oak-veneer-flexible-panel-board","status":"publish","type":"product","link":"https:\/\/carolyoungcorp.com\/es\/products\/red-oak-veneer-flexible-panel-board","title":{"rendered":"Tablero de listones de madera flexibles con cubierta de chapa de roble rojo para decoraci\u00f3n de postes y paredes"},"content":{"rendered":"<h2>Tablero de listones de madera flexibles con cubierta de chapa de roble rojo para decoraci\u00f3n de postes y paredes<\/h2>\n<h2>Tablero de listones de madera de roble rojo flexible para cubrir paredes art\u00edsticas, paredes curvas o postes redondos de bricolaje<\/h2>\n<p>&nbsp;<\/p>\n<p>\u00bfBusca una soluci\u00f3n transformadora para dar vida a sus paredes art\u00edsticas, paredes curvas o postes redondos? \u00a1No busque m\u00e1s! Nuestros paneles flexibles de listones de madera de roble rojo ofrecen un enfoque innovador para realzar la est\u00e9tica de su espacio y crear una obra maestra art\u00edstica.<\/p>\n<p>Imagine las posibilidades que ofrece la libertad de moldear la madera para que se adapte a cualquier curva o contorno sin esfuerzo. Con nuestros flexibles paneles de listones de madera de roble rojo, puede crear impresionantes paredes art\u00edsticas, cubrir paredes curvas o cubrir postes con facilidad. La flexibilidad de nuestros paneles de listones de madera de roble rojo permite una aplicaci\u00f3n perfecta, lo que resulta en una exhibici\u00f3n visualmente impactante y cautivadora.<\/p>\n<p>Tanto si eres un artista que exhibe su obra como si simplemente aprecias la belleza del arte, nuestros paneles son el lienzo ideal para tu expresi\u00f3n creativa. El resistente soporte textil reforzado garantiza una adherencia fiable, garantizando que nuestros paneles se mantengan firmemente en su lugar.<\/p>\n<p>Los paneles de listones de madera de roble rojo flexibles y multiprop\u00f3sito para revestimiento de madera en interiores, paredes de paneles de madera, revestimientos de madera y paneles de madera son todos adecuados.<\/p>\n<table width=\"0\">\n<tbody>\n<tr>\n<td>especificaciones del producto<\/td>\n<td>Descripci\u00f3n del Producto<\/td>\n<\/tr>\n<tr>\n<td>C\u00f3digo n.\u00b0<\/td>\n<td>CY287-01<\/td>\n<\/tr>\n<tr>\n<td>Tama\u00f1o<\/td>\n<td>4 pies x 8 pies<\/td>\n<\/tr>\n<tr>\n<td>Espesor<\/td>\n<td>3 mm<\/td>\n<\/tr>\n<tr>\n<td>ranurado en V<\/td>\n<td>13 mm<\/td>\n<\/tr>\n<tr>\n<td>Estructura<\/td>\n<td>Capa superior: chapa de roble rojo \/ Capa intermedia: tablero MDF \/ Capa inferior: papel Kraft<\/td>\n<\/tr>\n<tr>\n<td>Uso<\/td>\n<td>Revestimiento de paredes, techos, postes o columnas<\/td>\n<\/tr>\n<tr>\n<td>Origen<\/td>\n<td>Taiw\u00e1n<\/td>\n<\/tr>\n<\/tbody>\n<\/table>\n<p>Personajes:<\/p>\n<table>\n<tbody>\n<tr>\n<td width=\"566\">1- F\u00e1cil instalaci\u00f3n con pegamento com\u00fan por parte del usuario DIY.<\/td>\n<\/tr>\n<tr>\n<td width=\"566\">2- El ancho y la altura se pueden recortar para ajustarse a la dimensi\u00f3n exacta. Se puede recortar con una sierra de dientes finos o cortar longitudinalmente con un c\u00fater.<\/td>\n<\/tr>\n<tr>\n<td width=\"566\">3- Si tiene tapa enchapada, se puede te\u00f1ir o pintar para combinar con la decoraci\u00f3n interior.<\/td>\n<\/tr>\n<tr>\n<td width=\"566\">4- Puede adaptarse completamente a la forma decorativa gracias a su ranura en V.<\/td>\n<\/tr>\n<tr>\n<td width=\"566\">5- Flexibilidad para doblar y dar forma durante la construcci\u00f3n.<\/td>\n<\/tr>\n<\/tbody>\n<\/table>\n<p>&nbsp;<\/p>\n<p>(Los clientes en los Estados Unidos deben comunicarse directamente con nuestro agente: POLE-WRAP, INC. )<\/p>\n<p>***Buscando agentes y distribuidores (excluyendo Estados Unidos)***<\/p>\n","protected":false},"excerpt":{"rendered":"<p>Tableros de listones de madera flexibles multiusos, revestimiento de madera para interiores, pared de paneles de madera, revestimiento de madera, panel de madera<\/p>\n<p>\u2022 Los paneles de listones de madera flexibles se pueden utilizar para la decoraci\u00f3n de interiores, gabinetes, postes y columnas.<\/p>\n<p>\u2022 El panel de listones de madera flexible combinado con molduras de madera maciza se puede utilizar para la decoraci\u00f3n de postes, pilares y columnas.<\/p>\n<p>\u2022 El panel de listones de madera flexibles se puede cortar y combinar libremente seg\u00fan el patr\u00f3n preferido.<\/p>\n","protected":false},"featured_media":5458,"template":"","meta":[],"product_brand":[],"product_cat":[293,372],"product_tag":[388,452,563,748,1005,1020],"class_list":{"0":"post-9465","1":"product","2":"type-product","3":"status-publish","4":"has-post-thumbnail","6":"product_cat-flexible-wood-slats-panel-with-wood-veneer-top","7":"product_cat-flexible-wood-slats-panel-for-furniture-decoration-wall-cover-and-pole-column-wrap-by-diy","8":"product_tag-material-de-madera","9":"product_tag-tablero-de-control","10":"product_tag-decoracion-de-interiores","11":"product_tag-decoracion-de-postes-columnas","12":"product_tag-tablero-de-madera","13":"product_tag-acabado-de-forma","15":"first","16":"instock","17":"shipping-taxable","18":"product-type-simple"},"jetpack_sharing_enabled":true,"_links":{"self":[{"href":"https:\/\/carolyoungcorp.com\/es\/wp-json\/wp\/v2\/product\/9465","targetHints":{"allow":["GET"]}}],"collection":[{"href":"https:\/\/carolyoungcorp.com\/es\/wp-json\/wp\/v2\/product"}],"about":[{"href":"https:\/\/carolyoungcorp.com\/es\/wp-json\/wp\/v2\/types\/product"}],"wp:featuredmedia":[{"embeddable":true,"href":"https:\/\/carolyoungcorp.com\/es\/wp-json\/wp\/v2\/media\/5458"}],"wp:attachment":[{"href":"https:\/\/carolyoungcorp.com\/es\/wp-json\/wp\/v2\/media?parent=9465"}],"wp:term":[{"taxonomy":"product_brand","embeddable":true,"href":"https:\/\/carolyoungcorp.com\/es\/wp-json\/wp\/v2\/product_brand?post=9465"},{"taxonomy":"product_cat","embeddable":true,"href":"https:\/\/carolyoungcorp.com\/es\/wp-json\/wp\/v2\/product_cat?post=9465"},{"taxonomy":"product_tag","embeddable":true,"href":"https:\/\/carolyoungcorp.com\/es\/wp-json\/wp\/v2\/product_tag?post=9465"}],"curies":[{"name":"wp","href":"https:\/\/api.w.org\/{rel}","templated":true}]}}