{"id":9316,"date":"2020-07-16T09:40:46","date_gmt":"2020-07-16T09:40:46","guid":{"rendered":"https:\/\/carolyoungcorp.com\/products\/solid-mdf-molding-column-decoration"},"modified":"2025-11-25T09:08:33","modified_gmt":"2025-11-25T09:08:33","slug":"solid-mdf-molding-column-decoration","status":"publish","type":"product","link":"https:\/\/carolyoungcorp.com\/es\/products\/solid-mdf-molding-column-decoration","title":{"rendered":"Moldura de madera MDF en poste\/columna para decoraci\u00f3n de columnas romanas de madera"},"content":{"rendered":"<h2>Moldura de madera MDF respetuosa con el medio ambiente para decoraci\u00f3n de postes o columnas para dise\u00f1o de columnas romanas mediante bricolaje.<\/h2>\n<p>&nbsp;<\/p>\n<p>Realce la belleza de sus columnas y postes romanos con nuestra moldura de madera ECO MDF en dos mitades, especialmente dise\u00f1ada para una f\u00e1cil instalaci\u00f3n de bricolaje. Esta moldura de madera MDF de alta calidad es perfecta para la decoraci\u00f3n de columnas y postes romanos, cubiertas de postes\/postes\/columnas de s\u00f3tanos, revestimientos de columnas interiores y revestimientos de columnas de madera.<\/p>\n<p>Fabricada con tablero de madera MDF ECO, esta moldura de MDF ofrece una durabilidad y est\u00e9tica excepcionales. Su estructura \u00fanica consta de dos mitades, lo que permite unirlas f\u00e1cilmente durante proyectos de bricolaje. Gracias a la combinaci\u00f3n de nuestro tablero flexible de MDF, proporciona una apariencia uniforme y cohesiva al cubrir postes, columnas o pilares.<\/p>\n<p>Experimente la belleza y la comodidad de nuestras molduras de MDF, fabricadas con orgullo en Taiw\u00e1n.<\/p>\n<p>Usos: Revestimiento de columnas y postes romanos, revestimiento de madera, revestimiento de columnas interiores, revestimiento de postes\/columnas de s\u00f3tanos<\/p>\n<table width=\"0\">\n<tbody>\n<tr>\n<td>especificaciones del producto<\/td>\n<td>Descripci\u00f3n del Producto<\/td>\n<\/tr>\n<tr>\n<td>C\u00f3digo n.\u00b0<\/td>\n<td>294-05<\/td>\n<\/tr>\n<tr>\n<td>Material<\/td>\n<td>Tablero MDF<\/td>\n<\/tr>\n<tr>\n<td>Estructura<\/td>\n<td>Juego de tapa y juego de base<\/td>\n<\/tr>\n<tr>\n<td>Forma<\/td>\n<td>Oct\u00e1gono en dos mitades (tambi\u00e9n puede ser cuadrado)<\/td>\n<\/tr>\n<tr>\n<td>Altura<\/td>\n<td>3\/4 de pulgada<\/td>\n<\/tr>\n<tr>\n<td>Tama\u00f1o<\/td>\n<td>Juego de tapas\u2026di\u00e1metro de 6 y 7 pulgadas, con orificio de 3-1\/2, 4 o 4-1\/2 pulgadas y radio de corte interior de 1\/2 pulgada.<br \/>\nJuego de base\u2026 di\u00e1metro de 7 pulgadas y 8 pulgadas, con orificio de 3-1\/2 pulgadas o 4 pulgadas o 4-1\/2 pulgadas y radio exterior cortado de 1\/2 pulgada<\/td>\n<\/tr>\n<\/tbody>\n<\/table>\n<p>Personaje:<\/p>\n<table>\n<tbody>\n<tr>\n<td width=\"566\">1- Instalaci\u00f3n sencilla de bricolaje: la moldura ECO MDF se puede instalar f\u00e1cilmente con pegamento normal, lo que la convierte en una opci\u00f3n f\u00e1cil de usar para los entusiastas del bricolaje.<\/td>\n<\/tr>\n<tr>\n<td width=\"566\">2- Ajuste perfecto para columnas y postes romanos: dise\u00f1ado para adaptarse perfectamente a columnas y postes romanos, garantiza un resultado uniforme y visualmente atractivo.<\/td>\n<\/tr>\n<tr>\n<td width=\"566\">3- Acabados Personalizables: La moldura de MDF se puede te\u00f1ir o pintar para combinar con el estilo de su decoraci\u00f3n interior, ofreciendo versatilidad en el dise\u00f1o.<\/td>\n<\/tr>\n<\/tbody>\n<\/table>\n<div class=\"mceTemp\"><\/div>\n<p>(Los clientes en los Estados Unidos deben comunicarse directamente con nuestro agente: POLE-WRAP, INC. )<\/p>\n<p>***Buscando agentes y distribuidores (excluyendo Estados Unidos y Jap\u00f3n)***<\/p>\n","protected":false},"excerpt":{"rendered":"<p>Uso: Revestimiento y decoraci\u00f3n de columnas y postes romanos, revestimiento de madera, revestimiento de columnas interiores, revestimiento de postes\/columnas de s\u00f3tanos.<\/p>\n<p>F\u00e1cil instalaci\u00f3n con pegamento com\u00fan.<\/p>\n<p>Se puede te\u00f1ir o pintar para que combine con la decoraci\u00f3n interior.<\/p>\n<h2><\/h2>\n","protected":false},"featured_media":5228,"template":"","meta":[],"product_brand":[],"product_cat":[415,541,370,293],"product_tag":[1496,748,670,563,448,388],"class_list":{"0":"post-9316","1":"product","2":"type-product","3":"status-publish","4":"has-post-thumbnail","6":"product_cat-solid-wood-molding-for-pole-or-column-covering-and-decoration","7":"product_cat-diy-square-octagon-solid-wood-molding-for-interior-decoration","8":"product_cat-pole-column-wall-and-furniture-surface-covers-by-diy","9":"product_cat-flexible-wood-slats-panel-with-wood-veneer-top","10":"product_tag-molduras-de-madera","11":"product_tag-decoracion-de-postes-columnas","12":"product_tag-decoracion-de-madera","13":"product_tag-decoracion-de-interiores","14":"product_tag-material-de-construccion","15":"product_tag-material-de-madera","17":"first","18":"instock","19":"shipping-taxable","20":"product-type-simple"},"jetpack_sharing_enabled":true,"_links":{"self":[{"href":"https:\/\/carolyoungcorp.com\/es\/wp-json\/wp\/v2\/product\/9316","targetHints":{"allow":["GET"]}}],"collection":[{"href":"https:\/\/carolyoungcorp.com\/es\/wp-json\/wp\/v2\/product"}],"about":[{"href":"https:\/\/carolyoungcorp.com\/es\/wp-json\/wp\/v2\/types\/product"}],"wp:featuredmedia":[{"embeddable":true,"href":"https:\/\/carolyoungcorp.com\/es\/wp-json\/wp\/v2\/media\/5228"}],"wp:attachment":[{"href":"https:\/\/carolyoungcorp.com\/es\/wp-json\/wp\/v2\/media?parent=9316"}],"wp:term":[{"taxonomy":"product_brand","embeddable":true,"href":"https:\/\/carolyoungcorp.com\/es\/wp-json\/wp\/v2\/product_brand?post=9316"},{"taxonomy":"product_cat","embeddable":true,"href":"https:\/\/carolyoungcorp.com\/es\/wp-json\/wp\/v2\/product_cat?post=9316"},{"taxonomy":"product_tag","embeddable":true,"href":"https:\/\/carolyoungcorp.com\/es\/wp-json\/wp\/v2\/product_tag?post=9316"}],"curies":[{"name":"wp","href":"https:\/\/api.w.org\/{rel}","templated":true}]}}