{"id":9308,"date":"2020-08-13T09:38:10","date_gmt":"2020-08-13T09:38:10","guid":{"rendered":"https:\/\/carolyoungcorp.com\/products\/solid-red-oak-wood-shelf-for-pole-column-decoration"},"modified":"2025-11-24T09:28:38","modified_gmt":"2025-11-24T09:28:38","slug":"solid-red-oak-wood-shelf-for-pole-column-decoration","status":"publish","type":"product","link":"https:\/\/carolyoungcorp.com\/es\/products\/solid-red-oak-wood-shelf-for-pole-column-decoration","title":{"rendered":"Juego de estantes de madera maciza de roble rojo para decoraci\u00f3n de postes\/columnas"},"content":{"rendered":"<h2>Juego de estantes de roble rojo macizo combinado con paneles de listones de madera flexibles con ranuras en V para instalar en postes o columnas, o para a\u00f1adir un estante adicional a postes o columnas existentes. Es multiusos. Ideal para decorar interiores de postes o columnas.<\/h2>\n<h2>Juego de estantes de madera maciza de roble rojo para decoraci\u00f3n de postes\/columnas<\/h2>\n<p>El juego de estantes de madera para postes se puede instalar en postes y columnas para m\u00faltiples prop\u00f3sitos, por ejemplo, para colocar bebidas, tazas, vajilla, plantas en macetas y diversas decoraciones o art\u00edculos para el hogar.<\/p>\n<p>Usos: Cubiertas para postes, postes y columnas de s\u00f3tanos, cubiertas para postes, revestimientos de columnas interiores, revestimiento de madera.<\/p>\n<table width=\"0\">\n<tbody>\n<tr>\n<td>especificaciones del producto<\/td>\n<td>Descripci\u00f3n del Producto<\/td>\n<\/tr>\n<tr>\n<td>C\u00f3digo n.\u00b0<\/td>\n<td>294-13 + 294-14<\/td>\n<\/tr>\n<tr>\n<td>Material<\/td>\n<td>roble rojo macizo (u otros materiales de madera, como arce, cerezo, MDF, etc.)<\/td>\n<\/tr>\n<tr>\n<td>Structure<\/td>\n<td>Plate (circle in 2 halves also can be square in 2 halves) + 4 supports<\/td>\n<\/tr>\n<tr>\n<td>Tama\u00f1o<\/td>\n<td>Placa: 2 mitades, di\u00e1metro 17-1\/2\u201d, radio interior de corte 1\/2\u201d, agujero 3-1\/2\u201d, 4\u201d, 4-1\/2\u201d<br \/>\nSoporte: ancho 4\u201d, largo 8\u201d, grosor 20 mm, radio exterior de corte 3\/8\u201d, agujero 10 mm<\/td>\n<\/tr>\n<\/tbody>\n<\/table>\n<p>Personaje:<\/p>\n<table>\n<tbody>\n<tr>\n<td width=\"566\">1- Se puede adaptar perfectamente a postes\/pilares\/columnas.<\/td>\n<\/tr>\n<tr>\n<td width=\"566\">2- Se puede te\u00f1ir o pintar para combinar con la decoraci\u00f3n interior.<\/td>\n<\/tr>\n<tr>\n<td width=\"566\">3- Esta es una decoraci\u00f3n interior pr\u00e1ctica y hermosa.<\/td>\n<\/tr>\n<tr>\n<td width=\"566\">4- Se puede instalar f\u00e1cilmente con pegamento com\u00fan por parte del usuario.<\/td>\n<\/tr>\n<\/tbody>\n<\/table>\n<p>Este producto est\u00e1 fabricado en Taiw\u00e1n.<\/p>\n<p>(Los clientes en los Estados Unidos deben comunicarse directamente con nuestro agente: POLE-WRAP, INC. )<\/p>\n<p>***Buscando agentes y distribuidores (excluyendo Estados Unidos y Jap\u00f3n)***<\/p>\n","protected":false},"excerpt":{"rendered":"<h2>Juego de estantes de roble rojo macizo combinado con paneles de listones de madera flexibles con ranuras en V para instalar en postes o columnas, o para a\u00f1adir un estante adicional a postes o columnas existentes. Es multiusos. Ideal para decorar interiores de postes o columnas.<\/h2>\n<p>El juego de estantes de madera se puede instalar en postes y columnas para m\u00faltiples prop\u00f3sitos, por ejemplo, para colocar bebidas, tazas, vajilla, plantas en macetas y diversas decoraciones o art\u00edculos para el hogar.<\/p>\n<p>Se instala f\u00e1cilmente con pegamento com\u00fan.<\/p>\n<p>Productos fabricados en Taiw\u00e1n.<\/p>\n","protected":false},"featured_media":5183,"template":"","meta":[],"product_brand":[],"product_cat":[293,544],"product_tag":[534,563,670,748,750,968],"class_list":{"0":"post-9308","1":"product","2":"type-product","3":"status-publish","4":"has-post-thumbnail","6":"product_cat-flexible-wood-slats-panel-with-wood-veneer-top","7":"product_cat-solid-wood-shelf-for-pole-roman-column-decoration","8":"product_tag-envoltura-de-madera","9":"product_tag-decoracion-de-interiores","10":"product_tag-decoracion-de-madera","11":"product_tag-decoracion-de-postes-columnas","12":"product_tag-estante-de-madera-para-bricolaje","13":"product_tag-cubierta-interior","15":"first","16":"instock","17":"shipping-taxable","18":"product-type-simple"},"jetpack_sharing_enabled":true,"_links":{"self":[{"href":"https:\/\/carolyoungcorp.com\/es\/wp-json\/wp\/v2\/product\/9308","targetHints":{"allow":["GET"]}}],"collection":[{"href":"https:\/\/carolyoungcorp.com\/es\/wp-json\/wp\/v2\/product"}],"about":[{"href":"https:\/\/carolyoungcorp.com\/es\/wp-json\/wp\/v2\/types\/product"}],"wp:featuredmedia":[{"embeddable":true,"href":"https:\/\/carolyoungcorp.com\/es\/wp-json\/wp\/v2\/media\/5183"}],"wp:attachment":[{"href":"https:\/\/carolyoungcorp.com\/es\/wp-json\/wp\/v2\/media?parent=9308"}],"wp:term":[{"taxonomy":"product_brand","embeddable":true,"href":"https:\/\/carolyoungcorp.com\/es\/wp-json\/wp\/v2\/product_brand?post=9308"},{"taxonomy":"product_cat","embeddable":true,"href":"https:\/\/carolyoungcorp.com\/es\/wp-json\/wp\/v2\/product_cat?post=9308"},{"taxonomy":"product_tag","embeddable":true,"href":"https:\/\/carolyoungcorp.com\/es\/wp-json\/wp\/v2\/product_tag?post=9308"}],"curies":[{"name":"wp","href":"https:\/\/api.w.org\/{rel}","templated":true}]}}