{"id":9304,"date":"2020-06-24T09:50:38","date_gmt":"2020-06-24T09:50:38","guid":{"rendered":"https:\/\/carolyoungcorp.com\/products\/maple-veneer-flexible-panel-board-pole-column-covering"},"modified":"2025-11-12T09:29:46","modified_gmt":"2025-11-12T09:29:46","slug":"maple-veneer-flexible-panel-board-pole-column-covering","status":"publish","type":"product","link":"https:\/\/carolyoungcorp.com\/es\/products\/maple-veneer-flexible-panel-board-pole-column-covering","title":{"rendered":"Tablero de listones de madera flexibles con chapa de arce para revestimiento de paredes, techos, postes y columnas, hecho por usted mismo."},"content":{"rendered":"<h2>Tablero de listones de madera flexible con cubierta de chapa de arce para revestimiento de paredes, techos, postes y columnas, paneles de madera, paneles de madera de haya, revestimiento de madera, revestimiento de madera interior, cubiertas de postes, postes y columnas de s\u00f3tanos y revestimientos de columnas interiores.<\/h2>\n<p>Uso: Revestimiento de paredes y techos, revestimiento de postes o columnas, revestimientos de postes y columnas, revestimientos de postes de s\u00f3tanos y revestimientos de columnas de madera.<\/p>\n<table width=\"0\">\n<tbody>\n<tr>\n<td>especificaciones del producto<\/td>\n<td>Descripci\u00f3n del Producto<\/td>\n<\/tr>\n<tr>\n<td>C\u00f3digo n.\u00b0<\/td>\n<td>CY287-99<\/td>\n<\/tr>\n<tr>\n<td>Tama\u00f1o<\/td>\n<td>4 pies x 8 pies<\/td>\n<\/tr>\n<tr>\n<td>Espesor<\/td>\n<td>3 mm<\/td>\n<\/tr>\n<tr>\n<td>ranurado en V<\/td>\n<td>13 mm<\/td>\n<\/tr>\n<tr>\n<td>Estructura<\/td>\n<td>Capa superior: Chapa de arce \/ Capa intermedia: Tablero MDF \/ Capa inferior: Papel Kraft<\/td>\n<\/tr>\n<tr>\n<td>Origen<\/td>\n<td>Taiw\u00e1n<\/td>\n<\/tr>\n<\/tbody>\n<\/table>\n<p>Personaje:<strong><br \/>\n<\/strong><\/p>\n<table>\n<tbody>\n<tr>\n<td width=\"566\">\n<ul>\n<li>F\u00e1cil instalaci\u00f3n con pegamento general por bricolaje.<\/li>\n<\/ul>\n<\/td>\n<\/tr>\n<tr>\n<td width=\"566\">\n<ul>\n<li>El ancho y la altura se pueden recortar para ajustarse a la dimensi\u00f3n exacta. Se puede recortar con una sierra de dientes finos o cortar longitudinalmente con un c\u00fater.<\/li>\n<\/ul>\n<\/td>\n<\/tr>\n<tr>\n<td width=\"566\">\n<ul>\n<li>Est\u00e1 listo para ser te\u00f1ido, pintado o barnizado para combinar con la decoraci\u00f3n interior.<\/li>\n<\/ul>\n<\/td>\n<\/tr>\n<tr>\n<td width=\"566\">\n<ul>\n<li>Puede adaptarse completamente a la forma decorativa gracias a su ranura en V.<\/li>\n<\/ul>\n<\/td>\n<\/tr>\n<tr>\n<td width=\"566\">\n<ul>\n<li>Flexibilidad para doblar y dar forma durante la construcci\u00f3n.<\/li>\n<\/ul>\n<\/td>\n<\/tr>\n<\/tbody>\n<\/table>\n<p>Los clientes en los Estados Unidos deben comunicarse directamente con nuestro agente: POLE-WRAP, INC.)<\/p>\n<p>***Buscando agentes y distribuidores (excluyendo Estados Unidos y Jap\u00f3n)***<\/p>\n<p>Palabras clave: envolturas para postes, cubiertas para postes de s\u00f3tanos, envolturas para columnas de madera, tableros MDF, tableros flexibles, revestimientos para paredes, techos, postes y columnas, paneles de madera, paneles de madera, envolturas de madera, revestimientos de madera para interiores, cubiertas para postes de s\u00f3tanos, envolturas para columnas interiores<\/p>\n","protected":false},"excerpt":{"rendered":"<p>Tablero flexible con cubierta de chapa de arce para revestimiento de paredes, techos, postes y columnas, paneles de madera, revestimientos de madera para interiores, cubiertas para postes, postes y columnas de s\u00f3tanos y revestimientos para columnas interiores.<\/p>\n<p>El tablero superior de chapa de arce con ranuras en V se puede utilizar para el dise\u00f1o de decoraci\u00f3n de interiores de bricolaje, como decoraci\u00f3n de gabinetes, decoraci\u00f3n del hogar, revestimiento de modelado, acabado de muebles, decoraci\u00f3n de columnas de refuerzo y columnas de soporte.<\/p>\n<p>F\u00e1cil instalaci\u00f3n con pegamento normal por bricolaje.<\/p>\n<p>El producto est\u00e1 fabricado en Taiw\u00e1n.<\/p>\n","protected":false},"featured_media":5168,"template":"","meta":[],"product_brand":[],"product_cat":[293,370],"product_tag":[3899,3900,3901,3902,3903,3904,3905,3906,3907,3908,3909,3910],"class_list":{"0":"post-9304","1":"product","2":"type-product","3":"status-publish","4":"has-post-thumbnail","6":"product_cat-flexible-wood-slats-panel-with-wood-veneer-top","7":"product_cat-pole-column-wall-and-furniture-surface-covers-by-diy","8":"product_tag-envolturas-para-postes","9":"product_tag-cubiertas-para-postes-de-sotanos","10":"product_tag-envolturas-para-columnas-de-madera","11":"product_tag-tableros-mdf","12":"product_tag-tableros-flexibles","13":"product_tag-revestimientos-para-paredes","14":"product_tag-techos","15":"product_tag-postes-y-columnas","16":"product_tag-paneles-de-madera","17":"product_tag-envolturas-de-madera","18":"product_tag-revestimientos-de-madera-para-interiores","19":"product_tag-envolturas-para-columnas-interiores","21":"first","22":"instock","23":"shipping-taxable","24":"product-type-simple"},"jetpack_sharing_enabled":true,"_links":{"self":[{"href":"https:\/\/carolyoungcorp.com\/es\/wp-json\/wp\/v2\/product\/9304","targetHints":{"allow":["GET"]}}],"collection":[{"href":"https:\/\/carolyoungcorp.com\/es\/wp-json\/wp\/v2\/product"}],"about":[{"href":"https:\/\/carolyoungcorp.com\/es\/wp-json\/wp\/v2\/types\/product"}],"wp:featuredmedia":[{"embeddable":true,"href":"https:\/\/carolyoungcorp.com\/es\/wp-json\/wp\/v2\/media\/5168"}],"wp:attachment":[{"href":"https:\/\/carolyoungcorp.com\/es\/wp-json\/wp\/v2\/media?parent=9304"}],"wp:term":[{"taxonomy":"product_brand","embeddable":true,"href":"https:\/\/carolyoungcorp.com\/es\/wp-json\/wp\/v2\/product_brand?post=9304"},{"taxonomy":"product_cat","embeddable":true,"href":"https:\/\/carolyoungcorp.com\/es\/wp-json\/wp\/v2\/product_cat?post=9304"},{"taxonomy":"product_tag","embeddable":true,"href":"https:\/\/carolyoungcorp.com\/es\/wp-json\/wp\/v2\/product_tag?post=9304"}],"curies":[{"name":"wp","href":"https:\/\/api.w.org\/{rel}","templated":true}]}}