{"id":9091,"date":"2021-03-31T09:30:39","date_gmt":"2021-03-31T09:30:39","guid":{"rendered":"https:\/\/carolyoungcorp.com\/products\/1202"},"modified":"2025-11-28T09:10:24","modified_gmt":"2025-11-28T09:10:24","slug":"flexible-wood-slats-panel-boards-in-three-layers-with-v-grooved-slats-design-for-wall-paneling-pole-or-column-wraps-interior-decoration-and-furniture-surface-covers","status":"publish","type":"product","link":"https:\/\/carolyoungcorp.com\/es\/products\/flexible-wood-slats-panel-boards-in-three-layers-with-v-grooved-slats-design-for-wall-paneling-pole-or-column-wraps-interior-decoration-and-furniture-surface-covers","title":{"rendered":"Tableros de listones de madera flexibles de tres capas con dise\u00f1o de listones ranurados en V para revestimiento de paredes, revestimientos de postes o columnas, decoraci\u00f3n de interiores y cubiertas de superficies de muebles."},"content":{"rendered":"<h2 class=\"entry-title\">Tableros de listones de madera flexibles de tres capas con dise\u00f1o de listones ranurados en V para revestimiento de paredes, revestimientos de postes o columnas, decoraci\u00f3n de interiores y cubiertas de superficies de muebles.<\/h2>\n<p>Los paneles de listones de madera flexibles y las molduras de madera se utilizan para cubrir y decorar postes y columnas.<br \/>\nLos paneles de listones de madera flexibles y los estantes de madera para bebidas se utilizan para cubrir y decorar postes y columnas.<br \/>\nTambi\u00e9n ofrecemos sal de amonio cuaternario org\u00e1nica de silicona antibacteriana, desinfecci\u00f3n y esterilizaci\u00f3n para productos de madera y textiles. El panel de listones de madera flexible y la moldura est\u00e1n dise\u00f1ados principalmente para la decoraci\u00f3n de interiores, especialmente para el recubrimiento de postes\/columnas en 4 tipos de madera (roble rojo, arce, cerezo y MDF). El panel de listones de madera flexible combinado con la moldura de madera podr\u00eda crear un hermoso dise\u00f1o de columna romana con un simple bricolaje.<\/p>\n<p>Usos: revestimiento de madera para interiores, panel de pared de MDF, revestimiento de madera, cubiertas de postes\/columnas de s\u00f3tanos<\/p>\n<p>Personaje:<\/p>\n<table>\n<tbody>\n<tr>\n<td width=\"566\">1) F\u00e1cil instalaci\u00f3n con pegamento normal por bricolaje.<\/td>\n<\/tr>\n<tr>\n<td width=\"566\">2) El ancho y la altura se pueden recortar para ajustarse a la dimensi\u00f3n exacta.<\/td>\n<\/tr>\n<tr>\n<td width=\"566\">3) Se puede te\u00f1ir o pintar para combinar con la decoraci\u00f3n interior.<\/td>\n<\/tr>\n<tr>\n<td width=\"566\">4) Puede ajustarse perfectamente a la forma decorativa gracias a su ranura en V.<\/td>\n<\/tr>\n<\/tbody>\n<\/table>\n<p>Este producto est\u00e1 fabricado en Taiw\u00e1n.<\/p>\n<p>(Los clientes en los Estados Unidos deben comunicarse directamente con nuestro agente: POLE-WRAP, INC.)<\/p>\n<p>***Buscando agentes y distribuidores (excluyendo Estados Unidos)***<\/p>\n","protected":false},"excerpt":{"rendered":"<h2 class=\"entry-title\">Tableros de listones de madera flexibles de tres capas con dise\u00f1o de listones ranurados en V para revestimiento de paredes, revestimientos de postes o columnas, decoraci\u00f3n de interiores y cubiertas de superficies de muebles.<\/h2>\n<p>Usos: revestimiento de madera para interiores, panel de pared de MDF, revestimiento de madera, cubiertas de postes\/columnas de s\u00f3tanos<\/p>\n<p>Los paneles de listones de madera flexibles y las molduras de madera se utilizan para cubrir y decorar postes y columnas.<\/p>\n<p>Los paneles de listones de madera flexibles y los estantes de madera para bebidas se utilizan para cubrir y decorar postes y columnas.<\/p>\n","protected":false},"featured_media":5233,"template":"","meta":[],"product_brand":[],"product_cat":[549,370],"product_tag":[383,452,563,670,748,968],"class_list":{"0":"post-9091","1":"product","2":"type-product","3":"status-publish","4":"has-post-thumbnail","6":"product_cat-flexible-mdf-wood-slats-panels-for-diy-interior-pole-decoration","7":"product_cat-pole-column-wall-and-furniture-surface-covers-by-diy","8":"product_tag-cubierta-de-poste-columna","9":"product_tag-tablero-de-control","10":"product_tag-decoracion-de-interiores","11":"product_tag-decoracion-de-madera","12":"product_tag-decoracion-de-postes-columnas","13":"product_tag-cubierta-interior","15":"first","16":"instock","17":"shipping-taxable","18":"product-type-simple"},"jetpack_sharing_enabled":true,"_links":{"self":[{"href":"https:\/\/carolyoungcorp.com\/es\/wp-json\/wp\/v2\/product\/9091","targetHints":{"allow":["GET"]}}],"collection":[{"href":"https:\/\/carolyoungcorp.com\/es\/wp-json\/wp\/v2\/product"}],"about":[{"href":"https:\/\/carolyoungcorp.com\/es\/wp-json\/wp\/v2\/types\/product"}],"wp:featuredmedia":[{"embeddable":true,"href":"https:\/\/carolyoungcorp.com\/es\/wp-json\/wp\/v2\/media\/5233"}],"wp:attachment":[{"href":"https:\/\/carolyoungcorp.com\/es\/wp-json\/wp\/v2\/media?parent=9091"}],"wp:term":[{"taxonomy":"product_brand","embeddable":true,"href":"https:\/\/carolyoungcorp.com\/es\/wp-json\/wp\/v2\/product_brand?post=9091"},{"taxonomy":"product_cat","embeddable":true,"href":"https:\/\/carolyoungcorp.com\/es\/wp-json\/wp\/v2\/product_cat?post=9091"},{"taxonomy":"product_tag","embeddable":true,"href":"https:\/\/carolyoungcorp.com\/es\/wp-json\/wp\/v2\/product_tag?post=9091"}],"curies":[{"name":"wp","href":"https:\/\/api.w.org\/{rel}","templated":true}]}}