{"id":8891,"date":"2021-03-31T09:48:16","date_gmt":"2021-03-31T09:48:16","guid":{"rendered":"https:\/\/carolyoungcorp.com\/products\/flexible-wood-board-for-furniture-finishing-covering"},"modified":"2025-11-28T08:42:24","modified_gmt":"2025-11-28T08:42:24","slug":"flexible-wood-board-for-furniture-finishing-covering","status":"publish","type":"product","link":"https:\/\/carolyoungcorp.com\/es\/products\/flexible-wood-board-for-furniture-finishing-covering","title":{"rendered":"Tablero de listones de madera flexibles para revestimiento de acabado de muebles"},"content":{"rendered":"<h2>Revestimiento de listones de madera para interiores\/panel de listones de madera Tablero de listones de madera flexible para revestimiento de acabado de muebles<\/h2>\n<p>Los mejores tableros de persiana, tableros flexibles de listones de madera con ranuras en V en tres capas: una capa superior de chapa de madera seleccionada, un tablero central de MDF y una trasera con soporte textil. Las dos capas superiores, con ranuras en V o acanaladas para mayor flexibilidad y enrollabilidad, y con dise\u00f1o de listones, son la mejor opci\u00f3n para el acabado de muebles.<\/p>\n<p>Uso: revestimiento de acabado para muebles como armarios, gabinetes, guardarropas y estanter\u00edas.<\/p>\n<table width=\"0\">\n<tbody>\n<tr>\n<td>especificaciones del producto<\/td>\n<td>Descripci\u00f3n del Producto<\/td>\n<\/tr>\n<tr>\n<td>C\u00f3digo n.\u00b0<\/td>\n<td>CY287-01<\/td>\n<\/tr>\n<tr>\n<td>Tama\u00f1o<\/td>\n<td>4 pies X 8 pies<\/td>\n<\/tr>\n<tr>\n<td>ranurado en V<\/td>\n<td>13 mm<\/td>\n<\/tr>\n<tr>\n<td>Estructura<\/td>\n<td>Parte superior: chapa de roble rojo, parte media: tablero MDF, parte inferior: papel kraft<\/td>\n<\/tr>\n<\/tbody>\n<\/table>\n<p>Personaje:<\/p>\n<table>\n<tbody>\n<tr>\n<td width=\"566\">1- F\u00e1cil instalaci\u00f3n con pegamento normal por bricolaje.<\/td>\n<\/tr>\n<tr>\n<td width=\"566\">2- El ancho y la altura se pueden recortar para ajustarse a la dimensi\u00f3n exacta.<\/td>\n<\/tr>\n<tr>\n<td width=\"566\">3- Si tiene tapa enchapada, se puede te\u00f1ir o pintar para combinar con la decoraci\u00f3n interior.<\/td>\n<\/tr>\n<tr>\n<td width=\"566\">4- Puede adaptarse completamente a la forma decorativa gracias a su ranura en V.<\/td>\n<\/tr>\n<tr>\n<td width=\"566\">5- Se puede cortar y combinar libremente seg\u00fan los patrones favoritos.<\/td>\n<\/tr>\n<\/tbody>\n<\/table>\n<p>El producto est\u00e1 fabricado en Taiw\u00e1n.<\/p>\n<p>(Los clientes en los Estados Unidos deben comunicarse directamente con nuestro agente: POLE-WRAP, INC.)<\/p>\n<p>***Buscando agentes y distribuidores (excluyendo Estados Unidos)***<\/p>\n","protected":false},"excerpt":{"rendered":"<p>Paneles de listones de madera para interiores\/paneles de listones de madera. Tablero flexible de listones de madera para acabado de muebles.<br \/>\nTablero de listones de madera flexibles para revestimiento de acabado de muebles como armarios, gabinetes, guardarropas y estanter\u00edas.<\/p>\n<p>Los paneles de listones de madera con ranuras en V se pueden usar para renovar muebles antiguos o que no sean de madera, o para crear dise\u00f1os propios con herramientas sencillas. Gracias a su flexibilidad, se pueden cortar f\u00e1cilmente con un c\u00fater para ajustarse a las esquinas o \u00e1ngulos curvos del mueble. Adem\u00e1s, con su reverso de papel reforzado, se pegan y laminan f\u00e1cilmente sobre la superficie del mueble.<\/p>\n<p>F\u00e1cil instalaci\u00f3n con pegamento normal por bricolaje.<\/p>\n<p>Se adapta perfectamente a la forma decorativa gracias a su flexible ranura en V.<\/p>\n<p>El panel se puede cortar y combinar libremente seg\u00fan los patrones preferidos.<\/p>\n","protected":false},"featured_media":5208,"template":"","meta":[],"product_brand":[],"product_cat":[293,370,371,372],"product_tag":[450,454,563,670,967,968],"class_list":{"0":"post-8891","1":"product","2":"type-product","3":"status-publish","4":"has-post-thumbnail","6":"product_cat-flexible-wood-slats-panel-with-wood-veneer-top","7":"product_cat-pole-column-wall-and-furniture-surface-covers-by-diy","8":"product_cat-flexible-wood-slats-panel-for-furniture-finishing","9":"product_cat-flexible-wood-slats-panel-for-furniture-decoration-wall-cover-and-pole-column-wrap-by-diy","10":"product_tag-acabado-de-muebles","11":"product_tag-cubierta-de-madera","12":"product_tag-decoracion-de-interiores","13":"product_tag-decoracion-de-madera","14":"product_tag-junta","15":"product_tag-cubierta-interior","17":"first","18":"instock","19":"shipping-taxable","20":"product-type-simple"},"jetpack_sharing_enabled":true,"_links":{"self":[{"href":"https:\/\/carolyoungcorp.com\/es\/wp-json\/wp\/v2\/product\/8891","targetHints":{"allow":["GET"]}}],"collection":[{"href":"https:\/\/carolyoungcorp.com\/es\/wp-json\/wp\/v2\/product"}],"about":[{"href":"https:\/\/carolyoungcorp.com\/es\/wp-json\/wp\/v2\/types\/product"}],"wp:featuredmedia":[{"embeddable":true,"href":"https:\/\/carolyoungcorp.com\/es\/wp-json\/wp\/v2\/media\/5208"}],"wp:attachment":[{"href":"https:\/\/carolyoungcorp.com\/es\/wp-json\/wp\/v2\/media?parent=8891"}],"wp:term":[{"taxonomy":"product_brand","embeddable":true,"href":"https:\/\/carolyoungcorp.com\/es\/wp-json\/wp\/v2\/product_brand?post=8891"},{"taxonomy":"product_cat","embeddable":true,"href":"https:\/\/carolyoungcorp.com\/es\/wp-json\/wp\/v2\/product_cat?post=8891"},{"taxonomy":"product_tag","embeddable":true,"href":"https:\/\/carolyoungcorp.com\/es\/wp-json\/wp\/v2\/product_tag?post=8891"}],"curies":[{"name":"wp","href":"https:\/\/api.w.org\/{rel}","templated":true}]}}