{"id":8874,"date":"2021-04-13T06:39:34","date_gmt":"2021-04-13T06:39:34","guid":{"rendered":"https:\/\/carolyoungcorp.com\/products\/antibacterial-and-anti-mold-drink-shelf-for-interior-cover-and-decoration"},"modified":"2025-11-27T09:38:25","modified_gmt":"2025-11-27T09:38:25","slug":"antibacterial-and-anti-mold-drink-shelf-for-interior-cover-and-decoration","status":"publish","type":"product","link":"https:\/\/carolyoungcorp.com\/es\/products\/antibacterial-and-anti-mold-drink-shelf-for-interior-cover-and-decoration","title":{"rendered":"Estante para bebidas de madera maciza antibacteriano y antimoho para cubrir y decorar postes\/columnas interiores."},"content":{"rendered":"<p>Estante para bebidas de madera maciza antibacteriano y antimoho para cubrir y decorar postes\/columnas interiores.<\/p>\n<p>Ante la epidemia de COVID-19 (anteriormente conocida como neumon\u00eda de Wuhan), que contin\u00faa causando graves desastres en todo el mundo, existe una gran demanda de productos de protecci\u00f3n antibacterianos, desinfectantes y esterilizantes. La higiene del hogar, la prevenci\u00f3n de epidemias y la atenci\u00f3n m\u00e9dica son temas de gran importancia en estos momentos.<\/p>\n<p>RX-SiN4 (grupo trimetoxisililo y su sal de amonio cuaternario trihidroxilado) es un agente antibacteriano y antimoho de alto rendimiento.<\/p>\n<p>Los muebles de madera para interiores o los materiales decorativos de madera se pueden rociar con RX-SiN4, un agente antibacteriano, antimoho y desodorante de larga duraci\u00f3n. Tras el secado, el RX-SiN4 se hidroliza y reacciona formando una nanopel\u00edcula adherida a la superficie, ofreciendo una protecci\u00f3n duradera. La membrana elimina bacterias de forma prolongada e inhibe su crecimiento. Es un agente antimoho, antibacteriano, esterilizante y desodorante de larga duraci\u00f3n para muebles y materiales decorativos de madera. Su efecto es duradero y estable. El RX-SiN4 es eficaz durante un largo periodo y cumple con la Ley Federal de Alimentos, Medicamentos y Cosm\u00e9ticos (FFDCA) de EE. UU. Se puede utilizar con sustancias qu\u00edmicas, no es t\u00f3xico ni irrita la piel, e incluso el contacto prolongado con el cuerpo no tiene efectos adversos.<\/p>\n<p>Despu\u00e9s de pulverizarlo con RX-SiN4, convierte los muebles de madera comunes o los materiales de decoraci\u00f3n de madera en muebles con una resistencia antibacteriana y antimoho de larga duraci\u00f3n.<\/p>\n<p>Un experimento de SGS ha verificado que Escherichia coli, Pseudomonas aeruginosa, Candida albicans y Staphylococcus aureus subsp. aureus presentan una tasa antibacteriana superior al 99,9 %. (Consulte el informe de prueba de SGS adjunto).<\/p>\n<p>Estante para bebidas de madera maciza<\/p>\n<p>USO: Recubrimiento y decoraci\u00f3n de columnas\/postes romanos, cubiertas para postes de s\u00f3tanos, cubiertas para postes de s\u00f3tanos, envolturas de columnas interiores, envolturas de postes, envoltura de madera<\/p>\n<table width=\"0\">\n<tbody>\n<tr>\n<td>especificaciones del producto<\/td>\n<td>Descripci\u00f3n del Producto<\/td>\n<\/tr>\n<tr>\n<td>C\u00f3digo n.\u00b0<\/td>\n<td>294-13 + 294-14<\/td>\n<\/tr>\n<tr>\n<td>MATERIAL<\/td>\n<td>Roble rojo macizo<\/td>\n<\/tr>\n<tr>\n<td>ESTRUCTURA<\/td>\n<td>arriba\u2014placa, abajo\u2014soporte<\/td>\n<\/tr>\n<tr>\n<td>TAMA\u00d1O<\/td>\n<td>Placa: dos mitades, di\u00e1metro 17-1\/2\u201d, radio interior de corte 1\/2\u201d, orificio 3-1\/2\u201d, 4\u201d y 4-1\/2\u201d<\/p>\n<p>Soporte: ancho 4\u201d, largo 8\u201d, grosor 20 mm, radio exterior de corte 3\/8\u201d, orificio 10 mm<\/td>\n<\/tr>\n<\/tbody>\n<\/table>\n<p>PERSONAJE:<\/p>\n<table>\n<tbody>\n<tr>\n<td width=\"566\">1- El estante para bebidas de madera maciza se puede instalar en el poste y la columna para un uso multiprop\u00f3sito, por ejemplo, para colocar la bebida, la taza, el plato y las plantas en macetas, etc.<\/td>\n<\/tr>\n<tr>\n<td width=\"566\">2- El estante para bebidas de madera maciza se adapta al 100% al decorar la columna y el poste.<\/td>\n<\/tr>\n<tr>\n<td width=\"566\">3- El estante para bebidas de madera maciza se puede te\u00f1ir o pintar para combinar con la decoraci\u00f3n interior.<\/td>\n<\/tr>\n<tr>\n<td width=\"566\">4- Estante para bebidas de madera maciza: se puede utilizar otro tipo de madera maciza.<\/td>\n<\/tr>\n<tr>\n<td width=\"566\">5- El estante para bebidas de madera maciza ser\u00e1 pr\u00e1ctico y hermoso para la tapicer\u00eda interior.<\/td>\n<\/tr>\n<tr>\n<td width=\"566\">6- El estante para bebidas de madera maciza se instala f\u00e1cilmente con pegamento normal por bricolaje.<\/td>\n<\/tr>\n<\/tbody>\n<\/table>\n<p>Todos nuestros productos se fabrican en TAIW\u00c1N, no en CHINA.<\/p>\n","protected":false},"excerpt":{"rendered":"<p>Estante para bebidas de madera maciza antibacteriano y antimoho para cubrir y decorar postes\/columnas interiores.<\/p>\n<p>Epidemia de COVID-19 (anteriormente conocida como neumon\u00eda de Wuhan) que caus\u00f3 graves desastres en todo el mundo.<\/p>\n<p>La higiene del hogar, la prevenci\u00f3n de epidemias y el cuidado de la salud son temas importantes.<\/p>\n<p>El efecto es duradero y estable. Cumple con la Ley Federal de Alimentos, Medicamentos y Cosm\u00e9ticos (FFDCA) de EE. UU. y se pueden utilizar sustancias qu\u00edmicas.<\/p>\n<p>El estante para bebidas de madera maciza se instala f\u00e1cilmente con pegamento normal mediante bricolaje.<\/p>\n","protected":false},"featured_media":5183,"template":"","meta":[],"product_brand":[],"product_cat":[535,544],"product_tag":[383,622,624,747,748,899,907,908,929,930],"class_list":{"0":"post-8874","1":"product","2":"type-product","3":"status-publish","4":"has-post-thumbnail","6":"product_cat-multipurpose-solid-wood-shelf-on-pole-installed-by-diy","7":"product_cat-solid-wood-shelf-for-pole-roman-column-decoration","8":"product_tag-cubierta-de-poste-columna","9":"product_tag-diy-material-es","10":"product_tag-material-de-bricolaje","11":"product_tag-decoracion-interior-de-madera","12":"product_tag-decoracion-de-postes-columnas","13":"product_tag-covid-19-es","14":"product_tag-antimoho","15":"product_tag-antibacteriano","16":"product_tag-desodorante","17":"product_tag-juego-de-estantes","19":"first","20":"instock","21":"shipping-taxable","22":"product-type-simple"},"jetpack_sharing_enabled":true,"_links":{"self":[{"href":"https:\/\/carolyoungcorp.com\/es\/wp-json\/wp\/v2\/product\/8874","targetHints":{"allow":["GET"]}}],"collection":[{"href":"https:\/\/carolyoungcorp.com\/es\/wp-json\/wp\/v2\/product"}],"about":[{"href":"https:\/\/carolyoungcorp.com\/es\/wp-json\/wp\/v2\/types\/product"}],"wp:featuredmedia":[{"embeddable":true,"href":"https:\/\/carolyoungcorp.com\/es\/wp-json\/wp\/v2\/media\/5183"}],"wp:attachment":[{"href":"https:\/\/carolyoungcorp.com\/es\/wp-json\/wp\/v2\/media?parent=8874"}],"wp:term":[{"taxonomy":"product_brand","embeddable":true,"href":"https:\/\/carolyoungcorp.com\/es\/wp-json\/wp\/v2\/product_brand?post=8874"},{"taxonomy":"product_cat","embeddable":true,"href":"https:\/\/carolyoungcorp.com\/es\/wp-json\/wp\/v2\/product_cat?post=8874"},{"taxonomy":"product_tag","embeddable":true,"href":"https:\/\/carolyoungcorp.com\/es\/wp-json\/wp\/v2\/product_tag?post=8874"}],"curies":[{"name":"wp","href":"https:\/\/api.w.org\/{rel}","templated":true}]}}