{"id":8866,"date":"2021-04-14T08:49:07","date_gmt":"2021-04-14T08:49:07","guid":{"rendered":"https:\/\/carolyoungcorp.com\/products\/shelving-stands-with-antibacterial-and-anti-mold-effect"},"modified":"2025-11-27T09:23:54","modified_gmt":"2025-11-27T09:23:54","slug":"shelving-stands-with-antibacterial-and-anti-mold-effect","status":"publish","type":"product","link":"https:\/\/carolyoungcorp.com\/es\/products\/shelving-stands-with-antibacterial-and-anti-mold-effect","title":{"rendered":"Estanter\u00edas con efecto antibacteriano y antimoho para productos de madera"},"content":{"rendered":"<h2>Estanter\u00edas con efecto antibacteriano y antimoho para productos de madera<\/h2>\n<p>Ante la epidemia de COVID-19 (anteriormente conocida como neumon\u00eda de Wuhan), que ha causado graves desastres en todo el mundo, la higiene del hogar, la prevenci\u00f3n de epidemias y la atenci\u00f3n m\u00e9dica son temas prioritarios en este momento. Existe una gran demanda de productos de protecci\u00f3n antibacterianos, desinfectantes y esterilizantes.<\/p>\n<p>El RX-SiN\u2084 (grupo trimetoxisililo y su sal de amonio cuaternario trihidroxi hidrolizada) es un agente antibacteriano y antimoho de alto rendimiento. Los muebles de madera para interiores o los materiales decorativos de madera pueden pulverizarse con el RX-SiN\u2084, un agente antibacteriano, antimoho y desodorante de larga duraci\u00f3n.<\/p>\n<p>Tras el secado, el RX-SiN4 se hidroliza y reacciona para formar una nanopel\u00edcula adherida a la superficie, lo que proporciona una protecci\u00f3n duradera. La membrana elimina bacterias de forma prolongada e inhibe su crecimiento. Es un antimoho, antibacteriano, esterilizante y desodorante de larga duraci\u00f3n para muebles y materiales de decoraci\u00f3n de madera. Su efecto es duradero y estable. El RX-SiN4 ofrece una larga duraci\u00f3n y cumple con la Ley Federal de Alimentos, Medicamentos y Cosm\u00e9ticos (FFDCA) de EE. UU., por lo que puede utilizarse con sustancias qu\u00edmicas. El RX-SiN4 no es t\u00f3xico ni irritante para la piel; incluso el contacto prolongado con el cuerpo no presenta efectos adversos.<\/p>\n<p>Despu\u00e9s de pulverizarlo con RX-SiN4, convierte los muebles de madera comunes o los materiales de decoraci\u00f3n de madera en muebles con una resistencia antibacteriana y antimoho de larga duraci\u00f3n.<\/p>\n<p>Un experimento de SGS ha verificado que Escherichia coli, Pseudomonas aeruginosa, Candida albicans y Staphylococcus aureus subsp. aureus presentan una tasa antibacteriana superior al 99,9 %. (Consulte el informe de prueba de SGS adjunto).<\/p>\n<p>-Estante que se puede instalar en postes y columnas para usos m\u00faltiples, por ejemplo para colocar bebidas, tazas, platos, plantas en macetas y una variedad de decoraciones o art\u00edculos para el hogar.<br \/>\n&#8211; Cubiertas para postes de s\u00f3tano, cubiertas para postes de s\u00f3tano, cubiertas para columnas de s\u00f3tano, revestimiento de madera, revestimientos para columnas interiores.<br \/>\n&#8211; Fabricadas con madera maciza.<br \/>\n&#8211; F\u00e1cil instalaci\u00f3n.<\/p>\n<table width=\"0\">\n<tbody>\n<tr>\n<td>especificaciones del producto<\/td>\n<td>Descripci\u00f3n del Producto<\/td>\n<\/tr>\n<tr>\n<td>C\u00d3DIGO N\u00daMERO<\/td>\n<td>294-13 + 294-14<\/td>\n<\/tr>\n<tr>\n<td>MATERIAL<\/td>\n<td>Roble rojo macizo<\/td>\n<\/tr>\n<tr>\n<td>ESTRUCTURA<\/td>\n<td>arriba\u2014placa, abajo\u2014soporte<\/td>\n<\/tr>\n<tr>\n<td>TAMA\u00d1O<\/td>\n<td>Placa: dos mitades, di\u00e1metro 17-1\/2\u201d, radio interior de corte 1\/2\u201d, orificio 3-1\/2\u201d, 4\u201d y 4-1\/2\u201d<\/p>\n<p>Soporte: ancho 4\u201d, largo 8\u201d, grosor 20 mm, radio exterior de corte 3\/8\u201d, orificio 10 mm<\/td>\n<\/tr>\n<\/tbody>\n<\/table>\n<p>PERSONAJE:<\/p>\n<table>\n<tbody>\n<tr>\n<td width=\"566\">1) Se puede instalar en postes y columnas para usos m\u00faltiples, por ejemplo, para colocar bebidas, tazas, platos y plantas en macetas, etc.<\/td>\n<\/tr>\n<tr>\n<td width=\"566\">2) Se ajusta al 100% al decorar la columna y el poste romanos.<\/td>\n<\/tr>\n<tr>\n<td width=\"566\">3) Se puede te\u00f1ir o pintar para combinar con la decoraci\u00f3n interior.<\/td>\n<\/tr>\n<tr>\n<td width=\"566\">4) Se puede utilizar otro tipo de madera maciza.<\/td>\n<\/tr>\n<tr>\n<td width=\"566\">5) Ser\u00e1 pr\u00e1ctico y hermoso para la tapicer\u00eda interior.<\/td>\n<\/tr>\n<tr>\n<td width=\"566\">6) Es f\u00e1cil de instalar con pegamento normal por bricolaje.<\/td>\n<\/tr>\n<\/tbody>\n<\/table>\n<p>El producto est\u00e1 HECHO EN TAIW\u00c1N, no EN CHINA.<\/p>\n","protected":false},"excerpt":{"rendered":"<p>Estanter\u00edas con efecto antibacteriano y antimoho<\/p>\n<p>La gente tiene una gran demanda de productos protectores antibacterianos, desinfectantes y esterilizantes.<\/p>\n<p>Es un antimoho, antibacteriano, esterilizante y desodorante de larga duraci\u00f3n para muebles y materiales decorativos de madera.<\/p>\n<p>Cumple con la Ley Federal de Alimentos, Medicamentos y Cosm\u00e9ticos (FFDCA) de EE. UU. y puede utilizarse con sustancias qu\u00edmicas.<\/p>\n<p>It turns ordinary wooden furniture or wooden decoration materials into furniture with long-lasting antibacterial and anti-mold resistance.<\/p>\n<p>Estanter\u00eda que se puede instalar en postes y columnas para m\u00faltiples usos, por ejemplo, para colocar bebidas, tazas, platos, plantas en macetas y una variedad de decoraciones o art\u00edculos para el hogar.<\/p>\n<p>Cubiertas para postes de s\u00f3tano, cubiertas para postes de s\u00f3tano, cubiertas para columnas de s\u00f3tano, revestimiento de madera, revestimientos para columnas interiores.<\/p>\n","protected":false},"featured_media":5183,"template":"","meta":[],"product_brand":[],"product_cat":[535,544],"product_tag":[563,624,670,724,899,901,907,908,909,910],"class_list":{"0":"post-8866","1":"product","2":"type-product","3":"status-publish","4":"has-post-thumbnail","6":"product_cat-multipurpose-solid-wood-shelf-on-pole-installed-by-diy","7":"product_cat-solid-wood-shelf-for-pole-roman-column-decoration","8":"product_tag-decoracion-de-interiores","9":"product_tag-material-de-bricolaje","10":"product_tag-decoracion-de-madera","11":"product_tag-cubierta-y-decoracion-de-postes-columnas","12":"product_tag-covid-19-es","13":"product_tag-ffdca-es","14":"product_tag-antimoho","15":"product_tag-antibacteriano","16":"product_tag-estante-para-bebidas","17":"product_tag-soporte-de-estanteria","19":"first","20":"instock","21":"shipping-taxable","22":"product-type-simple"},"jetpack_sharing_enabled":true,"_links":{"self":[{"href":"https:\/\/carolyoungcorp.com\/es\/wp-json\/wp\/v2\/product\/8866","targetHints":{"allow":["GET"]}}],"collection":[{"href":"https:\/\/carolyoungcorp.com\/es\/wp-json\/wp\/v2\/product"}],"about":[{"href":"https:\/\/carolyoungcorp.com\/es\/wp-json\/wp\/v2\/types\/product"}],"wp:featuredmedia":[{"embeddable":true,"href":"https:\/\/carolyoungcorp.com\/es\/wp-json\/wp\/v2\/media\/5183"}],"wp:attachment":[{"href":"https:\/\/carolyoungcorp.com\/es\/wp-json\/wp\/v2\/media?parent=8866"}],"wp:term":[{"taxonomy":"product_brand","embeddable":true,"href":"https:\/\/carolyoungcorp.com\/es\/wp-json\/wp\/v2\/product_brand?post=8866"},{"taxonomy":"product_cat","embeddable":true,"href":"https:\/\/carolyoungcorp.com\/es\/wp-json\/wp\/v2\/product_cat?post=8866"},{"taxonomy":"product_tag","embeddable":true,"href":"https:\/\/carolyoungcorp.com\/es\/wp-json\/wp\/v2\/product_tag?post=8866"}],"curies":[{"name":"wp","href":"https:\/\/api.w.org\/{rel}","templated":true}]}}