{"id":8848,"date":"2021-07-06T09:38:37","date_gmt":"2021-07-06T09:38:37","guid":{"rendered":"https:\/\/carolyoungcorp.com\/products\/half-round-solid-wood-panel-for-covering-and-decoration"},"modified":"2025-11-27T09:15:45","modified_gmt":"2025-11-27T09:15:45","slug":"half-round-solid-wood-panel-for-covering-and-decoration","status":"publish","type":"product","link":"https:\/\/carolyoungcorp.com\/es\/products\/half-round-solid-wood-panel-for-covering-and-decoration","title":{"rendered":"Listones de madera flexibles Tablero de madera maciza semicircular para paredes interiores, postes\/columnas redondos y objetos redondos Revestimiento y decoraci\u00f3n"},"content":{"rendered":"<h2>Listones de madera flexibles Tablero de madera maciza semicircular para paredes interiores, postes\/columnas redondos y objetos redondos Revestimiento y decoraci\u00f3n<\/h2>\n<p>Uso: cubiertas para postes de s\u00f3tanos, cubiertas para postes de s\u00f3tanos, envolturas de columnas interiores, envoltura de madera, revestimiento y decoraci\u00f3n de paredes y techos, revestimiento y decoraci\u00f3n de columnas romanas y de postes<\/p>\n<table width=\"0\">\n<tbody>\n<tr>\n<td>especificaciones del producto<\/td>\n<td>Descripci\u00f3n del Producto<\/td>\n<\/tr>\n<tr>\n<td>C\u00f3digo n.\u00b0<\/td>\n<td>WOOD 34-58<\/td>\n<\/tr>\n<tr>\n<td>Material<\/td>\n<td>Madera maciza de roble rojo<\/td>\n<\/tr>\n<tr>\n<td>Tama\u00f1o<\/td>\n<td>9 mm x 4 pies x 8 pies<\/td>\n<\/tr>\n<tr>\n<td>Raya<\/td>\n<td>19 mm ancho<\/td>\n<\/tr>\n<tr>\n<td>Apoyo<\/td>\n<td>papel kraft<\/td>\n<\/tr>\n<\/tbody>\n<\/table>\n<p>Personaje:<\/p>\n<table>\n<tbody>\n<tr>\n<td width=\"566\">1- F\u00e1cil instalaci\u00f3n con pegamento normal para tapicer\u00eda mediante bricolaje.<\/td>\n<\/tr>\n<tr>\n<td width=\"566\">2- El ancho y la altura se pueden recortar para que se ajusten a la dimensi\u00f3n exacta.<\/td>\n<\/tr>\n<tr>\n<td width=\"566\">3- Es flexible por lo que puede ajustarse perfectamente a la forma decorativa.<\/td>\n<\/tr>\n<tr>\n<td width=\"566\">4- Se puede sustituir por otro tipo de madera maciza o por tablero MDF. Si se utiliza tablero MDF, se puede te\u00f1ir o pintar para que combine con la decoraci\u00f3n interior.<\/td>\n<\/tr>\n<\/tbody>\n<\/table>\n<p>&nbsp;<\/p>\n","protected":false},"excerpt":{"rendered":"<h2>Listones de madera flexibles Tablero de madera maciza semicircular para paredes interiores, postes\/columnas redondos y objetos redondos Revestimiento y decoraci\u00f3n<\/h2>\n<p>Uso: cubiertas para postes de s\u00f3tanos, cubiertas para postes de s\u00f3tanos, envolturas de columnas interiores, envoltura de madera, revestimiento y decoraci\u00f3n de paredes y techos, revestimiento y decoraci\u00f3n de columnas romanas y de postes<\/p>\n<p>Panel de madera maciza semicircular de listones flexibles para revestimiento y decoraci\u00f3n de interiores<\/p>\n<p>Panel de madera maciza semicircular de listones flexibles para revestimiento y decoraci\u00f3n de paredes y techos.<\/p>\n<p>F\u00e1cil instalaci\u00f3n con pegamento normal para tapicer\u00eda mediante bricolaje.<\/p>\n<p>&nbsp;<\/p>\n<p>&nbsp;<\/p>\n","protected":false},"featured_media":5418,"template":"","meta":[],"product_brand":[],"product_cat":[370,373],"product_tag":[854,853,819,726,670,624,563,452,448,388],"class_list":{"0":"post-8848","1":"product","2":"type-product","3":"status-publish","4":"has-post-thumbnail","6":"product_cat-pole-column-wall-and-furniture-surface-covers-by-diy","7":"product_cat-flexible-wood-slats-panel-for-interior-wall-ceiling-and-pole-column-covering-and-decoration","8":"product_tag-decoracion-de-pared-techo-poste-columna","9":"product_tag-revestimiento-interior","10":"product_tag-material-de-tapiceria","11":"product_tag-revestimiento-de-pared-techo-poste-columna","12":"product_tag-decoracion-de-madera","13":"product_tag-material-de-bricolaje","14":"product_tag-decoracion-de-interiores","15":"product_tag-tablero-de-control","16":"product_tag-material-de-construccion","17":"product_tag-material-de-madera","19":"first","20":"instock","21":"shipping-taxable","22":"product-type-simple"},"jetpack_sharing_enabled":true,"_links":{"self":[{"href":"https:\/\/carolyoungcorp.com\/es\/wp-json\/wp\/v2\/product\/8848","targetHints":{"allow":["GET"]}}],"collection":[{"href":"https:\/\/carolyoungcorp.com\/es\/wp-json\/wp\/v2\/product"}],"about":[{"href":"https:\/\/carolyoungcorp.com\/es\/wp-json\/wp\/v2\/types\/product"}],"wp:featuredmedia":[{"embeddable":true,"href":"https:\/\/carolyoungcorp.com\/es\/wp-json\/wp\/v2\/media\/5418"}],"wp:attachment":[{"href":"https:\/\/carolyoungcorp.com\/es\/wp-json\/wp\/v2\/media?parent=8848"}],"wp:term":[{"taxonomy":"product_brand","embeddable":true,"href":"https:\/\/carolyoungcorp.com\/es\/wp-json\/wp\/v2\/product_brand?post=8848"},{"taxonomy":"product_cat","embeddable":true,"href":"https:\/\/carolyoungcorp.com\/es\/wp-json\/wp\/v2\/product_cat?post=8848"},{"taxonomy":"product_tag","embeddable":true,"href":"https:\/\/carolyoungcorp.com\/es\/wp-json\/wp\/v2\/product_tag?post=8848"}],"curies":[{"name":"wp","href":"https:\/\/api.w.org\/{rel}","templated":true}]}}