{"id":8838,"date":"2021-07-07T07:47:38","date_gmt":"2021-07-07T07:47:38","guid":{"rendered":"https:\/\/carolyoungcorp.com\/products\/flexible-half-round-solid-wood-panel-for-covering-and-decoration"},"modified":"2025-11-27T09:09:18","modified_gmt":"2025-11-27T09:09:18","slug":"flexible-half-round-solid-wood-panel-for-covering-and-decoration","status":"publish","type":"product","link":"https:\/\/carolyoungcorp.com\/es\/products\/flexible-half-round-solid-wood-panel-for-covering-and-decoration","title":{"rendered":"Panel flexible de listones de madera maciza de media ca\u00f1a para revestimiento y decoraci\u00f3n de paredes y postes."},"content":{"rendered":"<h2 class=\"entry-title\">Tableros de listones de madera flexibles para mostradores de recepci\u00f3n curvos o frentes de barra y decoraci\u00f3n de paredes y postes curvos<\/h2>\n<p>Uso: revestimiento y decoraci\u00f3n de paredes y techos, revestimiento de madera, revestimiento de postes, revestimiento de postes de s\u00f3tano para bricolaje, revestimiento y decoraci\u00f3n de postes y columnas romanas.<\/p>\n<p>Utilice paneles de listones de madera flexibles para mostradores de recepci\u00f3n curvos o frentes de bar. Decorar paredes y postes curvos ser\u00e1 m\u00e1s r\u00e1pido y sencillo si lo hace usted mismo. Tambi\u00e9n puede obtener m\u00e1s dise\u00f1os gratuitos. Para su referencia, la informaci\u00f3n para construir un frente de bar se encuentra a continuaci\u00f3n.<\/p>\n<p>Primero- Es necesario medir el tama\u00f1o del frente de la barra que se va a cubrir.<br \/>\nSegundo- Seg\u00fan el tama\u00f1o medido, puede recortarlo con una sierra de dientes finos o cortarlo a lo largo con un cortador.<br \/>\nTercero- Puedes pegar en la parte posterior del tablero y pegar el panel de listones de madera de media ca\u00f1a en el frente de la barra.<\/p>\n<p>Anteriormente, este producto consist\u00eda en tiras de madera maciza semicirculares unidas a mano una a una. Este proceso no solo era laborioso, sino tambi\u00e9n costoso. Las tiras largas y delgadas tienden a torcerse, desplazarse y deslizarse durante o despu\u00e9s del corte o fresado. Esto puede causar problemas de alineaci\u00f3n, espaciado y paralelismo.<\/p>\n<p>Ahora, nuestro panel de listones de madera semicirculares flexibles viene en una l\u00e1mina completa de 4&#8242; (ancho) x 8&#8242; (alto). El punto clave es que nuestro panel de listones de madera semicirculares flexibles en una l\u00e1mina completa es m\u00e1s econ\u00f3mico que el producto anterior con tiras una por una. No solo se puede usar en frentes de barras, sino que tambi\u00e9n se puede usar en paredes, tabiques, revestimientos de madera, envolturas de postes\/columnas, frentes de cajones y puertas de persiana.<br \/>\nConsulte nuestro tablero de listones de madera semicirculares, c\u00f3digo n.\u00b0 CY300-01N y CY300-02N.<\/p>\n<p>Personaje:<\/p>\n<table>\n<tbody>\n<tr>\n<td width=\"566\">1- F\u00e1cil instalaci\u00f3n con pegamento normal para tapicer\u00eda mediante bricolaje.<\/td>\n<\/tr>\n<tr>\n<td width=\"566\">2- El ancho y la altura se pueden recortar para que se ajusten a la dimensi\u00f3n exacta.<\/td>\n<\/tr>\n<tr>\n<td width=\"566\">3- Es flexible por lo que puede adaptarse perfectamente a la forma decorativa.<\/td>\n<\/tr>\n<tr>\n<td width=\"566\">4- Se puede sustituir por otro tipo de madera maciza o por tablero MDF. Si se utiliza tablero MDF, se puede te\u00f1ir o pintar para que combine con la decoraci\u00f3n interior.<\/td>\n<\/tr>\n<\/tbody>\n<\/table>\n<p>&nbsp;<\/p>\n","protected":false},"excerpt":{"rendered":"<p>Uso: revestimiento y decoraci\u00f3n de paredes y techos, revestimiento de madera, revestimiento de postes, revestimiento de postes de s\u00f3tano para bricolaje, revestimiento y decoraci\u00f3n de postes y columnas romanas.<\/p>\n<p>Es flexible por lo que puede adaptarse perfectamente a la forma decorativa.<\/p>\n<p>F\u00e1cil instalaci\u00f3n con pegamento normal para tapicer\u00eda mediante bricolaje.<\/p>\n","protected":false},"featured_media":5658,"template":"","meta":[],"product_brand":[],"product_cat":[370,373],"product_tag":[384,451,624,670,724,806,819,841],"class_list":{"0":"post-8838","1":"product","2":"type-product","3":"status-publish","4":"has-post-thumbnail","6":"product_cat-pole-column-wall-and-furniture-surface-covers-by-diy","7":"product_cat-flexible-wood-slats-panel-for-interior-wall-ceiling-and-pole-column-covering-and-decoration","8":"product_tag-revestimiento-y-decoracion-de-paredes","9":"product_tag-cubierta-interior-y-decoracion","10":"product_tag-material-de-bricolaje","11":"product_tag-decoracion-de-madera","12":"product_tag-cubierta-y-decoracion-de-postes-columnas","13":"product_tag-material-de-construccion-de-decoracion","14":"product_tag-material-de-tapiceria","15":"product_tag-revestimiento-de-pared-techo","17":"first","18":"instock","19":"shipping-taxable","20":"product-type-simple"},"jetpack_sharing_enabled":true,"_links":{"self":[{"href":"https:\/\/carolyoungcorp.com\/es\/wp-json\/wp\/v2\/product\/8838","targetHints":{"allow":["GET"]}}],"collection":[{"href":"https:\/\/carolyoungcorp.com\/es\/wp-json\/wp\/v2\/product"}],"about":[{"href":"https:\/\/carolyoungcorp.com\/es\/wp-json\/wp\/v2\/types\/product"}],"wp:featuredmedia":[{"embeddable":true,"href":"https:\/\/carolyoungcorp.com\/es\/wp-json\/wp\/v2\/media\/5658"}],"wp:attachment":[{"href":"https:\/\/carolyoungcorp.com\/es\/wp-json\/wp\/v2\/media?parent=8838"}],"wp:term":[{"taxonomy":"product_brand","embeddable":true,"href":"https:\/\/carolyoungcorp.com\/es\/wp-json\/wp\/v2\/product_brand?post=8838"},{"taxonomy":"product_cat","embeddable":true,"href":"https:\/\/carolyoungcorp.com\/es\/wp-json\/wp\/v2\/product_cat?post=8838"},{"taxonomy":"product_tag","embeddable":true,"href":"https:\/\/carolyoungcorp.com\/es\/wp-json\/wp\/v2\/product_tag?post=8838"}],"curies":[{"name":"wp","href":"https:\/\/api.w.org\/{rel}","templated":true}]}}