{"id":8817,"date":"2021-07-07T08:06:03","date_gmt":"2021-07-07T08:06:03","guid":{"rendered":"https:\/\/carolyoungcorp.com\/products\/half-round-solid-wood-panel-with-solid-wood-molding-for-pole-column-covering-and-decoration"},"modified":"2025-11-07T08:34:09","modified_gmt":"2025-11-07T08:34:09","slug":"half-round-solid-wood-panel-with-solid-wood-molding-for-pole-column-covering-and-decoration","status":"publish","type":"product","link":"https:\/\/carolyoungcorp.com\/es\/products\/half-round-solid-wood-panel-with-solid-wood-molding-for-pole-column-covering-and-decoration","title":{"rendered":"Panel de listones de madera maciza semicircular con moldura de madera maciza para cubrir y decorar postes\/columnas"},"content":{"rendered":"<h2>Revestimiento y molduras de listones de madera &#8211; Tablero y molduras de listones de madera maciza semicirculares flexibles para cubierta y decoraci\u00f3n de postes\/columnas interiores<\/h2>\n<p>&nbsp;<\/p>\n<h3>Tablero flexible de listones de madera semicirculares para envolver postes u objetos redondos y cubrir paredes<\/h3>\n<p>Uso: envoltura de poste semicircular, varilla semicircular para envoltura de poste, cubierta de pared, decoraci\u00f3n de interiores, cubierta de poste\/poste de s\u00f3tano de bricolaje, envolturas de columnas interiores, envoltura de madera, cubierta y decoraci\u00f3n de pared\/techo curvo, cubierta y decoraci\u00f3n de columna\/poste romano<\/p>\n<table width=\"0\">\n<tbody>\n<tr>\n<td>especificaciones del producto<\/td>\n<td>Descripci\u00f3n del Producto<\/td>\n<\/tr>\n<tr>\n<td>C\u00f3digo n.\u00b0<\/td>\n<td>WOOD 34-58<\/td>\n<\/tr>\n<tr>\n<td>Material<\/td>\n<td>Madera maciza de roble rojo<\/td>\n<\/tr>\n<tr>\n<td>Tama\u00f1o<\/td>\n<td>9 mm X 4 pies X 8 pies<\/td>\n<\/tr>\n<tr>\n<td>Raya<\/td>\n<td>19 mm de ancho<\/td>\n<\/tr>\n<tr>\n<td>Apoyo<\/td>\n<td>papel kraft<\/td>\n<\/tr>\n<\/tbody>\n<\/table>\n<p>Personaje:<\/p>\n<table>\n<tbody>\n<tr>\n<td width=\"566\">1- F\u00e1cil instalaci\u00f3n con pegamento normal para tapicer\u00eda mediante bricolaje.<\/td>\n<\/tr>\n<tr>\n<td width=\"566\">2- El ancho y la altura se pueden recortar para que se ajusten a la dimensi\u00f3n\u00a0 \u00a0 \u00a0 \u00a0 \u00a0 \u00a0 exacta.<\/td>\n<\/tr>\n<tr>\n<td width=\"566\">3- Es flexible por lo que puede ajustarse perfectamente a la forma decorativa.<\/td>\n<\/tr>\n<tr>\n<td width=\"566\">4- Se puede cambiar por otro tipo de madera maciza o ser solo tablero MDF. Si\u00a0 \u00a0 \u00a0 se usa tablero MDF se puede te\u00f1ir o pintar para que combine con la\u00a0 \u00a0 \u00a0 \u00a0 \u00a0 \u00a0 \u00a0 \u00a0 \u00a0 \u00a0 \u00a0 \u00a0decoraci\u00f3n interior.<\/td>\n<\/tr>\n<\/tbody>\n<\/table>\n<p>&nbsp;<\/p>\n<p>Moldura de madera maciza para decoraci\u00f3n de columnas y postes romanos<\/p>\n<p>Uso: Decoraci\u00f3n de columnas y postes romanos.<\/p>\n<table width=\"0\">\n<tbody>\n<tr>\n<td>especificaciones del producto<\/td>\n<td>Descripci\u00f3n del Producto<\/td>\n<\/tr>\n<tr>\n<td>C\u00f3digo n.\u00b0<\/td>\n<td>294-00<\/td>\n<\/tr>\n<tr>\n<td>Material<\/td>\n<td>Roble rojo macizo<\/td>\n<\/tr>\n<tr>\n<td>Estructura<\/td>\n<td>Juego de tapa y juego de base<\/td>\n<\/tr>\n<tr>\n<td>Forma<\/td>\n<td>Oct\u00e1gono en dos mitades (tambi\u00e9n se puede hacer en cuadrado)<\/td>\n<\/tr>\n<tr>\n<td>Altura<\/td>\n<td>3\/4 de pulgada<\/td>\n<\/tr>\n<tr>\n<td>Tama\u00f1o<\/td>\n<td>Juego de tapas\u2026 di\u00e1metros de 6 y 7 pulgadas, con orificios de 3-1\/2, 4 o 4-1\/2 pulgadas y un radio interior de 1\/2 pulgada.<\/p>\n<p>Juego de bases\u2026 di\u00e1metros de 7 y 8 pulgadas, con orificios de 3-1\/2, 4 o 4-1\/2 pulgadas y un radio exterior de 1\/2 pulgada.<\/td>\n<\/tr>\n<\/tbody>\n<\/table>\n<p>&nbsp;<\/p>\n<p>Personaje:<\/p>\n<table>\n<tbody>\n<tr>\n<td width=\"566\">1- Es de f\u00e1cil instalaci\u00f3n con pegamento normal por bricolaje.<\/td>\n<\/tr>\n<tr>\n<td width=\"566\">2- Se ajusta al 100% al decorar la columna o poste romano.<\/td>\n<\/tr>\n<tr>\n<td width=\"566\">3- Se puede te\u00f1ir o pintar para combinar con la decoraci\u00f3n interior.<\/td>\n<\/tr>\n<tr>\n<td width=\"566\">4-Se puede utilizar otro tipo de madera maciza.<\/td>\n<\/tr>\n<\/tbody>\n<\/table>\n<p>&nbsp;<\/p>\n<p>Palabras clave: envoltura de poste de media ca\u00f1a, varilla de media ca\u00f1a para envoltura de poste, columna romana, decoraci\u00f3n de postes, decoraci\u00f3n de interiores<\/p>\n","protected":false},"excerpt":{"rendered":"<h2>El panel de listones de madera semicirculares flexibles se puede instalar f\u00e1cilmente con pegamento normal para tapicer\u00eda por parte del usuario.<\/h2>\n<p>Moldura de madera maciza que se adapta al 100 % al decorar columnas o postes romanos.<\/p>\n<p>El panel de listones de madera maciza de media ca\u00f1a es flexible, por lo que puede adaptarse a la forma decorativa, como paredes curvas, postes redondos, muebles, tapizados y es f\u00e1cil de hacer por uno mismo.<\/p>\n","protected":false},"featured_media":5443,"template":"","meta":[],"product_brand":[],"product_cat":[541,370],"product_tag":[448,563,624,670,724,819,3722,3723,3724,3725],"class_list":{"0":"post-8817","1":"product","2":"type-product","3":"status-publish","4":"has-post-thumbnail","6":"product_cat-diy-square-octagon-solid-wood-molding-for-interior-decoration","7":"product_cat-pole-column-wall-and-furniture-surface-covers-by-diy","8":"product_tag-material-de-construccion","9":"product_tag-decoracion-de-interiores","10":"product_tag-material-de-bricolaje","11":"product_tag-decoracion-de-madera","12":"product_tag-cubierta-y-decoracion-de-postes-columnas","13":"product_tag-material-de-tapiceria","14":"product_tag-envoltura-de-poste-de-media-cana","15":"product_tag-varilla-de-media-cana-para-envoltura-de-poste","16":"product_tag-columna-romana","17":"product_tag-decoracion-de-postes","19":"first","20":"instock","21":"shipping-taxable","22":"product-type-simple"},"jetpack_sharing_enabled":true,"_links":{"self":[{"href":"https:\/\/carolyoungcorp.com\/es\/wp-json\/wp\/v2\/product\/8817","targetHints":{"allow":["GET"]}}],"collection":[{"href":"https:\/\/carolyoungcorp.com\/es\/wp-json\/wp\/v2\/product"}],"about":[{"href":"https:\/\/carolyoungcorp.com\/es\/wp-json\/wp\/v2\/types\/product"}],"wp:featuredmedia":[{"embeddable":true,"href":"https:\/\/carolyoungcorp.com\/es\/wp-json\/wp\/v2\/media\/5443"}],"wp:attachment":[{"href":"https:\/\/carolyoungcorp.com\/es\/wp-json\/wp\/v2\/media?parent=8817"}],"wp:term":[{"taxonomy":"product_brand","embeddable":true,"href":"https:\/\/carolyoungcorp.com\/es\/wp-json\/wp\/v2\/product_brand?post=8817"},{"taxonomy":"product_cat","embeddable":true,"href":"https:\/\/carolyoungcorp.com\/es\/wp-json\/wp\/v2\/product_cat?post=8817"},{"taxonomy":"product_tag","embeddable":true,"href":"https:\/\/carolyoungcorp.com\/es\/wp-json\/wp\/v2\/product_tag?post=8817"}],"curies":[{"name":"wp","href":"https:\/\/api.w.org\/{rel}","templated":true}]}}