{"id":8774,"date":"2022-04-01T06:57:04","date_gmt":"2022-04-01T06:57:04","guid":{"rendered":"https:\/\/carolyoungcorp.com\/products\/red-oak-panel-with-v-grooved-and-paper-backing-for-basement-poles-and-lally-columns-decoration-by-diy"},"modified":"2025-11-10T06:30:49","modified_gmt":"2025-11-10T06:30:49","slug":"red-oak-panel-with-v-grooved-and-paper-backing-for-basement-poles-and-lally-columns-decoration-by-diy","status":"publish","type":"product","link":"https:\/\/carolyoungcorp.com\/es\/products\/red-oak-panel-with-v-grooved-and-paper-backing-for-basement-poles-and-lally-columns-decoration-by-diy","title":{"rendered":"El panel de listones de madera superior de chapa de roble rojo flexible con ranuras en V y respaldo de papel es para postes de s\u00f3tano y decoraci\u00f3n de columnas de lally por bricolaje para obtener una decoraci\u00f3n de columna romana"},"content":{"rendered":"<h2>El panel de listones de madera superior de chapa de roble rojo flexible con ranuras en V y respaldo de papel es para postes de s\u00f3tano y decoraci\u00f3n de columnas de lally por bricolaje para obtener una decoraci\u00f3n de columna romana<\/h2>\n<p>El mejor panel de listones de madera superior con chapa de madera de roble rojo con ranuras en V flexibles est\u00e1 en tres capas, la parte superior en chapa de roble rojo seleccionada, el tablero central de MDF y la parte posterior con respaldo de papel. Las ranuras en V o estriadas en las dos capas superiores est\u00e1n dise\u00f1adas para una mayor flexibilidad, capacidad de enrollado y durabilidad, y con el dise\u00f1o de listones ser\u00e1 la primera opci\u00f3n para cubiertas de postes de s\u00f3tanos, envoltura de postes y decoraci\u00f3n de columnas romanas por bricolaje.<\/p>\n<p>&nbsp;<\/p>\n<table width=\"0\">\n<tbody>\n<tr>\n<td>especificaciones del producto<\/td>\n<td>Descripci\u00f3n del Producto<\/td>\n<\/tr>\n<tr>\n<td>Tipos de chapa de madera<\/td>\n<td>Chapa de roble rojo<br \/>\n(Tambi\u00e9n se puede utilizar chapa de arce, cerezo u otro tipo de chapa de madera, o simplemente tablero de MDF sin chapa de madera)<\/td>\n<\/tr>\n<tr>\n<td>Tama\u00f1o<\/td>\n<td>4 pies x 8 pies (1200 mm x 2400 mm)<\/td>\n<\/tr>\n<tr>\n<td>Espesor<\/td>\n<td>3 mm<\/td>\n<\/tr>\n<tr>\n<td>ranurado en V<\/td>\n<td>13 mm de ancho (43 mm, 67 mm y otros anchos disponibles, pero requieren pedidos especiales)<\/td>\n<\/tr>\n<tr>\n<td>Estructura<\/td>\n<td>Capa superior: chapa de madera, capa intermedia: tablero MDF, capa inferior: papel kraft (o soporte de tela no tejida reforzada con resina ecol\u00f3gica)<\/td>\n<\/tr>\n<tr>\n<td>Uso<\/td>\n<td>Revestimientos interiores para postes y columnas, paneles de madera para paredes, techos, revestimientos para muebles, suelos, z\u00f3calos, decoraci\u00f3n de columnas romanas, revestimientos para postes de s\u00f3tano (h\u00e1galo usted mismo), revestimientos para postes o columnas de s\u00f3tano, revestimientos para postes de s\u00f3tano, revestimientos para postes de s\u00f3tano, revestimientos para columnas de s\u00f3tano<\/td>\n<\/tr>\n<tr>\n<td>Origen<\/td>\n<td>Hecho en Taiw\u00e1n<\/td>\n<\/tr>\n<\/tbody>\n<\/table>\n<p>Ventaja:<\/p>\n<table>\n<tbody>\n<tr>\n<td width=\"566\">1- Es de f\u00e1cil instalaci\u00f3n con pegamento normal para tapicer\u00eda por bricolaje.<\/td>\n<\/tr>\n<tr>\n<td width=\"566\">2- El ancho y la altura se pueden recortar para adaptarse a la dimensi\u00f3n exacta.<\/p>\n<p>Se puede recortar con una sierra de dientes finos o cortar a lo largo con un c\u00fater.<\/td>\n<\/tr>\n<tr>\n<td width=\"566\">3- Es flexible por lo que puede adaptarse perfectamente a la forma decorativa.<\/td>\n<\/tr>\n<tr>\n<td width=\"566\">4- Est\u00e1 listo para ser te\u00f1ido, pintado o barnizado para combinar con la decoraci\u00f3n interior.<\/td>\n<\/tr>\n<\/tbody>\n<\/table>\n<p>&nbsp;<\/p>\n<p>El panel est\u00e1 disponible en longitudes de 2,4 metros (8 pies) para adaptarse a la mayor\u00eda de los postes de soporte de s\u00f3tano o columnas de lally. Es muy f\u00e1cil de instalar con pegamento com\u00fan, por bricolaje. Es el mejor material con acabado de madera natural en postes de soporte de s\u00f3tano, columnas de lally y decoraci\u00f3n con formas.<\/p>\n<p>C\u00f3mo cubrir el poste o columna del s\u00f3tano reforzado con un panel de listones de madera, especialmente por bricolaje. Para cubiertas y envolturas de postes redondos, se deben usar tableros de paneles de listones de madera flexibles o listones de madera laminados pieza por pieza para cubrir o envolver el poste o columna redondos. \u00bfPodr\u00edamos hacer las envolturas o cubiertas de postes o columnas del s\u00f3tano de manera r\u00e1pida y simple por bricolaje? S\u00ed, encontramos que el tablero de paneles de listones de madera con ranuras en V suministrado por Carol Young Corporation podr\u00eda hacerlo. Estos tableros de paneles de listones de madera con ranuras en V son flexibles y enrollables, lo que los hace f\u00e1ciles de cubrir y envolver en el poste o columna del s\u00f3tano redondo. Debido a que estos tableros de paneles de listones de madera tienen un dise\u00f1o de listones y ranuras en V, se vuelven flexibles. Estos tableros de paneles de listones de madera flexibles, tambi\u00e9n llamados tableros de tambor de listones de madera, se usan ampliamente para cubrir paredes interiores o decorar envolturas de postes. Los tipos de chapa de madera pueden ser roble rojo, arce, cerezo u otros tipos de madera, pero la chapa de roble rojo es el tipo m\u00e1s popular.<\/p>\n<p>La instalaci\u00f3n es sencilla:<\/p>\n<p>Primero, simplemente corte el largo con una sierra de dientes finos o una caja de ingletes, y el ancho con una cuchilla multiusos. Luego, pegue el panel con ranuras en V al poste con adhesivo de construcci\u00f3n. Despu\u00e9s, puede pegar o usar clavos de acabado para instalar el juego opcional de tapa y base de madera maciza para un acabado elegante. Finalmente, selle, ti\u00f1a o pinte para que combine con la decoraci\u00f3n interior.<\/p>\n<p>Tambi\u00e9n suministramos molduras de madera maciza a juego con la columna en di\u00e1metros de 6&#8243;, 7&#8243; y 8&#8243; con orificios de 3-1\/2&#8243;, 4&#8243; y 4-1\/2&#8243;.<\/p>\n<p>(Los clientes en los Estados Unidos deben comunicarse directamente con nuestro agente: POLE-WRAP, INC.)<\/p>\n<p>***Buscando agentes y distribuidores (excluyendo Estados Unidos)***<\/p>\n<p>Palabras clave: Cubiertas para postes de s\u00f3tano (h\u00e1galo usted mismo), cubiertas para postes de s\u00f3tano, revestimiento para postes, tablero de madera flexible para cubiertas de postes, panel de madera flexible, cubiertas para postes, decoraci\u00f3n de postes, revestimiento para postes de s\u00f3tano, decoraci\u00f3n de columnas romanas, revestimiento para postes de s\u00f3tano, bricolaje<\/p>\n<p>&nbsp;<\/p>\n","protected":false},"excerpt":{"rendered":"<h2>Panel de madera de roble rojo con ranuras en V y respaldo de papel para postes de s\u00f3tano redondos y decoraci\u00f3n de columnas de lally de bricolaje<\/h2>\n<p>Cubiertas para postes, paneles de madera, paneles de madera para interiores, materiales de construcci\u00f3n, decoraci\u00f3n de postes, materiales de construcci\u00f3n de madera, decoraci\u00f3n de columnas romanas, cubiertas para postes\/postes de s\u00f3tanos, decoraci\u00f3n de interiores, decoraci\u00f3n de interiores de madera, revestimiento de paredes<\/p>\n<p>Se instala f\u00e1cilmente con pegamento com\u00fan, por bricolaje.<\/p>\n<p>Es el mejor material con acabado de madera natural para postes de soporte de s\u00f3tanos, columnas de madera y decoraciones con formas..<\/p>\n<p>&nbsp;<\/p>\n","protected":false},"featured_media":5453,"template":"","meta":[],"product_brand":[],"product_cat":[370,373,541],"product_tag":[3725,3748,3778,3779,3780,3781,3782,3783,3784,3785],"class_list":{"0":"post-8774","1":"product","2":"type-product","3":"status-publish","4":"has-post-thumbnail","6":"product_cat-pole-column-wall-and-furniture-surface-covers-by-diy","7":"product_cat-flexible-wood-slats-panel-for-interior-wall-ceiling-and-pole-column-covering-and-decoration","8":"product_cat-diy-square-octagon-solid-wood-molding-for-interior-decoration","9":"product_tag-decoracion-de-postes","10":"product_tag-cubiertas-para-postes-de-sotano","11":"product_tag-cubiertas-para-postes-de-sotano-hagalo-usted-mismo","12":"product_tag-revestimiento-para-postes","13":"product_tag-tablero-de-madera-flexible-para-cubiertas-de-postes","14":"product_tag-panel-de-madera-flexible","15":"product_tag-cubiertas-para-postes","16":"product_tag-revestimiento-para-postes-de-sotano","17":"product_tag-decoracion-de-columnas-romanas","18":"product_tag-bricolaje","20":"first","21":"instock","22":"shipping-taxable","23":"product-type-simple"},"jetpack_sharing_enabled":true,"_links":{"self":[{"href":"https:\/\/carolyoungcorp.com\/es\/wp-json\/wp\/v2\/product\/8774","targetHints":{"allow":["GET"]}}],"collection":[{"href":"https:\/\/carolyoungcorp.com\/es\/wp-json\/wp\/v2\/product"}],"about":[{"href":"https:\/\/carolyoungcorp.com\/es\/wp-json\/wp\/v2\/types\/product"}],"wp:featuredmedia":[{"embeddable":true,"href":"https:\/\/carolyoungcorp.com\/es\/wp-json\/wp\/v2\/media\/5453"}],"wp:attachment":[{"href":"https:\/\/carolyoungcorp.com\/es\/wp-json\/wp\/v2\/media?parent=8774"}],"wp:term":[{"taxonomy":"product_brand","embeddable":true,"href":"https:\/\/carolyoungcorp.com\/es\/wp-json\/wp\/v2\/product_brand?post=8774"},{"taxonomy":"product_cat","embeddable":true,"href":"https:\/\/carolyoungcorp.com\/es\/wp-json\/wp\/v2\/product_cat?post=8774"},{"taxonomy":"product_tag","embeddable":true,"href":"https:\/\/carolyoungcorp.com\/es\/wp-json\/wp\/v2\/product_tag?post=8774"}],"curies":[{"name":"wp","href":"https:\/\/api.w.org\/{rel}","templated":true}]}}