{"id":8741,"date":"2022-04-01T07:20:28","date_gmt":"2022-04-01T07:20:28","guid":{"rendered":"https:\/\/carolyoungcorp.com\/products\/shelving-stand-can-be-installed-on-poles-and-columns-for-multi-purpose-usages"},"modified":"2025-11-12T03:42:02","modified_gmt":"2025-11-12T03:42:02","slug":"shelving-stand-can-be-installed-on-poles-and-columns-for-multi-purpose-usages","status":"publish","type":"product","link":"https:\/\/carolyoungcorp.com\/es\/products\/shelving-stand-can-be-installed-on-poles-and-columns-for-multi-purpose-usages","title":{"rendered":"El soporte de estanter\u00eda se puede instalar en postes y columnas para usos multiprop\u00f3sito."},"content":{"rendered":"<figure id=\"attachment_890\" aria-describedby=\"caption-attachment-890\" style=\"width: 238px\" class=\"wp-caption alignnone\"><img data-recalc-dims=\"1\" fetchpriority=\"high\" decoding=\"async\" class=\"size-medium wp-image-890\" src=\"https:\/\/i0.wp.com\/carolyoungcorp.com\/wp-content\/uploads\/2020\/05\/news-e1591847943432-238x300.jpg?resize=238%2C300&#038;quality=100&#038;ssl=1\" alt=\"interior column wraps, pole coverings, wood column wraps, wood wrap, interior wood paneling, timber panel, wall panel, wood panel, panel wood, wood panel wall for wall and pole decoration, Column covering, Pole Covering. wood shelf on pole\" width=\"238\" height=\"300\" \/><figcaption id=\"caption-attachment-890\" class=\"wp-caption-text\">Tablero flexible combinado con estante de madera para usos m\u00faltiples<\/figcaption><\/figure>\n<h2>Soporte de estanter\u00eda que se puede instalar en postes y columnas para usos m\u00faltiples, soporte de estante de poste de madera para reforzar el estante en el poste, que est\u00e1 dise\u00f1ado para aprovechar al m\u00e1ximo los postes y columnas ya presentes en su hogar.<\/h2>\n<p>Con este estante vers\u00e1til, puede crear sin esfuerzo espacio de almacenamiento o exhibici\u00f3n adicional para una variedad de prop\u00f3sitos, que incluyen colocar bebidas, tazas, platos o incluso plantas en macetas.usos, por ejemplo, para colocar bebidas, tazas, platos, plantas en macetas y una variedad de decoraciones o art\u00edculos para el hogar.<\/p>\n<p>\u00bfD\u00f3nde est\u00e1 el estante? &#8211; cubiertas para columnas\/postes\/postes del s\u00f3tano, envolturas de columnas de madera<br \/>\nMaterial del estante: Fabricado en madera maciza.<br \/>\nInstalaci\u00f3n: F\u00e1cil instalaci\u00f3n DIY, especialmente para los postes y columnas ya presentes en su hogar.<\/p>\n<p>USO: Decoraci\u00f3n de columnas y postes romanos y creaci\u00f3n de espacio de almacenamiento o exhibici\u00f3n adicional para una variedad de prop\u00f3sitos, incluida la colocaci\u00f3n de bebidas, tazas, platos o incluso plantas en macetas.<\/p>\n<table width=\"0\">\n<tbody>\n<tr>\n<td>especificaciones del producto<\/td>\n<td>Descripci\u00f3n del Producto<\/td>\n<\/tr>\n<tr>\n<td>C\u00f3digo n.\u00b0<\/td>\n<td>294-13 + 294-14<\/td>\n<\/tr>\n<tr>\n<td>MATERIAL<\/td>\n<td>Roble rojo macizo<\/td>\n<\/tr>\n<tr>\n<td>ESTRUCTURA<\/td>\n<td>arriba\u2014placa, abajo\u2014soporte<\/td>\n<\/tr>\n<tr>\n<td>TAMA\u00d1O<\/td>\n<td>Placa: dos mitades, di\u00e1metro 17-1\/2\u201d, radio interior de corte 1\/2\u201d, orificio 3-1\/2\u201d, 4\u201d y 4-1\/2\u201d<\/p>\n<p>Soporte: ancho 4\u201d, largo 8\u201d, grosor 20 mm, radio exterior de corte 3\/8\u201d, orificio 10 mm<\/td>\n<\/tr>\n<\/tbody>\n<\/table>\n<p>PERSONAJES:<\/p>\n<table>\n<tbody>\n<tr>\n<td width=\"566\">1) SE PUEDE INSTALAR EN EL POSTE Y COLUMNA PARA USO MULTIUSOS, POR EJEMPLO PARA COLOCAR LA BEBIDA, TAZA, PLATO Y PLANTAS EN MACETA, ETC.<\/td>\n<\/tr>\n<tr>\n<td width=\"566\">2) ENCAJA AL 100% AL DECORAR LA COLUMNA Y EL POSTE ROMANOS.<\/td>\n<\/tr>\n<tr>\n<td width=\"566\">3) SE PUEDE TE\u00d1IR O PINTAR PARA COMBINAR CON LA DECORACI\u00d3N DE INTERIORES.<\/td>\n<\/tr>\n<tr>\n<td width=\"566\">4) SE PUEDE UTILIZAR OTRO TIPO DE MADERA MACIZA.<\/td>\n<\/tr>\n<tr>\n<td width=\"566\">5) SER\u00c1 PR\u00c1CTICO Y HERMOSO PARA LA TAPICER\u00cdA DE INTERIORES.<\/td>\n<\/tr>\n<tr>\n<td width=\"566\">6) ES DE F\u00c1CIL INSTALACI\u00d3N CON PEGAMENTO NORMAL POR PARTE DE UN PROPIO BRICOLAJE.<\/td>\n<\/tr>\n<\/tbody>\n<\/table>\n<p>&nbsp;<\/p>\n<p>(Los clientes en los Estados Unidos deben comunicarse directamente con nuestro agente: POLE-WRAP, INC.)<\/p>\n<p>***Buscamos agentes y distribuidores (excluyendo Estados Unidos)***<\/p>\n<p>Palabras clave: cubiertas de columnas de s\u00f3tano, columna de s\u00f3tano, cubiertas de postes, estante de madera sobre poste, bricolaje,<\/p>\n","protected":false},"excerpt":{"rendered":"<p>ES DE F\u00c1CIL INSTALACI\u00d3N CON PEGAMENTO NORMAL POR PARTE DE UN PROFESOR.<\/p>\n<p>Estanter\u00eda que se puede instalar en postes y columnas para usos m\u00faltiples, por ejemplo para colocar bebidas, tazas, platos, plantas en macetas y una variedad de decoraciones o art\u00edculos para el hogar.<\/p>\n<p>Es para cubiertas de columnas\/postes\/columnas de s\u00f3tano y envolturas de columnas de madera.<\/p>\n<p>SE PUEDE TE\u00d1IR O PINTAR PARA COMBINAR CON LA DECORACI\u00d3N DE INTERIORES.<\/p>\n<p>SER\u00c1 PR\u00c1CTICO Y HERMOSO PARA LA TAPICER\u00cdA DE INTERIOR.<\/p>\n","protected":false},"featured_media":5293,"template":"","meta":[],"product_brand":[],"product_cat":[535,544],"product_tag":[383,565,747,748,749,750],"class_list":{"0":"post-8741","1":"product","2":"type-product","3":"status-publish","4":"has-post-thumbnail","6":"product_cat-multipurpose-solid-wood-shelf-on-pole-installed-by-diy","7":"product_cat-solid-wood-shelf-for-pole-roman-column-decoration","8":"product_tag-cubierta-de-poste-columna","9":"product_tag-envoltura-de-poste-columna","10":"product_tag-decoracion-interior-de-madera","11":"product_tag-decoracion-de-postes-columnas","12":"product_tag-producto-de-madera","13":"product_tag-estante-de-madera-para-bricolaje","15":"first","16":"instock","17":"shipping-taxable","18":"product-type-simple"},"jetpack_sharing_enabled":true,"_links":{"self":[{"href":"https:\/\/carolyoungcorp.com\/es\/wp-json\/wp\/v2\/product\/8741","targetHints":{"allow":["GET"]}}],"collection":[{"href":"https:\/\/carolyoungcorp.com\/es\/wp-json\/wp\/v2\/product"}],"about":[{"href":"https:\/\/carolyoungcorp.com\/es\/wp-json\/wp\/v2\/types\/product"}],"wp:featuredmedia":[{"embeddable":true,"href":"https:\/\/carolyoungcorp.com\/es\/wp-json\/wp\/v2\/media\/5293"}],"wp:attachment":[{"href":"https:\/\/carolyoungcorp.com\/es\/wp-json\/wp\/v2\/media?parent=8741"}],"wp:term":[{"taxonomy":"product_brand","embeddable":true,"href":"https:\/\/carolyoungcorp.com\/es\/wp-json\/wp\/v2\/product_brand?post=8741"},{"taxonomy":"product_cat","embeddable":true,"href":"https:\/\/carolyoungcorp.com\/es\/wp-json\/wp\/v2\/product_cat?post=8741"},{"taxonomy":"product_tag","embeddable":true,"href":"https:\/\/carolyoungcorp.com\/es\/wp-json\/wp\/v2\/product_tag?post=8741"}],"curies":[{"name":"wp","href":"https:\/\/api.w.org\/{rel}","templated":true}]}}