{"id":8734,"date":"2022-09-12T08:34:18","date_gmt":"2022-09-12T08:34:18","guid":{"rendered":"https:\/\/carolyoungcorp.com\/products\/flexible-half-round-mdf-panel-board-for-interior-cover-and-decoration"},"modified":"2025-11-07T07:40:43","modified_gmt":"2025-11-07T07:40:43","slug":"flexible-half-round-mdf-panel-board-for-interior-cover-and-decoration","status":"publish","type":"product","link":"https:\/\/carolyoungcorp.com\/es\/products\/flexible-half-round-mdf-panel-board-for-interior-cover-and-decoration","title":{"rendered":"Tablero de listones de madera MDF de media ca\u00f1a respetuoso con el medio ambiente para revestimiento de paredes, postes o columnas y decoraci\u00f3n de interiores."},"content":{"rendered":"<h2>Tablero de listones de madera MDF de media ca\u00f1a respetuoso con el medio ambiente para revestimiento de paredes, postes o columnas y decoraci\u00f3n de interiores.<\/h2>\n<p>Nuestros paneles flexibles de listones de madera MDF semicirculares cuentan con un soporte de papel kraft reforzado (c\u00f3digo n.\u00b0 CY300-01). Ahora, ofrecemos un nuevo tipo de panel flexible de listones de madera MDF semicirculares con soporte de tela no tejida reforzada con resina ecol\u00f3gica (c\u00f3digo n.\u00b0 CY300-01N). La ventaja es que esta tela no tejida es m\u00e1s el\u00e1stica, resistente y menos r\u00edgida que el papel. Los paneles flexibles de listones de madera con soporte de tela no tejida se doblan con mayor facilidad durante la construcci\u00f3n y se adaptan mejor a objetos decorativos de cualquier forma.<\/p>\n<p>Adem\u00e1s, los paneles de listones de madera flexibles con respaldo no tejido no son tan f\u00e1ciles de agrietar como aquellos con respaldo de papel.<\/p>\n<p>Por lo tanto, ser\u00e1 m\u00e1s conveniente elegir paneles de listones de madera flexibles con respaldo no tejido durante la construcci\u00f3n.<\/p>\n<p>Adem\u00e1s, el tejido no tejido que utilizamos (tejido no tejido de poli\u00e9ster\/nailon con resina de l\u00e1tex sint\u00e9tica) cuenta con la autorizaci\u00f3n STANDARD 100 de OEKO-TEX\u00ae.<\/p>\n<p>Los resultados de la inspecci\u00f3n realizada seg\u00fan la norma STANDARD 100 de OEK-OTEX\u00ae, Anexo 4 clase de producto I han demostrado que los productos mencionados cumplen los requisitos humano-ecol\u00f3gicos de la norma STANDARD 100 de OEKO-TEX\u00ae actualmente establecidos en el Anexo 4 para art\u00edculos para beb\u00e9s.<\/p>\n<p>Se trata de un panel de listones de madera que se puede utilizar de forma segura para la decoraci\u00f3n interior de la casa.<\/p>\n<p>Uso: revestimiento y decoraci\u00f3n de paredes y techos, revestimiento y decoraci\u00f3n de postes, postes y columnas, envoltura de postes, postes y columnas, envoltura de madera, paneles de madera, renovaci\u00f3n de superficies de muebles, paneles de pared, paneles de madera interiores y cubierta y decoraci\u00f3n de acabado de muebles como armarios, gabinetes, estanter\u00edas, alacenas y guardarropas.<\/p>\n<table width=\"0\">\n<tbody>\n<tr>\n<td>especificaciones del producto<\/td>\n<td>Descripci\u00f3n del Producto<\/td>\n<\/tr>\n<tr>\n<td>C\u00f3digo n.\u00b0<\/td>\n<td>CY300-01N<\/td>\n<\/tr>\n<tr>\n<td>Tama\u00f1o<\/td>\n<td>6 mm x 4 pies x 8 pies (6 mm x 1200 mm x 2400 mm)<\/td>\n<\/tr>\n<tr>\n<td>Raya de madera<\/td>\n<td>18 mm de ancho<\/td>\n<\/tr>\n<tr>\n<td>Material<\/td>\n<td>Tablero MDF<\/td>\n<\/tr>\n<tr>\n<td>Apoyo<\/td>\n<td>Respaldo de tela no tejida reforzada con resina ecol\u00f3gica<\/td>\n<\/tr>\n<\/tbody>\n<\/table>\n<p>Personaje:<\/p>\n<table>\n<tbody>\n<tr>\n<td width=\"566\">1- Es de f\u00e1cil instalaci\u00f3n con pegamento normal para tapicer\u00eda por bricolaje.<\/td>\n<\/tr>\n<tr>\n<td width=\"566\">2- El ancho y la altura se pueden recortar para adaptarse a la dimensi\u00f3n exacta.<\/p>\n<p>Se puede recortar con una sierra de dientes finos o cortar a lo largo con un c\u00fater.<\/td>\n<\/tr>\n<tr>\n<td width=\"566\">3- Es flexible por lo que puede adaptarse perfectamente a la forma decorativa.<\/td>\n<\/tr>\n<tr>\n<td width=\"566\">4- Est\u00e1 listo para ser te\u00f1ido, pintado o barnizado para combinar con la decoraci\u00f3n interior.<\/td>\n<\/tr>\n<\/tbody>\n<\/table>\n<p>&nbsp;<\/p>\n<p>***Buscamos agentes y distribuidores (excluyendo Estados Unidos)***<\/p>\n<p>&nbsp;<\/p>\n","protected":false},"excerpt":{"rendered":"<p>El panel de listones de madera MDF semicircular flexible es para revestimiento y decoraci\u00f3n de interiores.<\/p>\n<p>Se puede utilizar para revestimiento y decoraci\u00f3n de paredes y techos. Se puede utilizar en paneles de madera, revestimientos de madera, paneles de pared de MDF y paneles de pared interiores. Tambi\u00e9n se puede utilizar para revestimientos, cubiertas y decoraci\u00f3n de postes, columnas y armarios. Se puede utilizar para el acabado de muebles como armarios, estanter\u00edas, alacenas y roperos.<\/p>\n<p>El panel de listones de madera MDF semicircular flexible es el producto adecuado para paneles de madera de interior, paneles de pared, envolturas de madera y cubiertas y envolturas de postes\/postes\/columnas de s\u00f3tanos para bricolaje.<\/p>\n<p>&nbsp;<\/p>\n","protected":false},"featured_media":5483,"template":"","meta":[],"product_brand":[],"product_cat":[549,370,371,372,373],"product_tag":[385,455,534,563,564,624,723,724,725,726],"class_list":{"0":"post-8734","1":"product","2":"type-product","3":"status-publish","4":"has-post-thumbnail","6":"product_cat-flexible-mdf-wood-slats-panels-for-diy-interior-pole-decoration","7":"product_cat-pole-column-wall-and-furniture-surface-covers-by-diy","8":"product_cat-flexible-wood-slats-panel-for-furniture-finishing","9":"product_cat-flexible-wood-slats-panel-for-furniture-decoration-wall-cover-and-pole-column-wrap-by-diy","10":"product_cat-flexible-wood-slats-panel-for-interior-wall-ceiling-and-pole-column-covering-and-decoration","11":"product_tag-panel-de-pared","12":"product_tag-panel-de-madera","13":"product_tag-envoltura-de-madera","14":"product_tag-decoracion-de-interiores","15":"product_tag-panel-de-pared-interior","16":"product_tag-material-de-bricolaje","17":"product_tag-cubierta-de-poste-columna-del-sotano","18":"product_tag-cubierta-y-decoracion-de-postes-columnas","19":"product_tag-envoltura-de-postes-columnas","20":"product_tag-revestimiento-de-pared-techo-poste-columna","22":"first","23":"instock","24":"shipping-taxable","25":"product-type-simple"},"jetpack_sharing_enabled":true,"_links":{"self":[{"href":"https:\/\/carolyoungcorp.com\/es\/wp-json\/wp\/v2\/product\/8734","targetHints":{"allow":["GET"]}}],"collection":[{"href":"https:\/\/carolyoungcorp.com\/es\/wp-json\/wp\/v2\/product"}],"about":[{"href":"https:\/\/carolyoungcorp.com\/es\/wp-json\/wp\/v2\/types\/product"}],"wp:featuredmedia":[{"embeddable":true,"href":"https:\/\/carolyoungcorp.com\/es\/wp-json\/wp\/v2\/media\/5483"}],"wp:attachment":[{"href":"https:\/\/carolyoungcorp.com\/es\/wp-json\/wp\/v2\/media?parent=8734"}],"wp:term":[{"taxonomy":"product_brand","embeddable":true,"href":"https:\/\/carolyoungcorp.com\/es\/wp-json\/wp\/v2\/product_brand?post=8734"},{"taxonomy":"product_cat","embeddable":true,"href":"https:\/\/carolyoungcorp.com\/es\/wp-json\/wp\/v2\/product_cat?post=8734"},{"taxonomy":"product_tag","embeddable":true,"href":"https:\/\/carolyoungcorp.com\/es\/wp-json\/wp\/v2\/product_tag?post=8734"}],"curies":[{"name":"wp","href":"https:\/\/api.w.org\/{rel}","templated":true}]}}