{"id":8708,"date":"2022-11-08T03:52:41","date_gmt":"2022-11-08T03:52:41","guid":{"rendered":"https:\/\/carolyoungcorp.com\/products\/flexible-half-round-solid-red-oak-panel-board-for-wall-covering-and-partition"},"modified":"2025-11-10T07:49:03","modified_gmt":"2025-11-10T07:49:03","slug":"flexible-half-round-solid-red-oak-panel-board-for-wall-covering-and-partition","status":"publish","type":"product","link":"https:\/\/carolyoungcorp.com\/es\/products\/flexible-half-round-solid-red-oak-panel-board-for-wall-covering-and-partition","title":{"rendered":"Panel flexible de listones de madera maciza de roble rojo semicircular para revestimiento de paredes y divisiones."},"content":{"rendered":"<h2>Panel flexible de listones de madera maciza de roble rojo semicircular para revestimiento de paredes y divisiones.<\/h2>\n<p>Uso: revestimiento y decoraci\u00f3n de paredes y techos, tabiques, revestimiento y decoraci\u00f3n de postes, postes y columnas, revestimiento de postes, postes y columnas, revestimiento de madera, panel de pared, panel de madera interior, acabado de muebles<\/p>\n<table width=\"0\">\n<tbody>\n<tr>\n<td>especificaciones del producto<\/td>\n<td>Descripci\u00f3n del Producto<\/td>\n<\/tr>\n<tr>\n<td>C\u00f3digo n.\u00b0<\/td>\n<td>CY300-02<\/td>\n<\/tr>\n<tr>\n<td>Tama\u00f1o<\/td>\n<td>4 pies x 8 pies (120 cm x 240 cm)<\/td>\n<\/tr>\n<tr>\n<td>Altura<\/td>\n<td>6 mm<\/td>\n<\/tr>\n<tr>\n<td>Raya<\/td>\n<td>18 mm de ancho<\/td>\n<\/tr>\n<tr>\n<td>Material<\/td>\n<td>Roble rojo macizo<\/td>\n<\/tr>\n<tr>\n<td>Apoyo<\/td>\n<td>papel kraft reforzado<\/td>\n<\/tr>\n<\/tbody>\n<\/table>\n<p>Personaje:<\/p>\n<table>\n<tbody>\n<tr>\n<td width=\"566\">1- Es de f\u00e1cil instalaci\u00f3n con pegamento normal para tapicer\u00eda por bricolaje.<\/td>\n<\/tr>\n<tr>\n<td width=\"566\">2- El ancho y la altura se pueden recortar para adaptarse a la dimensi\u00f3n exacta.<\/p>\n<p>Se puede recortar con una sierra de dientes finos o cortar a lo largo con un\u00a0 \u00a0 \u00a0 \u00a0c\u00fater.<\/td>\n<\/tr>\n<tr>\n<td width=\"566\">3- Es flexible por lo que puede adaptarse perfectamente a la forma decorativa.<\/td>\n<\/tr>\n<tr>\n<td width=\"566\">4- Est\u00e1 listo para ser te\u00f1ido, pintado o barnizado para combinar con la decoraci\u00f3n interior.<\/td>\n<\/tr>\n<\/tbody>\n<\/table>\n<p>&nbsp;<\/p>\n<p>Se puede utilizar para revestimiento y decoraci\u00f3n de paredes y techos. Se puede utilizar como panel de madera, revestimiento de madera, panel de pared y panel de pared interior. Tambi\u00e9n se puede utilizar para revestimiento, cubierta y decoraci\u00f3n de postes, columnas y armarios. Se puede utilizar para el acabado de muebles como armarios, estanter\u00edas, alacenas y roperos.<\/p>\n<p>Se puede utilizar en tabiques, paredes, techos, revestimientos de madera, envoltorios de postes, frentes de barras, frentes de cajones y puertas de persiana.<\/p>\n<p>Se instala f\u00e1cilmente con pegamento com\u00fan para tapicer\u00eda interior. Es flexible y se adapta perfectamente a la forma decorativa. Se puede te\u00f1ir o pintar para que combine con la decoraci\u00f3n interior.<\/p>\n<p>En la decoraci\u00f3n de interiores se ha utilizado el tablero flexible de roble rojo de media ca\u00f1a que crear\u00e1 un efecto tridimensional.<\/p>\n","protected":false},"excerpt":{"rendered":"[caption id=\"attachment_1390\" align=\"alignnone\" width=\"225\"]<img fetchpriority=\"high\" decoding=\"async\" class=\"size-medium wp-image-1390\" src=\"https:\/\/carolyoungcorp.com\/wp-content\/uploads\/2022\/11\/CY300_02_06-1000x1333-1-e1667875879627-225x300.jpg\" alt=\"for wall\/ceiling\/partition covering and decoration\" width=\"225\" height=\"300\" \/> Panel flexible de madera de roble rojo de media ca\u00f1a[\/caption]\n<p>Es de f\u00e1cil instalaci\u00f3n con pegamento normal para tapicer\u00eda por parte del usuario DIY.<\/p>\n<p>Es flexible, por lo que puede adaptarse perfectamente a la forma decorativa.<\/p>\n<p>Se puede utilizar para tabiques, revestimiento de paredes y techos, y para decoraci\u00f3n. Se puede utilizar como panel de madera, revestimiento de madera, panel de pared y panel de pared interior. Tambi\u00e9n se puede utilizar para revestimiento, cubierta y decoraci\u00f3n de postes, columnas y armarios. Se puede utilizar para el acabado de muebles como armarios, estanter\u00edas, alacenas y roperos.<\/p>\n<p>Se puede utilizar en paredes, techos, revestimientos de madera, revestimientos de postes, frentes de barras, frentes de cajones y puertas de persiana.<\/p>\n","protected":false},"featured_media":5528,"template":"","meta":[],"product_brand":[],"product_cat":[370,371,372,373],"product_tag":[385,448,451,454,455,530,531,534,565,624,669,670],"class_list":{"0":"post-8708","1":"product","2":"type-product","3":"status-publish","4":"has-post-thumbnail","6":"product_cat-pole-column-wall-and-furniture-surface-covers-by-diy","7":"product_cat-flexible-wood-slats-panel-for-furniture-finishing","8":"product_cat-flexible-wood-slats-panel-for-furniture-decoration-wall-cover-and-pole-column-wrap-by-diy","9":"product_cat-flexible-wood-slats-panel-for-interior-wall-ceiling-and-pole-column-covering-and-decoration","10":"product_tag-panel-de-pared","11":"product_tag-material-de-construccion","12":"product_tag-cubierta-interior-y-decoracion","13":"product_tag-cubierta-de-madera","14":"product_tag-panel-de-madera","15":"product_tag-dividir","16":"product_tag-revestimiento-de-madera","17":"product_tag-envoltura-de-madera","18":"product_tag-envoltura-de-poste-columna","19":"product_tag-material-de-bricolaje","20":"product_tag-techo","21":"product_tag-decoracion-de-madera","23":"first","24":"instock","25":"shipping-taxable","26":"product-type-simple"},"jetpack_sharing_enabled":true,"_links":{"self":[{"href":"https:\/\/carolyoungcorp.com\/es\/wp-json\/wp\/v2\/product\/8708","targetHints":{"allow":["GET"]}}],"collection":[{"href":"https:\/\/carolyoungcorp.com\/es\/wp-json\/wp\/v2\/product"}],"about":[{"href":"https:\/\/carolyoungcorp.com\/es\/wp-json\/wp\/v2\/types\/product"}],"wp:featuredmedia":[{"embeddable":true,"href":"https:\/\/carolyoungcorp.com\/es\/wp-json\/wp\/v2\/media\/5528"}],"wp:attachment":[{"href":"https:\/\/carolyoungcorp.com\/es\/wp-json\/wp\/v2\/media?parent=8708"}],"wp:term":[{"taxonomy":"product_brand","embeddable":true,"href":"https:\/\/carolyoungcorp.com\/es\/wp-json\/wp\/v2\/product_brand?post=8708"},{"taxonomy":"product_cat","embeddable":true,"href":"https:\/\/carolyoungcorp.com\/es\/wp-json\/wp\/v2\/product_cat?post=8708"},{"taxonomy":"product_tag","embeddable":true,"href":"https:\/\/carolyoungcorp.com\/es\/wp-json\/wp\/v2\/product_tag?post=8708"}],"curies":[{"name":"wp","href":"https:\/\/api.w.org\/{rel}","templated":true}]}}