{"id":8699,"date":"2023-06-19T10:38:05","date_gmt":"2023-06-19T10:38:05","guid":{"rendered":"https:\/\/carolyoungcorp.com\/products\/the-usages-and-advantages-of-the-flexible-wood-panel-board-with-v-grooved-as-compared-to-normal-rigid-wood-boards-and-wood-slats"},"modified":"2025-11-07T09:35:42","modified_gmt":"2025-11-07T09:35:42","slug":"the-usages-and-advantages-of-the-flexible-wood-panel-board-with-v-grooved-as-compared-to-normal-rigid-wood-boards-and-wood-slats","status":"publish","type":"product","link":"https:\/\/carolyoungcorp.com\/es\/products\/the-usages-and-advantages-of-the-flexible-wood-panel-board-with-v-grooved-as-compared-to-normal-rigid-wood-boards-and-wood-slats","title":{"rendered":"Usos y ventajas del tablero de lamas de madera flexibles con ranura en V, en comparaci\u00f3n con los tableros de madera r\u00edgidos normales y las lamas de madera individuales"},"content":{"rendered":"<figure id=\"attachment_1225\" aria-describedby=\"caption-attachment-1225\" style=\"width: 225px\" class=\"wp-caption alignnone\"><img data-recalc-dims=\"1\" fetchpriority=\"high\" decoding=\"async\" class=\"size-medium wp-image-1225\" src=\"https:\/\/i0.wp.com\/carolyoungcorp.com\/wp-content\/uploads\/2021\/04\/RedOakSquareShelf-294_20294_14-225x300.jpg?resize=225%2C300&#038;quality=100\" alt=\"square wood shelf on pole, interior column wraps, pole coverings, wood column wraps, wood wrap, interior wood paneling, timber panel, wood panel, panel wood, wood panel, wood shelf on pole\/column\" width=\"225\" height=\"300\" \/><figcaption id=\"caption-attachment-1225\" class=\"wp-caption-text\">Juego de estantes para bebidas de madera maciza de roble rojo en forma cuadrada para decoraci\u00f3n de postes\/columnas con usos m\u00faltiples<\/figcaption><\/figure>\n<figure id=\"attachment_1037\" aria-describedby=\"caption-attachment-1037\" style=\"width: 300px\" class=\"wp-caption alignnone\"><img data-recalc-dims=\"1\" decoding=\"async\" class=\"size-medium wp-image-1037\" src=\"https:\/\/i0.wp.com\/carolyoungcorp.com\/wp-content\/uploads\/2020\/06\/RedOakPanelCY287_01_RedOakMolding_294_08-1-300x225.jpg?resize=300%2C225&#038;quality=100\" alt=\"interior column wraps, pole coverings, wood column wraps, wood wrap, interior wood paneling, timber panel, wood panel, panel wood, wood panel, pole\/column\/post cover and decoration\" width=\"300\" height=\"225\" \/><figcaption id=\"caption-attachment-1037\" class=\"wp-caption-text\">Tablero flexible con moldura de madera<\/figcaption><\/figure>\n<figure id=\"attachment_1392\" aria-describedby=\"caption-attachment-1392\" style=\"width: 186px\" class=\"wp-caption alignnone\"><img data-recalc-dims=\"1\" decoding=\"async\" class=\"size-medium wp-image-1392\" src=\"https:\/\/i0.wp.com\/carolyoungcorp.com\/wp-content\/uploads\/2022\/11\/CY300_02_07-1000x1609-1-186x300.jpg?resize=186%2C300&#038;quality=100\" alt=\"for wall cover and partition\" width=\"186\" height=\"300\" \/><figcaption id=\"caption-attachment-1392\" class=\"wp-caption-text\">Panel flexible de madera de roble rojo de media ca\u00f1a<\/figcaption><\/figure>\n<h2>Usos y ventajas del tablero de listones de madera flexibles con ranuras en V, en comparaci\u00f3n con los tableros de madera r\u00edgidos normales y los listones de madera individuales:<\/h2>\n<p>&nbsp;<\/p>\n<p>Los mejores tableros de persiana, tableros flexibles de listones de madera con ranuras en V, en tres capas: parte superior de chapa de madera seleccionada, tablero central de MDF y parte trasera con soporte textil. El dise\u00f1o de listones con ranuras en V o estriado en las dos capas superiores, que le confiere flexibilidad y capacidad de enrollado, es la mejor opci\u00f3n para la decoraci\u00f3n de interiores.<\/p>\n<p>Los tableros de listones de madera flexibles en tres capas, con la capa superior hecha de chapa de madera seleccionada, la capa intermedia hecha de tablero MDF y la parte posterior sostenida con textil, que est\u00e1n dise\u00f1ados para una mayor flexibilidad, capacidad de enrollado y durabilidad, siempre son la primera opci\u00f3n.<\/p>\n<p>Usos:<\/p>\n<table>\n<tbody>\n<tr>\n<td width=\"566\">\n<ul>\n<li>Revestimiento de paredes, revestimiento de columnas romanas y decoraci\u00f3n de formas.<\/li>\n<\/ul>\n<\/td>\n<\/tr>\n<tr>\n<td width=\"566\">\n<ul>\n<li>Acabados para closets, gabinetes y librer\u00edas.<\/li>\n<\/ul>\n<\/td>\n<\/tr>\n<tr>\n<td width=\"566\">\n<ul>\n<li>Apto para tabiques, revestimientos, frentes de barra, frentes de caj\u00f3n.<\/li>\n<\/ul>\n<\/td>\n<\/tr>\n<tr>\n<td width=\"566\">\n<ul>\n<li>Se puede utilizar para envolver postes, columnas y cubiertas, y para decorarlos.<\/li>\n<\/ul>\n<\/td>\n<\/tr>\n<tr>\n<td width=\"566\">\n<ul>\n<li>Ideal para el acabado de muebles como armarios, gabinetes, estanter\u00edas, alacenas y guardarropas.<\/li>\n<\/ul>\n<\/td>\n<\/tr>\n<\/tbody>\n<\/table>\n<p>Ventajas frente a los tableros de madera r\u00edgida normales:<\/p>\n<table>\n<tbody>\n<tr>\n<td width=\"566\">\n<ul>\n<li>F\u00e1cil instalaci\u00f3n con pegamento normal, permitiendo realizar proyectos de bricolaje.<\/li>\n<\/ul>\n<\/td>\n<\/tr>\n<tr>\n<td width=\"566\">\n<ul>\n<li>Flexibilidad para doblar y dar forma durante la construcci\u00f3n.<\/li>\n<\/ul>\n<\/td>\n<\/tr>\n<tr>\n<td width=\"566\">\n<ul>\n<li>Se puede recortar para que se ajuste a las dimensiones exactas utilizando una sierra de dientes finos o un cortador.<\/li>\n<\/ul>\n<\/td>\n<\/tr>\n<tr>\n<td width=\"566\">\n<ul>\n<li>El respaldo de tela no tejida proporciona elasticidad, resistencia y resistencia a la rigidez.<\/li>\n<\/ul>\n<\/td>\n<\/tr>\n<tr>\n<td width=\"566\">\n<ul>\n<li>Es posible te\u00f1irlo o pintarlo para que coincida con la decoraci\u00f3n interior deseada..<\/li>\n<\/ul>\n<\/td>\n<\/tr>\n<tr>\n<td width=\"566\">\n<ul>\n<li>Alternativa rentable a los tableros de madera r\u00edgidos con flexibilidad mejorada.<\/li>\n<\/ul>\n<\/td>\n<\/tr>\n<\/tbody>\n<\/table>\n<p>Ventajas frente a las lamas de madera individuales:<\/p>\n<table>\n<tbody>\n<tr>\n<td width=\"566\">\n<ul>\n<li>Instalaci\u00f3n y manipulaci\u00f3n m\u00e1s sencillas en comparaci\u00f3n con la colocaci\u00f3n y alineaci\u00f3n individual de listones de madera.<\/li>\n<\/ul>\n<\/td>\n<\/tr>\n<tr>\n<td width=\"566\">\n<ul>\n<li>El dise\u00f1o con ranuras en V a\u00f1ade un toque decorativo y mejora el atractivo visual.<\/li>\n<\/ul>\n<\/td>\n<\/tr>\n<tr>\n<td width=\"566\">\n<ul>\n<li>El respaldo de tela no tejida ofrece una flexibilidad superior y se dobla con mayor facilidad.<\/li>\n<\/ul>\n<\/td>\n<\/tr>\n<tr>\n<td width=\"566\">\n<ul>\n<li>Riesgo reducido de deformaci\u00f3n, torsi\u00f3n o desplazamiento, a menudo asociado con las l\u00e1minas de madera individuales.<\/li>\n<\/ul>\n<\/td>\n<\/tr>\n<tr>\n<td width=\"566\">\n<ul>\n<li>Soluci\u00f3n m\u00e1s rentable en comparaci\u00f3n con las construcciones artesanales con listones de madera.<\/li>\n<\/ul>\n<\/td>\n<\/tr>\n<tr>\n<td width=\"566\">\n<ul>\n<li>Adecuado para diversas aplicaciones, incluidos revestimientos de paredes y techos y objetos decorativos de cualquier forma.<\/li>\n<\/ul>\n<\/td>\n<\/tr>\n<\/tbody>\n<\/table>\n<p>&nbsp;<\/p>\n","protected":false},"excerpt":{"rendered":"[caption id=\"attachment_1415\" align=\"alignnone\" width=\"300\"]<img loading=\"lazy\" decoding=\"async\" class=\"size-medium wp-image-1415\" src=\"http:\/\/carolyoungcorp.com\/wp-content\/uploads\/2023\/06\/CY287-01N-3-300x211.jpg\" alt=\"for interior decoration, wall\/partition cover, pole\/column cover, wood material\" width=\"300\" height=\"211\" \/> Tablero de madera flexible con ranuras en V y tejido no tejido reforzado con resina ecol\u00f3gica[\/caption]\n[caption id=\"attachment_1413\" align=\"alignnone\" width=\"253\"]<img loading=\"lazy\" decoding=\"async\" class=\"size-medium wp-image-1413\" src=\"http:\/\/carolyoungcorp.com\/wp-content\/uploads\/2023\/06\/CY287-01N-1-253x300.jpg\" alt=\"for wall cover and partition, interior decoration, bar front,drawer front, tambour door\" width=\"253\" height=\"300\" \/> Tablero flexible con ranuras en V y respaldo de tela no tejida reforzada con resina ECO[\/caption]\n","protected":false},"featured_media":5773,"template":"","meta":[],"product_brand":[],"product_cat":[293],"product_tag":[385,386,388,451,455,532,564,566,652,653],"class_list":{"0":"post-8699","1":"product","2":"type-product","3":"status-publish","4":"has-post-thumbnail","6":"product_cat-flexible-wood-slats-panel-with-wood-veneer-top","7":"product_tag-panel-de-pared","8":"product_tag-envoltura-de-pared","9":"product_tag-material-de-madera","10":"product_tag-cubierta-interior-y-decoracion","11":"product_tag-panel-de-madera","12":"product_tag-cubierta-de-pared","13":"product_tag-panel-de-pared-interior","14":"product_tag-decoracion-de-pared","15":"product_tag-tablero-de-tambor","16":"product_tag-panel-de-listones-de-madera","18":"first","19":"instock","20":"shipping-taxable","21":"product-type-simple"},"jetpack_sharing_enabled":true,"_links":{"self":[{"href":"https:\/\/carolyoungcorp.com\/es\/wp-json\/wp\/v2\/product\/8699","targetHints":{"allow":["GET"]}}],"collection":[{"href":"https:\/\/carolyoungcorp.com\/es\/wp-json\/wp\/v2\/product"}],"about":[{"href":"https:\/\/carolyoungcorp.com\/es\/wp-json\/wp\/v2\/types\/product"}],"wp:featuredmedia":[{"embeddable":true,"href":"https:\/\/carolyoungcorp.com\/es\/wp-json\/wp\/v2\/media\/5773"}],"wp:attachment":[{"href":"https:\/\/carolyoungcorp.com\/es\/wp-json\/wp\/v2\/media?parent=8699"}],"wp:term":[{"taxonomy":"product_brand","embeddable":true,"href":"https:\/\/carolyoungcorp.com\/es\/wp-json\/wp\/v2\/product_brand?post=8699"},{"taxonomy":"product_cat","embeddable":true,"href":"https:\/\/carolyoungcorp.com\/es\/wp-json\/wp\/v2\/product_cat?post=8699"},{"taxonomy":"product_tag","embeddable":true,"href":"https:\/\/carolyoungcorp.com\/es\/wp-json\/wp\/v2\/product_tag?post=8699"}],"curies":[{"name":"wp","href":"https:\/\/api.w.org\/{rel}","templated":true}]}}