{"id":8680,"date":"2023-06-15T07:36:13","date_gmt":"2023-06-15T07:36:13","guid":{"rendered":"https:\/\/carolyoungcorp.com\/products\/flexible-half-round-mdf-panel-board-for-wall-cover-pole-column-wrap-wood-interior-decoration-furniture-finishing"},"modified":"2025-11-07T08:53:23","modified_gmt":"2025-11-07T08:53:23","slug":"flexible-half-round-mdf-panel-board-for-wall-cover-pole-column-wrap-wood-interior-decoration-furniture-finishing","status":"publish","type":"product","link":"https:\/\/carolyoungcorp.com\/es\/products\/flexible-half-round-mdf-panel-board-for-wall-cover-pole-column-wrap-wood-interior-decoration-furniture-finishing","title":{"rendered":"Tablero flexible de listones de madera MDF semicirculares para revestimiento de paredes, revestimiento de postes y columnas, decoraci\u00f3n de interiores de madera y acabado de muebles."},"content":{"rendered":"<h2>Tablero flexible de listones de madera MDF de media ca\u00f1a<\/h2>\n<p>Uso: envoltura de postes, envoltura de postes de MDF, revestimiento y decoraci\u00f3n de paredes y techos, revestimiento y decoraci\u00f3n de postes, postes y columnas, paredes curvas, postes redondos y cubiertas para postes de s\u00f3tanos, envoltura de madera, cubiertas para postes de s\u00f3tanos, envoltura de postes, postes y columnas, envoltura de madera, panel de pared, panel de madera interior, acabado de muebles, cubiertas para postes de s\u00f3tanos<\/p>\n<p>&nbsp;<\/p>\n<table width=\"0\">\n<tbody>\n<tr>\n<td>especificaciones del producto<\/td>\n<td>Descripci\u00f3n del Producto<\/td>\n<\/tr>\n<tr>\n<td>C\u00f3digo n.\u00b0<\/td>\n<td>CY300-01N<\/td>\n<\/tr>\n<tr>\n<td>Tama\u00f1o<\/td>\n<td>4 pies x 8 pies (1200 mm x 2400 mm)<\/td>\n<\/tr>\n<tr>\n<td>Altura<\/td>\n<td>6 mm<\/td>\n<\/tr>\n<tr>\n<td>Lama<\/td>\n<td>18 mm de ancho<\/td>\n<\/tr>\n<tr>\n<td>Material<\/td>\n<td>Tablero MDF<\/td>\n<\/tr>\n<tr>\n<td>Apoyo<\/td>\n<td>Respaldo de tela no tejida reforzada con resina ECO<\/td>\n<\/tr>\n<\/tbody>\n<\/table>\n<p><strong>\u00a0<\/strong><\/p>\n<p>Personaje:<\/p>\n<table>\n<tbody>\n<tr>\n<td width=\"566\">1- Es de f\u00e1cil instalaci\u00f3n con pegamento normal para tapicer\u00eda por bricolaje.<\/td>\n<\/tr>\n<tr>\n<td width=\"566\">2- El ancho y el largo se pueden recortar para ajustarse a la dimensi\u00f3n exacta.<\/p>\n<p>Se puede recortar con una sierra de dientes finos o cortar a lo largo con un c\u00fater.<\/td>\n<\/tr>\n<tr>\n<td width=\"566\">3- La tela no tejida es m\u00e1s el\u00e1stica, m\u00e1s fuerte y no r\u00edgida como el papel.<\/td>\n<\/tr>\n<tr>\n<td width=\"566\">4- Los tableros flexibles con soporte de tela no tejida se doblan m\u00e1s f\u00e1cilmente durante la construcci\u00f3n y se adaptan m\u00e1s f\u00e1cilmente a objetos decorativos de cualquier forma.<\/td>\n<\/tr>\n<tr>\n<td width=\"566\">5- Est\u00e1 listo para te\u00f1ir, pintar o barnizar para combinar con la decoraci\u00f3n interior.<\/td>\n<\/tr>\n<\/tbody>\n<\/table>\n<p>&nbsp;<\/p>\n<p>El tejido no tejido que utilizamos (tejido no tejido de poli\u00e9ster\/nailon con resina de l\u00e1tex sint\u00e9tica) cuenta con la autorizaci\u00f3n STANDARD\u00a0100 de OEKO-TEX\u00ae.<\/p>\n<p>Los resultados de la inspecci\u00f3n realizada seg\u00fan la norma STANDARD 100 de OEK-OTEX\u00ae, Anexo 4 clase de producto I han demostrado que los productos mencionados cumplen los requisitos humano-ecol\u00f3gicos de la norma STANDARD 100 de OEKO-TEX\u00ae actualmente establecidos en el Anexo 4 para art\u00edculos para beb\u00e9s.<\/p>\n<p>Es un tablero que se puede utilizar de forma segura para la decoraci\u00f3n interior de la casa.<\/p>\n<p>Los paneles flexibles de listones de madera semicirculares se pueden utilizar para revestimientos de paredes y techos, postes de s\u00f3tanos y decoraci\u00f3n de interiores. Estos paneles flexibles se pueden utilizar como panel de madera, revestimiento de madera, panel de pared de MDF y panel de pared interior. Tambi\u00e9n se pueden utilizar para revestimientos de postes, columnas, revestimientos de paredes y decoraci\u00f3n de postes de s\u00f3tanos. Tambi\u00e9n se pueden utilizar para el acabado de suelos y muebles como armarios, estanter\u00edas, alacenas y roperos.<\/p>\n<p>Los paneles flexibles de listones de madera se pueden usar en paredes, techos, revestimientos de madera, revestimientos de postes, cubiertas de postes de s\u00f3tanos, frentes de barras, frentes de cajones y puertas de persiana. Gracias a su soporte de tela resistente y el\u00e1stica, son flexibles y se pueden enrollar y transportar. Tambi\u00e9n se pueden usar como suelo port\u00e1til para acampar (cortados en dos piezas de 1,2 m x 1,2 m para transportarlos en el coche).<\/p>\n<p>En la decoraci\u00f3n de interiores se han utilizado paneles de listones de madera MDF flexibles de media ca\u00f1a que crear\u00e1n un efecto tridimensional.<\/p>\n<p>El panel de listones de madera MDF semicircular flexible se utiliza para paneles de madera de interior, paneles de pared, envolturas de madera y cubiertas y envolturas de postes\/postes\/columnas de s\u00f3tanos para bricolaje.<\/p>\n<p>Palabras clave: envoltura de postes, envoltura de postes de MDF, cubiertas para postes de s\u00f3tano, envoltura de madera, cubiertas para postes de s\u00f3tano<\/p>\n","protected":false},"excerpt":{"rendered":"<p>Los paneles de listones de madera flexibles con respaldo de tela no tejida se doblan m\u00e1s f\u00e1cilmente durante la construcci\u00f3n y se adaptan m\u00e1s f\u00e1cilmente a objetos decorativos de cualquier forma.<\/p>\n<p>El tejido no tejido que utilizamos (tejido no tejido de poli\u00e9ster\/nailon con resina de l\u00e1tex sint\u00e9tica) cuenta con la autorizaci\u00f3n seg\u00fan STANDARD 100 de OEKO-TEX\u00ae.<\/p>\n<p>Es un tablero que se puede utilizar de forma segura para la decoraci\u00f3n interior de la casa.<\/p>\n<p>El panel de listones de madera MDF semicircular flexible se utiliza para paneles de madera interiores, paneles de pared, envolturas de madera y cubiertas y envolturas de postes\/postes\/columnas de s\u00f3tanos, revestimientos de madera, envolturas de postes, frentes de barras, frentes de cajones y puertas de persiana de bricolaje.<\/p>\n<p>&nbsp;<\/p>\n","protected":false},"featured_media":5573,"template":"","meta":[],"product_brand":[],"product_cat":[549,370,371,373],"product_tag":[383,386,388,450,451,452,453,455,532,534,624,625,3746,3747,3748],"class_list":{"0":"post-8680","1":"product","2":"type-product","3":"status-publish","4":"has-post-thumbnail","6":"product_cat-flexible-mdf-wood-slats-panels-for-diy-interior-pole-decoration","7":"product_cat-pole-column-wall-and-furniture-surface-covers-by-diy","8":"product_cat-flexible-wood-slats-panel-for-furniture-finishing","9":"product_cat-flexible-wood-slats-panel-for-interior-wall-ceiling-and-pole-column-covering-and-decoration","10":"product_tag-cubierta-de-poste-columna","11":"product_tag-envoltura-de-pared","12":"product_tag-material-de-madera","13":"product_tag-acabado-de-muebles","14":"product_tag-cubierta-interior-y-decoracion","15":"product_tag-tablero-de-control","16":"product_tag-cubierta-de-particion","17":"product_tag-panel-de-madera","18":"product_tag-cubierta-de-pared","19":"product_tag-envoltura-de-madera","20":"product_tag-material-de-bricolaje","21":"product_tag-panel-de-madera-interior","22":"product_tag-envoltura-de-postes","23":"product_tag-envoltura-de-postes-de-mdf","24":"product_tag-cubiertas-para-postes-de-sotano","26":"first","27":"instock","28":"shipping-taxable","29":"product-type-simple"},"jetpack_sharing_enabled":true,"_links":{"self":[{"href":"https:\/\/carolyoungcorp.com\/es\/wp-json\/wp\/v2\/product\/8680","targetHints":{"allow":["GET"]}}],"collection":[{"href":"https:\/\/carolyoungcorp.com\/es\/wp-json\/wp\/v2\/product"}],"about":[{"href":"https:\/\/carolyoungcorp.com\/es\/wp-json\/wp\/v2\/types\/product"}],"wp:featuredmedia":[{"embeddable":true,"href":"https:\/\/carolyoungcorp.com\/es\/wp-json\/wp\/v2\/media\/5573"}],"wp:attachment":[{"href":"https:\/\/carolyoungcorp.com\/es\/wp-json\/wp\/v2\/media?parent=8680"}],"wp:term":[{"taxonomy":"product_brand","embeddable":true,"href":"https:\/\/carolyoungcorp.com\/es\/wp-json\/wp\/v2\/product_brand?post=8680"},{"taxonomy":"product_cat","embeddable":true,"href":"https:\/\/carolyoungcorp.com\/es\/wp-json\/wp\/v2\/product_cat?post=8680"},{"taxonomy":"product_tag","embeddable":true,"href":"https:\/\/carolyoungcorp.com\/es\/wp-json\/wp\/v2\/product_tag?post=8680"}],"curies":[{"name":"wp","href":"https:\/\/api.w.org\/{rel}","templated":true}]}}