{"id":8659,"date":"2023-12-29T03:45:32","date_gmt":"2023-12-29T03:45:32","guid":{"rendered":"https:\/\/carolyoungcorp.com\/products\/flexible-half-round-solid-red-oak-wall-panel-board-for-covering-and-decoration"},"modified":"2025-11-07T07:14:31","modified_gmt":"2025-11-07T07:14:31","slug":"flexible-half-round-solid-red-oak-wall-panel-board-for-covering-and-decoration","status":"publish","type":"product","link":"https:\/\/carolyoungcorp.com\/es\/products\/flexible-half-round-solid-red-oak-wall-panel-board-for-covering-and-decoration","title":{"rendered":"Panel de pared flexible de listones semicirculares de madera maciza de roble rojo para revestimiento y decoraci\u00f3n"},"content":{"rendered":"<h2>Panel de pared flexible de listones de madera maciza de roble rojo de media ca\u00f1a para revestimiento y decoraci\u00f3n de interiores<\/h2>\n<p>Uso: revestimiento de paredes, revestimiento de techos y decoraci\u00f3n de interiores, revestimiento y decoraci\u00f3n de postes\/postes\/columnas, tabiques, revestimiento de postes\/postes\/columnas, revestimiento de madera, panel de pared, panel de madera interior, acabado de muebles<\/p>\n<table width=\"0\">\n<tbody>\n<tr>\n<td>especificaciones del producto<\/td>\n<td>Descripci\u00f3n del Producto<\/td>\n<\/tr>\n<tr>\n<td>C\u00f3digo n.\u00b0<\/td>\n<td>CY300-02N<\/td>\n<\/tr>\n<tr>\n<td>Tama\u00f1o<\/td>\n<td>4 pies x 8 pies (120 cm x 240 cm)<\/td>\n<\/tr>\n<tr>\n<td>Altura<\/td>\n<td>6 mm<\/td>\n<\/tr>\n<tr>\n<td>Raya<\/td>\n<td>18 mm de ancho<\/td>\n<\/tr>\n<tr>\n<td>Material<\/td>\n<td>Roble rojo macizo<\/td>\n<\/tr>\n<tr>\n<td>Apoyo<\/td>\n<td>Respaldo de tela no tejida reforzada con resina ECO<\/td>\n<\/tr>\n<\/tbody>\n<\/table>\n<p>Personaje:<\/p>\n<table>\n<tbody>\n<tr>\n<td width=\"566\">1- Es de f\u00e1cil instalaci\u00f3n con pegamento normal para tapicer\u00eda por bricolaje.<\/td>\n<\/tr>\n<tr>\n<td width=\"566\">2- El ancho y el largo se pueden recortar para ajustarse a la dimensi\u00f3n exacta.<br \/>\nSe puede recortar con una sierra de dientes finos o cortar a lo largo con un c\u00fater.<\/td>\n<\/tr>\n<tr>\n<td width=\"566\">3- La tela no tejida es m\u00e1s el\u00e1stica, m\u00e1s fuerte y no r\u00edgida como el papel.<\/td>\n<\/tr>\n<tr>\n<td width=\"566\">4- Los tableros flexibles con soporte de tela no tejida se doblan m\u00e1s f\u00e1cilmente durante la construcci\u00f3n y se adaptan m\u00e1s f\u00e1cilmente a objetos decorativos de cualquier forma.<\/td>\n<\/tr>\n<tr>\n<td width=\"566\">5- Est\u00e1 listo para te\u00f1ir, pintar o barnizar para combinar con la decoraci\u00f3n interior.<\/td>\n<\/tr>\n<\/tbody>\n<\/table>\n<p>El tejido no tejido que utilizamos (tejido no tejido de poli\u00e9ster\/nailon con resina de l\u00e1tex sint\u00e9tica) cuenta con la autorizaci\u00f3n STANDARD\u00a0100 de OEKO-TEX\u00ae.<\/p>\n<p>Los resultados de la inspecci\u00f3n realizada seg\u00fan la norma STANDARD 100 de OEK-OTEX\u00ae, Anexo 4, clase de producto I, han demostrado que los productos mencionados cumplen los requisitos humano-ecol\u00f3gicos de la norma STANDARD 100 de OEKO-EX\u00ae actualmente establecidos en el Anexo 4 para art\u00edculos para beb\u00e9s.<\/p>\n<p>Es un tablero de madera que se puede utilizar de forma segura para la decoraci\u00f3n interior de la casa.<\/p>\n<p>Se puede utilizar para revestimiento y decoraci\u00f3n de paredes y techos. Se puede utilizar como panel de madera, revestimiento de madera, panel de pared y panel de pared interior. Tambi\u00e9n se puede utilizar para revestimiento, cubierta y decoraci\u00f3n de postes, columnas y armarios. Se puede utilizar para el acabado de muebles como armarios, estanter\u00edas, alacenas y roperos.<\/p>\n<p>Se puede utilizar en paredes, techos, tabiques, revestimientos de madera, envolturas de postes, frentes de barras, frentes de cajones y puertas de persiana.<\/p>\n<p>La decoraci\u00f3n de interiores utiliza el panel de pared de listones de madera de roble rojo macizo de media ca\u00f1a flexible\/tablero de listones de madera\/envoltura de madera\/panel de pared de listones de madera para interior que crear\u00e1 un efecto tridimensional.<\/p>\n","protected":false},"excerpt":{"rendered":"<p>Panel de pared flexible de listones semicirculares de madera maciza de roble rojo para revestimiento y decoraci\u00f3n<\/p>\n<p>Se puede utilizar para revestimiento y decoraci\u00f3n de paredes y techos. Se puede utilizar como panel de madera, revestimiento de madera, panel de pared y panel de pared interior. Tambi\u00e9n se puede utilizar para revestimiento, cubierta y decoraci\u00f3n de postes, columnas y armarios. Se puede utilizar para el acabado de muebles como armarios, estanter\u00edas, alacenas y roperos.<\/p>\n<p>Se puede utilizar en paredes, techos, tabiques, revestimientos de madera, envolturas de postes, frentes de barras, frentes de cajones y puertas de persiana.<\/p>\n<p>La decoraci\u00f3n de interiores utiliza el panel de pared de listones de madera de roble rojo macizo de media ca\u00f1a flexible\/tablero de listones de madera\/envoltura de madera\/panel de pared de listones de madera para interior que crear\u00e1 un efecto tridimensional.<\/p>\n","protected":false},"featured_media":5533,"template":"","meta":[],"product_brand":[],"product_cat":[370,371,372,373],"product_tag":[385,386,388,452,455,530,532,563,564,565,566],"class_list":{"0":"post-8659","1":"product","2":"type-product","3":"status-publish","4":"has-post-thumbnail","6":"product_cat-pole-column-wall-and-furniture-surface-covers-by-diy","7":"product_cat-flexible-wood-slats-panel-for-furniture-finishing","8":"product_cat-flexible-wood-slats-panel-for-furniture-decoration-wall-cover-and-pole-column-wrap-by-diy","9":"product_cat-flexible-wood-slats-panel-for-interior-wall-ceiling-and-pole-column-covering-and-decoration","10":"product_tag-panel-de-pared","11":"product_tag-envoltura-de-pared","12":"product_tag-material-de-madera","13":"product_tag-tablero-de-control","14":"product_tag-panel-de-madera","15":"product_tag-dividir","16":"product_tag-cubierta-de-pared","17":"product_tag-decoracion-de-interiores","18":"product_tag-panel-de-pared-interior","19":"product_tag-envoltura-de-poste-columna","20":"product_tag-decoracion-de-pared","22":"first","23":"instock","24":"shipping-taxable","25":"product-type-simple"},"jetpack_sharing_enabled":true,"_links":{"self":[{"href":"https:\/\/carolyoungcorp.com\/es\/wp-json\/wp\/v2\/product\/8659","targetHints":{"allow":["GET"]}}],"collection":[{"href":"https:\/\/carolyoungcorp.com\/es\/wp-json\/wp\/v2\/product"}],"about":[{"href":"https:\/\/carolyoungcorp.com\/es\/wp-json\/wp\/v2\/types\/product"}],"wp:featuredmedia":[{"embeddable":true,"href":"https:\/\/carolyoungcorp.com\/es\/wp-json\/wp\/v2\/media\/5533"}],"wp:attachment":[{"href":"https:\/\/carolyoungcorp.com\/es\/wp-json\/wp\/v2\/media?parent=8659"}],"wp:term":[{"taxonomy":"product_brand","embeddable":true,"href":"https:\/\/carolyoungcorp.com\/es\/wp-json\/wp\/v2\/product_brand?post=8659"},{"taxonomy":"product_cat","embeddable":true,"href":"https:\/\/carolyoungcorp.com\/es\/wp-json\/wp\/v2\/product_cat?post=8659"},{"taxonomy":"product_tag","embeddable":true,"href":"https:\/\/carolyoungcorp.com\/es\/wp-json\/wp\/v2\/product_tag?post=8659"}],"curies":[{"name":"wp","href":"https:\/\/api.w.org\/{rel}","templated":true}]}}